{"id":1090,"date":"2024-09-11T03:01:04","date_gmt":"2024-09-11T03:01:04","guid":{"rendered":"https:\/\/keweicorten.com\/?post_type=product&#038;p=1090"},"modified":"2025-01-15T06:18:33","modified_gmt":"2025-01-15T06:18:33","slug":"dideli-lauko-geliu-vazonai","status":"publish","type":"product","link":"https:\/\/keweicorten.com\/lt\/dideli-lauko-geliu-vazonai\/","title":{"rendered":"dideli lauko g\u0117li\u0173 vazonai"},"content":{"rendered":"<h2>Oro s\u0105lygoms atsparaus plieno lauko vazono privalumai ir pritaikymas\uff1a<\/h2>\n<hr \/>\n<p>Oro s\u0105lygoms atsparus plienas pasi\u017eymi puikiu atsparumu korozijai ir atmosferos poveikiui ir gali i\u0161laikyti stabilias eksploatacines savybes \u012fvairiomis klimato s\u0105lygomis. Be to, jo unikali r\u016bd\u017ei\u0173 i\u0161vaizda ne tik padidina estetin\u012f vaizd\u0105, bet ir harmoningai dera su nat\u016bralia aplinka.<\/p>\n<p>&nbsp;<\/p>\n<figure id=\"attachment_1091\" aria-describedby=\"caption-attachment-1091\" style=\"width: 794px\" class=\"wp-caption alignleft\"><img fetchpriority=\"high\" decoding=\"async\" class=\"wp-image-1091\" src=\"https:\/\/keweicorten.com\/wp-content\/uploads\/2024\/09\/\u5fae\u4fe1\u56fe\u7247_20230707144213-300x300.jpg\" alt=\"\" width=\"794\" height=\"794\" srcset=\"https:\/\/keweicorten.com\/wp-content\/uploads\/2024\/09\/\u5fae\u4fe1\u56fe\u7247_20230707144213-300x300.jpg 300w, https:\/\/keweicorten.com\/wp-content\/uploads\/2024\/09\/\u5fae\u4fe1\u56fe\u7247_20230707144213-150x150.jpg 150w, https:\/\/keweicorten.com\/wp-content\/uploads\/2024\/09\/\u5fae\u4fe1\u56fe\u7247_20230707144213-12x12.jpg 12w, https:\/\/keweicorten.com\/wp-content\/uploads\/2024\/09\/\u5fae\u4fe1\u56fe\u7247_20230707144213-600x600.jpg 600w, https:\/\/keweicorten.com\/wp-content\/uploads\/2024\/09\/\u5fae\u4fe1\u56fe\u7247_20230707144213-100x100.jpg 100w, https:\/\/keweicorten.com\/wp-content\/uploads\/2024\/09\/\u5fae\u4fe1\u56fe\u7247_20230707144213.jpg 750w\" sizes=\"(max-width: 794px) 100vw, 794px\" \/><figcaption id=\"caption-attachment-1091\" class=\"wp-caption-text\">Kortenas g\u0117li\u0173 por<\/figcaption><\/figure>\n<h3><\/h3>\n<h3><\/h3>\n<h3><\/h3>\n<h3><\/h3>\n<h3><\/h3>\n<h3><\/h3>\n<h3><\/h3>\n<h3><\/h3>\n<h3><\/h3>\n<h3><\/h3>\n<h3><\/h3>\n<h3><\/h3>\n<h3><\/h3>\n<h3><\/h3>\n<h3><\/h3>\n<h3><\/h3>\n<h3><\/h3>\n<h3><\/h3>\n<h3><\/h3>\n<h3>dideli\u0173 lauko g\u0117li\u0173 vazon\u0173 privalumai\uff1a<\/h3>\n<ul>\n<li>Patvarumas: Plieninis g\u0117li\u0173 vazonas gali atlaikyti ekstremalias oro s\u0105lygas, ilgai tarnauja.<br \/>\nMa\u017eos technin\u0117s prie\u017ei\u016bros i\u0161laidos: D\u0117l atsparumo korozijai suma\u017e\u0117ja technin\u0117s prie\u017ei\u016bros ir keitimo da\u017enumas.<br \/>\nEstetika: D\u0117l unikalios i\u0161vaizdos dizaino jis tampa sodininkyst\u0117s ir dar\u017eininkyst\u0117s puo\u0161ybos akcentu.<br \/>\nAplinkos apsauga: Aplinkos apsauga: atmosferos poveikiu paveiktas plienas gali b\u016bti perdirbamas, laikantis tvarios pl\u0117tros koncepcijos.<\/li>\n<\/ul>\n<h3>dideli\u0173 lauko g\u0117li\u0173 vazon\u0173 taikymo scenarijus\uff1a<\/h3>\n<ul>\n<li>Plieninis g\u0117li\u0173 vazonas tinka \u012fvairioms progoms, \u012fskaitant miesto parkus, komercines aik\u0161tes, priva\u010dius sodus ir pan. \u012evairios konstrukcijos ir dyd\u017ei\u0173 galimyb\u0117s leid\u017eia j\u012f pritaikyti \u012fvairioms aplinkoms ir poreikiams.<\/li>\n<li>D\u0117l puiki\u0173 eksploatacini\u0173 savybi\u0173 ir gra\u017eios i\u0161vaizdos lauko vazonai i\u0161 atmosferos poveikiu pasi\u017eymin\u010dio plieno tapo svarbiu pasirinkimu \u0161iuolaikin\u0117je sodininkyst\u0117je. \u017dmon\u0117ms skiriant d\u0117mes\u012f aplinkos gra\u017einimui ir tvariam vystymuisi, atmosferos poveikiui atsparaus plieno g\u0117li\u0173 vazon\u0173 taikymo perspektyvos bus platesn\u0117s.<\/li>\n<\/ul>\n<table border=\"1\">\n<tbody>\n<tr>\n<td><span data-spm-anchor-id=\"a2700.details.0.i39.14133542hOt861\">Produkto pavadinimas<\/span><\/td>\n<td data-spm-anchor-id=\"a2700.details.0.i43.14133542hOt861\">Corteno plieno lauko augal\u0173 d\u0117\u017eut\u0117 Individualus sodo augal\u0173 vazonai lauko d\u0117\u017eut\u0117 Corteno plieno kubo sodinukas<\/td>\n<\/tr>\n<tr>\n<td data-spm-anchor-id=\"a2700.details.0.i40.14133542hOt861\">Med\u017eiaga<\/td>\n<td data-spm-anchor-id=\"a2700.details.0.i42.14133542hOt861\">Korteninis plienas Anglinis plienas . ner\u016bdijantis plienas<\/td>\n<\/tr>\n<tr>\n<td>Apdaila<\/td>\n<td>Sur\u016bdij\u0119s arba dengtas milteliniu b\u016bdu<\/td>\n<\/tr>\n<tr>\n<td>\u012eprastas dydis<\/td>\n<td>100x45x45cm . 120x50x60cm . 150x50x60cm . 200x50x60cm<\/td>\n<\/tr>\n<tr>\n<td>Dizainas<\/td>\n<td>Priimkite pritaikyt\u0105<\/td>\n<\/tr>\n<tr>\n<td>parai\u0161ka<\/td>\n<td>Vidaus ir lauko apdaila<\/td>\n<\/tr>\n<\/tbody>\n<\/table>\n<p><a href=\"https:\/\/keweicorten.com\/lt\/susisiekite-su-mumis\/\"><img decoding=\"async\" class=\"alignnone\" title=\" Augal\u0173 d\u0117\u017e\u0117\" src=\"https:\/\/sc04.alicdn.com\/kf\/H0b0c474c4364463c955113ae286e19faM\/223026859\/H0b0c474c4364463c955113ae286e19faM.png\" alt=\"Corteno plieno lauko augal\u0173 d\u0117\u017eut\u0117 Individualus sodo augal\u0173 vazonai lauko d\u0117\u017eut\u0117 Corteno plieno kubo sodinukas\" width=\"881\" height=\"292\" \/><\/a><\/p>\n<p>1.Klausimas: Ar r\u016bdys nuda\u017eys pavir\u0161i\u0173, ant kurio jos yra?<\/p>\n<p>Atsakymas: Mes pur\u0161kiame chemin\u012f skyst\u012f, kad r\u016bdys nesusidaryt\u0173.<\/p>\n<p>&nbsp;<\/p>\n<p>2. Klausimas: kiek jie sveria?<br \/>\nAtsakymas: Pra\u0161ome pasitikslinti su gamintoju, nes yra \u012fvairi\u0173 dyd\u017ei\u0173.<\/p>\n<p>&nbsp;<\/p>\n<p>3. Klausimas: Kiek sveria L88*W30*H75 CM?<\/p>\n<p>Atsakymas: 36 KG<\/p>\n<p>&nbsp;<\/p>\n<p>4. Klausimas: Ar galima gruntuoti ir da\u017eyti prie\u0161 pradedant r\u016bdyti?<br \/>\nAtsakymas: Ne, sodinukas gra\u017eus tada, kai pradeda r\u016bdyti. Jis n\u0117ra skirtas da\u017eyti.<\/p>\n<p>&nbsp;<\/p>\n<p>5. Klausimas: Ar galima \u012fsigyti panited panter?<\/p>\n<p>Atsakymas: \u017dinoma, turime ne tik sur\u016bdijusio pavir\u0161iaus vazon\u0173, bet ir da\u017eyt\u0173 milteliniu b\u016bdu.<\/p>","protected":false},"excerpt":{"rendered":"<p>Oro s\u0105lygoms atsparus plieninis g\u0117li\u0173 vazonas yra labai paplitusi g\u0117li\u0173 vazon\u0173 med\u017eiaga \u0161iuolaikiniame g\u0117li\u0173 auginime. Jis pagamintas i\u0161 auk\u0161tos kokyb\u0117s plieno, pasi\u017eymin\u010dio itin dideliu patvarumu, atsparumu korozijai ir atmosferos poveikiui. Auginant g\u0117les, atmosferos poveikiui atsparaus plieno g\u0117li\u0173 vazon\u0173 privalumai yra akivaizd\u016bs<\/p>","protected":false},"featured_media":1092,"comment_status":"open","ping_status":"closed","template":"","meta":{"_eb_attr":"","_monsterinsights_skip_tracking":false,"_monsterinsights_sitenote_active":false,"_monsterinsights_sitenote_note":"","_monsterinsights_sitenote_category":0,"_uf_show_specific_survey":0,"_uf_disable_surveys":false},"product_brand":[],"product_cat":[59],"product_tag":[],"class_list":{"0":"post-1090","1":"product","2":"type-product","3":"status-publish","4":"has-post-thumbnail","6":"product_cat-flower-pot","8":"first","9":"instock","10":"shipping-taxable","11":"product-type-simple"},"_links":{"self":[{"href":"https:\/\/keweicorten.com\/lt\/wp-json\/wp\/v2\/product\/1090"}],"collection":[{"href":"https:\/\/keweicorten.com\/lt\/wp-json\/wp\/v2\/product"}],"about":[{"href":"https:\/\/keweicorten.com\/lt\/wp-json\/wp\/v2\/types\/product"}],"replies":[{"embeddable":true,"href":"https:\/\/keweicorten.com\/lt\/wp-json\/wp\/v2\/comments?post=1090"}],"version-history":[{"count":7,"href":"https:\/\/keweicorten.com\/lt\/wp-json\/wp\/v2\/product\/1090\/revisions"}],"predecessor-version":[{"id":1099,"href":"https:\/\/keweicorten.com\/lt\/wp-json\/wp\/v2\/product\/1090\/revisions\/1099"}],"wp:featuredmedia":[{"embeddable":true,"href":"https:\/\/keweicorten.com\/lt\/wp-json\/wp\/v2\/media\/1092"}],"wp:attachment":[{"href":"https:\/\/keweicorten.com\/lt\/wp-json\/wp\/v2\/media?parent=1090"}],"wp:term":[{"taxonomy":"product_brand","embeddable":true,"href":"https:\/\/keweicorten.com\/lt\/wp-json\/wp\/v2\/product_brand?post=1090"},{"taxonomy":"product_cat","embeddable":true,"href":"https:\/\/keweicorten.com\/lt\/wp-json\/wp\/v2\/product_cat?post=1090"},{"taxonomy":"product_tag","embeddable":true,"href":"https:\/\/keweicorten.com\/lt\/wp-json\/wp\/v2\/product_tag?post=1090"}],"curies":[{"name":"wp","href":"https:\/\/api.w.org\/{rel}","templated":true}]}}