{"id":1105,"date":"2024-09-11T06:42:20","date_gmt":"2024-09-11T06:42:20","guid":{"rendered":"https:\/\/keweicorten.com\/?post_type=product&#038;p=1105"},"modified":"2025-01-15T06:18:22","modified_gmt":"2025-01-15T06:18:22","slug":"sodo-dekoras","status":"publish","type":"product","link":"https:\/\/keweicorten.com\/lt\/sodo-dekoras\/","title":{"rendered":"sodo papuo\u0161alai ir statulos"},"content":{"rendered":"<h2>Kaip i\u0161sirinkti sodui tinkam\u0105 skulpt\u016br\u0105 i\u0161 atmosferos poveikiu pasi\u017eymin\u010dio plieno\uff1f<\/h2>\n<p>Atsi\u017evelkite \u012f sodo stili\u0173<\/p>\n<p>Pirmiausia atsi\u017evelkite \u012f sodo stili\u0173. Skirting\u0173 stili\u0173 sodams papuo\u0161ti reikia skirting\u0173 skulpt\u016br\u0173. Pavyzd\u017eiui, europieti\u0161kiems sodams tinka didel\u0117s ir sud\u0117tingos skulpt\u016bros, o japoni\u0161kiems - paprastos ir paprastos skulpt\u016bros. Tod\u0117l renkantis atmosferinio plieno skulpt\u016br\u0105 b\u016btina rinktis pagal sodo stili\u0173.<\/p>\n<p>Atsi\u017evelkite \u012f sodo papuo\u0161al\u0173 ir statul\u0173 form\u0105 ir dyd\u012f<\/p>\n<p>Taip pat labai svarbu pasirinkti skulpt\u016bros form\u0105 ir dyd\u012f. Priklausomai nuo sodo dyd\u017eio ir modelio, parenkamos skirting\u0173 form\u0173 ir dyd\u017ei\u0173 skulpt\u016bros. Pavyzd\u017eiui, ma\u017eiems sodams tinka rinktis ma\u017eas skulpt\u016bras, o dideliems sodams galima rinktis didesnes skulpt\u016bras.<\/p>\n<p>Atsi\u017evelkite \u012f sodo papuo\u0161al\u0173 ir statul\u0173 med\u017eiag\u0105<\/p>\n<p>Plienin\u0117 skulpt\u016bra i\u0161 atmosferos poveikiu veikiamo plieno yra labai patvari med\u017eiaga, tod\u0117l j\u0105 galima naudoti tiek patalpose, tiek lauke. Ta\u010diau renkantis skulpt\u016br\u0105 taip pat b\u016btina atsi\u017evelgti \u012f konkre\u010di\u0105 paskirt\u012f. Jei skulpt\u016bra naudojama lauke, b\u016btina rinktis med\u017eiagas, pasi\u017eymin\u010dias \u0161iluminio pl\u0117timosi ir susitraukimo geb\u0117jimu, atsparumu v\u0117jui, geru atsparumu atmosferos poveikiui ir geru atsparumu korozijai. Ideali \u0161ias savybes turinti med\u017eiaga yra atmosferos poveikiui atsparus plienas.<\/p>\n<p>Apsvarstykite skulpt\u016bros spalv\u0105<\/p>\n<p>Oro s\u0105lyg\u0173 veikiamos plieno skulpt\u016bros paprastai b\u016bna pilkos, ta\u010diau prireikus jas galima apdoroti, pavyzd\u017eiui, nuda\u017eyti, kad jos \u012fgaut\u0173 \u012fvairi\u0173 spalv\u0173 ir efekt\u0173. Rinkdamiesi skulpt\u016br\u0105 atsi\u017evelkite \u012f tai, ar jos spalva gali der\u0117ti prie bendro sodo spalvinio stiliaus.<\/p>\n<p>Apsvarstykite savo skulpt\u016bros tem\u0105<\/p>\n<p>Skulpt\u016bros tem\u0105 taip pat reikia pasirinkti pagal savo pageidavimus ir poreikius. Pavyzd\u017eiui, m\u0117gstantys gamt\u0105 gali rinktis augal\u0173 ar gyv\u016bn\u0173 skulpt\u016bras, m\u0117gstantys modern\u0173 stili\u0173 - abstrak\u010dias skulpt\u016bras ir pan.<\/p>\n<div style=\"width: 800px;\" class=\"wp-video\"><!--[if lt IE 9]><script>document.createElement('video');<\/script><![endif]-->\n<video class=\"wp-video-shortcode\" id=\"video-1105-1\" width=\"800\" height=\"450\" poster=\"https:\/\/keweicorten.com\/wp-content\/uploads\/2024\/09\/\u5fae\u4fe1\u56fe\u7247_20231019115916.jpg\" autoplay=\"1\" preload=\"metadata\" controls=\"controls\"><source type=\"video\/mp4\" src=\"https:\/\/keweicorten.com\/wp-content\/uploads\/2024\/09\/\u89c6\u989121min.mp4?_=1\" \/><a href=\"https:\/\/keweicorten.com\/wp-content\/uploads\/2024\/09\/\u89c6\u989121min.mp4\">https:\/\/keweicorten.com\/wp-content\/uploads\/2024\/09\/\u89c6\u989121min.mp4<\/a><\/video><\/div>\n<h2>Plieninei sodo skulpt\u016brai b\u016bdingos \u0161ios savyb\u0117s:<\/h2>\n<p>Stiprus patvarumas: oro s\u0105lygoms atsparus plienas, specialiai apdorotas, gali ilgai atlaikyti \u012fvairi\u0173 at\u0161iauri\u0173 klimato s\u0105lyg\u0173 erozij\u0105, ilgiau i\u0161laikyti atspindint\u012f poveik\u012f, tod\u0117l sodo skulpt\u016br\u0105 nelengva pa\u017eeisti lauko aplinkoje ir ji ilgai tarnauja.<\/p>\n<p>Stipri antikorozin\u0117 savyb\u0117: Plienin\u0117 sodo skulpt\u016bra pagaminta i\u0161 speciali\u0173 sintetini\u0173 med\u017eiag\u0173, pasi\u017eymin\u010di\u0173 stipriu antikoroziniu atsparumu, kuri\u0173 neveikia i\u0161oriniai veiksniai, pvz., lietus, saul\u0117s spinduliai, sm\u0117lis ir druskos r\u016bkas.<\/p>\n<p>Auk\u0161ta estetika: Laikas, \u012fvairi\u0173 form\u0173, gra\u017eios i\u0161vaizdos, unikali\u0173 savybi\u0173 ir tapo gra\u017eiu kra\u0161tovaizd\u017eiu sodo aplinkoje.<\/p>\n<p>Sodrios spalvos: Plienini\u0173 sodo skulpt\u016br\u0173 gamybos med\u017eiagos gali b\u016bti ne tik nat\u016brali\u0173 spalv\u0173, bet ir da\u017eytos, kad b\u016bt\u0173 sukurtos spalvingos formos, praturtint\u0173 miesto sod\u0173 vaizd\u0105 ir b\u016bt\u0173 kupinos gyvybingumo.<\/p>\n<figure style=\"width: 602px\" class=\"wp-caption aligncenter\"><a href=\"https:\/\/keweicorten.com\/lt\/susisiekite-su-mumis\/\"><img fetchpriority=\"high\" decoding=\"async\" title=\"Sodo papuo\u0161alai ir statulos\" src=\"https:\/\/www.keweistove.com\/uploads\/39684\/garden-ornaments-and-statues02482.jpg\" alt=\"Sodo papuo\u0161alai ir statulos\" width=\"602\" height=\"602\" \/><\/a><figcaption class=\"wp-caption-text\">Sodo papuo\u0161alai ir statulos<\/figcaption><\/figure>\n<p><img decoding=\"async\" class=\"aligncenter\" src=\"https:\/\/www.keweistove.com\/Content\/uploads\/2023970354\/202307121511574ab65c7ec9ae440c88788f735e2204f7.jpg\" alt=\"produktas-750-750\" width=\"626\" height=\"626\" \/><\/p>\n<div class=\"text\">\u0160i skulpt\u016bra i\u0161 kortino plieno taps patraukliu j\u016bs\u0173 sodo akcentu. \u0160\u012f ner\u016bdijan\u010diojo plieno meno k\u016brin\u012f galima pritaikyti \u012fvairaus dyd\u017eio. Pasta\u010dius \u0161i\u0105 korteninio plieno skulpt\u016br\u0105 lauke, ji sukurs ry\u0161k\u0173 d\u0117mesio centr\u0105.<\/div>\n<div class=\"text\">Sodo puo\u0161ybos skulpt\u016bra gali b\u016bti pritaikyta pagal \u012fvairius poreikius. Dizaineriai gali kurti ir tobulinti tinkamas skulpt\u016bras, atsi\u017evelgdami \u012f klient\u0173 poreikius ir aplink\u0105, kad jos labiau atitikt\u0173 \u0161iuolaikini\u0173 \u017emoni\u0173 estetik\u0105 ir gyvenimo \u012fpro\u010dius. Individualizuotos skulpt\u016bros gali visi\u0161kai atspind\u0117ti klient\u0173 profesionalum\u0105 ir taisyklingum\u0105, tod\u0117l klientai erdv\u0117je tampa unikalesni ir i\u0161skirtinesni.<\/div>","protected":false},"excerpt":{"rendered":"<p>Apsilankykite m\u016bs\u0173 svetain\u0117je ir raskite i\u0161skirtini\u0173 sodo dekoracij\u0173 ir statul\u0173, kurios puikiai papuo\u0161 j\u016bs\u0173 lauko aplink\u0105. \u012evairios galimyb\u0117s, atitinkan\u010dios kiekvieno sodininkyst\u0117s entuziasto poreikius<\/p>","protected":false},"featured_media":1108,"comment_status":"open","ping_status":"closed","template":"","meta":{"_eb_attr":"","_monsterinsights_skip_tracking":false,"_monsterinsights_sitenote_active":false,"_monsterinsights_sitenote_note":"","_monsterinsights_sitenote_category":0,"_uf_show_specific_survey":0,"_uf_disable_surveys":false},"product_brand":[],"product_cat":[62],"product_tag":[],"class_list":{"0":"post-1105","1":"product","2":"type-product","3":"status-publish","4":"has-post-thumbnail","6":"product_cat-corten-sculpture","8":"first","9":"instock","10":"shipping-taxable","11":"product-type-simple"},"_links":{"self":[{"href":"https:\/\/keweicorten.com\/lt\/wp-json\/wp\/v2\/product\/1105"}],"collection":[{"href":"https:\/\/keweicorten.com\/lt\/wp-json\/wp\/v2\/product"}],"about":[{"href":"https:\/\/keweicorten.com\/lt\/wp-json\/wp\/v2\/types\/product"}],"replies":[{"embeddable":true,"href":"https:\/\/keweicorten.com\/lt\/wp-json\/wp\/v2\/comments?post=1105"}],"version-history":[{"count":1,"href":"https:\/\/keweicorten.com\/lt\/wp-json\/wp\/v2\/product\/1105\/revisions"}],"predecessor-version":[{"id":1109,"href":"https:\/\/keweicorten.com\/lt\/wp-json\/wp\/v2\/product\/1105\/revisions\/1109"}],"wp:featuredmedia":[{"embeddable":true,"href":"https:\/\/keweicorten.com\/lt\/wp-json\/wp\/v2\/media\/1108"}],"wp:attachment":[{"href":"https:\/\/keweicorten.com\/lt\/wp-json\/wp\/v2\/media?parent=1105"}],"wp:term":[{"taxonomy":"product_brand","embeddable":true,"href":"https:\/\/keweicorten.com\/lt\/wp-json\/wp\/v2\/product_brand?post=1105"},{"taxonomy":"product_cat","embeddable":true,"href":"https:\/\/keweicorten.com\/lt\/wp-json\/wp\/v2\/product_cat?post=1105"},{"taxonomy":"product_tag","embeddable":true,"href":"https:\/\/keweicorten.com\/lt\/wp-json\/wp\/v2\/product_tag?post=1105"}],"curies":[{"name":"wp","href":"https:\/\/api.w.org\/{rel}","templated":true}]}}