{"id":1110,"date":"2024-09-11T07:19:01","date_gmt":"2024-09-11T07:19:01","guid":{"rendered":"https:\/\/keweicorten.com\/?post_type=product&#038;p=1110"},"modified":"2025-01-15T06:16:12","modified_gmt":"2025-01-15T06:16:12","slug":"skulptura","status":"publish","type":"product","link":"https:\/\/keweicorten.com\/lt\/skulptura\/","title":{"rendered":"moderni sienin\u0117 skulpt\u016bra"},"content":{"rendered":"<table class=\"table\" border=\"1\" cellspacing=\"1\" cellpadding=\"1\">\n<tbody>\n<tr>\n<td>Produkto pavadinimas<\/td>\n<td>Lauko \u0160iuolaikinis metalo amat\u0173 corteno plieno skulpt\u016bra sodo lapas<\/td>\n<\/tr>\n<tr>\n<td>Med\u017eiaga<\/td>\n<td>korteninis plienas, mink\u0161tas plienas ir kt.<\/td>\n<\/tr>\n<tr>\n<td>Spalva<\/td>\n<td>Dengtas milteliniu b\u016bdu arba r\u016bd\u017ei\u0173 raudona spalva<\/td>\n<\/tr>\n<tr>\n<td><strong>\u012ePAKAVIMAS:<\/strong><\/td>\n<td>MEDIN\u0116S D\u0116\u017d\u0116S<\/td>\n<\/tr>\n<tr>\n<td>Naudotas<\/td>\n<td>nam\u0173 dekoravimas<\/td>\n<\/tr>\n<\/tbody>\n<\/table>\n<p>Kod\u0117l verta rinktis moderni\u0105 sienin\u0119 skulpt\u016br\u0105?<\/p>\n<p>\u0160iuolaikin\u0117s sien\u0173 skulpt\u016bros yra labai patvarios. Jos pagamintos i\u0161 auk\u0161tos kokyb\u0117s oro s\u0105lygoms atsparaus plieno ir gali atlaikyti \u012fvairias klimato s\u0105lygas, \u012fskaitant liet\u0173, saul\u0119, \u0161alt\u012f ir kar\u0161\u010dio bangas. \u0160i dekoratyvin\u0117 med\u017eiaga yra puikus pasirinkimas tiems, kuriems reikia, kad i\u0161orin\u0117s sodo dekoracijos i\u0161laikyt\u0173 savo estetik\u0105 daugel\u012f met\u0173.<\/p>\n<p>Moderni sienin\u0117 skulpt\u016bra yra gra\u017eiai dekoruota. \u0160i dekoratyvin\u0117 med\u017eiaga turi labai unikali\u0105 form\u0105 ir ry\u0161kias spalvas, kurios gali pabr\u0117\u017eti sodo gro\u017e\u012f. Daugeliui \u017emoni\u0173 taip pat patinka atmosferinio plieno sodo dekoracijos, nes jos suteikia \u0161iuolaiki\u0161kumo ir gali suteikti sodui stilingumo.<\/p>\n<p>\u0160i dekoratyvin\u0117 med\u017eiaga yra labai ekologi\u0161ka. D\u0117l ilgo tarnavimo laiko nesusidaro per daug atliek\u0173 ir \u0161iuk\u0161li\u0173. Be to, kadangi jos med\u017eiaga yra plienas, j\u0105 galima naudoti du kartus ir ji neter\u0161ia aplinkos.<\/p>\n<p>\u0160iuolaikines sien\u0173 skulpt\u016bras taip pat labai lengva \u012frengti. Daugelis preki\u0173 \u017eenkl\u0173 gali pasi\u016blyti surenkam\u0173 moduli\u0173 ir komponent\u0173 \u012fvairiems scenarijams, kuriuos vartotojai gali laisvai derinti pagal savo poreikius.<\/p>\n<p>Pasirinkti atmosferos poveikiui atsparaus plieno sodo dekoracijas yra teigiamas, aplinkai nekenksmingas, gra\u017eus ir patvarus pasirinkimas. Ji gali suteikti beribio \u012fkv\u0117pimo ir padaryti j\u016bs\u0173 sod\u0105 dar spalvingesn\u012f.<\/p>\n<p>Sodo apdaila i\u0161 atmosferos poveikiu pasi\u017eymin\u010dio plieno yra plataus pritaikymo med\u017eiaga, kuri gali b\u016bti naudojama kaip dekoratyvin\u0117 ir gra\u017einanti erdv\u0119.<\/p>\n<div class=\"J_module\">\n<figure id=\"attachment_1112\" aria-describedby=\"caption-attachment-1112\" style=\"width: 500px\" class=\"wp-caption alignnone\"><a href=\"https:\/\/keweicorten.com\/lt\/?attachment_id=1112\"><img fetchpriority=\"high\" decoding=\"async\" class=\"wp-image-1112\" title=\"didel\u0117s sien\u0173 skulpt\u016bros\" src=\"https:\/\/keweicorten.com\/wp-content\/uploads\/2024\/09\/photobank-52-300x300.jpg\" alt=\"\" width=\"500\" height=\"500\" srcset=\"https:\/\/keweicorten.com\/wp-content\/uploads\/2024\/09\/photobank-52-300x300.jpg 300w, https:\/\/keweicorten.com\/wp-content\/uploads\/2024\/09\/photobank-52-150x150.jpg 150w, https:\/\/keweicorten.com\/wp-content\/uploads\/2024\/09\/photobank-52-12x12.jpg 12w, https:\/\/keweicorten.com\/wp-content\/uploads\/2024\/09\/photobank-52-600x600.jpg 600w, https:\/\/keweicorten.com\/wp-content\/uploads\/2024\/09\/photobank-52-100x100.jpg 100w, https:\/\/keweicorten.com\/wp-content\/uploads\/2024\/09\/photobank-52.jpg 700w\" sizes=\"(max-width: 500px) 100vw, 500px\" \/><\/a><figcaption id=\"caption-attachment-1112\" class=\"wp-caption-text\">didel\u0117s sien\u0173 skulpt\u016bros<\/figcaption><\/figure>\n<div data-section=\"AliMagic-1caf3d\" data-section-title=\"Our Services\" data-spm-anchor-id=\"a2700.details.0.i38.5f3c554eic1XgH\">\n<figure id=\"attachment_1111\" aria-describedby=\"caption-attachment-1111\" style=\"width: 502px\" class=\"wp-caption alignnone\"><a href=\"https:\/\/keweicorten.com\/lt\"><img decoding=\"async\" class=\"wp-image-1111\" title=\"parduodamos skulpt\u016bros\" src=\"https:\/\/keweicorten.com\/wp-content\/uploads\/2024\/09\/photobank-109-300x300.jpg\" alt=\"\" width=\"502\" height=\"502\" srcset=\"https:\/\/keweicorten.com\/wp-content\/uploads\/2024\/09\/photobank-109-300x300.jpg 300w, https:\/\/keweicorten.com\/wp-content\/uploads\/2024\/09\/photobank-109-150x150.jpg 150w, https:\/\/keweicorten.com\/wp-content\/uploads\/2024\/09\/photobank-109-12x12.jpg 12w, https:\/\/keweicorten.com\/wp-content\/uploads\/2024\/09\/photobank-109-600x600.jpg 600w, https:\/\/keweicorten.com\/wp-content\/uploads\/2024\/09\/photobank-109-100x100.jpg 100w, https:\/\/keweicorten.com\/wp-content\/uploads\/2024\/09\/photobank-109.jpg 700w\" sizes=\"(max-width: 502px) 100vw, 502px\" \/><\/a><figcaption id=\"caption-attachment-1111\" class=\"wp-caption-text\">. parduodamos skulpt\u016bros<\/figcaption><\/figure>\n<\/div>\n<div id=\"ali-anchor-AliMagic-1caf3d\" class=\"magic-7\" data-section=\"AliMagic-1caf3d\" data-section-title=\"Our Services\" data-spm-anchor-id=\"a2700.details.0.i38.5f3c554eic1XgH\">M\u016bs\u0173 paslaugos<\/div>\n<\/div>\n<div class=\"J_module\">\n<div class=\"detail-decorate-json-renderer-container\">\n<div class=\"magic-0\">\n<div class=\"magic-1\">\n<div class=\"magic-2\">\n<div class=\"magic-3\"><span class=\"magic-24\">Per valand\u0105 su jumis susisieksime.<\/span><\/div>\n<div class=\"magic-3\"><span class=\"magic-24\">Galite si\u0173sti el. lai\u0161k\u0105 arba susisiekti su mumis per Whatsapp, tada mes atsakysime jums kuo grei\u010diau.<br \/>\n<\/span><\/div>\n<div><\/div>\n<div class=\"magic-3\"><span class=\"magic-24\">2. Individualizuotos paslaugos nemokamai.<br \/>\nJei nesate jo suprojektav\u0119, susisiekite su mumis, j\u016bs\u0173 paslaugoms bus profesionali dizaineri\u0173 komanda.<br \/>\nGalime j\u012f pritaikyti tiksliai taip, kaip jums reikia.<br \/>\n<\/span><\/div>\n<div><\/div>\n<div class=\"magic-3\"><span class=\"magic-24\">3. Mes papasakosime klientams apie kiekvien\u0105 gamybos proceso etap\u0105, galime padaryti nuotraukas apie kiekvien\u0105 gamybos, pakavimo etap\u0105.<br \/>\nGalime atsi\u0173sti patvirtintas nuotraukas.<br \/>\n<\/span><\/div>\n<div><\/div>\n<div class=\"magic-3\"><span class=\"magic-24\">4. Galime pasi\u016blyti geriausius produktus ir r\u016bpesting\u0105 aptarnavim\u0105.<br \/>\n<\/span><\/div>\n<div class=\"magic-3\"><\/div>\n<\/div>\n<\/div>\n<\/div>\n<\/div>\n<\/div>","protected":false},"excerpt":{"rendered":"<p>\u0160iuolaikin\u0117 sien\u0173 skulpt\u016bra - tai puikus b\u016bdas bet kuriai erdvei suteikti gro\u017eio ir \u012fdomumo. Nesvarbu, ar dekoruojate namus, ar \u012fmon\u0119, \u0161i meno r\u016b\u0161is gali pad\u0117ti sukurti jauki\u0105, \u012fkvepian\u010di\u0105 ir pakyl\u0117jan\u010di\u0105 atmosfer\u0105.<\/p>","protected":false},"featured_media":1113,"comment_status":"open","ping_status":"closed","template":"","meta":{"_eb_attr":"","_monsterinsights_skip_tracking":false,"_monsterinsights_sitenote_active":false,"_monsterinsights_sitenote_note":"","_monsterinsights_sitenote_category":0,"_uf_show_specific_survey":0,"_uf_disable_surveys":false},"product_brand":[],"product_cat":[62],"product_tag":[],"class_list":{"0":"post-1110","1":"product","2":"type-product","3":"status-publish","4":"has-post-thumbnail","6":"product_cat-corten-sculpture","8":"first","9":"instock","10":"shipping-taxable","11":"product-type-simple"},"_links":{"self":[{"href":"https:\/\/keweicorten.com\/lt\/wp-json\/wp\/v2\/product\/1110"}],"collection":[{"href":"https:\/\/keweicorten.com\/lt\/wp-json\/wp\/v2\/product"}],"about":[{"href":"https:\/\/keweicorten.com\/lt\/wp-json\/wp\/v2\/types\/product"}],"replies":[{"embeddable":true,"href":"https:\/\/keweicorten.com\/lt\/wp-json\/wp\/v2\/comments?post=1110"}],"version-history":[{"count":1,"href":"https:\/\/keweicorten.com\/lt\/wp-json\/wp\/v2\/product\/1110\/revisions"}],"predecessor-version":[{"id":1114,"href":"https:\/\/keweicorten.com\/lt\/wp-json\/wp\/v2\/product\/1110\/revisions\/1114"}],"wp:featuredmedia":[{"embeddable":true,"href":"https:\/\/keweicorten.com\/lt\/wp-json\/wp\/v2\/media\/1113"}],"wp:attachment":[{"href":"https:\/\/keweicorten.com\/lt\/wp-json\/wp\/v2\/media?parent=1110"}],"wp:term":[{"taxonomy":"product_brand","embeddable":true,"href":"https:\/\/keweicorten.com\/lt\/wp-json\/wp\/v2\/product_brand?post=1110"},{"taxonomy":"product_cat","embeddable":true,"href":"https:\/\/keweicorten.com\/lt\/wp-json\/wp\/v2\/product_cat?post=1110"},{"taxonomy":"product_tag","embeddable":true,"href":"https:\/\/keweicorten.com\/lt\/wp-json\/wp\/v2\/product_tag?post=1110"}],"curies":[{"name":"wp","href":"https:\/\/api.w.org\/{rel}","templated":true}]}}