{"id":1115,"date":"2024-09-11T07:57:32","date_gmt":"2024-09-11T07:57:32","guid":{"rendered":"https:\/\/keweicorten.com\/?post_type=product&#038;p=1115"},"modified":"2025-01-15T06:16:04","modified_gmt":"2025-01-15T06:16:04","slug":"ugniakuras-2","status":"publish","type":"product","link":"https:\/\/keweicorten.com\/lt\/ugniakuras-2\/","title":{"rendered":"lauko malk\u0173 lau\u017eaviet\u0117"},"content":{"rendered":"<h2>Lauko atmosferos poveikiui atsparaus plieno lauko med\u017eio ugniakuras\uff1a<\/h2>\n<p>Lauko malk\u0173 lau\u017eaviet\u0117 yra labai prakti\u0161ka ir ilgaam\u017e\u0117 lauko \u012franga, kuri gali b\u016bti patogi bendruomen\u0117s parke, lauko stovyklaviet\u0117je, lauko kepsnin\u0117je ir kitomis progomis. Jis gali atlaikyti \u012fvairi\u0173 oro s\u0105lyg\u0173 ir gamtin\u0117s aplinkos i\u0161\u0161\u016bkius, tod\u0117l yra ilgaam\u017eis.<\/p>\n<p>Oro s\u0105lygoms atsparus plienas yra speciali lydinio med\u017eiaga, pasi\u017eyminti puikiu atsparumu korozijai ir ilgaam\u017ei\u0161kumu. Naudojant ugniakurus, atmosferos poveikiui atsparus plienas gali b\u016bti atsparus auk\u0161tos temperat\u016bros ir dr\u0117gnos aplinkos poveikiui, jis nelengvai r\u016bdija ir oksiduojasi. Tod\u0117l lauko ugniakuras i\u0161 atmosferos poveikiui atsparaus plieno labai tinka naudoti lauke ir ilg\u0105 laik\u0105 gali atlaikyti daugyb\u0119 reikalavim\u0173.<\/p>\n<p>Lauko malkin\u0117 taip pat pasi\u017eymi geru konstrukciniu dizainu ir detali\u0173 apdorojimu. Ji pagaminta i\u0161 stor\u0173 plieno plok\u0161\u010di\u0173, pasi\u017eymin\u010di\u0173 \u0161velniu pavir\u0161iumi ir dideliu mechaniniu atsparumu, kurie yra svarb\u016bs ilgaam\u017ei\u0161kum\u0105 u\u017etikrinantys veiksniai. Kartu atsi\u017evelgiama ir \u012f faktinius naudotojo poreikius, \u012fskaitant dyd\u012f, form\u0105, v\u0117jui atspari\u0105 konstrukcij\u0105 ir t. t., kad jis labiau atitikt\u0173 aplink\u0105 ir lauko naudojimo poreikius.<\/p>\n<p>Lauko malk\u0173 ugniakuras turi dideli\u0173 ilgaam\u017ei\u0161kumo ir saugumo privalum\u0173. Jis gali atlaikyti \u012fvairi\u0173 at\u0161iauri\u0173 klimato s\u0105lyg\u0173 ir gamtin\u0117s aplinkos i\u0161\u0161\u016bkius ir ilg\u0105 laik\u0105 u\u017etikrinti patog\u0173 ir komforti\u0161k\u0105 naudojim\u0105 lauke. Renkantis lauko \u012frang\u0105, verta atsi\u017evelgti \u012f puikias lauko ugniakur\u0173 i\u0161 atmosferos poveikiu pasi\u017eymin\u010dio plieno savybes.<\/p>\n<figure id=\"attachment_1117\" aria-describedby=\"caption-attachment-1117\" style=\"width: 474px\" class=\"wp-caption aligncenter\"><a href=\"https:\/\/keweicorten.com\/lt\"><img fetchpriority=\"high\" decoding=\"async\" class=\"wp-image-1117\" title=\"ugniakuras\" src=\"https:\/\/keweicorten.com\/wp-content\/uploads\/2024\/09\/photobank-41-300x300.jpg\" alt=\"ugniakuras\" width=\"474\" height=\"474\" srcset=\"https:\/\/keweicorten.com\/wp-content\/uploads\/2024\/09\/photobank-41-300x300.jpg 300w, https:\/\/keweicorten.com\/wp-content\/uploads\/2024\/09\/photobank-41-150x150.jpg 150w, https:\/\/keweicorten.com\/wp-content\/uploads\/2024\/09\/photobank-41-12x12.jpg 12w, https:\/\/keweicorten.com\/wp-content\/uploads\/2024\/09\/photobank-41-100x100.jpg 100w, https:\/\/keweicorten.com\/wp-content\/uploads\/2024\/09\/photobank-41.jpg 576w\" sizes=\"(max-width: 474px) 100vw, 474px\" \/><\/a><figcaption id=\"caption-attachment-1117\" class=\"wp-caption-text\">ugniakuras<\/figcaption><\/figure>\n<figure id=\"attachment_1116\" aria-describedby=\"caption-attachment-1116\" style=\"width: 472px\" class=\"wp-caption aligncenter\"><a href=\"https:\/\/keweicorten.com\/lt\"><img decoding=\"async\" class=\"wp-image-1116\" title=\"ugniakuras\" src=\"https:\/\/keweicorten.com\/wp-content\/uploads\/2024\/09\/photobank-35-300x300.jpg\" alt=\"ugniakuras\" width=\"472\" height=\"472\" srcset=\"https:\/\/keweicorten.com\/wp-content\/uploads\/2024\/09\/photobank-35-300x300.jpg 300w, https:\/\/keweicorten.com\/wp-content\/uploads\/2024\/09\/photobank-35-150x150.jpg 150w, https:\/\/keweicorten.com\/wp-content\/uploads\/2024\/09\/photobank-35-12x12.jpg 12w, https:\/\/keweicorten.com\/wp-content\/uploads\/2024\/09\/photobank-35-100x100.jpg 100w, https:\/\/keweicorten.com\/wp-content\/uploads\/2024\/09\/photobank-35.jpg 512w\" sizes=\"(max-width: 472px) 100vw, 472px\" \/><\/a><figcaption id=\"caption-attachment-1116\" class=\"wp-caption-text\">ugniakuras<\/figcaption><\/figure>\n<table class=\"table\" style=\"height: 238px;\" border=\"1\" width=\"729\" cellspacing=\"1\" cellpadding=\"1\">\n<tbody>\n<tr>\n<td><strong>Produktas<\/strong><\/td>\n<td>Terasos ned\u016bminis ugniakuras<\/td>\n<\/tr>\n<tr>\n<td><strong>Med\u017eiaga<\/strong><\/td>\n<td>Korteninis plienas<\/td>\n<\/tr>\n<tr>\n<td><strong>Skersmuo<\/strong><\/td>\n<td>60 cm, 70 cm, 80 cm, 90 cm, 100 cm, 120 cm, 150 cm, 180 cm<\/td>\n<\/tr>\n<tr>\n<td><strong>Storis<\/strong><\/td>\n<td>2 mm, 3 mm, 4 mm, 5 mm<\/td>\n<\/tr>\n<tr>\n<td><strong>Apdaila<\/strong><\/td>\n<td>Gele\u017eies oksidas<\/td>\n<\/tr>\n<tr>\n<td><strong>Paketas<\/strong><\/td>\n<td>Klijuotos faneros d\u0117\u017e\u0117, gele\u017einis pad\u0117klas<\/td>\n<\/tr>\n<\/tbody>\n<\/table>\n<p><a href=\"https:\/\/keweicorten.com\/lt\"><img decoding=\"async\" class=\"aligncenter\" title=\"Metalinis ugniakuras su griliu\" src=\"https:\/\/sc04.alicdn.com\/kf\/Hf2d2a0356e6c427bba74e4cf2540f967g\/221559437\/Hf2d2a0356e6c427bba74e4cf2540f967g.png?size=x0\" alt=\"Metalinis ugniakuras su griliu\" width=\"750\" height=\"750\" \/><\/a><\/p>\n<p>Korteninio plieno ugniakuras - puikus bet kokio kiemo ar lauko erdv\u0117s papildymas. Jos ne tik suteikia \u0161ilumos v\u0117sesniais vakarais, bet ir suteikia j\u016bs\u0173 erdvei gra\u017ei\u0105 ir unikali\u0105 estetik\u0105.<\/p>\n<p>Corteno plienas pasi\u017eymi ilgaam\u017ei\u0161kumu ir atsparumu oro s\u0105lygoms, tod\u0117l puikiai tinka lauko erdv\u0117ms. Laikui b\u0117gant plienas \u012fgauna nat\u016brali\u0105 r\u016bd\u017ei\u0173 i\u0161vaizd\u0105, kuri suteikia ugniavietei charakterio ir vizualinio \u012fdomumo.<\/p>\n<p>\u0160ios ugniaviet\u0117s b\u016bna \u012fvairi\u0173 form\u0173 ir dyd\u017ei\u0173, tod\u0117l galite i\u0161sirinkti tinkamiausi\u0105 savo aplinkai. Nesvarbu, ar pageidaujate apvalios dubens formos ugniaviet\u0117s, ar \u0161iuolaiki\u0161kesnio dizaino, j\u016bs\u0173 stiliui tiks \"Corten\" plieno ugniaviet\u0117.<\/p>\n<p>Dar vienas puikus dalykas, susij\u0119s su \"Corten\" plieno ugniakuru, yra tai, kad jis gali paversti j\u016bs\u0173 lauko erdv\u0119 jaukia \u0161eimos ir draug\u0173 susib\u016brimo vieta. N\u0117ra nieko geriau nei s\u0117d\u0117ti prie lau\u017eo, m\u0117gautis \u0161iluma ir kepti zefyrus. Galite sukurti nei\u0161dildomus prisiminimus su artimaisiais ir kartu m\u0117gautis gro\u017eiu, kur\u012f \"Corten\" plieno ugniakuras suteikia j\u016bs\u0173 kiemui.<\/p>","protected":false},"excerpt":{"rendered":"<p>Jei norite pagerinti savo kiem\u0105 ar lauko erdv\u0119, tikrai verta pagalvoti apie \"Corten\" plieno ugniakur\u0105. Jos suteikia \u0161ilumos, stiliaus ir jaukios atmosferos. D\u0117l j\u0173 ilgaam\u017ei\u0161kumo ir atsparumo atmosferos poveikiui ugniakuru gal\u0117site d\u017eiaugtis daugel\u012f met\u0173.<\/p>","protected":false},"featured_media":1118,"comment_status":"open","ping_status":"closed","template":"","meta":{"_eb_attr":"","_monsterinsights_skip_tracking":false,"_monsterinsights_sitenote_active":false,"_monsterinsights_sitenote_note":"","_monsterinsights_sitenote_category":0,"_uf_show_specific_survey":0,"_uf_disable_surveys":false},"product_brand":[],"product_cat":[54],"product_tag":[],"class_list":{"0":"post-1115","1":"product","2":"type-product","3":"status-publish","4":"has-post-thumbnail","6":"product_cat-wood-fire-pit","8":"first","9":"instock","10":"shipping-taxable","11":"product-type-simple"},"_links":{"self":[{"href":"https:\/\/keweicorten.com\/lt\/wp-json\/wp\/v2\/product\/1115"}],"collection":[{"href":"https:\/\/keweicorten.com\/lt\/wp-json\/wp\/v2\/product"}],"about":[{"href":"https:\/\/keweicorten.com\/lt\/wp-json\/wp\/v2\/types\/product"}],"replies":[{"embeddable":true,"href":"https:\/\/keweicorten.com\/lt\/wp-json\/wp\/v2\/comments?post=1115"}],"version-history":[{"count":2,"href":"https:\/\/keweicorten.com\/lt\/wp-json\/wp\/v2\/product\/1115\/revisions"}],"predecessor-version":[{"id":1120,"href":"https:\/\/keweicorten.com\/lt\/wp-json\/wp\/v2\/product\/1115\/revisions\/1120"}],"wp:featuredmedia":[{"embeddable":true,"href":"https:\/\/keweicorten.com\/lt\/wp-json\/wp\/v2\/media\/1118"}],"wp:attachment":[{"href":"https:\/\/keweicorten.com\/lt\/wp-json\/wp\/v2\/media?parent=1115"}],"wp:term":[{"taxonomy":"product_brand","embeddable":true,"href":"https:\/\/keweicorten.com\/lt\/wp-json\/wp\/v2\/product_brand?post=1115"},{"taxonomy":"product_cat","embeddable":true,"href":"https:\/\/keweicorten.com\/lt\/wp-json\/wp\/v2\/product_cat?post=1115"},{"taxonomy":"product_tag","embeddable":true,"href":"https:\/\/keweicorten.com\/lt\/wp-json\/wp\/v2\/product_tag?post=1115"}],"curies":[{"name":"wp","href":"https:\/\/api.w.org\/{rel}","templated":true}]}}