{"id":1121,"date":"2024-09-11T09:07:08","date_gmt":"2024-09-11T09:07:08","guid":{"rendered":"https:\/\/keweicorten.com\/?post_type=product&#038;p=1121"},"modified":"2025-01-15T06:15:52","modified_gmt":"2025-01-15T06:15:52","slug":"plienine-ugniaviete","status":"publish","type":"product","link":"https:\/\/keweicorten.com\/lt\/plienine-ugniaviete\/","title":{"rendered":"plienin\u0117 ugniaviet\u0117"},"content":{"rendered":"<h2>Plienin\u0117s ugniaviet\u0117s privalumai:<\/h2>\n<p>Ilgaam\u017ei\u0161kumas: plienas yra labai tvirtas, jis gali atlaikyti auk\u0161t\u0105 temperat\u016br\u0105 ir ilgalaik\u012f naudojim\u0105. Jis ne taip lengvai pa\u017eeid\u017eiamas ar deformuojamas kaip kai kurios kitos med\u017eiagos.<\/p>\n<p>Greitas \u012fkaitimas : plieno \u0161ilumos laidumas yra geras, tod\u0117l ugniakuras greitai pasiekia auk\u0161t\u0105 temperat\u016br\u0105 ir u\u017etikrina efektyvesn\u012f \u0161ildymo efekt\u0105.<\/p>\n<p>Ma\u017eai prie\u017ei\u016bros : plienin\u0117s ugniaviet\u0117s pavir\u0161i\u0173 paprastai lengviau valyti, ant jo nesunkiai kaupiasi pelenai ar ne\u0161varumai.<\/p>\n<p>Atsparumas atmosferos poveikiui: auk\u0161tos kokyb\u0117s plienas paprastai pasi\u017eymi geru atsparumu korozijai, ypa\u010d dengtas arba apdorotas plienas, kuris gali b\u016bti atsparus oro s\u0105lyg\u0173 poky\u010diams.<\/p>\n<p>Dizaino lankstumas : Plienin\u0117s ugniaviet\u0117s gali b\u016bti \u012fvairi\u0173 form\u0173 ir stili\u0173, kad atitikt\u0173 skirtingus dekoratyvinius poreikius ir asmeninius pageidavimus.<\/p>\n<p>Saugumas : d\u0117l plieno tvirtumo ir stabilumo yra ma\u017eesn\u0117 tikimyb\u0117, kad ugniakuras naudojimo metu pasvirs ar sul\u016b\u0161, tod\u0117l padid\u0117ja naudojimo saugumas.<\/p>\n<p>Ekonomika : Palyginti su kai kuriomis kitomis med\u017eiagomis, plienas paprastai kainuoja pigiau, tod\u0117l plienin\u0117s ugniaviet\u0117s da\u017enai yra ekonomi\u0161kesn\u0117s.<\/p>\n<table style=\"height: 286px;\" width=\"943\">\n<tbody>\n<tr>\n<td colspan=\"1\" rowspan=\"1\">\n<div><span data-spm-anchor-id=\"a2700.details.0.i40.21cc481046iNBp\">Produkto pavadinimas<\/span><\/div>\n<\/td>\n<td colspan=\"1\" rowspan=\"1\">\n<div>Lauko apvalus ugnies dubuo Mediena Corteno plienas Lauko ugniakuras<\/div>\n<\/td>\n<\/tr>\n<tr>\n<td colspan=\"1\" rowspan=\"1\">\n<div>Prek\u0117s \u017eenklo pavadinimas<\/div>\n<\/td>\n<td colspan=\"1\" rowspan=\"1\">\n<div>SHKW<\/div>\n<\/td>\n<\/tr>\n<tr>\n<td colspan=\"1\" rowspan=\"1\">\n<div>Modelio numeris<\/div>\n<\/td>\n<td colspan=\"1\" rowspan=\"1\">\n<div>SHKW-FP-1<\/div>\n<\/td>\n<\/tr>\n<tr>\n<td colspan=\"1\" rowspan=\"1\">\n<div>Med\u017eiaga<\/div>\n<\/td>\n<td colspan=\"1\" rowspan=\"1\">\n<div>Korteninis plienas \/ orus veikiantis plienas<\/div>\n<\/td>\n<\/tr>\n<tr>\n<td colspan=\"1\" rowspan=\"1\">\n<div>Dydis<\/div>\n<\/td>\n<td colspan=\"1\" rowspan=\"1\">\n<div>Skersmuo: 600 mm\/800 mm<\/div>\n<\/td>\n<\/tr>\n<tr>\n<td colspan=\"1\" rowspan=\"1\">\n<div>Storis<\/div>\n<\/td>\n<td colspan=\"1\" rowspan=\"1\">\n<div>2 mm, 3 mm<\/div>\n<\/td>\n<\/tr>\n<tr>\n<td colspan=\"1\" rowspan=\"1\">\n<div>Paketas<\/div>\n<\/td>\n<td colspan=\"1\" rowspan=\"1\">\n<div>Viduje: I\u0161or\u0117: faneros d\u0117\u017eut\u0117<\/div>\n<\/td>\n<\/tr>\n<tr>\n<td colspan=\"1\" rowspan=\"1\">\n<div>Pavir\u0161iaus apdorojimas<\/div>\n<\/td>\n<td colspan=\"1\" rowspan=\"1\">\n<div>I\u0161 anksto sur\u016bdij\u0119s, galima pritaikyti<\/div>\n<\/td>\n<\/tr>\n<tr>\n<td colspan=\"1\" rowspan=\"1\">\n<div>MOQ<\/div>\n<\/td>\n<td colspan=\"1\" rowspan=\"1\">\n<div>10 vnt.<\/div>\n<\/td>\n<\/tr>\n<\/tbody>\n<\/table>\n<figure style=\"width: 525px\" class=\"wp-caption alignnone\"><a href=\"https:\/\/keweicorten.com\/lt\/susisiekite-su-mumis\/\"><img fetchpriority=\"high\" decoding=\"async\" class=\"\" title=\"frrepits\" src=\"https:\/\/sc04.alicdn.com\/kf\/H227635724f8b49b9bcb03865b8a626a2Q\/238887437\/H227635724f8b49b9bcb03865b8a626a2Q.png\" alt=\"frrepits\" width=\"525\" height=\"492\" \/><\/a><figcaption class=\"wp-caption-text\">frrepits<\/figcaption><\/figure>\n<figure style=\"width: 524px\" class=\"wp-caption alignnone\"><a href=\"https:\/\/keweicorten.com\/lt\"><img decoding=\"async\" class=\"\" title=\"frrepits\" src=\"https:\/\/sc04.alicdn.com\/kf\/H02bda928a986446fbb5638e5ae0f5b89u\/238887437\/H02bda928a986446fbb5638e5ae0f5b89u.png\" alt=\"frrepits\" width=\"524\" height=\"524\" \/><\/a><figcaption class=\"wp-caption-text\">frrepits<\/figcaption><\/figure>\n<p>Si\u016blome privalum\u0173:<\/p>\n<p><span data-spm-anchor-id=\"a2700.details.0.i38.d01b235dvPHBfu\">1. <\/span><strong>Med\u017eiaga:<\/strong>\u00a0Ketaus, anglinio plieno, mink\u0161to plieno, Corteno plieno, ner\u016bdijan\u010dio plieno;<\/p>\n<p>2. <strong>Procesas:<\/strong>\u00a0\u0161tampavimas ir brai\u017eymas - suvirinimas - da\u017eymas - tikrinimas - pakavimas;;<\/p>\n<p>3.\u00a0<strong>Apdaila:<\/strong>\u00a0Miltelin\u0117 danga, auk\u0161tos temperat\u016bros da\u017eai ir kt....;<\/p>\n<p>4.\u00a0<strong>Dydis:<\/strong>\u00a0600 mm - 1500 mm;<\/p>\n<p>5. Met\u0173 patirtis\u00a0<strong>gamyba ir eksportas<\/strong>.<\/p>\n<p>6. Galima gaminti vis\u0173 r\u016b\u0161i\u0173 ugniakurus\u00a0<strong>pagal kliento reikalavimus<\/strong>, br\u0117\u017ein\u012f, dizain\u0105 ar pavyzd\u017eius;<\/p>\n<p>7. Suderintos paslaugos (brai\u017eymas, suvirinimas ir pavir\u0161iaus apdorojimas)\u00a0<strong>ma\u017eesn\u0117 kaina\u00a0<\/strong>\u012fmanoma;<\/p>\n<p>8.\u00a0<strong>Stipri in\u017einieri\u0173 komanda\u00a0<\/strong>u\u017etikrina auk\u0161t\u0105 kokyb\u0119;<\/p>\n<p>9. Visas med\u017eiag\u0173 bandym\u0173 procesas ir\u00a0<strong>kokyb\u0117s kontrol\u0117\u00a0<\/strong>sistema;<\/p>\n<p>10.\u00a0<strong>Laiku\u00a0<\/strong>pristatymas;<\/p>\n<p>11. <strong>OEM\u00a0<\/strong>;<\/p>\n<figure id=\"attachment_1125\" aria-describedby=\"caption-attachment-1125\" style=\"width: 471px\" class=\"wp-caption alignnone\"><a href=\"https:\/\/keweicorten.com\/lt\/susisiekite-su-mumis\/\"><img decoding=\"async\" class=\"wp-image-1125\" title=\"kortino ugniakuras\" src=\"https:\/\/keweicorten.com\/wp-content\/uploads\/2024\/09\/23-300x300.jpg\" alt=\"kortino ugniakuras\" width=\"471\" height=\"471\" srcset=\"https:\/\/keweicorten.com\/wp-content\/uploads\/2024\/09\/23-300x300.jpg 300w, https:\/\/keweicorten.com\/wp-content\/uploads\/2024\/09\/23-150x150.jpg 150w, https:\/\/keweicorten.com\/wp-content\/uploads\/2024\/09\/23-12x12.jpg 12w, https:\/\/keweicorten.com\/wp-content\/uploads\/2024\/09\/23-600x600.jpg 600w, https:\/\/keweicorten.com\/wp-content\/uploads\/2024\/09\/23-100x100.jpg 100w, https:\/\/keweicorten.com\/wp-content\/uploads\/2024\/09\/23.jpg 750w\" sizes=\"(max-width: 471px) 100vw, 471px\" \/><\/a><figcaption id=\"caption-attachment-1125\" class=\"wp-caption-text\">kortino ugniakuras<\/figcaption><\/figure>\n<h3><span style=\"color: #000000;\">DUK<\/span><\/h3>\n<p>Klausimas: Ar esate prekybos \u012fmon\u0117 ar gamintojas?<\/p>\n<p>A: Mes esame gamykla.<\/p>\n<p>&nbsp;<\/p>\n<p>K: Kiek laiko trunka j\u016bs\u0173 pristatymo laikas?<br \/>\nA: Paprastai tai yra 5-10 dien\u0173, tai priklauso nuo kiekio.<\/p>\n<p>&nbsp;<\/p>\n<p>Klausimas: Ar pateikiate pavyzd\u017ei\u0173? ar tai nemokama, ar papildomai?<\/p>\n<p>A: Taip, mes galime pasi\u016blyti pavyzd\u012f.<\/p>\n<p>&nbsp;<\/p>\n<p>K: Kokios yra j\u016bs\u0173 mok\u0117jimo s\u0105lygos?<br \/>\nA: Mok\u0117jimas =1000USD, 30% T \/ T i\u0161 anksto.<\/p>\n<p>Jei turite kit\u0173 klausim\u0173, pls cleck \u010dia, mes esame tikri, kad bet kuris j\u016bs\u0173 klausimas sulauks m\u016bs\u0173 greito d\u0117mesio ir atsakymo!<\/p>","protected":false},"excerpt":{"rendered":"<p>M\u016bs\u0173 plienin\u0117s ugniaviet\u0117s pasi\u017eymi ilgaam\u017ei\u0161kumu ir gro\u017eiu kiekvienai lauko progai. Padarykite savo vakar\u0105 \u0161iltesn\u012f ir m\u0117gaukit\u0117s ugnies \u017eavesiu.<\/p>","protected":false},"featured_media":1128,"comment_status":"open","ping_status":"closed","template":"","meta":{"_eb_attr":"","_monsterinsights_skip_tracking":false,"_monsterinsights_sitenote_active":false,"_monsterinsights_sitenote_note":"","_monsterinsights_sitenote_category":0,"_uf_show_specific_survey":0,"_uf_disable_surveys":false},"product_brand":[],"product_cat":[54],"product_tag":[],"class_list":{"0":"post-1121","1":"product","2":"type-product","3":"status-publish","4":"has-post-thumbnail","6":"product_cat-wood-fire-pit","8":"first","9":"instock","10":"shipping-taxable","11":"product-type-simple"},"_links":{"self":[{"href":"https:\/\/keweicorten.com\/lt\/wp-json\/wp\/v2\/product\/1121"}],"collection":[{"href":"https:\/\/keweicorten.com\/lt\/wp-json\/wp\/v2\/product"}],"about":[{"href":"https:\/\/keweicorten.com\/lt\/wp-json\/wp\/v2\/types\/product"}],"replies":[{"embeddable":true,"href":"https:\/\/keweicorten.com\/lt\/wp-json\/wp\/v2\/comments?post=1121"}],"version-history":[{"count":1,"href":"https:\/\/keweicorten.com\/lt\/wp-json\/wp\/v2\/product\/1121\/revisions"}],"predecessor-version":[{"id":1127,"href":"https:\/\/keweicorten.com\/lt\/wp-json\/wp\/v2\/product\/1121\/revisions\/1127"}],"wp:featuredmedia":[{"embeddable":true,"href":"https:\/\/keweicorten.com\/lt\/wp-json\/wp\/v2\/media\/1128"}],"wp:attachment":[{"href":"https:\/\/keweicorten.com\/lt\/wp-json\/wp\/v2\/media?parent=1121"}],"wp:term":[{"taxonomy":"product_brand","embeddable":true,"href":"https:\/\/keweicorten.com\/lt\/wp-json\/wp\/v2\/product_brand?post=1121"},{"taxonomy":"product_cat","embeddable":true,"href":"https:\/\/keweicorten.com\/lt\/wp-json\/wp\/v2\/product_cat?post=1121"},{"taxonomy":"product_tag","embeddable":true,"href":"https:\/\/keweicorten.com\/lt\/wp-json\/wp\/v2\/product_tag?post=1121"}],"curies":[{"name":"wp","href":"https:\/\/api.w.org\/{rel}","templated":true}]}}