{"id":1129,"date":"2024-09-11T09:25:31","date_gmt":"2024-09-11T09:25:31","guid":{"rendered":"https:\/\/keweicorten.com\/?post_type=product&#038;p=1129"},"modified":"2025-01-15T06:15:41","modified_gmt":"2025-01-15T06:15:41","slug":"corten-barbekiu","status":"publish","type":"product","link":"https:\/\/keweicorten.com\/lt\/corten-barbekiu\/","title":{"rendered":"\"Corten\" kepsnin\u0117"},"content":{"rendered":"<h2>Corteno kepsnin\u0117s produkto ypatyb\u0117s\uff1a<\/h2>\n<p>Med\u017eiaga: Corteno plienas<br \/>\n- Grilis pagamintas i\u0161 \"Corten\" plieno, kuris ne tik suteikia tvirt\u0105 ir pramonin\u012f estetin\u012f vaizd\u0105, bet ir pasi\u017eymi puikiu atsparumu atmosferos poveikiui, tod\u0117l yra ilgaam\u017eis.<\/p>\n<p>Kaimi\u0161ka i\u0161vaizda:<br \/>\n- Korteninis plienas laikui b\u0117gant \u012fgauna savit\u0105 r\u016bd\u017ei\u0173 patin\u0105, tod\u0117l kepsnin\u0117 atrodo rustikali ir apvytusi. D\u0117l \u0161ios estetikos ji tampa i\u0161skirtiniu j\u016bs\u0173 sodo ar kiemo elementu.<\/p>\n<p>Patvarumas:<br \/>\nD\u0117l to kepsnin\u0117 tinkama naudoti lauke ir gali atlaikyti \u012fvairias oro s\u0105lygas.<\/p>\n<p>Kepimo pavir\u0161ius:<br \/>\n- Grilis turi erdv\u0173 kepimo pavir\u0161i\u0173, tinkant\u012f \u012fvairiems patiekalams gaminti. Tai gali b\u016bti pagrindinis kepimo plotas m\u0117sai ir dar\u017eov\u0117ms ir galimi papildomi pavir\u0161iai garnyrams.<\/p>\n<p>Reguliuojamos grotel\u0117s:<br \/>\n- Kai kurios kepsnin\u0117s turi reguliuojamas groteles, tod\u0117l galite reguliuoti atstum\u0105 tarp kar\u0161\u010dio \u0161altinio ir maisto. \u0160i funkcija naudinga norint pasiekti skirtingus kepimo lygius - nuo apkepimo iki l\u0117to kepimo.<\/p>\n<p>Sand\u0117liavimas ir lentynos:<br \/>\n- Kad kepsnin\u0117 b\u016bt\u0173 funkcionalesn\u0117, joje gali b\u016bti lentyn\u0117l\u0117s arba kabliukai indams, prieskoniams ir kitiems kepsnin\u0117s reikmenims laikyti.<\/p>\n<p>Lengva valyti:<br \/>\n- Konstrukcijoje gali b\u016bti \u012fdiegtos funkcijos, kurios palengvina valym\u0105, pavyzd\u017eiui, nuimamos grotel\u0117s ir pelen\u0173 pad\u0117klai. Tai u\u017etikrina patogi\u0105 prie\u017ei\u016br\u0105 ir ger\u0105 kepsnin\u0117s b\u016bkl\u0119.<\/p>\n<p>Perne\u0161amumas:<br \/>\n- Priklausomai nuo konstrukcijos, kepsnin\u0117 gali b\u016bti ne\u0161iojama, kad prireikus gal\u0117tum\u0117te j\u0105 perkelti \u012f kiem\u0105 ar sod\u0105. Tai gali b\u016bti ypa\u010d patogu pertvarkant lauko erdv\u0119.<\/p>\n<p>V\u0117dinimas ir temperat\u016bros valdymas:<br \/>\n- Kai kuriuose modeliuose gali b\u016bti \u012fmontuotos ventiliacijos angos arba sklend\u0117s oro srautui ir temperat\u016brai reguliuoti. \u0160i funkcija yra vertinga siekiant u\u017etikrinti optimalias gaminimo s\u0105lygas ir tolyg\u0173 \u0161ilumos paskirstym\u0105.<\/p>\n<p>Surinkimas ir montavimas:<br \/>\n- Gaminys gali b\u016bti suprojektuotas taip, kad j\u012f b\u016bt\u0173 lengva surinkti ir sumontuoti, pateikiamos ai\u0161kios instrukcijos. D\u0117l to juo gali naudotis \u012fvairaus lygio \"pasidaryk pats\" patirties turintys naudotojai.<\/p>\n<table class=\"has-title all magic-17\">\n<tbody>\n<tr>\n<td colspan=\"1\" rowspan=\"1\">\n<div class=\"magic-21\"><span class=\"magic-22\" style=\"color: #000000;\" data-spm-anchor-id=\"a2700.details.0.i40.49d75047wtersS\">Prek\u0117<\/span><\/div>\n<\/td>\n<td colspan=\"1\" rowspan=\"1\">\n<div class=\"magic-23\"><span class=\"magic-22\" style=\"color: #000000;\">Sunkiasvor\u0117s metalin\u0117s kepsnin\u0117s BBQ Europe Naujo dizaino sodo virtuv\u0117s Fire Pit Barbeque Corten plieno lauko angli\u0173 BBQ kepsnin\u0117<\/span><\/div>\n<\/td>\n<\/tr>\n<tr>\n<td colspan=\"1\" rowspan=\"1\">\n<div class=\"magic-21\"><span class=\"magic-22\" style=\"color: #000000;\">Prek\u0117s \u017eenklas<\/span><\/div>\n<\/td>\n<td colspan=\"1\" rowspan=\"1\">\n<div class=\"magic-23\"><span class=\"magic-22\" style=\"color: #000000;\"> sodas ir dar\u017eai<\/span><\/div>\n<\/td>\n<\/tr>\n<tr>\n<td colspan=\"1\" rowspan=\"1\">\n<div class=\"magic-21\"><span class=\"magic-22\" style=\"color: #000000;\">Modelio numeris<\/span><\/div>\n<\/td>\n<td colspan=\"1\" rowspan=\"1\">\n<div class=\"magic-23\"><span class=\"magic-22\" style=\"color: #000000;\">shkw-BBQ-01<\/span><\/div>\n<\/td>\n<\/tr>\n<tr>\n<td colspan=\"1\" rowspan=\"1\">\n<div class=\"magic-21\"><span class=\"magic-22\" style=\"color: #000000;\">Med\u017eiaga<\/span><\/div>\n<\/td>\n<td colspan=\"1\" rowspan=\"1\">\n<div class=\"magic-23\"><span class=\"magic-22\" style=\"color: #000000;\">Korteninis plienas \/ orus veikiantis plienas<\/span><\/div>\n<\/td>\n<\/tr>\n<tr>\n<td colspan=\"1\" rowspan=\"1\">\n<div class=\"magic-21\"><span class=\"magic-22\" style=\"color: #000000;\">Storis<\/span><\/div>\n<\/td>\n<td colspan=\"1\" rowspan=\"1\">\n<div class=\"magic-23\"><span class=\"magic-22\" style=\"color: #000000;\">2 mm, groteli\u0173 plok\u0161t\u0117: 10 mm: 10 mm<\/span><\/div>\n<\/td>\n<\/tr>\n<tr>\n<td colspan=\"1\" rowspan=\"1\">\n<div class=\"magic-21\"><span style=\"color: #000000;\">Paketas<\/span><\/div>\n<\/td>\n<td colspan=\"1\" rowspan=\"1\">\n<div class=\"magic-23\"><span style=\"color: #000000;\">Viduje: I\u0161or\u0117: D\u0117\u017eut\u0117: kartonin\u0117 d\u0117\u017eut\u0117.<\/span><\/div>\n<\/td>\n<\/tr>\n<tr>\n<td colspan=\"1\" rowspan=\"1\">\n<div class=\"magic-21\"><span class=\"magic-22\" style=\"color: #000000;\">Pavir\u0161ius<\/span><\/div>\n<\/td>\n<td colspan=\"1\" rowspan=\"1\">\n<div class=\"magic-23\"><span class=\"magic-22\" style=\"color: #000000;\">I\u0161 anksto sur\u016bdij\u0119s, galima pritaikyti<\/span><\/div>\n<\/td>\n<\/tr>\n<tr>\n<td colspan=\"1\" rowspan=\"1\">\n<div class=\"magic-21\"><span class=\"magic-22\" style=\"color: #000000;\">MOQ<\/span><\/div>\n<\/td>\n<td colspan=\"1\" rowspan=\"1\">\n<div class=\"magic-23\"><span class=\"magic-22\" style=\"color: #000000;\">1 vnt.<\/span><\/div>\n<\/td>\n<\/tr>\n<\/tbody>\n<\/table>\n<figure style=\"width: 551px\" class=\"wp-caption alignnone\"><a href=\"https:\/\/keweicorten.com\/lt\"><img fetchpriority=\"high\" decoding=\"async\" title=\"corten BBQ kepsnin\u0117\" src=\"https:\/\/sc04.alicdn.com\/kf\/H6c6a51c7ff444d619a69eb33ef044679C\/235950374\/H6c6a51c7ff444d619a69eb33ef044679C.jpg\" alt=\"\" width=\"551\" height=\"551\" \/><\/a><figcaption class=\"wp-caption-text\">BBQ kepsnin\u0117<\/figcaption><\/figure>\n<h2 class=\"magic-29\"><span data-spm-anchor-id=\"a2700.details.0.i41.49d75047wtersS\">Kod\u0117l verta rinktis m\u016bs\u0173 lauko ugniakur\u0105 BBQ?<\/span><\/h2>\n<div class=\"magic-30\">\n<div class=\"magic-8\">\n<div class=\"magic-9\">\n<p>Unikalus dizainas<\/p>\n<p>Gali b\u016bti naudojamas kaip kepsnin\u0117 ir ugnies dubuo<\/p>\n<div>Lengvai transportuojama trij\u0173 dali\u0173 modulin\u0117 konstrukcija<\/div>\n<div>Dugne yra patogi vieta medienai laikyti<\/div>\n<\/div>\n<\/div>\n<\/div>\n<div class=\"magic-30\">\n<div class=\"magic-8\">\n<div class=\"magic-31\">\n<p>Pagaminta i\u0161 patvaraus Corteno plieno: Grilis gali b\u016bti lauke visais met\u0173 laikais<\/p>\n<p>Galimi \u012fvair\u016bs dyd\u017eiai (k\u016bgio skersmuo)<\/p>\n<p>Ypa\u010d tinka maitinimo reikm\u0117ms<\/p>\n<p>Lengva naudoti ir valyti<\/p>\n<\/div>\n<div>\n<figure style=\"width: 566px\" class=\"wp-caption alignnone\"><a href=\"https:\/\/keweicorten.com\/lt\/susisiekite-su-mumis\/\"><img decoding=\"async\" title=\"BBQ kepsnin\u0117\" src=\"https:\/\/sc04.alicdn.com\/kf\/Hb2a9ecba4bb64ff4a92047898488428a9\/227652262\/Hb2a9ecba4bb64ff4a92047898488428a9.jpg\" alt=\"\" width=\"566\" height=\"755\" \/><\/a><figcaption class=\"wp-caption-text\">BBQ kepsnin\u0117<\/figcaption><\/figure>\n<\/div>\n<div>\n<div class=\"text-title\">\n<p><span class=\"magic-18\"><span class=\"magic-12\" style=\"font-family: Arial;\" data-spm-anchor-id=\"a2700.details.0.i40.5f147cabQPR2Ms\">Techninis parametras:<\/span><\/span><\/p>\n<\/div>\n<div class=\"text-content\">\n<p><span class=\"magic-19\" style=\"font-family: Arial;\">1.Top \u017eiedas su 3 skirtingais tipais: 10 mm storio CR plieno\u00a0<\/span><\/p>\n<p><span class=\"magic-19\" style=\"font-family: Arial;\">2.grill plate :\u0160altai valcuota 10mm plieno lak\u0161tas Diamater yra 1000mm<br \/>\n3.Fire kamera: 2 mm storio Corteno plienas\u00a0<\/span><\/p>\n<p><span class=\"magic-19\" style=\"font-family: Arial;\">4. pelen\u0173 bunkeris: 2 mm Corteno plienas<br \/>\n5.Down korpusas: Corteno plieno storis: 2 mm Dydis: 600 * 450 * 450 mm<\/span><\/p>\n<div>\n<figure style=\"width: 590px\" class=\"wp-caption alignnone\"><a href=\"https:\/\/keweicorten.com\/lt\"><img decoding=\"async\" title=\"corten bbq\" src=\"https:\/\/sc02.alicdn.com\/kf\/H6b2e4eaa05fa4a65b89befdc51756f79B\/227652262\/H6b2e4eaa05fa4a65b89befdc51756f79B.jpg\" alt=\"corten bbq\" width=\"590\" height=\"384\" \/><\/a><figcaption class=\"wp-caption-text\">corten bbq<\/figcaption><\/figure>\n<\/div>\n<\/div>\n<\/div>\n<\/div>\n<\/div>","protected":false},"excerpt":{"rendered":"<p>Svarstant apie sodo \"Corten\" kepsnin\u0119, b\u016btina patikrinti gaminio specifikacijas, naudotoj\u0173 atsiliepimus ir visas papildomas funkcijas, kurios gali pagerinti maisto gaminimo lauke patirt\u012f. Visada laikykit\u0117s saugos rekomendacij\u0173 ir tinkamos prie\u017ei\u016bros praktikos, kad u\u017etikrintum\u0117te savo kepsnin\u0117s ilgaam\u017ei\u0161kum\u0105.<\/p>","protected":false},"featured_media":997,"comment_status":"open","ping_status":"closed","template":"","meta":{"_eb_attr":"","_monsterinsights_skip_tracking":false,"_monsterinsights_sitenote_active":false,"_monsterinsights_sitenote_note":"","_monsterinsights_sitenote_category":0,"_uf_show_specific_survey":0,"_uf_disable_surveys":false},"product_brand":[],"product_cat":[63],"product_tag":[],"class_list":{"0":"post-1129","1":"product","2":"type-product","3":"status-publish","4":"has-post-thumbnail","6":"product_cat-steel-bbq-grill","8":"first","9":"instock","10":"shipping-taxable","11":"product-type-simple"},"_links":{"self":[{"href":"https:\/\/keweicorten.com\/lt\/wp-json\/wp\/v2\/product\/1129"}],"collection":[{"href":"https:\/\/keweicorten.com\/lt\/wp-json\/wp\/v2\/product"}],"about":[{"href":"https:\/\/keweicorten.com\/lt\/wp-json\/wp\/v2\/types\/product"}],"replies":[{"embeddable":true,"href":"https:\/\/keweicorten.com\/lt\/wp-json\/wp\/v2\/comments?post=1129"}],"version-history":[{"count":1,"href":"https:\/\/keweicorten.com\/lt\/wp-json\/wp\/v2\/product\/1129\/revisions"}],"predecessor-version":[{"id":1130,"href":"https:\/\/keweicorten.com\/lt\/wp-json\/wp\/v2\/product\/1129\/revisions\/1130"}],"wp:featuredmedia":[{"embeddable":true,"href":"https:\/\/keweicorten.com\/lt\/wp-json\/wp\/v2\/media\/997"}],"wp:attachment":[{"href":"https:\/\/keweicorten.com\/lt\/wp-json\/wp\/v2\/media?parent=1129"}],"wp:term":[{"taxonomy":"product_brand","embeddable":true,"href":"https:\/\/keweicorten.com\/lt\/wp-json\/wp\/v2\/product_brand?post=1129"},{"taxonomy":"product_cat","embeddable":true,"href":"https:\/\/keweicorten.com\/lt\/wp-json\/wp\/v2\/product_cat?post=1129"},{"taxonomy":"product_tag","embeddable":true,"href":"https:\/\/keweicorten.com\/lt\/wp-json\/wp\/v2\/product_tag?post=1129"}],"curies":[{"name":"wp","href":"https:\/\/api.w.org\/{rel}","templated":true}]}}