{"id":1131,"date":"2024-09-12T02:07:38","date_gmt":"2024-09-12T02:07:38","guid":{"rendered":"https:\/\/keweicorten.com\/?post_type=product&#038;p=1131"},"modified":"2025-01-15T06:15:32","modified_gmt":"2025-01-15T06:15:32","slug":"korteninio-plieno-vandens-elementas","status":"publish","type":"product","link":"https:\/\/keweicorten.com\/lt\/korteninio-plieno-vandens-elementas\/","title":{"rendered":"Korteninio plieno vandens elementas"},"content":{"rendered":"<table>\n<tbody>\n<tr>\n<td valign=\"center\" width=\"223\"><a>Pavadinimas<\/a><\/td>\n<td valign=\"center\" width=\"517\">Lauko metalinis krioklys fontanas Didelis Corteno plieno vandens elementas Fontanai sodo dekorui<\/td>\n<\/tr>\n<tr>\n<td valign=\"center\" width=\"223\">Med\u017eiaga<\/td>\n<td valign=\"center\" width=\"517\">\u00a0Ner\u016bdijantis plienas 304\/316, CORTEN<\/td>\n<\/tr>\n<tr>\n<td valign=\"center\" width=\"223\">Naudojimas<\/td>\n<td valign=\"center\" width=\"517\">Sodo, parko apdaila<\/td>\n<\/tr>\n<tr>\n<td valign=\"center\" width=\"223\">Spalva<\/td>\n<td valign=\"center\" width=\"517\">Sidabrinis ,RUSTY<\/td>\n<\/tr>\n<tr>\n<td valign=\"center\" width=\"223\">Dizainas<\/td>\n<td valign=\"center\" width=\"517\">Visi dizainai gali b\u016bti pritaikyti<\/td>\n<\/tr>\n<tr>\n<td valign=\"center\" width=\"223\">MOQ<\/td>\n<td valign=\"center\" width=\"517\">1 vnt.<\/td>\n<\/tr>\n<tr>\n<td rowspan=\"6\" valign=\"center\" width=\"223\">Privalumas<\/td>\n<td valign=\"center\" width=\"517\">Mes esame fakultatyvas<\/td>\n<\/tr>\n<tr>\n<td valign=\"center\" width=\"517\">daug gamybos ir eksporto patirties<\/td>\n<\/tr>\n<tr>\n<td valign=\"center\" width=\"517\">galime pasi\u016blyti konkurencing\u0105 kain\u0105<\/td>\n<\/tr>\n<tr>\n<td valign=\"center\" width=\"517\">Profesionali dizaino komanda<\/td>\n<\/tr>\n<tr>\n<td valign=\"center\" width=\"517\">Turtinga patirtis laivybos agentas oro, j\u016br\u0173 ar traukini\u0173 transportui<\/td>\n<\/tr>\n<tr>\n<td valign=\"center\" width=\"517\">\u00a0pardavimai ir aptarnavimas po pardavimo<\/td>\n<\/tr>\n<tr>\n<td valign=\"center\" width=\"223\">Mok\u0117jimo s\u0105lygos<\/td>\n<td valign=\"center\" width=\"517\">T\/T, prekybos u\u017etikrinimas, \"Paypal\", \"Western Union\", kredito kortel\u0117<\/td>\n<\/tr>\n<tr>\n<td valign=\"center\" width=\"223\">Pakavimas<\/td>\n<td valign=\"center\" width=\"517\">Tvirta medin\u0117 d\u0117\u017e\u0117 su vandeniui ir sm\u016bgiams atspariomis putomis viduje<\/td>\n<\/tr>\n<tr>\n<td valign=\"center\" width=\"223\">Pristatymo laikas<\/td>\n<td valign=\"center\" width=\"517\">35-40 dien\u0173 po u\u017estato, ne\u012fskaitant molio moud nustatyti ir patvirtinti laik\u0105<\/td>\n<\/tr>\n<\/tbody>\n<\/table>\n<h2>Korteno plieno vandens funkcijos privalumai<\/h2>\n<p>\u0160is korteninio plieno vandens elementas pagamintas i\u0161 ner\u016bdijan\u010dio plieno \/ korteninio plieno, sidabro arba r\u016bd\u017ei\u0173 spalvos, yra ideali j\u016bs\u0173 privataus sodo puo\u0161mena. Unikali ir nuotaikinga strukt\u016bra suteikia jums v\u0117si\u0105 ir patogi\u0105 vasar\u0105, galite m\u0117gautis gra\u017eiu sodo laiku su \u0161eima ir draugais. Mes tiekiame \u012fvairi\u0173 stili\u0173, dyd\u017ei\u0173 ir med\u017eiag\u0173, kuri\u0173 norite, rekomenduojame ner\u016bdijant\u012f arba atmosferos poveikiui atspar\u0173 plien\u0105.<\/p>\n<p><img fetchpriority=\"high\" decoding=\"async\" class=\"\" src=\"https:\/\/sc04.alicdn.com\/kf\/H48150a6b46654a21b8eb4ef77a3b7107X\/255157415\/H48150a6b46654a21b8eb4ef77a3b7107X.png\" width=\"587\" height=\"587\" \/><\/p>\n<h3>Puikus atsparumas korozijai<\/h3>\n<p>Po specialaus apdirbimo atmosferos poveikiui atspari plieno med\u017eiaga pasi\u017eymi dideliu atsparumu korozijai, gali b\u016bti atspari \u012fvairioms chemin\u0117ms med\u017eiagoms ir aplinkos veiksniams, ypa\u010d tinka at\u0161iaurioje pramonin\u0117je aplinkoje ir chemijos objektuose.<\/p>\n<h3>Atsparumas oro s\u0105lygoms ir ilgaam\u017ei\u0161kumas<\/h3>\n<p>Oro s\u0105lygoms atsparus plienas pasi\u017eymi geru atsparumu atmosferos poveikiui, gali veiksmingai atsispirti v\u0117jui ir lietui, ultravioletiniams ir kitiems klimato veiksniams, prailginti tarnavimo laik\u0105, gerokai suma\u017einti technin\u0117s prie\u017ei\u016bros i\u0161laidas.<\/p>\n<p>\u0160ilumin\u0117s apsaugos efektyvumas<br \/>\nOro s\u0105lygoms atsparus plienas gali veiksmingai izoliuoti \u0161ilumin\u0119 spinduliuot\u0119, tinka metalurgijos ir auk\u0161tatemperat\u016br\u0117je darbo aplinkos zonoje, kad apsaugot\u0173 darbuotojus ir \u012frang\u0105 nuo \u017ealos.<\/p>\n<h3>Dulki\u0173 ir triuk\u0161mo ma\u017einimas<\/h3>\n<p>Vandens u\u017edangos konstrukcija gali veiksmingai blokuoti dulki\u0173, d\u016bm\u0173 ir kit\u0173 daleli\u0173 sklaid\u0105, sukurti \u0161vari\u0105 darbo aplink\u0105 ir \u0161iek tiek suma\u017einti triuk\u0161m\u0105.<\/p>\n<h3>Estetika<\/h3>\n<p>Atmosferinio plieno i\u0161vaizda yra \u0161iuolaiki\u0161ka ir vizualiai patraukli, j\u012f galima derinti prie \u012fvairi\u0173 architekt\u016brini\u0173 stili\u0173 ir taip pabr\u0117\u017eti bendr\u0105 pastato gro\u017e\u012f.<\/p>\n<h3>Ma\u017eos technin\u0117s prie\u017ei\u016bros i\u0161laidos<\/h3>\n<p>D\u0117l ilgaam\u017ei\u0161kumo ir atsparumo korozijai i\u0161 atmosferos poveikiu pasi\u017eymin\u010dio plieno bendros technin\u0117s prie\u017ei\u016bros ir keitimo i\u0161laidos yra labai ma\u017eos, o ilgalaikis naudojimas gali pad\u0117ti sutaupyti daug pinig\u0173.<\/p>\n<h3>Aplinkos apsauga<\/h3>\n<p>Oro s\u0105lygoms atspari plienin\u0117 u\u017edanga gali veiksmingai izoliuoti kenksmingas med\u017eiagas, suma\u017einti ter\u0161al\u0173 plitim\u0105 ir atitikti aplinkos apsaugos reikalavimus gamybos ir naudojimo metu.<\/p>\n<h3>Didelis saugumas<\/h3>\n<p>Naudojant oro s\u0105lygoms atsparias plienines u\u017euolaidas galima veiksmingai apsaugoti darbuotoj\u0173 ir \u012frangos saug\u0105, suma\u017einti nelaiming\u0173 atsitikim\u0173 rizik\u0105 ir u\u017etikrinti saugesn\u0119 darbo aplink\u0105 darbuotojams.<\/p>\n<h3>Taikymo lankstumas<\/h3>\n<p>Oro s\u0105lygoms atsparias plienines u\u017euolaidas galima pritaikyti pagal skirtingus poreikius, jos tinka \u012fvairioms vietoms, nesvarbu, ar tai b\u016bt\u0173 pramon\u0117s, statybos, ar aplinkos apsauga, galite rasti atitinkam\u0105 pritaikym\u0105.<\/p>\n<figure style=\"width: 750px\" class=\"wp-caption alignnone\"><a href=\"https:\/\/keweicorten.com\/lt\"><img decoding=\"async\" title=\"Metalo Corten plieno lietaus u\u017euolaida\" src=\"https:\/\/www.keweistove.com\/uploads\/39684\/products\/20240604160439b3453.jpg?size=750x0\" alt=\"vandens fontanas\" width=\"750\" height=\"535\" \/><\/a><figcaption class=\"wp-caption-text\">Metalo Corten plieno lietaus u\u017euolaida<\/figcaption><\/figure>\n<table class=\"has-title hight-light-first-column all magic-29\" style=\"height: 148px;\" width=\"749\">\n<tbody>\n<tr>\n<td colspan=\"1\" rowspan=\"1\">\n<div class=\"magic-30\" data-spm-anchor-id=\"a2700.details.0.i43.43c8614cX0B5cl\">Pavadinimas<\/div>\n<\/td>\n<td colspan=\"4\" rowspan=\"1\">\n<div class=\"magic-31\">Korteno plieno kiemo menas vandens stalas sodo vandens funkcija lauko fontanas<\/div>\n<\/td>\n<\/tr>\n<tr>\n<td colspan=\"1\" rowspan=\"1\">\n<div class=\"magic-30\">med\u017eiaga<\/div>\n<\/td>\n<td colspan=\"4\" rowspan=\"1\">\n<div class=\"magic-31\">korteninis plienas<\/div>\n<\/td>\n<\/tr>\n<tr>\n<td colspan=\"1\" rowspan=\"1\">\n<div class=\"magic-30\">kar\u0161to pardavimo tipai<\/div>\n<\/td>\n<td colspan=\"4\" rowspan=\"1\">\n<div class=\"magic-31\">vandens fontanas, lietaus u\u017euolaida, vandens stalas<\/div>\n<\/td>\n<\/tr>\n<tr>\n<td colspan=\"1\" rowspan=\"1\">\n<div class=\"magic-30\">pritaikytas<\/div>\n<\/td>\n<td colspan=\"4\" rowspan=\"1\">\n<div class=\"magic-34\">galima rasti<\/div>\n<\/td>\n<\/tr>\n<\/tbody>\n<\/table>\n<figure style=\"width: 750px\" class=\"wp-caption alignnone\"><a href=\"https:\/\/keweicorten.com\/lt\"><img decoding=\"async\" title=\"Metalo Corten plieno lietaus u\u017euolaida\" src=\"https:\/\/www.keweistove.com\/uploads\/39684\/products\/p2024060415530822cfb.png?size=750x0\" alt=\"Metalo Corten plieno lietaus u\u017euolaida\" width=\"750\" height=\"386\" \/><\/a><figcaption class=\"wp-caption-text\">Metalo Corten plieno lietaus u\u017euolaida<\/figcaption><\/figure>\n<div class=\"J_module\">\n<div data-section=\"AliMagic-0xfsiv\" data-section-title=\"FAQ\" data-spm-anchor-id=\"a2700.details.0.i39.35342bacfqBWEo\"><\/div>\n<div id=\"ali-anchor-AliMagic-0xfsiv\" class=\"magic-0\" data-section=\"AliMagic-0xfsiv\" data-section-title=\"FAQ\" data-spm-anchor-id=\"a2700.details.0.i39.35342bacfqBWEo\">DUK<\/div>\n<\/div>\n<div class=\"J_module\">\n<div class=\"detail-decorate-json-renderer-container\">\n<div class=\"magic-20\">\n<div class=\"magic-23\">\n<div class=\"magic-24\">\n<div class=\"magic-25\">\n<div class=\"magic-11\"><span class=\"magic-6\" style=\"font-family: Arial;\">K: Ar gaminate pritaikytus gaminius pagal m\u016bs\u0173 dizaino br\u0117\u017einius ar id\u0117jas?<\/span><\/div>\n<div class=\"magic-11\" data-spm-anchor-id=\"a2700.details.0.i38.35342bacfqBWEo\">A:Taip.<\/div>\n<div><\/div>\n<div class=\"magic-11\">K: Koks yra MOQ?<\/div>\n<div class=\"magic-11\" data-spm-anchor-id=\"a2700.details.0.i37.35342bacfqBWEo\">A: Paprastai mes nenustatome MOQ, bet kuo daugiau, tuo pigiau. Be to, mes mielai gaminame prototipus ar pavyzd\u017eius klientams, kad u\u017etikrintume kokyb\u0117s standart\u0105.<\/div>\n<div class=\"magic-11\"><\/div>\n<div class=\"magic-11\">K: Ar patys atliekate miltelin\u012f da\u017eym\u0105?<\/div>\n<div class=\"magic-11\" data-spm-anchor-id=\"a2700.details.0.i40.35342bacfqBWEo\">A: Taip, mes esame profesionali lak\u0161tinio metalo gamybos gamykla, teikianti visas gamybos paslaugas, \u012fskaitant pjaustym\u0105 lazeriu.<\/div>\n<div class=\"magic-11\"><\/div>\n<div class=\"magic-11\">K: Ar gal\u0117tum\u0117te mums pad\u0117ti su sand\u0117liavimu?<\/div>\n<div class=\"magic-11\"><span class=\"magic-22\">A: \u017dinoma.<\/span><\/div>\n<\/div>\n<\/div>\n<\/div>\n<\/div>\n<\/div>\n<\/div>","protected":false},"excerpt":{"rendered":"<p>Specializuojam\u0117s tiekdami auk\u0161tos kokyb\u0117s oro s\u0105lygoms atsparius plienines u\u017euolaidas, skirtas \u012fvairioms pramonin\u0117ms aplinkoms, kad b\u016bt\u0173 u\u017etikrintas saugumas ir ilgaam\u017ei\u0161kumas.<\/p>","protected":false},"featured_media":1132,"comment_status":"open","ping_status":"closed","template":"","meta":{"_eb_attr":"","_monsterinsights_skip_tracking":false,"_monsterinsights_sitenote_active":false,"_monsterinsights_sitenote_note":"","_monsterinsights_sitenote_category":0,"_uf_show_specific_survey":0,"_uf_disable_surveys":false},"product_brand":[],"product_cat":[56],"product_tag":[],"class_list":{"0":"post-1131","1":"product","2":"type-product","3":"status-publish","4":"has-post-thumbnail","6":"product_cat-water-feature","8":"first","9":"instock","10":"shipping-taxable","11":"product-type-simple"},"_links":{"self":[{"href":"https:\/\/keweicorten.com\/lt\/wp-json\/wp\/v2\/product\/1131"}],"collection":[{"href":"https:\/\/keweicorten.com\/lt\/wp-json\/wp\/v2\/product"}],"about":[{"href":"https:\/\/keweicorten.com\/lt\/wp-json\/wp\/v2\/types\/product"}],"replies":[{"embeddable":true,"href":"https:\/\/keweicorten.com\/lt\/wp-json\/wp\/v2\/comments?post=1131"}],"version-history":[{"count":4,"href":"https:\/\/keweicorten.com\/lt\/wp-json\/wp\/v2\/product\/1131\/revisions"}],"predecessor-version":[{"id":1136,"href":"https:\/\/keweicorten.com\/lt\/wp-json\/wp\/v2\/product\/1131\/revisions\/1136"}],"wp:featuredmedia":[{"embeddable":true,"href":"https:\/\/keweicorten.com\/lt\/wp-json\/wp\/v2\/media\/1132"}],"wp:attachment":[{"href":"https:\/\/keweicorten.com\/lt\/wp-json\/wp\/v2\/media?parent=1131"}],"wp:term":[{"taxonomy":"product_brand","embeddable":true,"href":"https:\/\/keweicorten.com\/lt\/wp-json\/wp\/v2\/product_brand?post=1131"},{"taxonomy":"product_cat","embeddable":true,"href":"https:\/\/keweicorten.com\/lt\/wp-json\/wp\/v2\/product_cat?post=1131"},{"taxonomy":"product_tag","embeddable":true,"href":"https:\/\/keweicorten.com\/lt\/wp-json\/wp\/v2\/product_tag?post=1131"}],"curies":[{"name":"wp","href":"https:\/\/api.w.org\/{rel}","templated":true}]}}