{"id":1137,"date":"2024-09-12T03:07:39","date_gmt":"2024-09-12T03:07:39","guid":{"rendered":"https:\/\/keweicorten.com\/?post_type=product&#038;p=1137"},"modified":"2025-01-15T06:15:24","modified_gmt":"2025-01-15T06:15:24","slug":"korteninio-plieno-sodo-apvadai","status":"publish","type":"product","link":"https:\/\/keweicorten.com\/lt\/korteninio-plieno-sodo-apvadai\/","title":{"rendered":"korteninio plieno sodo apvadai"},"content":{"rendered":"<h2>Korteninio plieno sodo apvad\u0173 naudojimas<\/h2>\n<p>Oro s\u0105lygoms atsparaus plieno pertvara yra med\u017eiaga, naudojama civilin\u0117s in\u017einerijos ir statybos srityje, pasi\u017eyminti puikiu atsparumu korozijai ir stiprumu, pla\u010diai naudojama \u0161iais aspektais:<\/p>\n<ul>\n<li>\u017dem\u0117s u\u017etvankos ir atramin\u0117s sienos<\/li>\n<li>Keli\u0173 ir gele\u017einkeli\u0173 tiesimo darbai<\/li>\n<li>Vandens apsaugos projektas<\/li>\n<li>Fondo parama duob\u0117ms<\/li>\n<\/ul>\n<ul>\n<li>Kra\u0161tovaizd\u017eio in\u017einerija<\/li>\n<li>Apsaugos priemon\u0117<\/li>\n<\/ul>\n<p>Korteno plieno sodo apvadai - tai konstrukcin\u0117 plok\u0161t\u0117, pagaminta i\u0161 atmosferos poveikiui atsparaus plieno (pvz., Korteno plieno), kuri daugiausia naudojama dirvo\u017eemiui sulaikyti, paremti ar apsaugoti \u012fvairiuose in\u017eineriniuose projektuose. V\u0117juotasis plienas pasi\u017eymi puikiu atsparumu korozijai ir geru mechaniniu atsparumu.<\/p>\n<table class=\"has-title all magic-11\" style=\"height: 70px;\" width=\"577\">\n<tbody>\n<tr>\n<td colspan=\"1\" rowspan=\"1\">\n<div class=\"magic-12\" data-spm-anchor-id=\"a2700.details.0.i39.58e96c3bcoRvcr\">med\u017eiaga<\/div>\n<\/td>\n<td colspan=\"1\" rowspan=\"1\">\n<div class=\"magic-13\">Korteninio plieno lak\u0161tai<\/div>\n<\/td>\n<\/tr>\n<tr>\n<td colspan=\"1\" rowspan=\"1\">\n<div class=\"magic-12\">dydis<\/div>\n<\/td>\n<td colspan=\"1\" rowspan=\"1\">\n<div class=\"magic-13\">1.6*1075*100\/150+100mm<\/div>\n<\/td>\n<\/tr>\n<tr>\n<td colspan=\"1\" rowspan=\"1\">\n<div class=\"magic-12\">pavir\u0161ius<\/div>\n<\/td>\n<td colspan=\"1\" rowspan=\"1\">\n<div class=\"magic-13\">da\u017eyti arba r\u016bdys<\/div>\n<\/td>\n<\/tr>\n<\/tbody>\n<\/table>\n<figure id=\"attachment_1140\" aria-describedby=\"caption-attachment-1140\" style=\"width: 300px\" class=\"wp-caption alignnone\"><img fetchpriority=\"high\" decoding=\"async\" class=\"size-medium wp-image-1140\" src=\"https:\/\/keweicorten.com\/wp-content\/uploads\/2024\/09\/\u5fae\u4fe1\u56fe\u7247_202307211703502-300x300.jpg\" alt=\"\" width=\"300\" height=\"300\" srcset=\"https:\/\/keweicorten.com\/wp-content\/uploads\/2024\/09\/\u5fae\u4fe1\u56fe\u7247_202307211703502-300x300.jpg 300w, https:\/\/keweicorten.com\/wp-content\/uploads\/2024\/09\/\u5fae\u4fe1\u56fe\u7247_202307211703502-150x150.jpg 150w, https:\/\/keweicorten.com\/wp-content\/uploads\/2024\/09\/\u5fae\u4fe1\u56fe\u7247_202307211703502-12x12.jpg 12w, https:\/\/keweicorten.com\/wp-content\/uploads\/2024\/09\/\u5fae\u4fe1\u56fe\u7247_202307211703502-600x600.jpg 600w, https:\/\/keweicorten.com\/wp-content\/uploads\/2024\/09\/\u5fae\u4fe1\u56fe\u7247_202307211703502-100x100.jpg 100w, https:\/\/keweicorten.com\/wp-content\/uploads\/2024\/09\/\u5fae\u4fe1\u56fe\u7247_202307211703502.jpg 750w\" sizes=\"(max-width: 300px) 100vw, 300px\" \/><figcaption id=\"caption-attachment-1140\" class=\"wp-caption-text\">CORTEN EDGING<\/figcaption><\/figure>\n<h2>Korteninio plieno sodo apvad\u0173 charakteristikos<\/h2>\n<p>Atsparumas korozijai: Ant atmosferos poveikiui atsparaus plieno pavir\u0161iaus susidar\u0119s oksido pl\u0117vel\u0117s sluoksnis gali veiksmingai atsispirti lietaus ir ter\u0161al\u0173 erozijai, tod\u0117l jis gali gerai veikti dr\u0117gnoje ir at\u0161iaurioje aplinkoje.<\/p>\n<p>Didelis stiprumas: Atmosferinis plienas pasi\u017eymi dideliu atsparumu tempimui ir gniu\u017edymui ir gali atlaikyti didesn\u012f dirvo\u017eemio sl\u0117g\u012f.<\/p>\n<p>Paprasta prie\u017ei\u016bra: D\u0117l puikaus atsparumo atmosferos poveikiui, naudojant atmosferos poveikiui atsparaus plieno pertvar\u0105, jos prie\u017ei\u016bra nereikalauja dideli\u0173 i\u0161laid\u0173.<\/p>\n<p>Estetika: r\u016bd\u017ei\u0173 tekst\u016bra, nat\u016braliai susiformavusi ant atmosferos poveikiu paveikto plieno pavir\u0161iaus, gali suteikti gro\u017eio, tinka kra\u0161tovaizd\u017eio ir miesto architekt\u016brai.<\/p>\n<p><img decoding=\"async\" class=\"\" src=\"https:\/\/sc04.alicdn.com\/kf\/H254e4e58aa4a4cd7ae5f7f5b9a8def6eJ\/223026859\/H254e4e58aa4a4cd7ae5f7f5b9a8def6eJ.jpg\" width=\"595\" height=\"595\" \/><\/p>\n<div class=\"text-title\">\n<h2 class=\"magic-9\"><b class=\"magic-24\"><span class=\"magic-10\" style=\"color: #000000;\" data-spm-anchor-id=\"a2700.details.0.i44.6227b6fedKS63A\">Sur\u016bdij\u0119s Corteno plieno \u012fvadas<\/span><\/b><\/h2>\n<p><span class=\"magic-15\" style=\"color: #000000;\" data-spm-anchor-id=\"a2700.details.0.i46.6227b6fedKS63A\"><b data-spm-anchor-id=\"a2700.details.0.i45.6227b6fedKS63A\">Korteninis plienas<\/b>\u00a0Pirm\u0105 kart\u0105 \u012fsigijus i\u0161liks originalus juodas pavir\u0161ius.Po keli\u0173 m\u0117nesi\u0173 atrodys d\u0117m\u0117tas, kol \u012fgaus gra\u017e\u0173 tolyg\u0173 spalvos sluoksn\u012f. Taip atsitinka d\u0117l dirvo\u017eemio, oro s\u0105lyg\u0173 ir j\u016bs\u0173 skirting\u0173 viet\u0173 skirtum\u0173. <\/span><\/p>\n<div><span class=\"magic-15\" style=\"color: #000000;\">\u00a0<\/span><\/div>\n<div><span class=\"magic-15\" style=\"color: #000000;\">Galiausiai gausite gra\u017ei\u0105 r\u016bd\u017ei\u0173 spalv\u0105, kaip parodyta de\u0161in\u0117je nuotraukoje. Be to, Rusty apdorojame tiesiogiai, negai\u0161dami laiko.<\/span><\/div>\n<div>\n<div class=\"mceTemp\">\nCORTEN EDGING<\/p>\n<figure style=\"width: 750px\" class=\"wp-caption alignnone\"><a href=\"https:\/\/keweicorten.com\/lt\"><img decoding=\"async\" title=\"korteninio plieno apvadai\" src=\"https:\/\/sc02.alicdn.com\/kf\/H650f0e63dacb4e35bd6d646fd2d0975cK\/235950374\/H650f0e63dacb4e35bd6d646fd2d0975cK.jpg\" alt=\"\" width=\"750\" height=\"404\" \/><\/a><figcaption class=\"wp-caption-text\">korteninio plieno apvadai<\/figcaption><\/figure>\n<\/div>\n<\/div>","protected":false},"excerpt":{"rendered":"<p>Pasirink\u0119 \"Corten\" plieno sodo kra\u0161t\u0105 gal\u0117site m\u0117gautis auk\u0161ta kokybe ir stilingu dizainu, sukurdami unikali\u0105 lauko erdv\u0119, kuri pagerins bendr\u0105 sodo gro\u017e\u012f ir funkcionalum\u0105.<\/p>","protected":false},"featured_media":1138,"comment_status":"open","ping_status":"closed","template":"","meta":{"_eb_attr":"","_monsterinsights_skip_tracking":false,"_monsterinsights_sitenote_active":false,"_monsterinsights_sitenote_note":"","_monsterinsights_sitenote_category":0,"_uf_show_specific_survey":0,"_uf_disable_surveys":false},"product_brand":[],"product_cat":[58],"product_tag":[],"class_list":{"0":"post-1137","1":"product","2":"type-product","3":"status-publish","4":"has-post-thumbnail","6":"product_cat-garden-edging","8":"first","9":"instock","10":"shipping-taxable","11":"product-type-simple"},"_links":{"self":[{"href":"https:\/\/keweicorten.com\/lt\/wp-json\/wp\/v2\/product\/1137"}],"collection":[{"href":"https:\/\/keweicorten.com\/lt\/wp-json\/wp\/v2\/product"}],"about":[{"href":"https:\/\/keweicorten.com\/lt\/wp-json\/wp\/v2\/types\/product"}],"replies":[{"embeddable":true,"href":"https:\/\/keweicorten.com\/lt\/wp-json\/wp\/v2\/comments?post=1137"}],"version-history":[{"count":2,"href":"https:\/\/keweicorten.com\/lt\/wp-json\/wp\/v2\/product\/1137\/revisions"}],"predecessor-version":[{"id":1142,"href":"https:\/\/keweicorten.com\/lt\/wp-json\/wp\/v2\/product\/1137\/revisions\/1142"}],"wp:featuredmedia":[{"embeddable":true,"href":"https:\/\/keweicorten.com\/lt\/wp-json\/wp\/v2\/media\/1138"}],"wp:attachment":[{"href":"https:\/\/keweicorten.com\/lt\/wp-json\/wp\/v2\/media?parent=1137"}],"wp:term":[{"taxonomy":"product_brand","embeddable":true,"href":"https:\/\/keweicorten.com\/lt\/wp-json\/wp\/v2\/product_brand?post=1137"},{"taxonomy":"product_cat","embeddable":true,"href":"https:\/\/keweicorten.com\/lt\/wp-json\/wp\/v2\/product_cat?post=1137"},{"taxonomy":"product_tag","embeddable":true,"href":"https:\/\/keweicorten.com\/lt\/wp-json\/wp\/v2\/product_tag?post=1137"}],"curies":[{"name":"wp","href":"https:\/\/api.w.org\/{rel}","templated":true}]}}