{"id":1143,"date":"2024-09-12T03:32:05","date_gmt":"2024-09-12T03:32:05","guid":{"rendered":"https:\/\/keweicorten.com\/?post_type=product&#038;p=1143"},"modified":"2025-01-15T06:15:15","modified_gmt":"2025-01-15T06:15:15","slug":"sodo-apvadai","status":"publish","type":"product","link":"https:\/\/keweicorten.com\/lt\/sodo-apvadai\/","title":{"rendered":"korteniniai kra\u0161tovaizd\u017eio apvadai"},"content":{"rendered":"<div class=\"text-title\">\n<figure style=\"width: 750px\" class=\"wp-caption alignnone\"><a href=\"https:\/\/keweicorten.com\/lt\/susisiekite-su-mumis\/\"><img fetchpriority=\"high\" decoding=\"async\" title=\"korteniniai kra\u0161tovaizd\u017eio apvadai\" src=\"https:\/\/sc04.alicdn.com\/kf\/A4a230982885047639f8ccbda507af4993\/276435419\/A4a230982885047639f8ccbda507af4993.jpg\" alt=\"korteniniai kra\u0161tovaizd\u017eio apvadai\" width=\"750\" height=\"454\" \/><\/a><figcaption class=\"wp-caption-text\">korteniniai kra\u0161tovaizd\u017eio apvadai<\/figcaption><\/figure>\n<h2 class=\"magic-9\"><b class=\"magic-22\"><span class=\"magic-10\" style=\"color: #000000;\" data-spm-anchor-id=\"a2700.details.0.i40.6227b6fedKS63A\">Corteno plienas Taikymas:<\/span><\/b><\/h2>\n<\/div>\n<div class=\"text-content\">\n<p><span class=\"magic-15\" style=\"color: #000000;\" data-spm-anchor-id=\"a2700.details.0.i49.6227b6fedKS63A\">Corteno plienas yra atmosferos poveikiui atsparus plienas, \u0161i med\u017eiaga yra korozijai atsparus plienas, kur\u012f palikus be dangos susidaro i\u0161orinio sluoksnio patina.\u00a0<\/span><\/p>\n<div><span style=\"color: #000000;\"><br \/>\n<\/span><\/p>\n<div><span style=\"color: #000000;\">\u0160i patina apsaugo plien\u0105 nuo papildomos korozijos.Tai didelio stiprumo plieno lydinys, naudojamas ten, kur norima didesnio stiprumo ir ilgesnio tarnavimo laiko med\u017eiagos.<\/span><\/div>\n<div>\n<table style=\"height: 212px;\" width=\"746\">\n<tbody>\n<tr>\n<td colspan=\"1\" rowspan=\"1\">\n<div data-spm-anchor-id=\"a2700.details.0.i42.448a13b5E0l0Oz\">Produkto pavadinimas<\/div>\n<\/td>\n<td colspan=\"1\" rowspan=\"1\">\n<div>Cinkuotas ir kor\u0117tas plienas Juoda miltelin\u0117 danga Plieninis kra\u0161tovaizd\u017eio apvadas<\/div>\n<\/td>\n<\/tr>\n<tr>\n<td colspan=\"1\" rowspan=\"1\">\n<div>Med\u017eiaga<\/div>\n<\/td>\n<td colspan=\"1\" rowspan=\"1\">\n<div>Corteno plienas, cinkuotas plienas ir kt.<\/div>\n<\/td>\n<\/tr>\n<tr>\n<td colspan=\"1\" rowspan=\"1\">\n<div data-spm-anchor-id=\"a2700.details.0.i41.448a13b5E0l0Oz\">Dydis<\/div>\n<\/td>\n<td colspan=\"1\" rowspan=\"1\">\n<div>100 mm, 150 mm veidas arba pagamintas pagal u\u017esakym\u0105<\/div>\n<\/td>\n<\/tr>\n<tr>\n<td colspan=\"1\" rowspan=\"1\">\n<div>Spygliukai<\/div>\n<\/td>\n<td colspan=\"1\" rowspan=\"1\">\n<div>Su arba be<\/div>\n<\/td>\n<\/tr>\n<tr>\n<td colspan=\"1\" rowspan=\"1\">\n<div>Spalva<\/div>\n<\/td>\n<td colspan=\"1\" rowspan=\"1\">\n<div>Gamtinis plienas, \u012fvairios spalvos<\/div>\n<\/td>\n<\/tr>\n<tr>\n<td colspan=\"1\" rowspan=\"1\">\n<div>Augalai<\/div>\n<\/td>\n<td colspan=\"1\" rowspan=\"1\">\n<div>\u017dalieji augalai, dirbtiniai augalai<\/div>\n<\/td>\n<\/tr>\n<\/tbody>\n<\/table>\n<\/div>\n<div>\n<figure style=\"width: 750px\" class=\"wp-caption alignnone\"><a href=\"https:\/\/keweicorten.com\/lt\/susisiekite-su-mumis\/\"><img decoding=\"async\" title=\"kra\u0161tovaizd\u017eio kra\u0161tovaizd\u017eio apvadai i\u0161 kortino plieno\" src=\"https:\/\/sc02.alicdn.com\/kf\/H650f0e63dacb4e35bd6d646fd2d0975cK\/235950374\/H650f0e63dacb4e35bd6d646fd2d0975cK.jpg\" alt=\"kra\u0161tovaizd\u017eio kra\u0161tovaizd\u017eio apvadai i\u0161 kortino plieno\" width=\"750\" height=\"404\" \/><\/a><figcaption class=\"wp-caption-text\">kra\u0161tovaizd\u017eio kra\u0161tovaizd\u017eio apvadai i\u0161 kortino plieno<\/figcaption><\/figure>\n<\/div>\n<h2>KAIP \u012eDIEGTI<\/h2>\n<p>Kortino kra\u0161tovaizd\u017eio apvad\u0173 smaigalys lengvai perpjauna purv\u0105. Kiekvien\u0105 juostel\u0119 galima sumontuoti grei\u010diau nei per 1 minut\u0119 ir ji tvirtai laikosi savo vietoje, J\u0105 ne\u012ftik\u0117tinai lengva sumontuoti - i\u0161 tikr\u0173j\u0173, vieninteliai \u012frankiai, kuri\u0173 jums prireiks, yra 4 x 2\u2033 medienos blokas ir plaktukas.<\/p>\n<figure style=\"width: 635px\" class=\"wp-caption alignnone\"><a href=\"https:\/\/keweicorten.com\/lt\/susisiekite-su-mumis\/\"><img decoding=\"async\" title=\"Korteniniai vejos apvadai\" src=\"https:\/\/sc04.alicdn.com\/kf\/HTB1kC8LQFXXXXcTXFXXq6xXFXXX5\/223026859\/HTB1kC8LQFXXXXcTXFXXq6xXFXXX5.jpg\" alt=\"Korteniniai vejos apvadai\" width=\"635\" height=\"477\" \/><\/a><figcaption class=\"wp-caption-text\">Korteniniai vejos apvadai<\/figcaption><\/figure>\n<p>Lauko kortino kra\u0161tovaizd\u017eio apvad\u0173 rinkinys sukurs jauk\u0173 j\u016bs\u0173 lauko gyvenamosios erdv\u0117s akcent\u0105. \u0160ie apvadai pagaminti i\u0161 patvaraus plieno su r\u016bd\u017ei\u0173 oksidacijos apdaila, jie turi paprast\u0105 dizain\u0105 su spygliais. \u0160ie apvadai sukuria moderni\u0105 kaimi\u0161k\u0105 nuotaik\u0105, kuri pagerins j\u016bs\u0173 kiemo ir terasos teritorij\u0173 i\u0161vaizd\u0105. Naudokite \u0161iuos apvadus ir vazonus kr\u016bmams ar g\u0117l\u0117ms auginti. Puikiai tinka kaip komplektas, o dar geriau, kai naudojami keliais.<\/p>\n<h2>Kai kurie privalumai <span class=\"keyword _ngcontent-dwf-109\" aria-hidden=\"false\">korteninio plieno apvadai <\/span>sodininkyst\u0117je:<\/h2>\n<p>Atsparumas korozijai<br \/>\nKorteninis plienas pasi\u017eymi geru atsparumu korozijai, o jo pavir\u0161iuje susidaro apsaugin\u0117 korozijos pl\u0117vel\u0117, kuri gali veiksmingai u\u017ekirsti keli\u0105 tolesnei korozijai ir u\u017etikrinti ilgalaik\u012f jo stabilum\u0105, taip pat ir dr\u0117gnoje aplinkoje bei dirvo\u017eemyje esan\u010diose chemin\u0117se med\u017eiagose.<\/p>\n<p>Estetika<\/p>\n<p>Strukt\u016brinis stabilumas<br \/>\nD\u0117l didelio stiprumo ir standumo \"Corten\" atramin\u0117s plok\u0161t\u0117s veiksmingai palaiko dirvo\u017eem\u012f, apsaugo nuo dirvo\u017eemio erozijos ir erozijos ir u\u017etikrina ilgalaik\u012f sodininkyst\u0117s projekt\u0173 stabilum\u0105.<\/p>\n<p>Ma\u017eos technin\u0117s prie\u017ei\u016bros i\u0161laidos<br \/>\nCorteno plieno prie\u017ei\u016bros reikalavimai yra ma\u017eesni nei kit\u0173 med\u017eiag\u0173.<\/p>\n<p>Aplinkos apsauga<\/p>\n<p>universalumas<br \/>\nKra\u0161tovaizd\u017eio teritorij\u0173 ribos ir padalijimai.<br \/>\nDidesnis palengvinimas<br \/>\nG\u0117li\u0173 lysv\u0117s arba dar\u017eai<\/p>\n<p>Lengva \u012fdiegti<br \/>\nKorteninis plienas gali b\u016bti supjaustytas \u012fvairiomis formomis ir dyd\u017eiais pagal poreik\u012f<\/p>\n<\/div>\n<\/div>","protected":false},"excerpt":{"rendered":"<p>Susipa\u017einkite su m\u016bs\u0173 \"Corten edge\" gaminiais, kurie yra patvar\u016bs ir esteti\u0161ki sodininkyst\u0117s sprendimai. Pagerinkite savo lauko erdv\u0119 ir m\u0117gaukit\u0117s ilgalaike kokybe bei unikaliu dizainu.<\/p>","protected":false},"featured_media":1144,"comment_status":"open","ping_status":"closed","template":"","meta":{"_eb_attr":"","_monsterinsights_skip_tracking":false,"_monsterinsights_sitenote_active":false,"_monsterinsights_sitenote_note":"","_monsterinsights_sitenote_category":0,"_uf_show_specific_survey":0,"_uf_disable_surveys":false},"product_brand":[],"product_cat":[58],"product_tag":[],"class_list":{"0":"post-1143","1":"product","2":"type-product","3":"status-publish","4":"has-post-thumbnail","6":"product_cat-garden-edging","8":"first","9":"instock","10":"shipping-taxable","11":"product-type-simple"},"_links":{"self":[{"href":"https:\/\/keweicorten.com\/lt\/wp-json\/wp\/v2\/product\/1143"}],"collection":[{"href":"https:\/\/keweicorten.com\/lt\/wp-json\/wp\/v2\/product"}],"about":[{"href":"https:\/\/keweicorten.com\/lt\/wp-json\/wp\/v2\/types\/product"}],"replies":[{"embeddable":true,"href":"https:\/\/keweicorten.com\/lt\/wp-json\/wp\/v2\/comments?post=1143"}],"version-history":[{"count":2,"href":"https:\/\/keweicorten.com\/lt\/wp-json\/wp\/v2\/product\/1143\/revisions"}],"predecessor-version":[{"id":1878,"href":"https:\/\/keweicorten.com\/lt\/wp-json\/wp\/v2\/product\/1143\/revisions\/1878"}],"wp:featuredmedia":[{"embeddable":true,"href":"https:\/\/keweicorten.com\/lt\/wp-json\/wp\/v2\/media\/1144"}],"wp:attachment":[{"href":"https:\/\/keweicorten.com\/lt\/wp-json\/wp\/v2\/media?parent=1143"}],"wp:term":[{"taxonomy":"product_brand","embeddable":true,"href":"https:\/\/keweicorten.com\/lt\/wp-json\/wp\/v2\/product_brand?post=1143"},{"taxonomy":"product_cat","embeddable":true,"href":"https:\/\/keweicorten.com\/lt\/wp-json\/wp\/v2\/product_cat?post=1143"},{"taxonomy":"product_tag","embeddable":true,"href":"https:\/\/keweicorten.com\/lt\/wp-json\/wp\/v2\/product_tag?post=1143"}],"curies":[{"name":"wp","href":"https:\/\/api.w.org\/{rel}","templated":true}]}}