{"id":1159,"date":"2024-09-12T08:59:48","date_gmt":"2024-09-12T08:59:48","guid":{"rendered":"https:\/\/keweicorten.com\/?post_type=product&#038;p=1159"},"modified":"2025-01-15T06:27:40","modified_gmt":"2025-01-15T06:27:40","slug":"korteninio-plieno-ugnies-dubuo","status":"publish","type":"product","link":"https:\/\/keweicorten.com\/lt\/korteninio-plieno-ugnies-dubuo\/","title":{"rendered":"Korteninio plieno ugnies dubuo"},"content":{"rendered":"<h2><strong>Korteninio plieno ugnies dubens privalumai<\/strong><\/h2>\n<ol>\n<li><strong>Patvarumas<\/strong>: Corteno plienas yra labai patvarus ir atsparus korozijai, nes geba sukurti apsaugin\u012f r\u016bd\u017ei\u0173 sluoksn\u012f. \u0160i patina apsaugo plien\u0105 nuo tolesnio atmosferos poveikio, tod\u0117l ugniakuras gali atlaikyti at\u0161iaurias oro s\u0105lygas ir nesugesti.<\/li>\n<li><strong>Estetinis patrauklumas<\/strong>: Sodr\u016bs r\u016bd\u017ei\u0173 pavir\u0161iaus \u017eem\u0117s atspalviai sukuria \u0161ilt\u0105, kaimi\u0161k\u0105 i\u0161vaizd\u0105, kuri puikiai dera su nat\u016bralia aplinka. Laikui b\u0117gant ugniakuras \u012fgauna brandesn\u0119 ir fakt\u016bri\u0161kesn\u0119 i\u0161vaizd\u0105, tod\u0117l jis tampa pagrindiniu sod\u0173, kiem\u0173 ar teras\u0173 akcentu.<\/li>\n<li><strong>Ma\u017eai prie\u017ei\u016bros<\/strong>: Skirtingai nei \u012fprastos plienin\u0117s ugniaviet\u0117s, kurias reikia da\u017enai perda\u017eyti ar apdoroti antikorozin\u0117mis priemon\u0117mis, \"Corten\" ugniaviet\u0117s beveik nereikalauja prie\u017ei\u016bros. R\u016bd\u017ei\u0173 sluoksnis tarnauja kaip apsauga, tod\u0117l suma\u017e\u0117ja prie\u017ei\u016bros poreikis.<\/li>\n<li><strong>Atsparumas kar\u0161\u010diui<\/strong>: Korteninis plienas pasi\u017eymi puikiu atsparumu kar\u0161\u010diui, tod\u0117l idealiai tinka ugniakurams. Jis gali atlaikyti auk\u0161t\u0105 temperat\u016br\u0105 nesikraipydamas ir nesutr\u016bkin\u0117damas, tod\u0117l gali b\u016bti naudojamas ilg\u0105 laik\u0105.<\/li>\n<li><strong>Tvarumas<\/strong>: Korteno ugniakurai yra ekologi\u0161ki, nes jie pagaminti i\u0161 perdirbamo plieno ir yra ilgaam\u017eiai, tod\u0117l ma\u017e\u0117ja atliek\u0173 ir poreikio juos keisti.<\/li>\n<\/ol>\n<figure style=\"width: 750px\" class=\"wp-caption alignnone\"><a href=\"https:\/\/keweicorten.com\/lt\/susisiekite-su-mumis\/\"><img fetchpriority=\"high\" decoding=\"async\" title=\"Kortino ugniakuras\" src=\"http:\/\/sc04.alicdn.com\/kf\/H77c1eb0f864d442bafb1efb104310746P\/252624420\/H77c1eb0f864d442bafb1efb104310746P.jpg\" alt=\"Kortino ugniakuras\" width=\"750\" height=\"321\" \/><\/a><figcaption class=\"wp-caption-text\">Kortino ugniakuras<\/figcaption><\/figure>\n<h2><strong>\"Corten\" ugnies dubens pritaikymas<\/strong><\/h2>\n<ol>\n<li><strong>Lauko ugniaviet\u0117s<\/strong>: Korteniniai ugniakur\u0173 dubenys puikiai tinka lauko gyvenamosioms erdv\u0117ms, nes suteikia \u0161ilumos ir yra draug\u0173 bei \u0161eimos susib\u016brimo vieta. J\u0173 nesenstantis dizainas dera prie modernaus, kaimi\u0161ko ir pramoninio stiliaus kra\u0161tovaizd\u017eio.<\/li>\n<li><strong>Sodo arba terasos dekoras<\/strong>: \u0160iuos ugniakurus galima naudoti kaip dekoratyvinius elementus net ir tada, kai jie nenaudojami. J\u0173 nat\u016brali r\u016bd\u017ei\u0173 i\u0161vaizda suteikia sodams, kiemams ar kiemeliams charakterio, nes yra ir funkcinis, ir estetinis elementas.<\/li>\n<li><strong>Komercin\u0117s erdv\u0117s<\/strong>: Corteno ugnies dubenys taip pat naudojami komercin\u0117se patalpose, pavyzd\u017eiui, restoranuose, vie\u0161bu\u010diuose ir vie\u0161uosiuose parkuose. D\u0117l savo \u012fsp\u016bdingo vizualinio patrauklumo ir patvarumo jie tinka aplinkos ugnies elementams lauke kurti.<\/li>\n<\/ol>\n<figure style=\"width: 743px\" class=\"wp-caption alignnone\"><a href=\"https:\/\/keweicorten.com\/lt\"><img decoding=\"async\" title=\"Korteninio plieno ugniaviet\u0117s dubuo\" src=\"https:\/\/sc04.alicdn.com\/kf\/H14ba7ae6c2fc4278a692757a35209734O\/268101461\/H14ba7ae6c2fc4278a692757a35209734O.jpg\" alt=\"Korteninio plieno ugniaviet\u0117s dubuo\" width=\"743\" height=\"507\" \/><\/a><figcaption class=\"wp-caption-text\">Korteninio plieno ugniaviet\u0117s dubuo<\/figcaption><\/figure>\n<h2><strong>Prie\u017ei\u016bra ir prie\u017ei\u016bra<\/strong><\/h2>\n<p>Nors \"Corten\" ugnies dubenys nereikalauja daug prie\u017ei\u016bros, svarbu:<\/p>\n<ul>\n<li>Pastatykite juos gerai v\u0117dinamoje vietoje, kad patina vystyt\u0173si tolygiai.<\/li>\n<li>Nenaudokite a\u0161tri\u0173 chemikal\u0173 dubeniui valyti, nes tai gali pa\u017eeisti apsaugin\u012f r\u016bd\u017ei\u0173 sluoksn\u012f.<\/li>\n<li>Reguliariai \u0161alinkite pelenus ir \u0161iuk\u0161les, kad i\u0161vengtum\u0117te j\u0173 kaupimosi ir pagerintum\u0117te oro sraut\u0105 naudojimo metu.<\/li>\n<\/ul>","protected":false},"excerpt":{"rendered":"<p>Ugniakuras - tai saugus ir patikimas b\u016bdas \u012f kiem\u0105, teras\u0105 ar kiemel\u012f perkelti kaimi\u0161k\u0105 ugnies poj\u016bt\u012f.Ugniakuras, kuriuo galima m\u0117gautis i\u0161tisus metus, yra stebuklingas \u017eidinys, prie kurio gali susiburti draugai ir \u0161eimos nariai.<\/p>","protected":false},"featured_media":1160,"comment_status":"open","ping_status":"closed","template":"","meta":{"_eb_attr":"","_monsterinsights_skip_tracking":false,"_monsterinsights_sitenote_active":false,"_monsterinsights_sitenote_note":"","_monsterinsights_sitenote_category":0,"_uf_show_specific_survey":0,"_uf_disable_surveys":false},"product_brand":[],"product_cat":[54],"product_tag":[],"class_list":{"0":"post-1159","1":"product","2":"type-product","3":"status-publish","4":"has-post-thumbnail","6":"product_cat-wood-fire-pit","8":"first","9":"instock","10":"shipping-taxable","11":"product-type-simple"},"_links":{"self":[{"href":"https:\/\/keweicorten.com\/lt\/wp-json\/wp\/v2\/product\/1159"}],"collection":[{"href":"https:\/\/keweicorten.com\/lt\/wp-json\/wp\/v2\/product"}],"about":[{"href":"https:\/\/keweicorten.com\/lt\/wp-json\/wp\/v2\/types\/product"}],"replies":[{"embeddable":true,"href":"https:\/\/keweicorten.com\/lt\/wp-json\/wp\/v2\/comments?post=1159"}],"version-history":[{"count":1,"href":"https:\/\/keweicorten.com\/lt\/wp-json\/wp\/v2\/product\/1159\/revisions"}],"predecessor-version":[{"id":1161,"href":"https:\/\/keweicorten.com\/lt\/wp-json\/wp\/v2\/product\/1159\/revisions\/1161"}],"wp:featuredmedia":[{"embeddable":true,"href":"https:\/\/keweicorten.com\/lt\/wp-json\/wp\/v2\/media\/1160"}],"wp:attachment":[{"href":"https:\/\/keweicorten.com\/lt\/wp-json\/wp\/v2\/media?parent=1159"}],"wp:term":[{"taxonomy":"product_brand","embeddable":true,"href":"https:\/\/keweicorten.com\/lt\/wp-json\/wp\/v2\/product_brand?post=1159"},{"taxonomy":"product_cat","embeddable":true,"href":"https:\/\/keweicorten.com\/lt\/wp-json\/wp\/v2\/product_cat?post=1159"},{"taxonomy":"product_tag","embeddable":true,"href":"https:\/\/keweicorten.com\/lt\/wp-json\/wp\/v2\/product_tag?post=1159"}],"curies":[{"name":"wp","href":"https:\/\/api.w.org\/{rel}","templated":true}]}}