{"id":1185,"date":"2024-09-13T02:16:19","date_gmt":"2024-09-13T02:16:19","guid":{"rendered":"https:\/\/keweicorten.com\/?post_type=product&#038;p=1185"},"modified":"2025-01-15T06:27:24","modified_gmt":"2025-01-15T06:27:24","slug":"staciakampio-formos-ugniakuras","status":"publish","type":"product","link":"https:\/\/keweicorten.com\/lt\/staciakampio-formos-ugniakuras\/","title":{"rendered":"sta\u010diakampio formos ugniakuras"},"content":{"rendered":"<h2>Korteno plieno sta\u010diakampio formos ugniakuras, u\u017etikrinantis ilgaam\u017ei\u0161kum\u0105:<\/h2>\n<p>Korteno plienas (dar vadinamas atmosferos poveikiui atspariu plienu) yra legiruotas plienas, pasi\u017eymintis geru atsparumu korozijai ir da\u017eniausiai naudojamas tokiuose gaminiuose kaip lauko baldai, konstrukcijos ir lau\u017eaviet\u0117s. Sta\u010diakamp\u0117s ugniaviet\u0117s, pagamintos i\u0161 \"Corten\" plieno, ilgaam\u017ei\u0161kum\u0105 daugiausia atspindi \u0161ie aspektai:<\/p>\n<p>Atsparumas korozijai: Corteno plieno pavir\u0161iuje susidar\u0119s korozijos sluoksnis gali veiksmingai apsaugoti vidin\u012f metal\u0105 ir u\u017ekirsti keli\u0105 tolesnei korozijai. D\u0117l to jis puikiai tinka naudoti lauko aplinkoje, ypa\u010d dr\u0117gno ar lietingo klimato s\u0105lygomis.<\/p>\n<p>Atsparumas auk\u0161tai temperat\u016brai: Corteno plienas gali atlaikyti auk\u0161t\u0105 temperat\u016br\u0105, tod\u0117l tinka naudoti kaip ugniakurui skirt\u0105 med\u017eiag\u0105. Auk\u0161tos temperat\u016bros aplinkoje jo fizikin\u0117s savyb\u0117s smarkiai nenukent\u0117s.<\/p>\n<p>Gra\u017ei i\u0161vaizda : Corteno plienas laikui b\u0117gant \u012fgauna unikali\u0105 r\u016bd\u017ei\u0173 spalv\u0105, suteikian\u010di\u0105 ugniavietei nat\u016bralaus gro\u017eio, o laikui b\u0117gant \u0161i i\u0161vaizda palaipsniui gil\u0117ja ir skiriasi nuo kit\u0173 ugniaviet\u0117s med\u017eiag\u0173.<\/p>\n<p>Stiprumas ir tvirtumas: Korteno plienas pasi\u017eymi dideliu stiprumu, geru tvirtumu, gali atlaikyti didel\u012f svor\u012f ir sm\u016bgius, tod\u0117l j\u012f nesunku pa\u017eeisti kasdien naudojant.<\/p>\n<p>Paprasta prie\u017ei\u016bra: Nors korteninis plienas r\u016bdija, paprastai jam nereikia specialios prie\u017ei\u016bros. Retkar\u010diais valant ir tikrinant galima palaikyti ger\u0105 jo b\u016bkl\u0119.<\/p>\n<figure style=\"width: 560px\" class=\"wp-caption alignnone\"><a href=\"https:\/\/keweicorten.com\/lt\/susisiekite-su-mumis\/\"><img fetchpriority=\"high\" decoding=\"async\" class=\"\" title=\"ugniakuras\" src=\"https:\/\/sc04.alicdn.com\/kf\/H60df13f6dc9647ea9a7650652491828df\/253038816\/H60df13f6dc9647ea9a7650652491828df.jpg\" alt=\"\" width=\"560\" height=\"560\" \/><\/a><figcaption class=\"wp-caption-text\">ugniakuras<\/figcaption><\/figure>\n<p>\u0160is lauko \u0161ildytuvas-\u017eidinys puikiai tinka sukurti jauki\u0105 ir kvie\u010dian\u010di\u0105 atmosfer\u0105 j\u016bs\u0173 lauko gyvenamojoje erdv\u0117je, nesvarbu, ar tai b\u016bt\u0173 terasa, denis, ar kiemas. Jis suteikia \u0161ilumos ir atmosferos, tod\u0117l gal\u0117site m\u0117gautis lauke net ir \u0161altuoju met\u0173 laiku.<\/p>\n<figure style=\"width: 557px\" class=\"wp-caption alignnone\"><a href=\"https:\/\/keweicorten.com\/lt\"><img decoding=\"async\" class=\"\" title=\"DUJ\u0172 \u017eidinys\" src=\"https:\/\/sc04.alicdn.com\/kf\/Hc231db4a5b974aa583a6dbafea6de497j\/253038816\/Hc231db4a5b974aa583a6dbafea6de497j.jpg\" alt=\"\" width=\"557\" height=\"557\" \/><\/a><figcaption class=\"wp-caption-text\">DUJ\u0172 \u017eidinys<\/figcaption><\/figure>\n<div class=\"J_module\">\n<div class=\"detail-decorate-json-renderer-container\">\n<div class=\"magic-8\">\n<div class=\"magic-9\">\n<div class=\"magic-10\" data-spm-anchor-id=\"a2700.details.0.i44.15a8483bWMzzev\">\n<div class=\"magic-11\"><span data-spm-anchor-id=\"a2700.details.0.i43.15a8483bWMzzev\">D\u0117l patvarios konstrukcijos, efektyvios kuro sistemos ir nat\u016bralios ugnies \u0161is lauko \u0161ildytuvas yra puikus<br \/>\nbet kurios lauko erdv\u0117s papildymas. Jis yra ir funkcionalus, ir esteti\u0161kas, tod\u0117l yra universali ir ilgaam\u017e\u0117 investicija.<\/span><\/div>\n<\/div>\n<\/div>\n<\/div>\n<\/div>\n<\/div>\n<div class=\"J_module\">\n<div class=\"J_module\">\n<p id=\"ali-anchor-AliMagic-c3jg5w\" class=\"magic-3\" data-section=\"AliMagic-c3jg5w\" data-section-title=\"Exhibition\" data-spm-anchor-id=\"a2700.details.0.i45.15a8483bWMzzev\">Paroda<\/p>\n<\/div>\n<div class=\"J_module\">\n<div class=\"icbu-pc-images magic-0\">\n<div>\n<div class=\"flex-layout-v\">\n<div class=\"flex-layout-h magic-0\">\n<div class=\"magic-39\">\n<figure style=\"width: 700px\" class=\"wp-caption alignnone\"><a href=\"https:\/\/keweicorten.com\/lt\"><img decoding=\"async\" class=\"magic-40\" title=\"stalas su ugnimi\" src=\"https:\/\/sc04.alicdn.com\/kf\/H9226ec0116f94907a0411307640a9146o\/253038816\/H9226ec0116f94907a0411307640a9146o.jpg\" alt=\"\" width=\"700\" height=\"200\" data-src=\"\/\/sc04.alicdn.com\/kf\/H9226ec0116f94907a0411307640a9146o\/253038816\/H9226ec0116f94907a0411307640a9146o.jpg\" \/><\/a><figcaption class=\"wp-caption-text\">stalas su ugnimi<\/figcaption><\/figure>\n<\/div>\n<\/div>\n<\/div>\n<\/div>\n<\/div>\n<\/div>\n<div class=\"J_module\">\n<div class=\"icbu-pc-images magic-0\">\n<div>\n<div class=\"flex-layout-v\">\n<div class=\"flex-layout-h magic-0\">\n<div class=\"magic-39\">\n<figure style=\"width: 700px\" class=\"wp-caption alignnone\"><a href=\"https:\/\/keweicorten.com\/lt\"><img loading=\"lazy\" decoding=\"async\" class=\"magic-40\" title=\"UGNIAKURAS \" src=\"https:\/\/sc04.alicdn.com\/kf\/H4ed416c0efba48138a0d71bfbaf9f14dF\/253038816\/H4ed416c0efba48138a0d71bfbaf9f14dF.jpg\" alt=\"\" width=\"700\" height=\"200\" data-src=\"\/\/sc04.alicdn.com\/kf\/H4ed416c0efba48138a0d71bfbaf9f14dF\/253038816\/H4ed416c0efba48138a0d71bfbaf9f14dF.jpg\" \/><\/a><figcaption class=\"wp-caption-text\">UGNIAKURAS<\/figcaption><\/figure>\n<\/div>\n<\/div>\n<\/div>\n<\/div>\n<\/div>\n<\/div>\n<\/div>","protected":false},"excerpt":{"rendered":"<p>\"Corten\" plieno sta\u010diakampi\u0173 ugniakur\u0173 ilgaam\u017ei\u0161kumas yra labai geras, ta\u010diau, norint pailginti j\u0173 tarnavimo laik\u0105, paprastai rekomenduojama vengti ilgo panardinimo \u012f vanden\u012f ir u\u017etikrinti, kad nenaudojamas ugniakuras b\u016bt\u0173 gerai v\u0117dinamas.<\/p>\n<table class=\"has-title all magic-30\">\n<tbody>\n<tr>\n<td colspan=\"1\" rowspan=\"1\">\n<div class=\"magic-31\" data-spm-anchor-id=\"a2700.details.0.i47.15a8483bWMzzev\">elementas<\/div>\n<\/td>\n<td colspan=\"1\" rowspan=\"1\">\n<div class=\"magic-32\">vert\u0117<\/div>\n<\/td>\n<\/tr>\n<tr>\n<td colspan=\"1\" rowspan=\"1\">\n<div class=\"magic-33\">Spalva<\/div>\n<\/td>\n<td colspan=\"1\" rowspan=\"1\">\n<div class=\"magic-34\">Sur\u016bdijusi raudona\/juoda spalva<\/div>\n<\/td>\n<\/tr>\n<tr>\n<td colspan=\"1\" rowspan=\"1\">\n<div class=\"magic-33\">Med\u017eiaga<\/div>\n<\/td>\n<td colspan=\"1\" rowspan=\"1\">\n<div class=\"magic-34\">Korteninis plienas<\/div>\n<\/td>\n<\/tr>\n<tr>\n<td colspan=\"1\" rowspan=\"1\">\n<div class=\"magic-33\">Apdaila<\/div>\n<\/td>\n<td colspan=\"1\" rowspan=\"1\">\n<div class=\"magic-34\">Miltelin\u0117 danga, da\u017eymas, cinkuota<\/div>\n<\/td>\n<\/tr>\n<\/tbody>\n<\/table>","protected":false},"featured_media":1191,"comment_status":"open","ping_status":"closed","template":"","meta":{"_eb_attr":"","_monsterinsights_skip_tracking":false,"_monsterinsights_sitenote_active":false,"_monsterinsights_sitenote_note":"","_monsterinsights_sitenote_category":0,"_uf_show_specific_survey":0,"_uf_disable_surveys":false},"product_brand":[],"product_cat":[55],"product_tag":[],"class_list":{"0":"post-1185","1":"product","2":"type-product","3":"status-publish","4":"has-post-thumbnail","6":"product_cat-gas-fire-pit","8":"first","9":"instock","10":"shipping-taxable","11":"product-type-simple"},"_links":{"self":[{"href":"https:\/\/keweicorten.com\/lt\/wp-json\/wp\/v2\/product\/1185"}],"collection":[{"href":"https:\/\/keweicorten.com\/lt\/wp-json\/wp\/v2\/product"}],"about":[{"href":"https:\/\/keweicorten.com\/lt\/wp-json\/wp\/v2\/types\/product"}],"replies":[{"embeddable":true,"href":"https:\/\/keweicorten.com\/lt\/wp-json\/wp\/v2\/comments?post=1185"}],"version-history":[{"count":1,"href":"https:\/\/keweicorten.com\/lt\/wp-json\/wp\/v2\/product\/1185\/revisions"}],"predecessor-version":[{"id":1190,"href":"https:\/\/keweicorten.com\/lt\/wp-json\/wp\/v2\/product\/1185\/revisions\/1190"}],"wp:featuredmedia":[{"embeddable":true,"href":"https:\/\/keweicorten.com\/lt\/wp-json\/wp\/v2\/media\/1191"}],"wp:attachment":[{"href":"https:\/\/keweicorten.com\/lt\/wp-json\/wp\/v2\/media?parent=1185"}],"wp:term":[{"taxonomy":"product_brand","embeddable":true,"href":"https:\/\/keweicorten.com\/lt\/wp-json\/wp\/v2\/product_brand?post=1185"},{"taxonomy":"product_cat","embeddable":true,"href":"https:\/\/keweicorten.com\/lt\/wp-json\/wp\/v2\/product_cat?post=1185"},{"taxonomy":"product_tag","embeddable":true,"href":"https:\/\/keweicorten.com\/lt\/wp-json\/wp\/v2\/product_tag?post=1185"}],"curies":[{"name":"wp","href":"https:\/\/api.w.org\/{rel}","templated":true}]}}