{"id":1192,"date":"2024-09-13T03:01:53","date_gmt":"2024-09-13T03:01:53","guid":{"rendered":"https:\/\/keweicorten.com\/?post_type=product&#038;p=1192"},"modified":"2025-01-15T06:27:15","modified_gmt":"2025-01-15T06:27:15","slug":"bbq-kepsnine","status":"publish","type":"product","link":"https:\/\/keweicorten.com\/lt\/bbq-kepsnine\/","title":{"rendered":"Corteno plieno ugniakuras"},"content":{"rendered":"<h2>Corteno plieno ugniaviet\u0117s privalumai:<\/h2>\n<ul>\n<li>Atsparumas korozijai: geresnis patvarumas naudojant lauke.<\/li>\n<li>\u00a0Gra\u017eus : Corteno plienas turi unikali\u0105 r\u016bd\u017ei\u0173 i\u0161vaizd\u0105, laikui b\u0117gant sudarys nuostab\u0173 kontrast\u0105 su supan\u010dia aplinka, sukurdamas nat\u016brali\u0105, meni\u0161k\u0105 atmosfer\u0105, tinkam\u0105 \u012fvairiems lauko kra\u0161tovaizd\u017eiams.<\/li>\n<li>Ma\u017eos technin\u0117s prie\u017ei\u016bros i\u0161laidos: D\u0117l atsparumo atmosferos poveikiui Corteno plieno ugniakur\u0105 nereikia da\u017enai pri\u017ei\u016br\u0117ti ir da\u017eyti, palyginti su tradiciniu plienu, ilgalaikis naudojimas leid\u017eia sutaupyti l\u0117\u0161\u0173.<\/li>\n<li>Aplinkos apsauga: Corteno plieno gamyba ir perdirbimas yra palyginti nekenksmingi aplinkai, o naudojant nei\u0161siskiria jokios kenksmingos med\u017eiagos, o tai atitinka \u0161iuolaikini\u0173 \u017emoni\u0173 siek\u012f u\u017etikrinti ekologi\u0161k\u0105 aplinkos apsaug\u0105.<\/li>\n<li>\u0160ilumos i\u0161laikymas: korteninis plienas pasi\u017eymi geru \u0161ilumos laidumu, gali veiksmingai i\u0161laikyti \u0161ilum\u0105, u\u017etikrinti ilgesn\u012f \u0161ilumos ir komforto poj\u016bt\u012f, tod\u0117l labai tinka naudoti ruden\u012f ir \u017eiem\u0105.<\/li>\n<li>\u012evairialypis dizainas: Korteno plienas gali b\u016bti perdirbamas \u012f \u012fvairias formas ir dyd\u017eius, tinkamus \u012fvairi\u0173 stili\u0173 kiemo ar terasos dizainui, lankstum\u0105.<\/li>\n<li>Sauga : projektuojant Corteno plieno ugniakur\u0105 paprastai atsi\u017evelgiama \u012f saugos veiksnius, tokius kaip stabilumas ir apsaugos priemon\u0117s, tod\u0117l j\u012f naudoti yra gana saugu.<\/li>\n<\/ul>\n<table class=\"has-title all magic-7\" style=\"height: 242px;\" width=\"717\">\n<tbody>\n<tr>\n<td colspan=\"1\" rowspan=\"1\">\n<div class=\"magic-12\" data-spm-anchor-id=\"a2700.details.0.i40.236d4d79eIl29B\"><span class=\"magic-13\" style=\"color: #000000;\">Produkto pavadinimas<\/span><\/div>\n<\/td>\n<td colspan=\"1\" rowspan=\"1\">\n<div class=\"magic-14\"><span class=\"magic-13\" style=\"color: #000000;\">Ne\u0161iojamasis ugniakuras i\u0161 kortino plieno BBQ grilis<\/span><\/div>\n<\/td>\n<\/tr>\n<tr>\n<td colspan=\"1\" rowspan=\"1\">\n<div class=\"magic-12\"><span class=\"magic-13\" style=\"color: #000000;\">Prek\u0117s \u017eenklo pavadinimas<\/span><\/div>\n<\/td>\n<td colspan=\"1\" rowspan=\"1\"><span class=\"magic-13\" style=\"color: #000000;\">SHKW<\/span><\/td>\n<\/tr>\n<tr>\n<td colspan=\"1\" rowspan=\"1\">\n<div class=\"magic-12\"><span class=\"magic-13\" style=\"color: #000000;\">Modelio numeris<\/span><\/div>\n<\/td>\n<td colspan=\"1\" rowspan=\"1\">\n<div class=\"magic-14\"><span class=\"magic-13\" style=\"color: #000000;\">SHKW-BBQ<\/span><span class=\"magic-15\" data-spm-anchor-id=\"a2700.pc-decorate.0.i3.5c623333VNk22J\">07<\/span><\/div>\n<\/td>\n<\/tr>\n<tr>\n<td colspan=\"1\" rowspan=\"1\">\n<div class=\"magic-12\"><span class=\"magic-13\" style=\"color: #000000;\">Med\u017eiaga<\/span><\/div>\n<\/td>\n<td colspan=\"1\" rowspan=\"1\">\n<div class=\"magic-14\"><span class=\"magic-13\" style=\"color: #000000;\">Korteninis plienas \/ orus veikiantis plienas<\/span><\/div>\n<\/td>\n<\/tr>\n<tr>\n<td colspan=\"1\" rowspan=\"1\">\n<div class=\"magic-12\"><span class=\"magic-13\" style=\"color: #000000;\">Dydis<\/span><\/div>\n<\/td>\n<td colspan=\"1\" rowspan=\"1\">\n<div class=\"magic-14\"><span class=\"magic-13\" style=\"color: #000000;\">Dia\uff1a600\/800\/900\/1000mm, storis: 2mm<\/span><\/div>\n<\/td>\n<\/tr>\n<tr>\n<td colspan=\"1\" rowspan=\"1\">\n<div class=\"magic-12\"><span class=\"magic-13\" style=\"color: #000000;\">Paketas<\/span><\/div>\n<\/td>\n<td colspan=\"1\" rowspan=\"1\">\n<div class=\"magic-14\"><span class=\"magic-13\" style=\"color: #000000;\">Viduje: I\u0161or\u0117: D\u0117\u017eut\u0117: kartonin\u0117 d\u0117\u017eut\u0117.<\/span><\/div>\n<\/td>\n<\/tr>\n<tr>\n<td colspan=\"1\" rowspan=\"1\">\n<div class=\"magic-12\"><span class=\"magic-13\" style=\"color: #000000;\">Pavir\u0161iaus apdorojimas<\/span><\/div>\n<\/td>\n<td colspan=\"1\" rowspan=\"1\">\n<div class=\"magic-14\"><span class=\"magic-13\" style=\"color: #000000;\">I\u0161 anksto sur\u016bdij\u0119s, galima pritaikyti<\/span><\/div>\n<\/td>\n<\/tr>\n<tr>\n<td colspan=\"1\" rowspan=\"1\">\n<div class=\"magic-12\"><span class=\"magic-13\" style=\"color: #000000;\">MOQ<\/span><\/div>\n<\/td>\n<td colspan=\"1\" rowspan=\"1\">\n<div class=\"magic-14\"><span class=\"magic-13\" style=\"color: #000000;\">10 vnt.<\/span><\/div>\n<\/td>\n<\/tr>\n<\/tbody>\n<\/table>\n<figure style=\"width: 550px\" class=\"wp-caption alignnone\"><a href=\"https:\/\/keweicorten.com\/lt\/susisiekite-su-mumis\/\"><img fetchpriority=\"high\" decoding=\"async\" title=\"kiemo ugniakuras\" src=\"https:\/\/sc04.alicdn.com\/kf\/H642e390ca630457fb4af493b00d4798fV\/235950374\/H642e390ca630457fb4af493b00d4798fV.jpg\" alt=\"\" width=\"550\" height=\"550\" \/><\/a><figcaption class=\"wp-caption-text\">kiemo ugniakuras<\/figcaption><\/figure>\n<h2>Oro s\u0105lygoms atsparaus plieno groteli\u0173 naudojimas\uff1a<\/h2>\n<h3>Taikyti\uff1a<\/h3>\n<p>Lauko kepsnin\u0117 : Plienin\u0117s kepsnin\u0117s labai tinka naudoti lauke, pavyzd\u017eiui, kiemuose, balkonuose, terasose, ir gali suteikti patogi\u0105 grilio patirt\u012f \u0161eimos ir draug\u0173 susib\u016brimams.<\/p>\n<p>Kra\u0161tovaizd\u017eio dizainas : D\u0117l unikalios r\u016bd\u017ei\u0173 spalvos atmosferos poveikiui atsparaus plieno i\u0161vaizdos jis yra populiarus \u0161iuolaikin\u0117s sodininkyst\u0117s ir kra\u0161tovaizd\u017eio dizaino pasirinkimas, kur\u012f galima puikiai integruoti \u012f supan\u010di\u0105 aplink\u0105 ir taip pabr\u0117\u017eti kiemo gro\u017e\u012f.<\/p>\n<p>Lauko valgomojo vietos: Restoranai, kavin\u0117s ir kitos lauko valgomojo vietos gali naudoti atmosferos poveikiui atsparaus plieno kepsnines, kad pritraukt\u0173 klientus m\u0117gautis maisto gaminimo ir valgymo malonumais lauke.<\/p>\n<p>Stovyklavimas \uff1a D\u0117l ilgaam\u017ei\u0161kumo ir atsparumo korozijai atmosferos poveikiui plienas yra idealus pasirinkimas stovyklavimui laukin\u0117je gamtoje, nes gali atlaikyti blogas oro s\u0105lygas.<\/p>\n<p>Renginiai ir festivaliai: tinka turgaviet\u0117ms, muzikos festivaliams, vakar\u0117liams po atviru dangumi ir kitoms progoms, nes vietoje teikiamos kepsni\u0173 kepimo paslaugos, kad b\u016bt\u0173 sukurta aktyvi atmosfera.<\/p>\n<figure style=\"width: 695px\" class=\"wp-caption alignnone\"><a href=\"https:\/\/keweicorten.com\/lt\/susisiekite-su-mumis\/\"><img decoding=\"async\" title=\"BBQ kepsnin\u0117\" src=\"https:\/\/sc04.alicdn.com\/kf\/H813aeec6354044c9964495c20d84b311D\/235950374\/H813aeec6354044c9964495c20d84b311D.png\" alt=\"\" width=\"695\" height=\"295\" \/><\/a><figcaption class=\"wp-caption-text\">BBQ kepsnin\u0117<\/figcaption><\/figure>\n<h3>Privalumas\uff1a<\/h3>\n<ul>\n<li>Didelis atsparumas atmosferos poveikiui<\/li>\n<li>Estetika<\/li>\n<li>Atsparumas auk\u0161tai temperat\u016brai<\/li>\n<li>Nedideli prie\u017ei\u016bros reikalavimai<\/li>\n<li>Didelis atsparumas<\/li>\n<li>Aplinkos apsauga<\/li>\n<li>Daugiafunkcinis dizainas<\/li>\n<\/ul>\n<div class=\"J_module\">\n<div id=\"ali-anchor-AliMagic-4f9wm2\" class=\"magic-3\" data-section=\"AliMagic-4f9wm2\" data-section-title=\"More Details\">Daugiau informacijos<\/div>\n<\/div>\n<div class=\"J_module\">\n<div class=\"icbu-pc-images magic-0\">\n<div class=\"flex-layout-h\">\n<div class=\"flex-layout-v magic-18\">\n<div class=\"magic-19\"><\/div>\n<\/div>\n<div class=\"text-wrapper magic-21\">\n<div class=\"text-wrapper-right text-theme-light text-align-left\">\n<div class=\"text-content\">\n<div><span class=\"magic-13\"><a href=\"https:\/\/keweicorten.com\/lt\"><img decoding=\"async\" class=\"alignnone\" src=\"https:\/\/keweicorten.com\/wp-content\/uploads\/2024\/09\/%E5%BE%AE%E4%BF%A1%E5%9B%BE%E7%89%87_20240219150940-300x232.jpg\" alt=\"\" width=\"413\" height=\"319\" \/><\/a><\/span>- 5 mm storio Corteno plienas - Min Flat Pack ugniakuras \/ degiklis - lengvai i\u0161montuojamas ir saugomas kaip 5 dalys<\/div>\n<\/div>\n<\/div>\n<\/div>\n<\/div>\n<\/div>\n<\/div>","protected":false},"excerpt":{"rendered":"<p>Oro s\u0105lyg\u0173 veikiamos plienin\u0117s kepsnin\u0117s ne tik suteikia naudotojams i\u0161skirtin\u0119 maisto gaminimo patirt\u012f, bet ir suteikia aplinkai nat\u016bralaus gro\u017eio, tod\u0117l idealiai tinka gyvenimui lauke.<\/p>","protected":false},"featured_media":1202,"comment_status":"open","ping_status":"closed","template":"","meta":{"_eb_attr":"","_monsterinsights_skip_tracking":false,"_monsterinsights_sitenote_active":false,"_monsterinsights_sitenote_note":"","_monsterinsights_sitenote_category":0,"_uf_show_specific_survey":0,"_uf_disable_surveys":false},"product_brand":[],"product_cat":[63],"product_tag":[],"class_list":{"0":"post-1192","1":"product","2":"type-product","3":"status-publish","4":"has-post-thumbnail","6":"product_cat-steel-bbq-grill","8":"first","9":"instock","10":"shipping-taxable","11":"product-type-simple"},"_links":{"self":[{"href":"https:\/\/keweicorten.com\/lt\/wp-json\/wp\/v2\/product\/1192"}],"collection":[{"href":"https:\/\/keweicorten.com\/lt\/wp-json\/wp\/v2\/product"}],"about":[{"href":"https:\/\/keweicorten.com\/lt\/wp-json\/wp\/v2\/types\/product"}],"replies":[{"embeddable":true,"href":"https:\/\/keweicorten.com\/lt\/wp-json\/wp\/v2\/comments?post=1192"}],"version-history":[{"count":3,"href":"https:\/\/keweicorten.com\/lt\/wp-json\/wp\/v2\/product\/1192\/revisions"}],"predecessor-version":[{"id":1203,"href":"https:\/\/keweicorten.com\/lt\/wp-json\/wp\/v2\/product\/1192\/revisions\/1203"}],"wp:featuredmedia":[{"embeddable":true,"href":"https:\/\/keweicorten.com\/lt\/wp-json\/wp\/v2\/media\/1202"}],"wp:attachment":[{"href":"https:\/\/keweicorten.com\/lt\/wp-json\/wp\/v2\/media?parent=1192"}],"wp:term":[{"taxonomy":"product_brand","embeddable":true,"href":"https:\/\/keweicorten.com\/lt\/wp-json\/wp\/v2\/product_brand?post=1192"},{"taxonomy":"product_cat","embeddable":true,"href":"https:\/\/keweicorten.com\/lt\/wp-json\/wp\/v2\/product_cat?post=1192"},{"taxonomy":"product_tag","embeddable":true,"href":"https:\/\/keweicorten.com\/lt\/wp-json\/wp\/v2\/product_tag?post=1192"}],"curies":[{"name":"wp","href":"https:\/\/api.w.org\/{rel}","templated":true}]}}