{"id":1230,"date":"2024-09-14T08:41:19","date_gmt":"2024-09-14T08:41:19","guid":{"rendered":"https:\/\/keweicorten.com\/?post_type=product&#038;p=1230"},"modified":"2025-01-15T06:26:56","modified_gmt":"2025-01-15T06:26:56","slug":"pakelta-lova-sodinuku-dezute","status":"publish","type":"product","link":"https:\/\/keweicorten.com\/lt\/pakelta-lova-sodinuku-dezute\/","title":{"rendered":"pakelta lova sodinuk\u0173 d\u0117\u017eut\u0117"},"content":{"rendered":"<h2>D\u0117\u017eut\u0117s i\u0161 atmosferos poveikiui atsparaus plieno su pakelta lova ypatyb\u0117s\uff1a<\/h2>\n<ul>\n<li><strong>Med\u017eiaga<\/strong>: Pagaminta i\u0161 2-4 mm storio korteninio plieno, kuris u\u017etikrina tvirtum\u0105 ir ilgaam\u017ei\u0161kum\u0105. Toks storis u\u017etikrina konstrukcijos vientisum\u0105 ir kartu leid\u017eia vazon\u0117liui atlaikyti \u012fvairias oro s\u0105lygas.<\/li>\n<li><strong>Nat\u016brali estetika<\/strong>: Laikui b\u0117gant r\u016bd\u017ei\u0173 spalvos apdaila \u012fgauna nauj\u0105 atspalv\u012f ir gra\u017eiai dera su nat\u016bralia sodo aplinka. \u0160i spalva kei\u010diasi plienui v\u0117stant ir sukuria unikali\u0105 kaimi\u0161k\u0105 i\u0161vaizd\u0105.<\/li>\n<li><strong>Patvarumas<\/strong>: Atspar\u016bs korozijai, \u0161ie vazonai gali atlaikyti at\u0161iaurius aplinkos veiksnius ir nesugesti, tod\u0117l jie ilgai papildo j\u016bs\u0173 kra\u0161tovaizd\u017eio dizain\u0105.<\/li>\n<li><strong>Pritaikymas<\/strong>: Pritaikymo galimyb\u0117s gali b\u016bti \u012fvairi\u0173 dyd\u017ei\u0173, form\u0173 ir apdailos, kad atitikt\u0173 individual\u0173 skon\u012f ir sodo dizain\u0105. K\u016bgi\u0161ka forma suteikia eleganti\u0161k\u0105 siluet\u0105, kuris i\u0161siskiria bet kokioje aplinkoje.<\/li>\n<li><strong>Lengva \u012fdiegti<\/strong>: Lengvi, palyginti su kitomis med\u017eiagomis, kai jie yra tu\u0161ti, \u0161ie vazonai gali b\u016bti lengvai perkeliami \u012f skirtingas sodo vietas pagal poreik\u012f.<\/li>\n<li><strong>Drena\u017eas<\/strong>: Tinkamas drena\u017eas yra labai svarbus augal\u0173 sveikatai. \u012esitikinkite, kad vazonuose yra drena\u017eo ang\u0173 arba konstrukcijos element\u0173, leid\u017eian\u010di\u0173 vandens pertekliui pasi\u0161alinti.<\/li>\n<\/ul>\n<figure style=\"width: 612px\" class=\"wp-caption alignnone\"><a href=\"https:\/\/keweicorten.com\/lt\"><img fetchpriority=\"high\" decoding=\"async\" title=\"pakelta sodo lova\" src=\"https:\/\/sc04.alicdn.com\/kf\/H7b8fa5fba8f640418543df2d00059383B\/232904194\/H7b8fa5fba8f640418543df2d00059383B.jpg\" alt=\"\" width=\"612\" height=\"408\" \/><\/a><figcaption class=\"wp-caption-text\">pakelta sodo lova<\/figcaption><\/figure>\n<p>Pakeliamos lysv\u0117s sodinuk\u0173 d\u0117\u017eut\u0117 yra suformuota i\u0161 metalo, kur\u012f meistrai suformuoja i\u0161 keturi\u0173 plok\u0161\u010di\u0173, tiksliai sulankstydami metal\u0105 ir taip sukurdami sta\u010diakampio formos sodinuk\u0173 d\u0117\u017eut\u0119. Sodinuk\u0173 lysv\u0117s plok\u0161t\u0117s tarpusavyje sujungiamos, kad suformuot\u0173 ne\u012ftik\u0117tinai tvirt\u0105 augal\u0173 talpykl\u0105, kuri u\u017etikrina maksimal\u0173 sodinimo plot\u0105.Svarbiausia, kad sodinuk\u0173 lysv\u0117 yra paprasta, moderni ir minimalistin\u0117.<\/p>\n<table class=\"is-zebra all magic-10\">\n<tbody>\n<tr>\n<td colspan=\"1\" rowspan=\"1\">\n<div class=\"magic-11\" data-spm-anchor-id=\"a2700.details.0.i39.6b435473fC2YOp\"><b>Produkto pavadinimas<\/b><\/div>\n<\/td>\n<td colspan=\"1\" rowspan=\"1\">\n<div class=\"magic-12\">Sur\u016bdij\u0119s metalinis paauk\u0161tintas sodo lova Corten plieno dar\u017eovi\u0173 sodinuk\u0173 d\u0117\u017e\u0117s<\/div>\n<\/td>\n<\/tr>\n<tr>\n<td colspan=\"1\" rowspan=\"1\">\n<div class=\"magic-11\" data-spm-anchor-id=\"a2700.details.0.i41.6b435473fC2YOp\"><b>Spalva<\/b><\/div>\n<\/td>\n<td colspan=\"1\" rowspan=\"1\">\n<div class=\"magic-12\">Pilka arba r\u016bd\u017ei\u0173 raudona<\/div>\n<\/td>\n<\/tr>\n<tr>\n<td colspan=\"1\" rowspan=\"1\">\n<div class=\"magic-11\"><b>Med\u017eiaga<\/b><\/div>\n<\/td>\n<td colspan=\"1\" rowspan=\"1\">\n<div class=\"magic-12\">Mink\u0161tas plienas, Corteno plienas<\/div>\n<\/td>\n<\/tr>\n<tr>\n<td colspan=\"1\" rowspan=\"1\">\n<div class=\"magic-11\"><b>Dydis<\/b><\/div>\n<\/td>\n<td colspan=\"1\" rowspan=\"1\">\n<div class=\"magic-12\">\u00a0 L500 x W500x H200 mm\/L800 x W800x H400 mm<\/p>\n<div data-spm-anchor-id=\"a2700.pc-decorate.0.i4.26b13333MCzf1x\">\u00a0 L900 x W600 x H300 mm\/ L1200 x W900 x H300 mm<br \/>\n(\"B\u016bkite pritaikyti\")<\/div>\n<\/div>\n<\/td>\n<\/tr>\n<tr>\n<td colspan=\"1\" rowspan=\"1\">\n<div class=\"magic-11\"><b>Storis<\/b><\/div>\n<\/td>\n<td colspan=\"1\" rowspan=\"1\">\n<div class=\"magic-12\">2-3 mm<\/div>\n<\/td>\n<\/tr>\n<tr>\n<td colspan=\"1\" rowspan=\"1\">\n<div class=\"magic-11\"><b>Pavir\u0161iaus apdorojimas<\/b><\/div>\n<\/td>\n<td colspan=\"1\" rowspan=\"1\">\n<div class=\"magic-12\" data-spm-anchor-id=\"a2700.details.0.i40.6b435473fC2YOp\">I\u0161 anksto r\u016bdintas, juodai da\u017eytas, gali b\u016bti pritaikytas<\/div>\n<\/td>\n<\/tr>\n<tr>\n<td colspan=\"1\" rowspan=\"1\">\n<div class=\"magic-11\"><b>MOQ<\/b><\/div>\n<\/td>\n<td colspan=\"1\" rowspan=\"1\">\n<div class=\"magic-12\">4 vnt.<\/div>\n<\/td>\n<\/tr>\n<tr>\n<td colspan=\"1\" rowspan=\"1\">\n<div class=\"magic-11\"><b>OEM IR ODM<\/b><\/div>\n<\/td>\n<td colspan=\"1\" rowspan=\"1\">\n<div class=\"magic-12\">Galima teikti pritaikytas paslaugas.<\/div>\n<\/td>\n<\/tr>\n<\/tbody>\n<\/table>\n<p class=\"magic-5\"><span style=\"font-size: large;\" data-spm-anchor-id=\"a2700.details.0.i40.722e768ceArIts\">100% pasitenkinimo garantija<\/span><\/p>\n<p class=\"magic-5\" data-spm-anchor-id=\"a2700.details.0.i41.722e768ceArIts\"><span style=\"font-size: large;\"><br \/>\nMed\u017eiaga - korteninis plienas<\/span><\/p>\n<p class=\"magic-5\"><span style=\"font-size: large;\"><br \/>\nYpa\u010d giliai, kad b\u016bt\u0173 galima auginti didesnius augalus<\/span><\/p>\n<div class=\"text-content\">Pakeliamos lysv\u0117s - tai puikus b\u016bdas i\u0161vengti dirvos susl\u0117gimo, u\u017etikrinti puik\u0173 drena\u017e\u0105 ir neleisti pikt\u017eol\u0117ms \u012fsitvirtinti augan\u010dioje dirvoje.Be to, jos leid\u017eia augintojams soduose naudoti skirtingus dirvo\u017eemio tipus, tod\u0117l galima auginti daugyb\u0119 nauj\u0173 ir \u012fdomi\u0173 vaisi\u0173 ir dar\u017eovi\u0173.<\/div>\n<figure style=\"width: 613px\" class=\"wp-caption alignnone\"><a href=\"https:\/\/keweicorten.com\/lt\"><img decoding=\"async\" title=\"pakelta lova sodo lova\" src=\"https:\/\/sc04.alicdn.com\/kf\/He51239b636024d93b16c341680a98532y\/223026859\/He51239b636024d93b16c341680a98532y.jpg\" alt=\"\" width=\"613\" height=\"439\" \/><\/a><figcaption class=\"wp-caption-text\">pakelta lova sodo lova<\/figcaption><\/figure>","protected":false},"excerpt":{"rendered":"<p>Corteno plienin\u0117 plok\u0161t\u0117 (raudona u\u017euolaid\u0173 plieno plok\u0161t\u0117, kra\u0161tovaizd\u017eio plieno plok\u0161t\u0117, rai\u017eyta plieno plok\u0161t\u0117) yra tarp \u012fprasto plieno ir ner\u016bdijan\u010dio plieno pigi\u0173 legiruoto plieno serij\u0173; lauko corteno plieno apdaila naudoja naujas technologijas tvariam vystymuisi ir inovacijoms ir tampa geriausia pasaulyje plieno technologija.<\/p>\n<table border=\"1\">\n<tbody>\n<tr>\n<td data-spm-anchor-id=\"a2700.details.0.i40.2eb5646aQ18go6\"><span data-spm-anchor-id=\"a2700.details.0.i39.2eb5646aQ18go6\">Pavadinimas<br \/>\n<\/span><\/td>\n<td>Dekoratyviniai metaliniai vazonai \/ auk\u0161ti kvadratiniai vazonai \/ didelis lauko vazonas<\/td>\n<\/tr>\n<tr>\n<td>Pavir\u0161ius<\/td>\n<td>I\u0161 anksto r\u016bdytas<\/td>\n<\/tr>\n<tr>\n<td>Technologijos<\/td>\n<td>\u00a0Pjovimas lazeriu, lenkimas, profiliavimas, suvirinimas.<\/td>\n<\/tr>\n<tr>\n<td>\u00a0Produktai<\/td>\n<td>Korteniniai vazonai, Korteniniai sodo ekranai, Kortenin\u0117 tvora, Korteninis sodinukas, Kortenin\u0117 grotel\u0117, Korteninis sien\u0173 menas, Kortenin\u0117s plieno atramin\u0117s sienel\u0117s.<\/td>\n<\/tr>\n<\/tbody>\n<\/table>","protected":false},"featured_media":1231,"comment_status":"open","ping_status":"closed","template":"","meta":{"_eb_attr":"","_monsterinsights_skip_tracking":false,"_monsterinsights_sitenote_active":false,"_monsterinsights_sitenote_note":"","_monsterinsights_sitenote_category":0,"_uf_show_specific_survey":0,"_uf_disable_surveys":false},"product_brand":[],"product_cat":[59],"product_tag":[],"class_list":{"0":"post-1230","1":"product","2":"type-product","3":"status-publish","4":"has-post-thumbnail","6":"product_cat-flower-pot","8":"first","9":"instock","10":"shipping-taxable","11":"product-type-simple"},"_links":{"self":[{"href":"https:\/\/keweicorten.com\/lt\/wp-json\/wp\/v2\/product\/1230"}],"collection":[{"href":"https:\/\/keweicorten.com\/lt\/wp-json\/wp\/v2\/product"}],"about":[{"href":"https:\/\/keweicorten.com\/lt\/wp-json\/wp\/v2\/types\/product"}],"replies":[{"embeddable":true,"href":"https:\/\/keweicorten.com\/lt\/wp-json\/wp\/v2\/comments?post=1230"}],"version-history":[{"count":1,"href":"https:\/\/keweicorten.com\/lt\/wp-json\/wp\/v2\/product\/1230\/revisions"}],"predecessor-version":[{"id":1232,"href":"https:\/\/keweicorten.com\/lt\/wp-json\/wp\/v2\/product\/1230\/revisions\/1232"}],"wp:featuredmedia":[{"embeddable":true,"href":"https:\/\/keweicorten.com\/lt\/wp-json\/wp\/v2\/media\/1231"}],"wp:attachment":[{"href":"https:\/\/keweicorten.com\/lt\/wp-json\/wp\/v2\/media?parent=1230"}],"wp:term":[{"taxonomy":"product_brand","embeddable":true,"href":"https:\/\/keweicorten.com\/lt\/wp-json\/wp\/v2\/product_brand?post=1230"},{"taxonomy":"product_cat","embeddable":true,"href":"https:\/\/keweicorten.com\/lt\/wp-json\/wp\/v2\/product_cat?post=1230"},{"taxonomy":"product_tag","embeddable":true,"href":"https:\/\/keweicorten.com\/lt\/wp-json\/wp\/v2\/product_tag?post=1230"}],"curies":[{"name":"wp","href":"https:\/\/api.w.org\/{rel}","templated":true}]}}