{"id":1234,"date":"2024-09-18T07:48:58","date_gmt":"2024-09-18T07:48:58","guid":{"rendered":"https:\/\/keweicorten.com\/?post_type=product&#038;p=1234"},"modified":"2024-09-18T07:48:59","modified_gmt":"2024-09-18T07:48:59","slug":"korteninis-plienas-a588gra","status":"publish","type":"product","link":"https:\/\/keweicorten.com\/lt\/korteninis-plienas-a588gra\/","title":{"rendered":"Korteninis plienas A588GRA"},"content":{"rendered":"<h2>Pagrindin\u0117s atmosferos poveikiui atsparaus plieno plok\u0161\u010di\u0173 savyb\u0117s:<\/h2>\n<ul>\n<li>Atsparumas korozijai: Veikiant atmosferos poveikiams, plienas \u012fgauna stabili\u0105 r\u016bd\u017ei\u0173 i\u0161vaizd\u0105, kuri veikia kaip apsauginis sluoksnis, apsaugantis nuo gilesn\u0117s korozijos. \u0160is oksido sluoksnis laikui b\u0117gant toliau formuojasi, u\u017etikrindamas nuolatin\u0119 apsaug\u0105 nuo aplinkos poveikio.<\/li>\n<li>Didelis stiprumas: D\u0117l to \u0161is plienas tinka sud\u0117tingoms konstrukcijoms ir leid\u017eia kurti lengvesnes ir tvirtesnes konstrukcijas.<\/li>\n<li>Ma\u017eas lydinio kiekis: Jame yra specifini\u0173 legiruojan\u010di\u0173 element\u0173, toki\u0173 kaip varis, chromas ir nikelis, kurie padidina atsparum\u0105 atmosferos poveikiui ir bendr\u0105 ilgaam\u017ei\u0161kum\u0105.<\/li>\n<li>Estetinis patrauklumas<\/li>\n<li>Be prie\u017ei\u016bros: Vienas did\u017eiausi\u0173 atmosferos poveikiui atsparaus plieno Corten Steel A588GRA privalum\u0173 yra tai, kad jam reikia ma\u017eai prie\u017ei\u016bros. Kai susiformuoja apsaugin\u0117 patina, paprastai beveik nereikia apdoroti, dengti ar perda\u017eyti.<\/li>\n<li>Atsparumas aplinkai: Plienas, atsparus atmosferos poveikiui, ypa\u010d tinka lauko konstrukcijoms, nes jis gali atlaikyti \u012fvairias atmosferos s\u0105lygas, \u012fskaitant liet\u0173, snieg\u0105 ir ekstremali\u0105 temperat\u016br\u0105.<\/li>\n<li>Suvirinamumas: Corteno plienas A588GRA gali b\u016bti suvirinamas taip pat, kaip ir kiti konstrukciniai plienai, ta\u010diau, siekiant i\u0161laikyti med\u017eiagos savybes, reikia atsi\u017evelgti \u012f specialius suvirinimo proceso aspektus.<\/li>\n<li>Ilgaam\u017ei\u0161kumas: Corteno plienas A588GRA pasi\u017eymi ilgaam\u017ei\u0161kumu, tod\u0117l ilgainiui tampa ekonomi\u0161kai efektyviu pasirinkimu konstrukcijoms, veikiamoms at\u0161iauri\u0173 oro s\u0105lyg\u0173.<\/li>\n<li>Formuojamumas: Jis lengvai formuojamas \u012f \u012fvairias formas ir strukt\u016bras, tod\u0117l gali b\u016bti pritaikomas architekt\u016briniams ir konstrukciniams tikslams.<\/li>\n<li>Tvarumas: D\u0117l savo patvarumo ir nedideli\u0173 prie\u017ei\u016bros s\u0105naud\u0173 atmosferos poveikiui atsparus plienas prisideda prie tvarios statybos praktikos, nes suma\u017eina dangoms ir da\u017enam keitimui skirt\u0173 i\u0161tekli\u0173 poreik\u012f.<\/li>\n<\/ul>\n<figure style=\"width: 750px\" class=\"wp-caption alignnone\"><a href=\"https:\/\/keweicorten.com\/lt\/susisiekite-su-mumis\/\"><img fetchpriority=\"high\" decoding=\"async\" title=\"kortino plieno lak\u0161tai\" src=\"https:\/\/sc04.alicdn.com\/kf\/H4b06690ff5ec4483be228e9342b4f08fn\/239729424\/H4b06690ff5ec4483be228e9342b4f08fn.jpg\" alt=\"\" width=\"750\" height=\"929\" \/><\/a><figcaption class=\"wp-caption-text\">kortino plieno lak\u0161tai<\/figcaption><\/figure>\n<table class=\"has-title all magic-9\" style=\"height: 323px;\" width=\"910\">\n<tbody>\n<tr>\n<td colspan=\"1\" rowspan=\"1\">\n<div class=\"magic-10\" data-spm-anchor-id=\"a2700.details.0.i42.4d704381X3PZPe\">Produkto pavadinimas<\/div>\n<\/td>\n<td colspan=\"4\" rowspan=\"1\">\n<div class=\"magic-11\">Oro s\u0105lygoms atspari plieno plok\u0161t\u0117<\/div>\n<\/td>\n<\/tr>\n<tr>\n<td colspan=\"1\" rowspan=\"1\">\n<div class=\"magic-10\" data-spm-anchor-id=\"a2700.details.0.i41.4d704381X3PZPe\">Standartinis<\/div>\n<\/td>\n<td colspan=\"4\" rowspan=\"1\">\n<div class=\"magic-11\">DIN GB JIS BA AISI ASTM<\/div>\n<\/td>\n<\/tr>\n<tr>\n<td colspan=\"1\" rowspan=\"1\">\n<div class=\"magic-10\">Ilgis<\/div>\n<\/td>\n<td colspan=\"4\" rowspan=\"1\">\n<div class=\"magic-11\">\u00a0pritaikyti<\/div>\n<\/td>\n<\/tr>\n<tr>\n<td colspan=\"1\" rowspan=\"1\">\n<div class=\"magic-10\">Plotis<\/div>\n<\/td>\n<td colspan=\"4\" rowspan=\"1\">\n<div class=\"magic-11\">pritaikyti<\/div>\n<\/td>\n<\/tr>\n<tr>\n<td colspan=\"1\" rowspan=\"1\">\n<div class=\"magic-10\">Storis<\/div>\n<\/td>\n<td colspan=\"4\" rowspan=\"1\">\n<div class=\"magic-11\">2-100 mm arba gali b\u016bti pritaikytas<\/div>\n<\/td>\n<\/tr>\n<tr>\n<td colspan=\"1\" rowspan=\"1\">\n<div class=\"magic-10\">Med\u017eiaga<\/div>\n<\/td>\n<td colspan=\"4\" rowspan=\"1\">\n<div class=\"magic-11\">\u00a0Q235NH Q355NH Q355GNH Q295NH Q295GNH Q460NH S235J0WP S235J2WP S235J2WP S235J2W A588grA CortenA CortenB Q345NH Q295NH Q295NH Q295GNH Q355GNHL 09CuPCrNi-A SPA-H Corten A CortenB Cu-P<\/div>\n<\/td>\n<\/tr>\n<tr>\n<td colspan=\"1\" rowspan=\"1\">\n<div class=\"magic-10\">Mok\u0117jimas<\/div>\n<\/td>\n<td colspan=\"4\" rowspan=\"1\">\n<div class=\"magic-11\">30%T\/T + 70% balansas<\/div>\n<\/td>\n<\/tr>\n<tr>\n<td colspan=\"1\" rowspan=\"1\">\n<div class=\"magic-10\">Parai\u0161ka<\/div>\n<\/td>\n<td colspan=\"4\" rowspan=\"1\">\n<div class=\"magic-11\">Oro s\u0105lygoms atsparus plienas daugiausia naudojamas gele\u017einkeli\u0173, transporto priemoni\u0173, tilt\u0173, bok\u0161t\u0173, fotoelektros, greitaeig\u0117s in\u017einerijos ir kitose ilgalaik\u0117se<br \/>\nplienini\u0173 konstrukcij\u0173 poveikio atmosferos poveikiui. Jis taip pat gali b\u016bti naudojamas gaminant konteinerius, gele\u017einkelio<br \/>\ntransporto priemoni\u0173, naftos bok\u0161t\u0173, uosto pastat\u0173, naftos platform\u0173 ir talpykl\u0173 su sieros turin\u010diomis korozin\u0117mis terp\u0117mis chemijos ir<br \/>\nnaftos \u012franga. Be to, d\u0117l unikalios atmosferos poveikiu pasi\u017eymin\u010dio plieno i\u0161vaizdos jis taip pat da\u017enai naudojamas vie\u0161ajame mene, lauko<br \/>\nskulpt\u016bros ir pastato i\u0161or\u0117s sien\u0173 apdaila.<\/div>\n<\/td>\n<\/tr>\n<tr>\n<td colspan=\"1\" rowspan=\"1\">\n<div class=\"magic-10\">Eksportin\u0117 pakuot\u0117<\/div>\n<\/td>\n<td colspan=\"4\" rowspan=\"1\">\n<div class=\"magic-11\">Supakuotas vandeniui atsparus popierius ir plienin\u0117s juostel\u0117s.<br \/>\nStandartin\u0117 eksporto j\u016brin\u0117 pakuot\u0117.Tinka vis\u0173 r\u016b\u0161i\u0173 transportui arba pagal poreik\u012f<\/div>\n<\/td>\n<\/tr>\n<tr>\n<td colspan=\"1\" rowspan=\"1\">\n<div class=\"magic-10\">Pavir\u0161ius<\/div>\n<\/td>\n<td colspan=\"4\" rowspan=\"1\">\n<div class=\"magic-14\">Juoda, danga, spalvota danga, antikorozinis lakas, antikorozin\u0117 alyva, tinklelis ir kt.<\/div>\n<\/td>\n<\/tr>\n<\/tbody>\n<\/table>\n<h2 class=\"magic-29\"><span class=\"magic-30\" data-spm-anchor-id=\"a2700.details.0.i45.4d704381X3PZPe\">Oro s\u0105lygoms atsparios plieno plok\u0161t\u0117s taikymas<\/span><\/h2>\n<div class=\"magic-5\">\n<div class=\"magic-6\">\n<div class=\"magic-7\">1<b>\u3001Atsparus oro s\u0105lygoms kra\u0161tovaizdis<\/b><\/p>\n<div><\/div>\n<div>2\u3001<b>Oro s\u0105lygoms atspari u\u017euolaidin\u0117 siena<\/b><\/div>\n<div><\/div>\n<div>3\u3001<b>Or\u0173 skulpt\u016bra<\/b><\/div>\n<div><\/div>\n<div>4\u3001<b>Oro s\u0105lygoms atsparus g\u0117li\u0173 vazonas<\/b><\/div>\n<div><b>\u00a0<\/b><\/div>\n<div>5\u3001<b>Oro s\u0105lygoms atsparus pastatas<\/b><\/div>\n<div><b>\u00a0<\/b><\/div>\n<div>6\u3001<b>Oro s\u0105lygoms atsparus ekranas<\/b><\/div>\n<h2>Produkto pakuot\u0117<\/h2>\n<div>\n<figure style=\"width: 646px\" class=\"wp-caption alignnone\"><a href=\"https:\/\/keweicorten.com\/lt\"><img decoding=\"async\" title=\"kortino plieno plok\u0161t\u0117\" src=\"https:\/\/sc01.alicdn.com\/kf\/HTB1qOM4nrYI8KJjy0Fa762AiVXaL\/231450570\/HTB1qOM4nrYI8KJjy0Fa762AiVXaL.png\" alt=\"\" width=\"646\" height=\"410\" \/><\/a><figcaption class=\"wp-caption-text\">kortino plieno plok\u0161t\u0117<\/figcaption><\/figure>\n<\/div>\n<\/div>\n<\/div>\n<\/div>","protected":false},"excerpt":{"rendered":"<table class=\"all magic-1\" style=\"height: 120px;\" width=\"313\">\n<tbody>\n<tr>\n<td colspan=\"1\" rowspan=\"1\">\n<div class=\"magic-2\" data-spm-anchor-id=\"a2700.details.0.i39.73d28eb8YeAqUO\">Produkto pavadinimas<\/div>\n<\/td>\n<td colspan=\"1\" rowspan=\"1\">\n<div class=\"magic-3\">Oro s\u0105lygoms atspari plieno plok\u0161t\u0117<\/div>\n<\/td>\n<\/tr>\n<tr>\n<td colspan=\"1\" rowspan=\"1\">\n<div class=\"magic-2\">Klas\u0117<\/div>\n<\/td>\n<td colspan=\"1\" rowspan=\"1\">\n<div class=\"magic-3\">09CuPCrNi-A, cortenA, cortenB<br \/>\nQ235NH,Q295NH,Q345NH,Q500NH<br \/>\nS235JOW,S355JOW,S355J2WP<\/div>\n<\/td>\n<\/tr>\n<tr>\n<td colspan=\"1\" rowspan=\"1\">\n<div class=\"magic-2\">Technika<\/div>\n<\/td>\n<td colspan=\"1\" rowspan=\"1\">\n<div class=\"magic-3\">\u0160altojo valcavimo<\/div>\n<\/td>\n<\/tr>\n<tr>\n<td colspan=\"1\" rowspan=\"1\">\n<div class=\"magic-2\">Pavir\u0161ius<\/div>\n<\/td>\n<td colspan=\"1\" rowspan=\"1\">\n<div class=\"magic-3\">Apdorojimas r\u016bdimis, valymas, sm\u0117liavimas arba pagal kliento reikalavimus.<\/div>\n<\/td>\n<\/tr>\n<\/tbody>\n<\/table>","protected":false},"featured_media":1244,"comment_status":"open","ping_status":"closed","template":"","meta":{"_eb_attr":"","_monsterinsights_skip_tracking":false,"_monsterinsights_sitenote_active":false,"_monsterinsights_sitenote_note":"","_monsterinsights_sitenote_category":0,"_uf_show_specific_survey":0,"_uf_disable_surveys":false},"product_brand":[],"product_cat":[21],"product_tag":[],"class_list":{"0":"post-1234","1":"product","2":"type-product","3":"status-publish","4":"has-post-thumbnail","6":"product_cat-weather-resistant-steel-plate","8":"first","9":"instock","10":"shipping-taxable","11":"product-type-simple"},"_links":{"self":[{"href":"https:\/\/keweicorten.com\/lt\/wp-json\/wp\/v2\/product\/1234"}],"collection":[{"href":"https:\/\/keweicorten.com\/lt\/wp-json\/wp\/v2\/product"}],"about":[{"href":"https:\/\/keweicorten.com\/lt\/wp-json\/wp\/v2\/types\/product"}],"replies":[{"embeddable":true,"href":"https:\/\/keweicorten.com\/lt\/wp-json\/wp\/v2\/comments?post=1234"}],"version-history":[{"count":1,"href":"https:\/\/keweicorten.com\/lt\/wp-json\/wp\/v2\/product\/1234\/revisions"}],"predecessor-version":[{"id":1245,"href":"https:\/\/keweicorten.com\/lt\/wp-json\/wp\/v2\/product\/1234\/revisions\/1245"}],"wp:featuredmedia":[{"embeddable":true,"href":"https:\/\/keweicorten.com\/lt\/wp-json\/wp\/v2\/media\/1244"}],"wp:attachment":[{"href":"https:\/\/keweicorten.com\/lt\/wp-json\/wp\/v2\/media?parent=1234"}],"wp:term":[{"taxonomy":"product_brand","embeddable":true,"href":"https:\/\/keweicorten.com\/lt\/wp-json\/wp\/v2\/product_brand?post=1234"},{"taxonomy":"product_cat","embeddable":true,"href":"https:\/\/keweicorten.com\/lt\/wp-json\/wp\/v2\/product_cat?post=1234"},{"taxonomy":"product_tag","embeddable":true,"href":"https:\/\/keweicorten.com\/lt\/wp-json\/wp\/v2\/product_tag?post=1234"}],"curies":[{"name":"wp","href":"https:\/\/api.w.org\/{rel}","templated":true}]}}