{"id":1241,"date":"2024-09-18T07:36:57","date_gmt":"2024-09-18T07:36:57","guid":{"rendered":"https:\/\/keweicorten.com\/?post_type=product&#038;p=1241"},"modified":"2024-09-18T07:36:57","modified_gmt":"2024-09-18T07:36:57","slug":"korteninio-plieno-lakstas-q345nh","status":"publish","type":"product","link":"https:\/\/keweicorten.com\/lt\/korteninio-plieno-lakstas-q345nh\/","title":{"rendered":"Korteninio plieno lak\u0161tas Q345NH"},"content":{"rendered":"<p>Korteno plienas, dar vadinamas atmosferos poveikiu pasi\u017eymin\u010diu plienu, yra plieno lydinys, sukurtas taip, kad b\u016bt\u0173 atsparus korozijai ir dilimui. Q345NH yra specifin\u0117 atmosferos poveikiui atsparaus plieno r\u016b\u0161is, paprastai naudojama atmosferos aplinkoje. \u0160tai keletas svarbiausi\u0173 dalyk\u0173, susijusi\u0173 su Q345NH:<\/p>\n<h2>Q345NH charakteristikos:<\/h2>\n<p>1. Sud\u0117tis: korteninio plieno lak\u0161tas Q345NH paprastai turi papildom\u0173 element\u0173, toki\u0173 kaip chromas, nikelis ir varis, kurie padidina jo atsparum\u0105 atmosferos korozijai.<br \/>\n2. Atsparumas korozijai: Plienas, veikiamas aplinkos veiksni\u0173, sudaro apsaugin\u012f patinos sluoksn\u012f, kuris apsaugo nuo tolesn\u0117s korozijos.<br \/>\n3. Mechanin\u0117s savyb\u0117s:<br \/>\n- I\u0161traukiamoji geba: Apie 345 MPa<br \/>\n- Tempimo stipris: Paprastai 470-630 MPa<br \/>\n4. Parai\u0161kos: Da\u017enai naudojami lauko statiniuose, tiltuose, skulpt\u016brose ir architekt\u016briniuose projektuose, kur svarbus atsparumas atmosferos poveikiui.<\/p>\n<h2>Corteno plieno lak\u0161tas Q345NH Privalumai:<\/h2>\n<p>Patvarumas: Ilgas tarnavimo laikas d\u0117l atsparumo korozijai.<br \/>\nMa\u017eai prie\u017ei\u016bros: Apsaugin\u0117 patina suma\u017eina reguliarios prie\u017ei\u016bros poreik\u012f.<br \/>\nEstetinis patrauklumas: Suteikia unikali\u0105 kaimi\u0161k\u0105 i\u0161vaizd\u0105, kuri pageidautina daugelyje architekt\u016brini\u0173 objekt\u0173.<\/p>\n<p>Svarstymai:<br \/>\nNorint u\u017etikrinti patinos veiksmingum\u0105, b\u016btina tinkamai suprojektuoti.<br \/>\n- D\u0117l lydinio sud\u0117ties gali prireikti speciali\u0173 tvarkymo ir suvirinimo metod\u0173.<\/p>\n<figure style=\"width: 606px\" class=\"wp-caption alignnone\"><a href=\"https:\/\/keweicorten.com\/lt\/susisiekite-su-mumis\/\"><img fetchpriority=\"high\" decoding=\"async\" title=\"korteninis metalas\" src=\"https:\/\/sc04.alicdn.com\/kf\/H1bfd17afb11542dd95c1e18de852bb2cJ\/234518937\/H1bfd17afb11542dd95c1e18de852bb2cJ.jpg\" alt=\"\" width=\"606\" height=\"545\" \/><\/a><figcaption class=\"wp-caption-text\">korteninis metalas<\/figcaption><\/figure>\n<table class=\"has-title all magic-9\" style=\"height: 175px;\" width=\"890\">\n<tbody>\n<tr>\n<td colspan=\"1\" rowspan=\"1\">\n<div class=\"magic-10\" data-spm-anchor-id=\"a2700.details.0.i34.6d627765emMXnq\">Produkto pavadinimas<\/div>\n<\/td>\n<td colspan=\"4\" rowspan=\"1\">\n<div class=\"magic-11\">Oro s\u0105lygoms atspari plieno plok\u0161t\u0117<\/div>\n<\/td>\n<\/tr>\n<tr>\n<td colspan=\"1\" rowspan=\"1\">\n<div class=\"magic-10\">Standartinis<\/div>\n<\/td>\n<td colspan=\"4\" rowspan=\"1\">\n<div class=\"magic-11\">DIN GB JIS BA AISI ASTM<\/div>\n<\/td>\n<\/tr>\n<tr>\n<td colspan=\"1\" rowspan=\"1\">\n<div class=\"magic-10\">Ilgis<\/div>\n<\/td>\n<td colspan=\"4\" rowspan=\"1\">\n<div class=\"magic-11\">Gali b\u016bti pritaikytas<\/div>\n<\/td>\n<\/tr>\n<tr>\n<td colspan=\"1\" rowspan=\"1\">\n<div class=\"magic-10\">Plotis<\/div>\n<\/td>\n<td colspan=\"4\" rowspan=\"1\">\n<div class=\"magic-11\">Gali b\u016bti pritaikytas<\/div>\n<\/td>\n<\/tr>\n<tr>\n<td colspan=\"1\" rowspan=\"1\">\n<div class=\"magic-10\">Storis<\/div>\n<\/td>\n<td colspan=\"4\" rowspan=\"1\">\n<div class=\"magic-11\">2-100 mm arba gali b\u016bti pritaikytas<\/div>\n<\/td>\n<\/tr>\n<tr>\n<td colspan=\"1\" rowspan=\"1\">\n<div class=\"magic-10\">Med\u017eiaga<\/div>\n<\/td>\n<td colspan=\"4\" rowspan=\"1\">\n<div class=\"magic-11\">Q345NH<\/div>\n<\/td>\n<\/tr>\n<tr>\n<td colspan=\"1\" rowspan=\"1\">Provice<\/td>\n<td colspan=\"4\" rowspan=\"1\">Henanas, Anyangas<\/td>\n<\/tr>\n<tr>\n<td colspan=\"1\" rowspan=\"1\">\n<div class=\"magic-10\">Parai\u0161ka<\/div>\n<\/td>\n<td colspan=\"4\" rowspan=\"1\">\n<div class=\"magic-11\" data-spm-anchor-id=\"a2700.details.0.i41.6d627765emMXnq\">Oro s\u0105lygoms atsparus plienas daugiausia naudojamas gele\u017einkeli\u0173, transporto priemoni\u0173, tilt\u0173, bok\u0161t\u0173, fotoelektros, greitaeig\u0117s in\u017einerijos ir kitose ilgalaik\u0117se<br \/>\nplienini\u0173 konstrukcij\u0173 poveikio atmosferos poveikiui. Jis taip pat gali b\u016bti naudojamas gaminant konteinerius, gele\u017einkelio<br \/>\ntransporto priemoni\u0173, naftos bok\u0161t\u0173, uosto pastat\u0173, naftos platform\u0173 ir talpykl\u0173 su sieros turin\u010diomis korozin\u0117mis terp\u0117mis chemijos ir<br \/>\nnaftos \u012franga. Be to, d\u0117l unikalios atmosferos poveikiu pasi\u017eymin\u010dio plieno i\u0161vaizdos jis taip pat da\u017enai naudojamas vie\u0161ajame mene, lauko<br \/>\nskulpt\u016bros ir pastato i\u0161or\u0117s sien\u0173 apdaila.<\/div>\n<\/td>\n<\/tr>\n<tr>\n<td colspan=\"1\" rowspan=\"1\">\n<div class=\"magic-10\">Eksportin\u0117 pakuot\u0117<\/div>\n<\/td>\n<td colspan=\"4\" rowspan=\"1\">\n<div class=\"magic-11\">Supakuotas vandeniui atsparus popierius ir plienin\u0117s juostel\u0117s.<br \/>\nStandartin\u0117 eksporto j\u016brin\u0117 pakuot\u0117.Tinka vis\u0173 r\u016b\u0161i\u0173 transportui arba pagal poreik\u012f<\/div>\n<\/td>\n<\/tr>\n<tr>\n<td colspan=\"1\" rowspan=\"1\">\n<div class=\"magic-10\">Pavir\u0161ius<\/div>\n<\/td>\n<td colspan=\"4\" rowspan=\"1\">\n<div class=\"magic-14\">Juoda, danga, spalvota danga, antikorozinis lakas, antikorozin\u0117 alyva, tinklelis ir kt.<\/div>\n<\/td>\n<\/tr>\n<\/tbody>\n<\/table>\n<figure style=\"width: 808px\" class=\"wp-caption alignnone\"><a href=\"https:\/\/keweicorten.com\/lt\"><img decoding=\"async\" title=\"cor ten atmosferos poveikiui atsparus plienas\" src=\"https:\/\/sc04.alicdn.com\/kf\/Hd90ee00edc574f218534265cd9014001r\/244098142\/Hd90ee00edc574f218534265cd9014001r.jpg\" alt=\"\" width=\"808\" height=\"606\" \/><\/a><figcaption class=\"wp-caption-text\">cor ten atmosferos poveikiui atsparus plienas<\/dd>\n<dd><\/figcaption><\/figure>\n<div class=\"magic-25\">\n<h3 class=\"magic-28\"><span class=\"magic-22\" data-spm-anchor-id=\"a2700.details.0.i44.6d627765emMXnq\">Oro s\u0105lygoms atspari u\u017euolaidin\u0117 siena<\/span><\/h3>\n<\/div>\n<div class=\"magic-6\">\n<div class=\"magic-7\"><span class=\"magic-8\">Ant atmosferos poveikiui atsparios plieno plok\u0161t\u0117s pavir\u0161iaus gali susidaryti tankus oksido sluoksnis, turintis stabili\u0105 ir vienod\u0105 nat\u016brali\u0105 r\u016bd\u017ei\u0173 raudon\u0105 spalv\u0105, kuri yra patraukli pastat\u0173 i\u0161orini\u0173 sien\u0173 med\u017eiaga.<\/span><\/div>\n<\/div>\n<div><\/div>\n<div>\n<div class=\"J_module\">\n<h2 id=\"ali-anchor-AliMagic-59mjkc\" class=\"magic-0\" data-section=\"AliMagic-59mjkc\" data-section-title=\"Packing and shipping\" data-spm-anchor-id=\"a2700.details.0.i47.6d627765emMXnq\">Pakavimas ir siuntimas<\/h2>\n<p>Siekiant geriau u\u017etikrinti j\u016bs\u0173 preki\u0173 saugum\u0105, bus teikiamos profesionalios, ekologi\u0161kos, patogios ir veiksmingos pakavimo paslaugos.<\/p>\n<\/div>\n<\/div>\n<div class=\"magic-6\">\n<div>\n<figure style=\"width: 702px\" class=\"wp-caption alignnone\"><a href=\"https:\/\/keweicorten.com\/lt\"><img decoding=\"async\" title=\"cor ten\" src=\"https:\/\/sc04.alicdn.com\/kf\/H7797fd55b837482089a07478ece1cdc1U\/244098142\/H7797fd55b837482089a07478ece1cdc1U.jpg\" alt=\"\" width=\"702\" height=\"437\" \/><\/a><figcaption class=\"wp-caption-text\">cor ten<\/figcaption><\/figure>\n<figure style=\"width: 700px\" class=\"wp-caption alignnone\"><a href=\"https:\/\/keweicorten.com\/lt\"><img loading=\"lazy\" decoding=\"async\" title=\"korteninio plieno dangos\" src=\"https:\/\/sc04.alicdn.com\/kf\/H8a0f8c737f5141c4a353d7772f3f6b566\/244098142\/H8a0f8c737f5141c4a353d7772f3f6b566.jpg\" alt=\"\" width=\"700\" height=\"525\" \/><\/a><figcaption class=\"wp-caption-text\">korteninio plieno dangos<\/figcaption><\/figure>\n<div class=\"J_module\">\n<h2 id=\"ali-anchor-AliMagic-hdaj54\" class=\"magic-0\" data-section=\"AliMagic-hdaj54\" data-section-title=\"FAQ\">DUK<\/h2>\n<\/div>\n<div class=\"J_module\">\n<div class=\"detail-decorate-json-renderer-container\">\n<div class=\"magic-4\">\n<div class=\"magic-5\">\n<div class=\"magic-6\">\n<div class=\"magic-7\"><b><span class=\"magic-23\">1. AR GALIU GAUTI PAVYZD\u017dI\u0172? <\/span><\/b><\/p>\n<div><span class=\"magic-23\">Taip. Galime pateikti pavyzd\u017ei\u0173, ta\u010diau jums reikia i\u0161 anksto sumok\u0117ti pavyzd\u017eio mokest\u012f ir pristatymo i\u0161laidas. Pavyzd\u017eio mokest\u012f gr\u0105\u017einsime jums pateikus u\u017esakym\u0105. Prane\u0161kite mums savo kurjerio s\u0105skait\u0105 arba atsi\u0173skite mums savo mokes\u010dius ir mes pasir\u016bpinsime, kad jums atsi\u0173stume pavyzd\u012f.<br \/>\n<b class=\"magic-57\">2. AR GALITE GAMINTI PAGAL PAVYZD\u017dIUS? <\/b><br \/>\nTaip, galime pagaminti j\u016bs\u0173 pavyzd\u017eius arba techninius br\u0117\u017einius. Galime pagaminti liejimo formas ir armat\u016br\u0105.<br \/>\n<b class=\"magic-57\">3. KOKIOS YRA J\u016aS\u0172 MOK\u0116JIMO S\u0104LYGOS? <\/b><br \/>\nMok\u0117jimas=1000USD, 30% T\/T i\u0161 anksto, likutis prie\u0161 i\u0161siuntim\u0105. Jei turite kit\u0173 klausim\u0173, nedvejodami susisiekite su mumis.<br \/>\n<b class=\"magic-57\">4. KOKIOS YRA J\u016aS\u0172 PRISTATYMO S\u0104LYGOS? <\/b><br \/>\nEXW, FOB, CFR, CIF, DDU.<br \/>\n<b class=\"magic-57\">5. AR GALIME APSILANKYTI J\u016aS\u0172 GAMYKLOJE?<\/b><br \/>\nNuo\u0161ird\u017eiai sveikiname. Gav\u0119 j\u016bs\u0173 tvarkara\u0161t\u012f, pasir\u016bpinsime, kad profesionali pardavim\u0173 komanda imt\u0173si tolesni\u0173 veiksm\u0173 j\u016bs\u0173 atveju.<br \/>\n<b class=\"magic-57\">6. KAIP D\u0116L J\u016aS\u0172 PRISTATYMO LAIKO? <\/b><br \/>\nPaprastai per 10-25 dienas nuo avanso gavimo. Tikslus pristatymo laikas priklauso nuo u\u017esakyt\u0173 preki\u0173 ir kiekio.<br \/>\n<b class=\"magic-57\">7. PRIVALUMAI PO PARDAVIMO<\/b>.<br \/>\nMet\u0173 garantija gaminiams; Jei pirm\u0105 kart\u0105 aptiksite nekokybi\u0161k\u0173 dali\u0173, kitame u\u017esakyme nemokamai suteiksime nauj\u0173 dali\u0173. Kadangi esame patyr\u0119s gamintojas, galite b\u016bti tikri d\u0117l kokyb\u0117s ir aptarnavimo po pardavimo.<\/span><\/div>\n<\/div>\n<\/div>\n<\/div>\n<\/div>\n<\/div>\n<\/div>\n<\/div>\n<\/div>","protected":false},"excerpt":{"rendered":"<p>Q345NH d\u0117l savo unikali\u0173 savybi\u0173 ir estetinio patrauklumo pla\u010diai naudojamas statyboje ir mene. Jei turite konkretesni\u0173 u\u017eklaus\u0173 arba jums reikia daugiau informacijos, nedvejodami klauskite!<\/p>","protected":false},"featured_media":1242,"comment_status":"open","ping_status":"closed","template":"","meta":{"_eb_attr":"","_monsterinsights_skip_tracking":false,"_monsterinsights_sitenote_active":false,"_monsterinsights_sitenote_note":"","_monsterinsights_sitenote_category":0,"_uf_show_specific_survey":0,"_uf_disable_surveys":false},"product_brand":[],"product_cat":[21],"product_tag":[],"class_list":{"0":"post-1241","1":"product","2":"type-product","3":"status-publish","4":"has-post-thumbnail","6":"product_cat-weather-resistant-steel-plate","8":"first","9":"instock","10":"shipping-taxable","11":"product-type-simple"},"_links":{"self":[{"href":"https:\/\/keweicorten.com\/lt\/wp-json\/wp\/v2\/product\/1241"}],"collection":[{"href":"https:\/\/keweicorten.com\/lt\/wp-json\/wp\/v2\/product"}],"about":[{"href":"https:\/\/keweicorten.com\/lt\/wp-json\/wp\/v2\/types\/product"}],"replies":[{"embeddable":true,"href":"https:\/\/keweicorten.com\/lt\/wp-json\/wp\/v2\/comments?post=1241"}],"version-history":[{"count":1,"href":"https:\/\/keweicorten.com\/lt\/wp-json\/wp\/v2\/product\/1241\/revisions"}],"predecessor-version":[{"id":1243,"href":"https:\/\/keweicorten.com\/lt\/wp-json\/wp\/v2\/product\/1241\/revisions\/1243"}],"wp:featuredmedia":[{"embeddable":true,"href":"https:\/\/keweicorten.com\/lt\/wp-json\/wp\/v2\/media\/1242"}],"wp:attachment":[{"href":"https:\/\/keweicorten.com\/lt\/wp-json\/wp\/v2\/media?parent=1241"}],"wp:term":[{"taxonomy":"product_brand","embeddable":true,"href":"https:\/\/keweicorten.com\/lt\/wp-json\/wp\/v2\/product_brand?post=1241"},{"taxonomy":"product_cat","embeddable":true,"href":"https:\/\/keweicorten.com\/lt\/wp-json\/wp\/v2\/product_cat?post=1241"},{"taxonomy":"product_tag","embeddable":true,"href":"https:\/\/keweicorten.com\/lt\/wp-json\/wp\/v2\/product_tag?post=1241"}],"curies":[{"name":"wp","href":"https:\/\/api.w.org\/{rel}","templated":true}]}}