{"id":1269,"date":"2024-09-19T07:26:56","date_gmt":"2024-09-19T07:26:56","guid":{"rendered":"https:\/\/keweicorten.com\/?post_type=product&#038;p=1269"},"modified":"2025-01-15T06:26:37","modified_gmt":"2025-01-15T06:26:37","slug":"lauko-duju-ugniavietes-stalas","status":"publish","type":"product","link":"https:\/\/keweicorten.com\/lt\/lauko-duju-ugniavietes-stalas\/","title":{"rendered":"lauko duj\u0173 ugniaviet\u0117s stalas"},"content":{"rendered":"<p>Lauko dujinis stalas - tai daugiafunkcinis lauko baldas, kuriame ugniakuro \u0161iluma ir atmosfera dera su stalo prakti\u0161kumu. Jis varomas propanu arba gamtin\u0117mis dujomis, tod\u0117l yra \u0161varesnis ir patogesnis nei malkomis k\u016brenamos ugniaviet\u0117s. \u0160i\u0173 stal\u0173 centre da\u017enai b\u016bna ugniakuras, kur\u012f supa plok\u0161\u010dias pavir\u0161ius, ant kurio galima d\u0117ti g\u0117rimus, u\u017ekand\u017eius ar dekoratyvinius daiktus.<\/p>\n<h2>Gamtini\u0173 duj\u0173 ugnies stalas Pagrindin\u0117s savyb\u0117s:<\/h2>\n<p>1. Med\u017eiaga: \u012eprastos med\u017eiagos: aliuminis, plienas, pintos, betonas ir akmuo, kuri\u0173 kiekviena pasi\u017eymi skirtinga estetika ir patvarumu lauko s\u0105lygoms.<br \/>\n2. Ugnies \u017einiasklaida: Ugnies zona da\u017enai puo\u0161iama ugnies stiklu, lavos akmenimis ar keraminiais r\u0105stais, kad b\u016bt\u0173 vizualiai patrauklesn\u0117.<br \/>\n3. Kuro tipas:<br \/>\nPropanas: Reikalingas propano bakas, da\u017enai laikomas po stalu.<br \/>\nGamtin\u0117s dujos: Duj\u0173 dujos: paprastai prijungiamos tiesiogiai prie dujotiekio, tod\u0117l jos yra nuolatin\u0117s.<br \/>\n4. Stalo erdv\u0117: I\u0161orinis ugniakuro stalo kra\u0161tas yra funkcin\u0117 stalo erdv\u0117, kurioje galima pasid\u0117ti daiktus ir m\u0117gautis ugnimi.<br \/>\n5. U\u017edegimas: Dauguma modeli\u0173 turi lengvai naudojam\u0105 u\u017edegimo sistem\u0105 (mygtukin\u0119 arba elektronin\u0119).<br \/>\n6. \u0160ilumin\u0117 galia (BTU): Didesn\u0117s BTU reik\u0161m\u0117s u\u017etikrina daugiau \u0161ilumos didesn\u0117se patalpose.<\/p>\n<p>Privalumai:<br \/>\nDaugiafunkcinis: Galima naudoti ir kaip ugniakur\u0105, ir kaip stal\u0105 pramogoms.<br \/>\nLengva paleisti ir valdyti: \u012ejunkite ir i\u0161junkite ugn\u012f jungikliu arba ranken\u0117le.<br \/>\nMa\u017eiau prie\u017ei\u016bros: Skirtingai nuo tradicini\u0173 ugniakur\u0173, nereikia valyti pelen\u0173 ar medienos liku\u010di\u0173.<br \/>\nEleganti\u0161kas dizainas: Daugelis modeli\u0173 yra modernaus dizaino, kuris pagerina lauko erdvi\u0173 estetik\u0105.<\/p>\n<p>Svarstymai:<br \/>\nDydis: \u012esitikinkite, kad stalas patogiai tilps j\u016bs\u0173 lauko erdv\u0117je ir nebus perpildytas.<br \/>\nApsauga nuo oro s\u0105lyg\u0173: Ie\u0161kokite med\u017eiag\u0173, kurios gali b\u016bti atsparios lauko s\u0105lygoms, arba investuokite \u012f apsaug\u0105.<br \/>\n\u0160ilumos spindulys: Priklausomai nuo dyd\u017eio ir BTU galios, ugniaviet\u0117s stalas \u0161ildys tam tikr\u0105 plot\u0105. Apsvarstykite, ar to pakanka j\u016bs\u0173 poreikiams.<\/p>\n<table class=\"has-title all magic-6\">\n<tbody>\n<tr>\n<td colspan=\"1\" rowspan=\"1\">\n<div class=\"magic-7\" data-spm-anchor-id=\"a2700.details.0.i38.476a7509rg8LcG\">Produkto pavadinimas<\/div>\n<\/td>\n<td colspan=\"1\" rowspan=\"1\">\n<div class=\"magic-8\">Ilgaam\u017eis lauko \u0161ildytuvas Ugnis Anglis Metalas Gamta Dujos Lauko ugniakuras<\/div>\n<\/td>\n<\/tr>\n<tr>\n<td colspan=\"1\" rowspan=\"1\">\n<div class=\"magic-7\">Med\u017eiaga<\/div>\n<\/td>\n<td colspan=\"1\" rowspan=\"1\">\n<div class=\"magic-8\">Korteninis plienas, ner\u016bdijantis plienas<\/div>\n<\/td>\n<\/tr>\n<tr>\n<td colspan=\"1\" rowspan=\"1\">\n<div class=\"magic-7\">Dydis<\/div>\n<\/td>\n<td colspan=\"1\" rowspan=\"1\">\n<div class=\"magic-8\">800*800*400 arba pagal u\u017esakym\u0105<\/div>\n<\/td>\n<\/tr>\n<tr>\n<td colspan=\"1\" rowspan=\"1\">\n<div class=\"magic-7\">Pavir\u0161ius<\/div>\n<\/td>\n<td colspan=\"1\" rowspan=\"1\">\n<div class=\"magic-8\">miltelinis da\u017eymas juoda spalva<\/div>\n<\/td>\n<\/tr>\n<tr>\n<td colspan=\"1\" rowspan=\"1\">\n<div class=\"magic-7\">Technologijos<\/div>\n<\/td>\n<td colspan=\"1\" rowspan=\"1\">\n<div class=\"magic-8\">\u00a0Pjaustymas lazeriu, lenkimas, perforavimas, suvirinimas, oro s\u0105lyg\u0173 keitimas<\/div>\n<\/td>\n<\/tr>\n<tr>\n<td colspan=\"1\" rowspan=\"1\">\n<div class=\"magic-7\">Parai\u0161ka<\/div>\n<\/td>\n<td colspan=\"1\" rowspan=\"1\">\n<div class=\"magic-8\">Lauko arba kiemo dekoras<\/div>\n<\/td>\n<\/tr>\n<\/tbody>\n<\/table>\n<figure style=\"width: 700px\" class=\"wp-caption alignnone\"><a href=\"https:\/\/keweicorten.com\/lt\"><img fetchpriority=\"high\" decoding=\"async\" title=\"ugniakuras ant stalo\" src=\"https:\/\/sc04.alicdn.com\/kf\/H2922166013fd43e4ae1450eaa5391c06A\/252624420\/H2922166013fd43e4ae1450eaa5391c06A.jpg\" alt=\"\" width=\"700\" height=\"700\" \/><\/a><figcaption class=\"wp-caption-text\">ugniakuras ant stalo<\/figcaption><\/figure>","protected":false},"excerpt":{"rendered":"<p>An outdoor gas fire pit table is a multifunctional piece of outdoor furniture that combines the warmth and ambiance of a fire pit with the practicality of a table. It runs on either propane or natural gas, making it cleaner and more convenient than wood-burning fire pits. These tables often feature a fire pit in [&hellip;]<\/p>","protected":false},"featured_media":1271,"comment_status":"open","ping_status":"closed","template":"","meta":{"_eb_attr":"","_monsterinsights_skip_tracking":false,"_monsterinsights_sitenote_active":false,"_monsterinsights_sitenote_note":"","_monsterinsights_sitenote_category":0,"_uf_show_specific_survey":0,"_uf_disable_surveys":false},"product_brand":[],"product_cat":[55],"product_tag":[],"class_list":{"0":"post-1269","1":"product","2":"type-product","3":"status-publish","4":"has-post-thumbnail","6":"product_cat-gas-fire-pit","8":"first","9":"instock","10":"shipping-taxable","11":"product-type-simple"},"_links":{"self":[{"href":"https:\/\/keweicorten.com\/lt\/wp-json\/wp\/v2\/product\/1269"}],"collection":[{"href":"https:\/\/keweicorten.com\/lt\/wp-json\/wp\/v2\/product"}],"about":[{"href":"https:\/\/keweicorten.com\/lt\/wp-json\/wp\/v2\/types\/product"}],"replies":[{"embeddable":true,"href":"https:\/\/keweicorten.com\/lt\/wp-json\/wp\/v2\/comments?post=1269"}],"version-history":[{"count":1,"href":"https:\/\/keweicorten.com\/lt\/wp-json\/wp\/v2\/product\/1269\/revisions"}],"predecessor-version":[{"id":1272,"href":"https:\/\/keweicorten.com\/lt\/wp-json\/wp\/v2\/product\/1269\/revisions\/1272"}],"wp:featuredmedia":[{"embeddable":true,"href":"https:\/\/keweicorten.com\/lt\/wp-json\/wp\/v2\/media\/1271"}],"wp:attachment":[{"href":"https:\/\/keweicorten.com\/lt\/wp-json\/wp\/v2\/media?parent=1269"}],"wp:term":[{"taxonomy":"product_brand","embeddable":true,"href":"https:\/\/keweicorten.com\/lt\/wp-json\/wp\/v2\/product_brand?post=1269"},{"taxonomy":"product_cat","embeddable":true,"href":"https:\/\/keweicorten.com\/lt\/wp-json\/wp\/v2\/product_cat?post=1269"},{"taxonomy":"product_tag","embeddable":true,"href":"https:\/\/keweicorten.com\/lt\/wp-json\/wp\/v2\/product_tag?post=1269"}],"curies":[{"name":"wp","href":"https:\/\/api.w.org\/{rel}","templated":true}]}}