{"id":1273,"date":"2024-09-19T07:42:09","date_gmt":"2024-09-19T07:42:09","guid":{"rendered":"https:\/\/keweicorten.com\/?post_type=product&#038;p=1273"},"modified":"2025-01-15T06:26:29","modified_gmt":"2025-01-15T06:26:29","slug":"dujine-ugniaviete","status":"publish","type":"product","link":"https:\/\/keweicorten.com\/lt\/dujine-ugniaviete\/","title":{"rendered":"sodo stalas su ugniaviete"},"content":{"rendered":"<table class=\"has-title all magic-16\" style=\"height: 272px;\" width=\"773\">\n<tbody>\n<tr>\n<td colspan=\"2\" rowspan=\"1\">\n<div class=\"magic-17\"><b><span class=\"magic-18\" style=\"color: #000000;\" data-spm-anchor-id=\"a2700.details.0.i40.6b724b3bPgup84\">Specifikacijos<\/span><\/b><\/div>\n<\/td>\n<\/tr>\n<tr>\n<td colspan=\"1\" rowspan=\"1\">\n<div class=\"magic-21\"><span class=\"magic-11\" style=\"color: #000000;\">Produkto pavadinimas<\/span><\/div>\n<\/td>\n<td colspan=\"1\" rowspan=\"1\">\n<div class=\"magic-22\"><span class=\"magic-11\" style=\"color: #000000;\">Sta\u010diakampio formos metalinis ugniakuras Propano lauko sodo \u0161ildymo ugniakuras Dideli dujiniai \u0161ildytuvai Corteno plieno duj\u0173 ugniakuras<\/span><\/div>\n<\/td>\n<\/tr>\n<tr>\n<td colspan=\"1\" rowspan=\"1\">\n<div class=\"magic-21\"><span class=\"magic-11\" style=\"color: #000000;\">Prek\u0117s \u017eenklo pavadinimas<\/span><\/div>\n<\/td>\n<td colspan=\"1\" rowspan=\"1\">\n<div class=\"magic-22\"><span class=\"magic-11\" style=\"color: #000000;\">SHKW Corten Garden<\/span><\/div>\n<\/td>\n<\/tr>\n<tr>\n<td colspan=\"1\" rowspan=\"1\">\n<div class=\"magic-21\"><span class=\"magic-11\" style=\"color: #000000;\">Modelio numeris<\/span><\/div>\n<\/td>\n<td colspan=\"1\" rowspan=\"1\">SHKW-FP-01<\/td>\n<\/tr>\n<tr>\n<td colspan=\"1\" rowspan=\"1\">\n<div class=\"magic-21\"><span class=\"magic-11\" style=\"color: #000000;\">Med\u017eiaga<\/span><\/div>\n<\/td>\n<td colspan=\"1\" rowspan=\"1\">\n<div class=\"magic-22\"><span class=\"magic-11\" style=\"color: #000000;\">Korteninis plienas \/ orus veikiantis plienas<\/span><\/div>\n<\/td>\n<\/tr>\n<tr>\n<td colspan=\"1\" rowspan=\"1\">\n<div class=\"magic-21\"><span class=\"magic-11\" style=\"color: #000000;\">Dydis<\/span><\/div>\n<\/td>\n<td colspan=\"1\" rowspan=\"1\">\n<div class=\"magic-22\"><span class=\"magic-11\" style=\"color: #000000;\">60\" X 16\" X 24 \"H (1500X 400 X 600H mm)<\/span><\/div>\n<\/td>\n<\/tr>\n<tr>\n<td colspan=\"1\" rowspan=\"1\">\n<div class=\"magic-21\"><span style=\"color: #000000;\">Svoris<\/span><\/div>\n<\/td>\n<td colspan=\"1\" rowspan=\"1\">\n<div class=\"magic-22\"><span style=\"color: #000000;\">IKI 240 SVAR\u0172 (108 KG)<\/span><\/div>\n<\/td>\n<\/tr>\n<tr>\n<td colspan=\"1\" rowspan=\"1\">\n<div class=\"magic-21\"><span class=\"magic-11\" style=\"color: #000000;\">Paketas<\/span><\/div>\n<\/td>\n<td colspan=\"1\" rowspan=\"1\">\n<div class=\"magic-22\"><span class=\"magic-11\" style=\"color: #000000;\">Viduje: I\u0161or\u0117: D\u0117\u017eut\u0117: kartonin\u0117 d\u0117\u017eut\u0117.<\/span><\/div>\n<\/td>\n<\/tr>\n<tr>\n<td colspan=\"1\" rowspan=\"1\">\n<div class=\"magic-21\"><span class=\"magic-11\" style=\"color: #000000;\">Pavir\u0161iaus apdorojimas<\/span><\/div>\n<\/td>\n<td colspan=\"1\" rowspan=\"1\">\n<div class=\"magic-22\"><span class=\"magic-11\" style=\"color: #000000;\">I\u0161 anksto sur\u016bdij\u0119s, galima pritaikyti<\/span><\/div>\n<\/td>\n<\/tr>\n<tr>\n<td colspan=\"1\" rowspan=\"1\">\n<div class=\"magic-21\"><span class=\"magic-11\" style=\"color: #000000;\">MOQ<\/span><\/div>\n<\/td>\n<td colspan=\"1\" rowspan=\"1\">\n<div class=\"magic-22\"><span class=\"magic-11\" style=\"color: #000000;\">1 vnt.<\/span><\/div>\n<\/td>\n<\/tr>\n<\/tbody>\n<\/table>\n<h2><a href=\"https:\/\/keweicorten.com\/lt\/produkto-kategorija\/ugniakuras\/\">Sodo stalas su ugniaviet\u0117s funkcijomis:<\/a><\/h2>\n<p><span style=\"color: #000000;\" data-spm-anchor-id=\"a2700.details.0.i41.6b724b3bPgup84\">Prie\u017ei\u016bros nereikalaujantis korteninio plieno pavir\u0161ius sukuria \u017eemi\u0161k\u0105, ta\u010diau moderni\u0105 estetik\u0105, kuri yra tiek pat prakti\u0161ka, kiek ir gra\u017ei.<\/span><span style=\"color: #000000;\">Susidarys stabilus r\u016bd\u017ei\u0173 sluoksnis, kuris nuolat atsinaujina ir apsaugo plien\u0105 nuo korozijos.<\/span><\/p>\n<p><a href=\"https:\/\/keweicorten.com\/lt\/produktas\/staciakampio-formos-ugniakuras\/\"><strong>Sodo stalas su ugniaviete med\u017eiaga<\/strong><\/a>: Populiariausios med\u017eiagos yra metalas (aliuminis arba plienas), medis, betonas ir pintos juostos, kuri\u0173 kiekviena pasi\u017eymi skirtingu patvarumu ir stiliumi.<\/p>\n<ul>\n<li><strong>Ugnies duob\u0117s \u012fd\u0117klas<\/strong>: Svetain\u0117 <a href=\"https:\/\/keweicorten.com\/lt\/produktas\/lauko-duju-ugniavietes-stalas\/\">sodo stalas su ugniaviete<\/a> paprastai b\u016bna centre, aplink kur\u012f yra stalvir\u0161is g\u0117rimams ar l\u0117k\u0161t\u0117ms pad\u0117ti.<\/li>\n<li><strong>Kuro tipas<\/strong>:<strong>Propanas<\/strong>: Propano bakai paprastai b\u016bna pasl\u0117pti po stalu.\/<strong>Gamtin\u0117s dujos<\/strong>: Reikia prijungti prie dujotiekio, o tai yra pastovesnis \u012frenginys.<\/li>\n<li><strong>Vir\u0161elio parinktys<\/strong>: Daugelis j\u0173 turi dangt\u012f, kuriuo u\u017edengiama nenaudojama ugniaviet\u0117 ir paver\u010diama stalu.<\/li>\n<li><strong>\"Fire Media<\/strong>: Degikliui u\u017edengti ir ugnies estetikai pagerinti naudojamos dekoratyvin\u0117s med\u017eiagos, pavyzd\u017eiui, ugnies stiklas, lavos akmenys arba dirbtiniai r\u0105stai.<\/li>\n<li><strong>Apsaugos nuo v\u0117jo<\/strong>: Kai kurie modeliai turi gr\u016bdinto stiklo apsaugas nuo v\u0117jo, kurios apsaugo liepsn\u0105 ir padidina saugum\u0105.<\/li>\n<\/ul>\n<figure style=\"width: 697px\" class=\"wp-caption alignnone\"><a href=\"https:\/\/keweicorten.com\/lt\/susisiekite-su-mumis\/\"><img fetchpriority=\"high\" decoding=\"async\" title=\"propano lauko \u017eidinys\" src=\"https:\/\/sc04.alicdn.com\/kf\/H3083ba8bd2604171bff24aba76e05ef1B\/235950374\/H3083ba8bd2604171bff24aba76e05ef1B.jpg\" alt=\"\" width=\"697\" height=\"395\" \/><\/a><figcaption class=\"wp-caption-text\">propano lauko \u017eidinys<\/figcaption><\/figure>\n<figure style=\"width: 698px\" class=\"wp-caption alignnone\"><a href=\"https:\/\/keweicorten.com\/lt\"><img decoding=\"async\" title=\"stalas su ugnimi\" src=\"https:\/\/sc04.alicdn.com\/kf\/H379da3bd015940f981085f8baef0f0a0E\/252669402\/H379da3bd015940f981085f8baef0f0a0E.jpg\" alt=\"\" width=\"698\" height=\"464\" \/><\/a><figcaption class=\"wp-caption-text\">stalas su ugnimi<\/figcaption><\/figure>\n<p><span style=\"color: #000000;\" data-spm-anchor-id=\"a2700.details.0.i44.6b724b3bPgup84\">Suformuota i\u0161 3 mm storio kortino plieno. Naudojamas m\u016bs\u0173 gamtini\u0173 duj\u0173 arba propano degikli\u0173 rinkinys.\u00a0<\/span><\/p>\n<div><span style=\"color: #000000;\">\u00a0<\/span><\/div>\n<div><span style=\"color: #000000;\">\"Gnee Garden\" turi daug patirties projektuojant ir gaminant korteninio plieno lau\u017eavietes, tinkan\u010dias \u012fvairiems projektams, dideliems ir ma\u017eiems.<\/span><\/div>\n<p>A <strong>sodo stalas su lau\u017eaviete<\/strong> tai universalus lauko baldas, kuriame valgomojo ar kavos stalo funkcionalumas dera su ugniakuro \u0161iluma ir atmosfera. Jis puikiai tinka sukurti jauki\u0105 atmosfer\u0105 soduose, kiemeliuose ar terasose, nes yra ir stilingas d\u0117mesio centras, ir prakti\u0161kas sprendimas lauko pramogoms.<\/p>","protected":false},"excerpt":{"rendered":"<article class=\"w-full text-token-text-primary focus-visible:outline-2 focus-visible:outline-offset-[-4px]\" dir=\"auto\" data-testid=\"conversation-turn-7\" data-scroll-anchor=\"false\">\n<div class=\"text-base py-[18px] px-3 md:px-4 m-auto w-full md:px-5 lg:px-4 xl:px-5\">\n<div class=\"mx-auto flex flex-1 gap-4 text-base md:gap-5 lg:gap-6 md:max-w-3xl lg:max-w-[40rem] xl:max-w-[48rem]\">\n<div class=\"group\/conversation-turn relative flex w-full min-w-0 flex-col\">\n<div class=\"flex-col gap-1 md:gap-3\">\n<div class=\"flex max-w-full flex-col flex-grow\">\n<div class=\"min-h-[20px] text-message flex w-full flex-col items-end gap-2 whitespace-normal break-words [.text-message+&amp;]:mt-5\" dir=\"auto\" data-message-author-role=\"user\" data-message-id=\"aaa23168-7d7c-42a1-a907-17fd9ddb6c5a\">\n<div class=\"flex w-full flex-col gap-1 empty:hidden items-end rtl:items-start\">\n<div class=\"relative max-w-[70%] rounded-3xl px-5 py-2.5 bg-[#f4f4f4] dark:bg-token-main-surface-secondary\">\n<div class=\"whitespace-pre-wrap\">Sta\u010diakampio formos valgomasis stalas su ugniakuru: \u0160ie stalai idealiai tinka didesniems susib\u016brimams, nes juose gali tilpti daug \u017emoni\u0173, o kartu ir \u0161iluma.<\/div>\n<div class=\"absolute bottom-0 right-full top-0 -mr-3.5 hidden pr-5 pt-1 [.group\\\/conversation-turn:hover_&amp;]:block\"><\/div>\n<\/div>\n<\/div>\n<\/div>\n<\/div>\n<\/div>\n<\/div>\n<\/div>\n<\/div>\n<\/article>\n<article class=\"w-full text-token-text-primary focus-visible:outline-2 focus-visible:outline-offset-[-4px]\" dir=\"auto\" data-testid=\"conversation-turn-8\" data-scroll-anchor=\"true\">\n<h6 class=\"sr-only\"><\/h6>\n<\/article>","protected":false},"featured_media":1275,"comment_status":"open","ping_status":"closed","template":"","meta":{"_eb_attr":"","_monsterinsights_skip_tracking":false,"_monsterinsights_sitenote_active":false,"_monsterinsights_sitenote_note":"","_monsterinsights_sitenote_category":0,"_uf_show_specific_survey":0,"_uf_disable_surveys":false},"product_brand":[],"product_cat":[55],"product_tag":[],"class_list":{"0":"post-1273","1":"product","2":"type-product","3":"status-publish","4":"has-post-thumbnail","6":"product_cat-gas-fire-pit","8":"first","9":"instock","10":"shipping-taxable","11":"product-type-simple"},"_links":{"self":[{"href":"https:\/\/keweicorten.com\/lt\/wp-json\/wp\/v2\/product\/1273"}],"collection":[{"href":"https:\/\/keweicorten.com\/lt\/wp-json\/wp\/v2\/product"}],"about":[{"href":"https:\/\/keweicorten.com\/lt\/wp-json\/wp\/v2\/types\/product"}],"replies":[{"embeddable":true,"href":"https:\/\/keweicorten.com\/lt\/wp-json\/wp\/v2\/comments?post=1273"}],"version-history":[{"count":1,"href":"https:\/\/keweicorten.com\/lt\/wp-json\/wp\/v2\/product\/1273\/revisions"}],"predecessor-version":[{"id":1276,"href":"https:\/\/keweicorten.com\/lt\/wp-json\/wp\/v2\/product\/1273\/revisions\/1276"}],"wp:featuredmedia":[{"embeddable":true,"href":"https:\/\/keweicorten.com\/lt\/wp-json\/wp\/v2\/media\/1275"}],"wp:attachment":[{"href":"https:\/\/keweicorten.com\/lt\/wp-json\/wp\/v2\/media?parent=1273"}],"wp:term":[{"taxonomy":"product_brand","embeddable":true,"href":"https:\/\/keweicorten.com\/lt\/wp-json\/wp\/v2\/product_brand?post=1273"},{"taxonomy":"product_cat","embeddable":true,"href":"https:\/\/keweicorten.com\/lt\/wp-json\/wp\/v2\/product_cat?post=1273"},{"taxonomy":"product_tag","embeddable":true,"href":"https:\/\/keweicorten.com\/lt\/wp-json\/wp\/v2\/product_tag?post=1273"}],"curies":[{"name":"wp","href":"https:\/\/api.w.org\/{rel}","templated":true}]}}