{"id":1277,"date":"2024-09-19T08:11:50","date_gmt":"2024-09-19T08:11:50","guid":{"rendered":"https:\/\/keweicorten.com\/?post_type=product&#038;p=1277"},"modified":"2025-01-15T06:26:18","modified_gmt":"2025-01-15T06:26:18","slug":"ugniavietes-dubuo","status":"publish","type":"product","link":"https:\/\/keweicorten.com\/lt\/ugniavietes-dubuo\/","title":{"rendered":"Korteninis ugnies dubuo"},"content":{"rendered":"<h2><b data-spm-anchor-id=\"a2700.details.0.i38.54803c56Fst1G1\">\u00a0Lauko Corteno plieno ugniaviet\u0117s dubens dizainas <\/b><\/h2>\n<div>\"Garden Corten Steel Wood Burning Fire Pit Bowl\" yra puikus pasirinkimas norint sukurti \u0161ilum\u0105 ir atmosfer\u0105 lauko erdv\u0117se, kartu suteikiant rafinuot\u0105, kaimi\u0161k\u0105 i\u0161vaizd\u0105, kuri suteikia charakter\u012f aplinkiniam kra\u0161tovaizd\u017eiui. \"Garden Fire Pit Bowl\" yra daugiau nei tik \u012fprasta ugniakuras; jis taip pat yra meno k\u016brinys.<\/div>\n<div>\u0160ie ugniakur\u0173 dubenys b\u016bna \u012fvairi\u0173 form\u0173 ir dyd\u017ei\u0173, kad tikt\u0173 \u012fvairioms lauko erdv\u0117ms, be to, juos lengva pri\u017ei\u016br\u0117ti, tod\u0117l jie yra populiarus lauko gyvenam\u0173j\u0173 patalp\u0173 entuziast\u0173 pasirinkimas.<\/div>\n<div>\n<table class=\"all magic-16\" style=\"height: 216px;\" width=\"816\">\n<tbody>\n<tr>\n<td colspan=\"1\" rowspan=\"1\">\n<div class=\"magic-17\" data-spm-anchor-id=\"a2700.details.0.i44.54803c56Fst1G1\">Produkto pavadinimas<\/div>\n<\/td>\n<td colspan=\"4\" rowspan=\"1\">\n<div class=\"magic-18\">Sodo apdaila Ne\u0161iojamas ned\u016bmijantis \u017eidinys Plieninis ugnies dubuo Lauko Corteno plieno ugniakuras Dizainas<\/div>\n<\/td>\n<\/tr>\n<tr>\n<td colspan=\"1\" rowspan=\"1\">\n<div class=\"magic-17\">Med\u017eiaga<\/div>\n<\/td>\n<td colspan=\"4\" rowspan=\"1\">\n<div class=\"magic-18\">Corten \/ orui atsparus plienas<\/div>\n<\/td>\n<\/tr>\n<tr>\n<td colspan=\"1\" rowspan=\"1\">\n<div class=\"magic-17\">Pavir\u0161iaus apdaila<\/div>\n<\/td>\n<td colspan=\"4\" rowspan=\"1\">\n<div class=\"magic-18\">Pre-rust, kaip reikalaujama<\/div>\n<\/td>\n<\/tr>\n<tr>\n<td colspan=\"1\" rowspan=\"1\">\n<div class=\"magic-17\">Dydis<\/div>\n<\/td>\n<td colspan=\"4\" rowspan=\"1\">\n<div class=\"magic-21\">\n<p>Skersmuo: 800-1200 mm<\/p>\n<div data-spm-anchor-id=\"a2700.pc-decorate.0.i14.1ac93333diqBDj\">Storis: storis: 3 mm, pritaikytas pagal u\u017esakym\u0105<\/div>\n<\/div>\n<\/td>\n<\/tr>\n<tr>\n<td colspan=\"1\" rowspan=\"1\">\n<div class=\"magic-22\">Funkcija<\/div>\n<\/td>\n<td colspan=\"4\" rowspan=\"1\">\n<div class=\"magic-21\">Stabilus dizainas, lengvai surenkamas, atsparus auk\u0161tai temperat\u016brai<\/div>\n<\/td>\n<\/tr>\n<tr>\n<td colspan=\"1\" rowspan=\"1\">\n<div class=\"magic-22\">Papildoma paslauga<\/div>\n<\/td>\n<td colspan=\"1\" rowspan=\"1\">\n<div class=\"magic-21\">Kiekvienas ugniakur\u0173 dubuo gali b\u016bti pagamintas pagal klient\u0173 dizain\u0105, br\u0117\u017ein\u012f, pavyzd\u012f ir i\u0161samius reikalavimus.<\/div>\n<\/td>\n<\/tr>\n<\/tbody>\n<\/table>\n<\/div>\n<div><a href=\"https:\/\/keweicorten.com\/lt\"><img fetchpriority=\"high\" decoding=\"async\" class=\"alignnone\" title=\"ugniakuras\" src=\"https:\/\/sc04.alicdn.com\/kf\/H98c98f834b0941fe86f09cf240438fe2D\/252583075\/H98c98f834b0941fe86f09cf240438fe2D.jpg\" alt=\"\" width=\"676\" height=\"676\" \/><\/a><\/div>\n<div>\n<h2>\"Corten Fire Bowls\" ypatyb\u0117s:<\/h2>\n<ol>\n<li><strong>Med\u017eiaga<\/strong>: Korteninis plienas laikui b\u0117gant \u012fgauna r\u016bd\u017ei\u0173 patin\u0105, tod\u0117l jis \u012fgauna unikali\u0105 tekst\u016brin\u0119 i\u0161vaizd\u0105, kuri puikiai dera su nat\u016bralia aplinka.<\/li>\n<li><strong>Patvarumas<\/strong>: Plienas atsparus korozijai ir atmosferos poveikiui, tod\u0117l tinka naudoti lauke i\u0161tisus metus.<\/li>\n<li><strong>Dizainas<\/strong>: Korteno ugniakur\u0173 b\u016bna \u012fvairi\u0173 form\u0173 ir dyd\u017ei\u0173, da\u017enai jie pasi\u017eymi minimalistiniu dizainu, kuris pagerina bet kurios lauko erdv\u0117s estetik\u0105.<\/li>\n<li><strong>Funkcionalumas<\/strong>: Juose galima ir gaminti maist\u0105, ir \u0161ildytis, ir \u0161ildyti, ir sukurti centrin\u0119 susirinkimo viet\u0105, kurioje b\u016bt\u0173 galima leisti laik\u0105 lauke.<\/li>\n<\/ol>\n<\/div>\n<div><\/div>\n<div>\n<figure style=\"width: 675px\" class=\"wp-caption alignnone\"><a href=\"https:\/\/keweicorten.com\/lt\/susisiekite-su-mumis\/\"><img decoding=\"async\" title=\"ugniakuras\" src=\"https:\/\/sc04.alicdn.com\/kf\/Hc05888b8a84f48d7891b9c11c4d261b9Q\/252583075\/Hc05888b8a84f48d7891b9c11c4d261b9Q.jpg\" alt=\"\" width=\"675\" height=\"675\" \/><\/a><figcaption class=\"wp-caption-text\">ugniakuras<\/figcaption><\/figure>\n<\/div>\n<div>\n<h2>Corteno ugnies duben\u0173 privalumai:<\/h2>\n<ul>\n<li><strong>Unikali estetika<\/strong>: Rustikali kortino plieno i\u0161vaizda suteikia sodui ar terasai charakterio ir elegancijos.<\/li>\n<li><strong>Ma\u017eai prie\u017ei\u016bros<\/strong>: Skirtingai nei malkin\u0117s ugniaviet\u0117s, korteno ugniaviet\u0117s reikalauja minimalios prie\u017ei\u016bros.<\/li>\n<li><strong>Universalumas<\/strong>: Daugelis modeli\u0173 gali b\u016bti naudojami kaip stalas, kai nenaudojami ugniai.<\/li>\n<\/ul>\n<\/div>\n<div>\n<figure style=\"width: 673px\" class=\"wp-caption alignnone\"><a href=\"https:\/\/keweicorten.com\/lt\"><img decoding=\"async\" title=\"kortino ugniakuras\" src=\"https:\/\/sc04.alicdn.com\/kf\/H98c98f834b0941fe86f09cf240438fe2D\/252583075\/H98c98f834b0941fe86f09cf240438fe2D.jpg\" alt=\"\" width=\"673\" height=\"673\" \/><\/a><figcaption class=\"wp-caption-text\">kortino ugniakuras<\/figcaption><\/figure>\n<\/div>\n<div>\n<div class=\"J_module\">\n<div class=\"detail-decorate-json-renderer-container\">\n<div class=\"magic-4\">\n<div class=\"magic-5\">\n<div class=\"magic-6\">\n<div class=\"magic-7\">\n<p><b data-spm-anchor-id=\"a2700.details.0.i45.54803c56Fst1G1\">Med\u017eio degimo Corteno plieno lauko ugniakuras<\/b><\/p>\n<div>\n<p>Malkomis k\u016brenama lau\u017eaviet\u0117 - tai platus, negilus indas, pagamintas i\u0161 3\/16\" (5 mm) Corteno plieno, paprastai vadinamo atmosferos poveikiui atspariu plienu, tod\u0117l \u0161i lau\u017eaviet\u0117 yra ne tik labai patvari, bet ir pasi\u017eymi unikaliu stiliumi, i\u0161skirian\u010diu j\u0105 i\u0161 vis\u0173 kit\u0173 lau\u017eavie\u010di\u0173.<\/p>\n<div><\/div>\n<div><span data-spm-anchor-id=\"a2700.details.0.i46.54803c56Fst1G1\">\u0160io tipo plienas taip pat yra pagamintas taip, kad b\u0117gant metams \u0161iek tiek pasikei\u010dia, tod\u0117l jis \u012fgauna dar unikalesn\u0119 ir labai paklausi\u0105 i\u0161vaizd\u0105. Did\u017eiausi\u0105 patin\u0105 plienas \u012fgauna per 2-4 metus, o paskui i\u0161lieka tokios pat b\u016bkl\u0117s ir ma\u017eai kei\u010diasi.<\/span><\/div>\n<\/div>\n<\/div>\n<\/div>\n<\/div>\n<\/div>\n<\/div>\n<\/div>\n<div class=\"J_module\">\n<div class=\"icbu-pc-images magic-1\">\n<div>\n<div class=\"flex-layout-v\">\n<div class=\"flex-layout-h magic-1\">\n<div class=\"magic-26\"><a href=\"https:\/\/kwijbl.en.alibaba.com\/\" target=\"_blank\" rel=\"noopener nofollow\"><img decoding=\"async\" class=\"magic-27\" src=\"https:\/\/sc04.alicdn.com\/kf\/Hd5663bf2cbbf4b99aabdba5721ae9d7bL\/252583075\/Hd5663bf2cbbf4b99aabdba5721ae9d7bL.jpg\" data-src=\"\/\/sc04.alicdn.com\/kf\/Hd5663bf2cbbf4b99aabdba5721ae9d7bL\/252583075\/Hd5663bf2cbbf4b99aabdba5721ae9d7bL.jpg\" \/><\/a><\/div>\n<\/div>\n<\/div>\n<\/div>\n<\/div>\n<\/div>\n<\/div>","protected":false},"excerpt":{"rendered":"<p>Med\u017eiaga: Atsparus atmosferos poveikiui plienas, veikiamas oro s\u0105lyg\u0173, sudaro apsaugin\u012f oksido sluoksn\u012f, kuris apsaugo nuo tolesn\u0117s korozijos.<br \/>\nDizainas: Plieniniai ugniakur\u0173 dubenys paprastai yra paprasti ir \u012fvairi\u0173 form\u0173, kuriuos galima naudoti kaip ugniakurus arba kaip dekoratyvinius baldus.<br \/>\nPatvarumas: Plienas yra atsparus korozijai ir tinka naudoti lauke, nesijaudinant d\u0117l blog\u0173 oro s\u0105lyg\u0173.<br \/>\nUniversalumas: Ne tik \u0161ildymui ir vakar\u0117liams, bet ir maisto ruo\u0161imui lauke.<\/p>","protected":false},"featured_media":1278,"comment_status":"open","ping_status":"closed","template":"","meta":{"_eb_attr":"","_monsterinsights_skip_tracking":false,"_monsterinsights_sitenote_active":false,"_monsterinsights_sitenote_note":"","_monsterinsights_sitenote_category":0,"_uf_show_specific_survey":0,"_uf_disable_surveys":false},"product_brand":[],"product_cat":[54],"product_tag":[],"class_list":{"0":"post-1277","1":"product","2":"type-product","3":"status-publish","4":"has-post-thumbnail","6":"product_cat-wood-fire-pit","8":"first","9":"instock","10":"shipping-taxable","11":"product-type-simple"},"_links":{"self":[{"href":"https:\/\/keweicorten.com\/lt\/wp-json\/wp\/v2\/product\/1277"}],"collection":[{"href":"https:\/\/keweicorten.com\/lt\/wp-json\/wp\/v2\/product"}],"about":[{"href":"https:\/\/keweicorten.com\/lt\/wp-json\/wp\/v2\/types\/product"}],"replies":[{"embeddable":true,"href":"https:\/\/keweicorten.com\/lt\/wp-json\/wp\/v2\/comments?post=1277"}],"version-history":[{"count":2,"href":"https:\/\/keweicorten.com\/lt\/wp-json\/wp\/v2\/product\/1277\/revisions"}],"predecessor-version":[{"id":1280,"href":"https:\/\/keweicorten.com\/lt\/wp-json\/wp\/v2\/product\/1277\/revisions\/1280"}],"wp:featuredmedia":[{"embeddable":true,"href":"https:\/\/keweicorten.com\/lt\/wp-json\/wp\/v2\/media\/1278"}],"wp:attachment":[{"href":"https:\/\/keweicorten.com\/lt\/wp-json\/wp\/v2\/media?parent=1277"}],"wp:term":[{"taxonomy":"product_brand","embeddable":true,"href":"https:\/\/keweicorten.com\/lt\/wp-json\/wp\/v2\/product_brand?post=1277"},{"taxonomy":"product_cat","embeddable":true,"href":"https:\/\/keweicorten.com\/lt\/wp-json\/wp\/v2\/product_cat?post=1277"},{"taxonomy":"product_tag","embeddable":true,"href":"https:\/\/keweicorten.com\/lt\/wp-json\/wp\/v2\/product_tag?post=1277"}],"curies":[{"name":"wp","href":"https:\/\/api.w.org\/{rel}","templated":true}]}}