{"id":1281,"date":"2024-09-19T08:33:27","date_gmt":"2024-09-19T08:33:27","guid":{"rendered":"https:\/\/keweicorten.com\/?post_type=product&#038;p=1281"},"modified":"2025-01-15T06:26:04","modified_gmt":"2025-01-15T06:26:04","slug":"korteninio-plieno-ugniavietes-dubuo","status":"publish","type":"product","link":"https:\/\/keweicorten.com\/lt\/korteninio-plieno-ugniavietes-dubuo\/","title":{"rendered":"Korteninio plieno ugniaviet\u0117s dubuo"},"content":{"rendered":"<table class=\"all magic-16\" style=\"height: 213px;\" width=\"675\">\n<tbody>\n<tr>\n<td colspan=\"1\" rowspan=\"1\">\n<div class=\"magic-17\" data-spm-anchor-id=\"a2700.details.0.i44.54803c56Fst1G1\">Produkto pavadinimas<\/div>\n<\/td>\n<td colspan=\"4\" rowspan=\"1\">\n<div class=\"magic-18\">Sodo apdaila Ne\u0161iojamas ned\u016bmijantis \u017eidinys Plieninis ugnies dubuo Lauko Corteno plieno ugniakuras Dizainas<\/div>\n<\/td>\n<\/tr>\n<tr>\n<td colspan=\"1\" rowspan=\"1\">\n<div class=\"magic-17\">Med\u017eiaga<\/div>\n<\/td>\n<td colspan=\"4\" rowspan=\"1\">\n<div class=\"magic-18\">Corten \/ orui atsparus plienas<\/div>\n<\/td>\n<\/tr>\n<tr>\n<td colspan=\"1\" rowspan=\"1\">\n<div class=\"magic-17\">Pavir\u0161iaus apdaila<\/div>\n<\/td>\n<td colspan=\"4\" rowspan=\"1\">\n<div class=\"magic-18\">Pre-rust, kaip reikalaujama<\/div>\n<\/td>\n<\/tr>\n<tr>\n<td colspan=\"1\" rowspan=\"1\">\n<div class=\"magic-17\">Dydis<\/div>\n<\/td>\n<td colspan=\"4\" rowspan=\"1\">\n<div class=\"magic-21\">Skersmuo: 800-1200 mm<\/p>\n<div data-spm-anchor-id=\"a2700.pc-decorate.0.i14.1ac93333diqBDj\">Storis: storis: 3 mm, pritaikytas pagal u\u017esakym\u0105<\/div>\n<\/div>\n<\/td>\n<\/tr>\n<tr>\n<td colspan=\"1\" rowspan=\"1\">\n<div class=\"magic-22\">Funkcija<\/div>\n<\/td>\n<td colspan=\"4\" rowspan=\"1\">\n<div class=\"magic-21\">Stabilus dizainas, lengvai surenkamas, atsparus auk\u0161tai temperat\u016brai<\/div>\n<\/td>\n<\/tr>\n<tr>\n<td colspan=\"1\" rowspan=\"1\">\n<div class=\"magic-22\">Papildoma paslauga<\/div>\n<\/td>\n<td colspan=\"1\" rowspan=\"1\">\n<div class=\"magic-21\">Kiekvienas ugniakur\u0173 dubuo gali b\u016bti pagamintas pagal klient\u0173 dizain\u0105, br\u0117\u017ein\u012f, pavyzd\u012f ir i\u0161samius reikalavimus.<\/div>\n<\/td>\n<\/tr>\n<\/tbody>\n<\/table>\n<h2>Corteno plieno ugniaviet\u0117s dubuo Savyb\u0117s:<\/h2>\n<ol>\n<li>\u0160ildymo poveikis: Korteninio plieno ugniaviet\u0117s dubuo gali efektyviai generuoti \u0161ilum\u0105 ir u\u017etikrinti \u0161ilum\u0105 \u0161altomis naktimis.<\/li>\n<li>Oro s\u0105lygoms atspari plieno med\u017eiaga: \u0160is plienas lauko aplinkoje gali sudaryti apsaugin\u012f r\u016bd\u017ei\u0173 sluoksn\u012f, pasi\u017eymi dideliu patvarumu ir atsparumu korozijai.<\/li>\n<li>\u012evairus dizainas: Galima rinktis i\u0161 \u012fvairi\u0173 form\u0173 ir stili\u0173: nuo paprast\u0173 moderni\u0173 iki tradicini\u0173, kad b\u016bt\u0173 patenkinti \u012fvair\u016bs estetiniai poreikiai.<\/li>\n<li>Unikali i\u0161vaizda: Laikui b\u0117gant atmosferos poveikiu paveiktas plienas \u012fgauna unikali\u0105 r\u016bd\u017ei\u0173 spalv\u0105, suteikian\u010di\u0105 nat\u016bral\u0173 skon\u012f.<\/li>\n<li>Ma\u017eai prie\u017ei\u016bros: Plienin\u0117s duob\u0117s yra patvaresn\u0117s ir reikalauja ma\u017eiau prie\u017ei\u016bros nei medin\u0117s duob\u0117s.<\/li>\n<li>Universalumas: Galima naudoti vakar\u0117liams, kepsnin\u0117ms arba kaip lauko dekoracij\u0105.<\/li>\n<\/ol>\n<figure style=\"width: 681px\" class=\"wp-caption alignnone\"><a href=\"https:\/\/keweicorten.com\/lt\"><img fetchpriority=\"high\" decoding=\"async\" title=\"kortino ugniakuras\" src=\"https:\/\/sc04.alicdn.com\/kf\/He4a60616fc3f4077b11865c42a940e80M\/252583075\/He4a60616fc3f4077b11865c42a940e80M.jpg\" alt=\"\" width=\"681\" height=\"681\" \/><\/a><figcaption class=\"wp-caption-text\">ugniakuras<\/figcaption><\/figure>\n<p class=\"text-title\"><span data-spm-anchor-id=\"a2700.details.0.i48.54803c56Fst1G1\">Funkcija:<\/span><\/p>\n<div class=\"text-content\" data-spm-anchor-id=\"a2700.details.0.i50.54803c56Fst1G1\">Pramogaukite vis\u0105 vakar\u0105<\/p>\n<div><\/div>\n<div><span class=\"magic-11\">Corteno plieno konstrukcija<\/span><\/div>\n<div><\/div>\n<div>Universalus dizainas<\/div>\n<div><\/div>\n<div>Stabilus dizainas, lengvai surenkamas, atsparus auk\u0161tai temperat\u016brai<\/div>\n<div>\n<figure style=\"width: 688px\" class=\"wp-caption alignnone\"><a href=\"https:\/\/keweicorten.com\/lt\/susisiekite-su-mumis\/\"><img decoding=\"async\" title=\"Korteninio plieno ugniakuras\" src=\"https:\/\/sc04.alicdn.com\/kf\/Hf3f21555e1104e5890549829f8f4f0e9w\/252583075\/Hf3f21555e1104e5890549829f8f4f0e9w.jpg\" alt=\"\" width=\"688\" height=\"688\" \/><\/a><figcaption class=\"wp-caption-text\">Korteninio plieno ugniakuras<\/figcaption><\/figure>\n<div class=\"text-content\">Ugniakuro dizainas pasi\u017eymi glotniai tekintu, vientisu dubeniu, pagamintu i\u0161 vieno gabalo atmosferos poveikiui atsparaus plieno,<span data-spm-anchor-id=\"a2700.details.0.i54.54803c56Fst1G1\"> taip pat \u017einomas kaip korteninis plienas, specialus plienas, d\u0117l savo ne\u012ftik\u0117tino stiprumo i\u0161 prad\u017ei\u0173 sukurtas tilt\u0173 ir dangorai\u017ei\u0173 statybai.<\/span> Vanduo nepa\u017eeid\u017eia ir ner\u016bdija dubens d\u0117l apsauginio sluoksnio, kur\u012f sudaro korteninis plienas.<\/div>\n<div>\n<figure style=\"width: 709px\" class=\"wp-caption alignnone\"><a href=\"https:\/\/keweicorten.com\/lt\"><img decoding=\"async\" title=\"Korteninio plieno malk\u0173 deginimo ugniakuras\" src=\"https:\/\/sc04.alicdn.com\/kf\/H75f4af517494456698484c6c3fdb8945C\/252583075\/H75f4af517494456698484c6c3fdb8945C.jpg\" alt=\"\" width=\"709\" height=\"516\" \/><\/a><figcaption class=\"wp-caption-text\">Korteninio plieno malk\u0173 deginimo ugniakuras<\/figcaption><\/figure>\n<\/div>\n<\/div>\n<\/div>","protected":false},"excerpt":{"rendered":"<p>\u0160is raundas Rusty Red <strong>Corteno plieno ugniakuras<\/strong>\u00a0tai puikus, ma\u017eai prie\u017ei\u016bros reikalaujantis sodo elementas. Galimi 60-150 cm dyd\u017eiai, tinkantys bet kokio dyd\u017eio erdvei ar biud\u017eetui! Prad\u017eioje pilkos spalvos plienas, bet vos tik Corteno plienas yra veikiamas gamtos veiksni\u0173, jis nat\u016braliai i\u0161silygina ir \u012fgauna sodri\u0105, ak\u012f traukian\u010di\u0105 apdail\u0105.<\/p>","protected":false},"featured_media":1282,"comment_status":"open","ping_status":"closed","template":"","meta":{"_eb_attr":"","_monsterinsights_skip_tracking":false,"_monsterinsights_sitenote_active":false,"_monsterinsights_sitenote_note":"","_monsterinsights_sitenote_category":0,"_uf_show_specific_survey":0,"_uf_disable_surveys":false},"product_brand":[],"product_cat":[54],"product_tag":[],"class_list":{"0":"post-1281","1":"product","2":"type-product","3":"status-publish","4":"has-post-thumbnail","6":"product_cat-wood-fire-pit","8":"first","9":"instock","10":"shipping-taxable","11":"product-type-simple"},"_links":{"self":[{"href":"https:\/\/keweicorten.com\/lt\/wp-json\/wp\/v2\/product\/1281"}],"collection":[{"href":"https:\/\/keweicorten.com\/lt\/wp-json\/wp\/v2\/product"}],"about":[{"href":"https:\/\/keweicorten.com\/lt\/wp-json\/wp\/v2\/types\/product"}],"replies":[{"embeddable":true,"href":"https:\/\/keweicorten.com\/lt\/wp-json\/wp\/v2\/comments?post=1281"}],"version-history":[{"count":1,"href":"https:\/\/keweicorten.com\/lt\/wp-json\/wp\/v2\/product\/1281\/revisions"}],"predecessor-version":[{"id":1283,"href":"https:\/\/keweicorten.com\/lt\/wp-json\/wp\/v2\/product\/1281\/revisions\/1283"}],"wp:featuredmedia":[{"embeddable":true,"href":"https:\/\/keweicorten.com\/lt\/wp-json\/wp\/v2\/media\/1282"}],"wp:attachment":[{"href":"https:\/\/keweicorten.com\/lt\/wp-json\/wp\/v2\/media?parent=1281"}],"wp:term":[{"taxonomy":"product_brand","embeddable":true,"href":"https:\/\/keweicorten.com\/lt\/wp-json\/wp\/v2\/product_brand?post=1281"},{"taxonomy":"product_cat","embeddable":true,"href":"https:\/\/keweicorten.com\/lt\/wp-json\/wp\/v2\/product_cat?post=1281"},{"taxonomy":"product_tag","embeddable":true,"href":"https:\/\/keweicorten.com\/lt\/wp-json\/wp\/v2\/product_tag?post=1281"}],"curies":[{"name":"wp","href":"https:\/\/api.w.org\/{rel}","templated":true}]}}