{"id":1290,"date":"2024-09-20T03:07:47","date_gmt":"2024-09-20T03:07:47","guid":{"rendered":"https:\/\/keweicorten.com\/?post_type=product&#038;p=1290"},"modified":"2025-01-15T06:25:15","modified_gmt":"2025-01-15T06:25:15","slug":"ugnies-kamuolys-ugniakuras","status":"publish","type":"product","link":"https:\/\/keweicorten.com\/lt\/ugnies-kamuolys-ugniakuras\/","title":{"rendered":"ugnies kamuolys ugniakuras"},"content":{"rendered":"<table>\n<tbody>\n<tr>\n<td colspan=\"1\" rowspan=\"1\">\n<div data-spm-anchor-id=\"a2700.details.0.i33.12296f7bDBOMdC\">Produkto pavadinimas<\/div>\n<\/td>\n<td colspan=\"4\" rowspan=\"1\">\n<div>Corteno plienas \u0160alies tema \"Sphere\" Lauko \u017eidiniai \"Sphere<\/div>\n<\/td>\n<\/tr>\n<tr>\n<td colspan=\"1\" rowspan=\"1\">\n<div>Med\u017eiaga<\/div>\n<\/td>\n<td colspan=\"4\" rowspan=\"1\">\n<div>Korteninis plienas, ner\u016bdijantis plienas<\/div>\n<\/td>\n<\/tr>\n<tr>\n<td colspan=\"1\" rowspan=\"1\">\n<div>Dydis<\/div>\n<\/td>\n<td colspan=\"4\" rowspan=\"1\">\n<div>600mm\/800mm\/1000mm1200mm arba pagal u\u017esakym\u0105<\/div>\n<\/td>\n<\/tr>\n<tr>\n<td colspan=\"1\" rowspan=\"1\">\n<div>Pavir\u0161ius<\/div>\n<\/td>\n<td colspan=\"4\" rowspan=\"1\">\n<div>\u00a0i\u0161 anksto r\u016bdytas<\/div>\n<\/td>\n<\/tr>\n<tr>\n<td colspan=\"1\" rowspan=\"1\">\n<div>Technologijos<\/div>\n<\/td>\n<td colspan=\"4\" rowspan=\"1\">\n<div>\u00a0Pjaustymas lazeriu, lenkimas, perforavimas, suvirinimas, oro s\u0105lyg\u0173 keitimas<\/div>\n<\/td>\n<\/tr>\n<tr>\n<td colspan=\"1\" rowspan=\"1\">\n<div>Parai\u0161ka<\/div>\n<\/td>\n<td colspan=\"4\" rowspan=\"1\">\n<div>Lauko arba kiemo dekoras<\/div>\n<\/td>\n<\/tr>\n<\/tbody>\n<\/table>\n<div class=\"magic-13\" data-spm-anchor-id=\"a2700.details.0.i42.4bbf1dd4ILKWXr\"><span class=\"magic-26\" data-spm-anchor-id=\"a2700.details.0.i44.4bbf1dd4ILKWXr\">\u0160i lauko malkomis k\u016brenama ugnies kamuolin\u0117 ugniaviet\u0117 taps unikaliu j\u016bs\u0173 lauko pramog\u0173 erdv\u0117s akcentu. Ugnies kamuolio ugniakuras yra ketaus konstrukcijos su oksiduota apdaila, kad atrodyt\u0173 kaimi\u0161kai ir \u017eavingai. Be to, \u017evaig\u017ed\u017ei\u0173 i\u0161pjovos pad\u0117s sukurti papildom\u0105 atmosfer\u0105 j\u016bs\u0173 terasoje. \u0160i\u0105 ugniaviet\u0119 sudaro tik dvi dalys, tod\u0117l tereikia u\u017ed\u0117ti rutul\u012f ant cilindrinio stovo ir jis <\/span><span class=\"magic-25\" style=\"font-family: Arial;\">b\u016bti paruo\u0161tas naudojimui.<\/span><\/div>\n<div data-spm-anchor-id=\"a2700.details.0.i43.4bbf1dd4ILKWXr\">\n<div class=\"text-title\">\n<div>\n<figure style=\"width: 692px\" class=\"wp-caption alignnone\"><a href=\"https:\/\/keweicorten.com\/lt\"><img fetchpriority=\"high\" decoding=\"async\" title=\"ugnies rutulio ugniakuras\" src=\"https:\/\/sc04.alicdn.com\/kf\/H0e8d0afa3c4a434eba89d3359ef061381\/235088504\/H0e8d0afa3c4a434eba89d3359ef061381.jpg\" alt=\"\" width=\"692\" height=\"692\" \/><\/a><figcaption class=\"wp-caption-text\">ugnies rutulio ugniakuras<\/figcaption><\/figure>\n<\/div>\n<div class=\"magic-23\"><b class=\"magic-24\"><span class=\"magic-4\" data-spm-anchor-id=\"a2700.details.0.i45.4bbf1dd4ILKWXr\">Saugos patarimai<\/span><\/b><\/div>\n<\/div>\n<div class=\"text-content\">\n<div><span class=\"magic-32\" style=\"font-family: Arial;\"><b>\u00a0<\/b><\/span><\/div>\n<p><span class=\"magic-32\" style=\"font-family: Arial;\">Pastatykite lau\u017eaviet\u0119 10 p\u0117d\u0173 atstumu nuo bet kokio statinio ar kaimyninio kiemo.<\/span><\/div>\n<div class=\"text-content\"><span class=\"magic-32\" style=\"font-family: Arial;\">Nestatykite ugniaviet\u0117s po dengta veranda, med\u017eiais ar ant medinio denio.<br \/>\nPrie\u0161 pradedant k\u016brenti ugn\u012f, degiosios med\u017eiagos turi b\u016bti toliau nei 5 p\u0117d\u0173 atstumu.<br \/>\nNenaudokite ugniaviet\u0117s, jei per daug v\u0117juota arba per sausa.<br \/>\nNiekada nepalikite lau\u017eo be prie\u017ei\u016bros, nes v\u0117jas gali greitai i\u0161skelti kibirk\u0161tis.<br \/>\nBandydami perkelti r\u0105stus \u012f ugniakur\u0105, visada naudokite poker\u012f.<br \/>\nNaudokite kibirk\u0161\u010di\u0173 tinklel\u012f, kad \u017earijos nelikt\u0173 ugniakuro viduje.<\/span><\/div>\n<div>\n<div class=\"J_module\">\n<div class=\"detail-decorate-json-renderer-container\">\n<div class=\"magic-19\">\n<div class=\"magic-20\">\n<div class=\"magic-21\">\n<div><\/div>\n<div class=\"magic-22\"><span class=\"magic-23\" data-spm-anchor-id=\"a2700.details.0.i42.e46844d4FPSStc\">Ugnies dubuo pagamintas i\u0161 \"Corten\" plieno (arba atmosferos poveikiui atsparaus plieno) - tai lydinys, kuris nat\u016braliai sudaro r\u016bd\u017ei\u0173 dang\u0105 per ma\u017edaug 9 m\u0117nesius, kai jis yra veikiamas oro s\u0105lyg\u0173. \u012edomu tai, kad d\u0117l \u0161io specialaus lydinio sud\u0117ties \u0161i r\u016bd\u017ei\u0173 danga sudaro apsaugin\u012f sluoksn\u012f, kuris apsaugo nuo tolesnio r\u016bdijimo. Po juo esantis plienas i\u0161lieka nepa\u017eeistas, nes i\u0161orinis sluoksnis, veikiamas vandens ir deguonies, toliau saugo ir atsinaujina.<\/span><\/div>\n<\/div>\n<\/div>\n<\/div>\n<\/div>\n<\/div>\n<div class=\"J_module\">\n<div class=\"icbu-pc-images magic-1\">\n<div>\n<div class=\"flex-layout-v\">\n<div class=\"flex-layout-h magic-1\">\n<div class=\"magic-24\">\n<figure style=\"width: 715px\" class=\"wp-caption alignnone\"><a href=\"https:\/\/keweicorten.com\/lt\"><img decoding=\"async\" class=\"magic-25\" title=\"ugniakuras\" src=\"https:\/\/sc04.alicdn.com\/kf\/Hf12500ad95134ae791d1dd097784240aV\/230328874\/Hf12500ad95134ae791d1dd097784240aV.jpg\" alt=\"\" width=\"715\" height=\"536\" data-src=\"\/\/sc04.alicdn.com\/kf\/Hf12500ad95134ae791d1dd097784240aV\/230328874\/Hf12500ad95134ae791d1dd097784240aV.jpg\" data-spm-anchor-id=\"a2700.details.0.i43.e46844d4FPSStc\" \/><\/a><figcaption class=\"wp-caption-text\">ugniakuras<\/figcaption><\/figure>\n<\/div>\n<\/div>\n<\/div>\n<\/div>\n<\/div>\n<\/div>\n<\/div>\n<\/div>","protected":false},"excerpt":{"rendered":"<p>Product name Corten Steel Country Theme Sphere Outdoor Firepits Sphere Material Corten steel, stainless steel Size 600mm\/800mm\/1000mm1200mm or customized Surface \u00a0pre-rusted Technology \u00a0Laser cut, bending, punching, welding,weathering Application Outdoor Or Courtyard Decor This outdoor wood-burning fire ball fire pit will add a unique focal point to your outdoor entertaining space. The fire ball fire pit [&hellip;]<\/p>","protected":false},"featured_media":1291,"comment_status":"open","ping_status":"closed","template":"","meta":{"_eb_attr":"","_monsterinsights_skip_tracking":false,"_monsterinsights_sitenote_active":false,"_monsterinsights_sitenote_note":"","_monsterinsights_sitenote_category":0,"_uf_show_specific_survey":0,"_uf_disable_surveys":false},"product_brand":[],"product_cat":[54],"product_tag":[],"class_list":{"0":"post-1290","1":"product","2":"type-product","3":"status-publish","4":"has-post-thumbnail","6":"product_cat-wood-fire-pit","8":"first","9":"instock","10":"shipping-taxable","11":"product-type-simple"},"_links":{"self":[{"href":"https:\/\/keweicorten.com\/lt\/wp-json\/wp\/v2\/product\/1290"}],"collection":[{"href":"https:\/\/keweicorten.com\/lt\/wp-json\/wp\/v2\/product"}],"about":[{"href":"https:\/\/keweicorten.com\/lt\/wp-json\/wp\/v2\/types\/product"}],"replies":[{"embeddable":true,"href":"https:\/\/keweicorten.com\/lt\/wp-json\/wp\/v2\/comments?post=1290"}],"version-history":[{"count":1,"href":"https:\/\/keweicorten.com\/lt\/wp-json\/wp\/v2\/product\/1290\/revisions"}],"predecessor-version":[{"id":1292,"href":"https:\/\/keweicorten.com\/lt\/wp-json\/wp\/v2\/product\/1290\/revisions\/1292"}],"wp:featuredmedia":[{"embeddable":true,"href":"https:\/\/keweicorten.com\/lt\/wp-json\/wp\/v2\/media\/1291"}],"wp:attachment":[{"href":"https:\/\/keweicorten.com\/lt\/wp-json\/wp\/v2\/media?parent=1290"}],"wp:term":[{"taxonomy":"product_brand","embeddable":true,"href":"https:\/\/keweicorten.com\/lt\/wp-json\/wp\/v2\/product_brand?post=1290"},{"taxonomy":"product_cat","embeddable":true,"href":"https:\/\/keweicorten.com\/lt\/wp-json\/wp\/v2\/product_cat?post=1290"},{"taxonomy":"product_tag","embeddable":true,"href":"https:\/\/keweicorten.com\/lt\/wp-json\/wp\/v2\/product_tag?post=1290"}],"curies":[{"name":"wp","href":"https:\/\/api.w.org\/{rel}","templated":true}]}}