{"id":1296,"date":"2024-09-20T07:01:54","date_gmt":"2024-09-20T07:01:54","guid":{"rendered":"https:\/\/keweicorten.com\/?post_type=product&#038;p=1296"},"modified":"2025-01-15T06:24:54","modified_gmt":"2025-01-15T06:24:54","slug":"corteno-sodo-ekranai","status":"publish","type":"product","link":"https:\/\/keweicorten.com\/lt\/corteno-sodo-ekranai\/","title":{"rendered":"corteno sodo ekranai"},"content":{"rendered":"<h2>Pagrindin\u0117s Corteno sodo ekran\u0173 savyb\u0117s:<\/h2>\n<ol>\n<li><strong>Med\u017eiaga<\/strong>:\n<ul>\n<li><strong>Korteninis plienas<\/strong>: Korteninis plienas, \u017einomas d\u0117l savo atsparumo atmosferos poveikiui, veikiamas gamtos stichij\u0173, \u012fgauna stabili\u0105 r\u016bd\u017ei\u0173 i\u0161vaizd\u0105. \u0160i patina apsaugo plien\u0105 nuo tolesn\u0117s korozijos, tod\u0117l jis idealiai tinka ilgalaikiam naudojimui lauke.<\/li>\n<li><strong>Ma\u017eai prie\u017ei\u016bros<\/strong>: Susiformavus apsauginiam r\u016bd\u017ei\u0173 sluoksniui, ekranus reikia labai ma\u017eai pri\u017ei\u016br\u0117ti, nes patina apsaugo pagrindin\u012f metal\u0105 nuo tolesnio irimo.<\/li>\n<\/ul>\n<\/li>\n<li><strong>Dizainas<\/strong>:\n<ul>\n<li><strong>Ra\u0161tuotos i\u0161pjovos<\/strong>: Corteno sodo ekranai paprastai turi sud\u0117tingus lazeriu pjaustytus arba rankomis pjaustytus ra\u0161tus - nuo abstrak\u010di\u0173 geometrini\u0173 ra\u0161t\u0173 iki gamtos \u012fkv\u0117pt\u0173 motyv\u0173, pavyzd\u017eiui, lap\u0173, med\u017ei\u0173 ar g\u0117li\u0173. \u0160ie i\u0161pjovimai praleid\u017eia \u0161vies\u0105 ir sukuria stulbinan\u010dius \u0161e\u0161\u0117lius bei vizualinius efektus.<\/li>\n<li><strong>Pritaikomas<\/strong>: Daugel\u012f kortino ekran\u0173 galima pritaikyti pagal individualius dizaino pageidavimus, \u012fskaitant dyd\u012f, ra\u0161t\u0105 ir form\u0105.<\/li>\n<\/ul>\n<\/li>\n<li><strong>Naudoja<\/strong>:\n<ul>\n<li><strong>Privatumo ekranai<\/strong>: Corteno ekranai gali b\u016bti naudojami priva\u010dioms lauko zonoms sukurti, apsaugant sodo ar terasos dalis nuo matomumo, ta\u010diau i\u0161laikant atvirumo ir erdvumo poj\u016bt\u012f d\u0117l i\u0161kirpt\u0173 konstrukcij\u0173.<\/li>\n<li><strong>Sodo dalikliai<\/strong>: Jos taip pat gali b\u016bti skiriamosios juostos, padedan\u010dios atskirti skirtingas sodo zonas skirtingiems tikslams (pvz., valgomojo, poilsio ar sodinimo zonoms).<\/li>\n<li><strong>Dekoratyviniai elementai<\/strong>: Be praktinio pritaikymo, korteniniai ekranai da\u017enai naudojami ir estetiniais tikslais, suteikiant j\u016bs\u0173 lauko erdvei menin\u012f element\u0105.<\/li>\n<li><strong>Laipiojan\u010di\u0173 augal\u0173 atrama<\/strong>: Corteno ekranai taip pat gali b\u016bti vijoklini\u0173 augal\u0173 grotel\u0117s, kurios metalin\u0119 i\u0161vaizd\u0105 papildo \u017ealuma.<\/li>\n<\/ul>\n<\/li>\n<li><strong>Atsparumas oro s\u0105lygoms<\/strong>:\n<ul>\n<li><strong>Patvarus bet kokiomis s\u0105lygomis<\/strong>: Korteninis plienas d\u0117l atmosferos poveikio \u012fgauna tvirtumo, tod\u0117l korteniniai ekranai gali atlaikyti liet\u0173, v\u0117j\u0105 ir saul\u0119, nesugadindami savo strukt\u016bros.<\/li>\n<\/ul>\n<\/li>\n<li><strong>Dyd\u017eiai ir montavimas<\/strong>:\n<ul>\n<li><strong>Universalumas<\/strong>: Corteno sodo ekranai yra \u012fvairi\u0173 dyd\u017ei\u0173, kad tikt\u0173 \u012fvairioms erdv\u0117ms ir poreikiams.<\/li>\n<li><strong>Laisvai pastatomas arba montuojamas ant sienos<\/strong>: Jie gali b\u016bti \u012fkasti \u012f \u017eem\u0119 kaip atskirai stovintys ekranai arba pritvirtinti prie esam\u0173 konstrukcij\u0173, pavyzd\u017eiui, sien\u0173 ar tvor\u0173.<\/li>\n<\/ul>\n<\/li>\n<\/ol>\n<h2>Corteno sodo ekran\u0173 privalumai:<\/h2>\n<ul>\n<li><strong>Estetinis patrauklumas<\/strong>: Nat\u016brali r\u016bd\u017ei\u0173 apdaila puikiai dera prie \u012fvairios lauko aplinkos, suteikdama \u0161ilt\u0105, \u017eemi\u0161k\u0105 atspalv\u012f, kuris gra\u017eiai kontrastuoja su \u017ealuma.<\/li>\n<li><strong>Patvarumas<\/strong>: Korteniniai sodo ekranai, sukurti taip, kad b\u016bt\u0173 atspar\u016bs lauko veiksniams, yra ilgalaikis bet kurio sodo priedas.<\/li>\n<li><strong>Minimali prie\u017ei\u016bra<\/strong>: Susiformavus r\u016bd\u017ei\u0173 patinai, ekran\u0173 beveik nereikia pri\u017ei\u016br\u0117ti.<\/li>\n<\/ul>\n<table border=\"1\" data-spm-anchor-id=\"a2700.details.0.i38.253559f23mRDXW\">\n<tbody>\n<tr>\n<td>Produkto pavadinimas<\/td>\n<td>\u00a0kortino ekranai privatumas plieno kortino ekrano gamintojas kortino tu\u0161\u010dias r\u016bd\u017ei\u0173 ekranas<\/td>\n<\/tr>\n<tr>\n<td>Med\u017eiaga<\/td>\n<td>Cor-ten plienas, anglinis plienas, ner\u016bdijantis plienas<\/td>\n<\/tr>\n<tr>\n<td>Apdaila<\/td>\n<td>Sur\u016bdij\u0119s, juodas<\/td>\n<\/tr>\n<tr>\n<td>\u012eprastas dydis<\/td>\n<td>38X15cm, 60X32cm, 48x24cm arba pritaikytas<\/td>\n<\/tr>\n<tr>\n<td>Dizainas<\/td>\n<td>Priimti pritaikyt\u0105<\/td>\n<\/tr>\n<tr>\n<td>Parai\u0161ka<\/td>\n<td>Lauko vejos puo\u0161yba<\/td>\n<\/tr>\n<\/tbody>\n<\/table>\n<figure style=\"width: 704px\" class=\"wp-caption alignnone\"><a href=\"https:\/\/keweicorten.com\/lt\"><img fetchpriority=\"high\" decoding=\"async\" title=\"Korteniniai ekranai\" src=\"https:\/\/sc04.alicdn.com\/kf\/H73a20dbdfcdc4f58a6724b94790c8cb8Z\/272909659\/H73a20dbdfcdc4f58a6724b94790c8cb8Z.jpg\" alt=\"\" width=\"704\" height=\"704\" \/><\/a><figcaption class=\"wp-caption-text\">Korteniniai ekranai<\/figcaption><\/figure>","protected":false},"excerpt":{"rendered":"<p>\"Corten\" plieno ekranas, kur\u012f matote \u010dia, sukuria \u012fsp\u016bding\u0105 j\u016bs\u0173 nam\u0173 ir sodo i\u0161vaizd\u0105 d\u0117l savo organin\u0117s i\u0161vaizdos, Kai sur\u016bdija, \"Corten\" atmosferos poveikiui atsparus plienas \u012fgauna turting\u0105 giliai rudos ir raudonos spalvos oksido pavir\u0161i\u0173, B\u016bt\u0173 nuostabu prid\u0117ti dekoratyvin\u0119 skulpt\u016br\u0105, kuri papildyt\u0173 j\u016bs\u0173 sod\u0105 ar namus.<\/p>","protected":false},"featured_media":1297,"comment_status":"open","ping_status":"closed","template":"","meta":{"_eb_attr":"","_monsterinsights_skip_tracking":false,"_monsterinsights_sitenote_active":false,"_monsterinsights_sitenote_note":"","_monsterinsights_sitenote_category":0,"_uf_show_specific_survey":0,"_uf_disable_surveys":false},"product_brand":[],"product_cat":[57],"product_tag":[],"class_list":{"0":"post-1296","1":"product","2":"type-product","3":"status-publish","4":"has-post-thumbnail","6":"product_cat-screen-panel","8":"first","9":"instock","10":"shipping-taxable","11":"product-type-simple"},"_links":{"self":[{"href":"https:\/\/keweicorten.com\/lt\/wp-json\/wp\/v2\/product\/1296"}],"collection":[{"href":"https:\/\/keweicorten.com\/lt\/wp-json\/wp\/v2\/product"}],"about":[{"href":"https:\/\/keweicorten.com\/lt\/wp-json\/wp\/v2\/types\/product"}],"replies":[{"embeddable":true,"href":"https:\/\/keweicorten.com\/lt\/wp-json\/wp\/v2\/comments?post=1296"}],"version-history":[{"count":1,"href":"https:\/\/keweicorten.com\/lt\/wp-json\/wp\/v2\/product\/1296\/revisions"}],"predecessor-version":[{"id":1298,"href":"https:\/\/keweicorten.com\/lt\/wp-json\/wp\/v2\/product\/1296\/revisions\/1298"}],"wp:featuredmedia":[{"embeddable":true,"href":"https:\/\/keweicorten.com\/lt\/wp-json\/wp\/v2\/media\/1297"}],"wp:attachment":[{"href":"https:\/\/keweicorten.com\/lt\/wp-json\/wp\/v2\/media?parent=1296"}],"wp:term":[{"taxonomy":"product_brand","embeddable":true,"href":"https:\/\/keweicorten.com\/lt\/wp-json\/wp\/v2\/product_brand?post=1296"},{"taxonomy":"product_cat","embeddable":true,"href":"https:\/\/keweicorten.com\/lt\/wp-json\/wp\/v2\/product_cat?post=1296"},{"taxonomy":"product_tag","embeddable":true,"href":"https:\/\/keweicorten.com\/lt\/wp-json\/wp\/v2\/product_tag?post=1296"}],"curies":[{"name":"wp","href":"https:\/\/api.w.org\/{rel}","templated":true}]}}