{"id":1305,"date":"2024-09-20T08:36:04","date_gmt":"2024-09-20T08:36:04","guid":{"rendered":"https:\/\/keweicorten.com\/?post_type=product&#038;p=1305"},"modified":"2025-01-15T06:24:28","modified_gmt":"2025-01-15T06:24:28","slug":"lazeriu-pjaustomos-sienu-plokstes","status":"publish","type":"product","link":"https:\/\/keweicorten.com\/lt\/lazeriu-pjaustomos-sienu-plokstes\/","title":{"rendered":"lazeriu pjaustomos sien\u0173 plok\u0161t\u0117s"},"content":{"rendered":"<p>Lazeriu pjaustytos sien\u0173 plok\u0161t\u0117s yra dekoratyviniai ir funkciniai elementai, da\u017enai naudojami tiek interjere, tiek eksterjere. \u0160ios plok\u0161t\u0117s paprastai gaminamos i\u0161 toki\u0173 med\u017eiag\u0173 kaip metalas (pavyzd\u017eiui, korteninis plienas, aliuminis ar ner\u016bdijantis plienas), mediena ar kompozicin\u0117s med\u017eiagos. Jos sukuriamos tiksliai i\u0161pjaunant sud\u0117tingus ra\u0161tus, dizainus ar geometrines fig\u016bras plok\u0161\u010di\u0173 pavir\u0161iuje naudojant lazerin\u0119 technologij\u0105.<\/p>\n<ul>\n<li><strong>Kambari\u0173 pertvaros:<\/strong> \u0160iomis plok\u0161t\u0117mis galima atskirti atviro plano nam\u0173 ar biuro erdves.<\/li>\n<li><strong>Sien\u0173 menas:<\/strong> Kaip meninis elementas gyvenamuosiuose kambariuose, kiemuose ar lauko erdv\u0117se.<\/li>\n<li><strong>Privatumo ekranai:<\/strong> Balkonuose, terasose ar soduose suteikia nuo\u0161alumo poj\u016bt\u012f.<\/li>\n<li><strong>Tvoros arba vartai:<\/strong> Skirti didesniam saugumui u\u017etikrinti arba lauko teritorijoms papuo\u0161ti.<\/li>\n<\/ul>\n<p><strong>Lazeriu pjaustytos sien\u0173 plok\u0161t\u0117s Privalumai:<\/strong><\/p>\n<ul>\n<li><strong>Pritaikymas:<\/strong> Dizain\u0105 galima pritaikyti individualiai, kad jis atitikt\u0173 bet koki\u0105 estetik\u0105.<\/li>\n<li><strong>Patvarumas:<\/strong> Tokie metalai kaip korteninis plienas laikui b\u0117gant \u012fgauna apsaugin\u0119 r\u016bd\u017ei\u0173 patin\u0105, tod\u0117l tinka naudoti lauke.<\/li>\n<li><strong>Universalumas:<\/strong> Galima naudoti modernaus, kaimi\u0161ko ar tradicinio dizaino gaminiuose.<\/li>\n<\/ul>","protected":false},"excerpt":{"rendered":"<p><span class=\"magic-17\" style=\"color: #f70843;\">100% pasitenkinimo garantija<\/span><\/p>\n<div><span class=\"magic-17\" style=\"color: #f70843;\">Med\u017eiaga - korteninis plienas<br \/>\n<\/span><\/div>\n<div><span class=\"magic-17\" style=\"color: #f70843;\">J\u012f galima naudoti ir patalpose, ir lauke.<\/span><\/div>\n<div>\n<table class=\"has-title all magic-9\">\n<tbody>\n<tr>\n<td colspan=\"1\" rowspan=\"1\">\n<div class=\"magic-10\" data-spm-anchor-id=\"a2700.details.0.i39.2f0453fbTWsH9o\">Produkto tipas<\/div>\n<\/td>\n<td colspan=\"1\" rowspan=\"1\">\n<div class=\"magic-11\">Metalinis ekrano skydas<\/div>\n<\/td>\n<td colspan=\"1\" rowspan=\"1\">\n<div class=\"magic-12\">Med\u017eiaga<\/div>\n<\/td>\n<td colspan=\"1\" rowspan=\"1\">\n<div class=\"magic-13\">Korteninis plienas, metalas<\/div>\n<\/td>\n<\/tr>\n<tr>\n<td colspan=\"1\" rowspan=\"1\">\n<div class=\"magic-10\">Matmenys<\/div>\n<\/td>\n<td colspan=\"1\" rowspan=\"1\">\n<div class=\"magic-11\">Pritaikytas<\/div>\n<\/td>\n<td colspan=\"1\" rowspan=\"1\">\n<div class=\"magic-12\">Modelis<\/div>\n<\/td>\n<td colspan=\"1\" rowspan=\"1\">\n<div class=\"magic-13\">Pritaikytas<\/div>\n<\/td>\n<\/tr>\n<tr>\n<td colspan=\"1\" rowspan=\"1\">\n<div class=\"magic-10\">Parai\u0161ka<\/div>\n<\/td>\n<td colspan=\"3\" rowspan=\"1\">\n<div class=\"magic-14\">Padalytas, Privatumas, Apdaila ir kt.<\/div>\n<\/td>\n<\/tr>\n<tr>\n<td colspan=\"1\" rowspan=\"1\">\n<div class=\"magic-10\">Pakavimas<\/div>\n<\/td>\n<td colspan=\"3\" rowspan=\"1\">\n<div class=\"magic-14\">Medinis d\u0117klas, d\u0117\u017eut\u0117, pritaikytas<\/div>\n<\/td>\n<\/tr>\n<\/tbody>\n<\/table>\n<\/div>","protected":false},"featured_media":1306,"comment_status":"open","ping_status":"closed","template":"","meta":{"_eb_attr":"","_monsterinsights_skip_tracking":false,"_monsterinsights_sitenote_active":false,"_monsterinsights_sitenote_note":"","_monsterinsights_sitenote_category":0,"_uf_show_specific_survey":0,"_uf_disable_surveys":false},"product_brand":[],"product_cat":[57],"product_tag":[],"class_list":{"0":"post-1305","1":"product","2":"type-product","3":"status-publish","4":"has-post-thumbnail","6":"product_cat-screen-panel","8":"first","9":"instock","10":"shipping-taxable","11":"product-type-simple"},"_links":{"self":[{"href":"https:\/\/keweicorten.com\/lt\/wp-json\/wp\/v2\/product\/1305"}],"collection":[{"href":"https:\/\/keweicorten.com\/lt\/wp-json\/wp\/v2\/product"}],"about":[{"href":"https:\/\/keweicorten.com\/lt\/wp-json\/wp\/v2\/types\/product"}],"replies":[{"embeddable":true,"href":"https:\/\/keweicorten.com\/lt\/wp-json\/wp\/v2\/comments?post=1305"}],"version-history":[{"count":1,"href":"https:\/\/keweicorten.com\/lt\/wp-json\/wp\/v2\/product\/1305\/revisions"}],"predecessor-version":[{"id":1307,"href":"https:\/\/keweicorten.com\/lt\/wp-json\/wp\/v2\/product\/1305\/revisions\/1307"}],"wp:featuredmedia":[{"embeddable":true,"href":"https:\/\/keweicorten.com\/lt\/wp-json\/wp\/v2\/media\/1306"}],"wp:attachment":[{"href":"https:\/\/keweicorten.com\/lt\/wp-json\/wp\/v2\/media?parent=1305"}],"wp:term":[{"taxonomy":"product_brand","embeddable":true,"href":"https:\/\/keweicorten.com\/lt\/wp-json\/wp\/v2\/product_brand?post=1305"},{"taxonomy":"product_cat","embeddable":true,"href":"https:\/\/keweicorten.com\/lt\/wp-json\/wp\/v2\/product_cat?post=1305"},{"taxonomy":"product_tag","embeddable":true,"href":"https:\/\/keweicorten.com\/lt\/wp-json\/wp\/v2\/product_tag?post=1305"}],"curies":[{"name":"wp","href":"https:\/\/api.w.org\/{rel}","templated":true}]}}