{"id":1308,"date":"2024-09-23T02:48:35","date_gmt":"2024-09-23T02:48:35","guid":{"rendered":"https:\/\/keweicorten.com\/?post_type=product&#038;p=1308"},"modified":"2025-01-15T06:24:20","modified_gmt":"2025-01-15T06:24:20","slug":"korteninio-plieno-vandens-dubuo","status":"publish","type":"product","link":"https:\/\/keweicorten.com\/lt\/korteninio-plieno-vandens-dubuo\/","title":{"rendered":"Korteninio plieno vandens dubuo"},"content":{"rendered":"<p>Korteninio plieno vandens dubenys yra populiarus \u0161iuolaikini\u0173 sod\u0173 ir lauko erdvi\u0173 priedas d\u0117l j\u0173 laikui b\u0117gant susiformavusios rustikalios i\u0161vaizdos. \u0160is plienas, dar vadinamas atmosferos poveikiu pasi\u017eymin\u010diu plienu, veikiamas gamtos stichij\u0173, \u012fgauna stabili\u0105 r\u016bd\u017ei\u0173 i\u0161vaizd\u0105, suteikian\u010di\u0105 jam i\u0161skirtin\u0119 \u017eemi\u0161k\u0105 oran\u017ei\u0161kai rud\u0105 spalv\u0105. \u0160ie dubenys gali tarnauti kaip nuostab\u016bs akcentai, vandens elementai ar net pauk\u0161\u010di\u0173 vonios soduose.<\/p>\n<h2>Korteninio plieno vandens duben\u0173 savyb\u0117s:<\/h2>\n<ul>\n<li><strong>Patvarumas<\/strong>: Korteninis plienas labai atsparus korozijai, tod\u0117l lauke jis tarnaus daugel\u012f met\u0173.<\/li>\n<li><strong>Estetinis patrauklumas<\/strong>: Nat\u016braliai oksiduojantis pavir\u0161ius sukuria ry\u0161ki\u0105 patin\u0105, kuri puikiai dera su gamta ir \u0161iuolaikiniu dizainu.<\/li>\n<li><strong>\u012evairi\u0173 dyd\u017ei\u0173<\/strong>: Vandens dubenys b\u016bna \u012fvairi\u0173 dyd\u017ei\u0173 - nuo ma\u017e\u0173 dekoratyvini\u0173 duben\u0173 iki dideli\u0173, kurie gali b\u016bti didesnio sodo kra\u0161tovaizd\u017eio dalis.<\/li>\n<li><strong>Universalumas<\/strong>: \u0160iuos korteninio plieno vandens duben\u0117lius galima naudoti kaip atskirus elementus, vandens fontan\u0173 sistemos dal\u012f arba juos galima statyti su dekoratyviniais akmenimis ar augalais.<\/li>\n<\/ul>\n<div class=\"J_module\">\n<div class=\"detail-decorate-json-renderer-container\">\n<div class=\"magic-1\">\n<div class=\"magic-2\">\n<div class=\"magic-3\">\n<div class=\"magic-4\"><span class=\"magic-8\"><span class=\"magic-5\" style=\"font-family: Arial;\">Korteninio plieno vandens dubenys naudojami stovyklaviet\u0117s ugniavietei ar lietaus fontanui sode ir kieme.<span data-spm-anchor-id=\"a2700.details.0.i42.1cc76ac413SX1S\"> Corteno plieno med\u017eiaga yra kaimi\u0161ka, tvirta ir laikui b\u0117gant pasidengia apsauginiu r\u016bd\u017ei\u0173 sluoksniu.<\/span><\/span><\/span><\/div>\n<\/div>\n<\/div>\n<\/div>\n<\/div>\n<\/div>\n<div class=\"J_module\">\n<div class=\"icbu-pc-images magic-10\">\n<div>\n<div class=\"flex-layout-h\">\n<div class=\"flex-layout-v magic-11\">\n<table class=\"all magic-39\">\n<tbody>\n<tr>\n<td colspan=\"1\" rowspan=\"1\">\n<div class=\"magic-40\" data-spm-anchor-id=\"a2700.details.0.i43.1cc76ac413SX1S\"><b>Produkto pavadinimas\u00a0<\/b><\/div>\n<\/td>\n<td colspan=\"1\" rowspan=\"1\">\n<div class=\"magic-41\">Metalin\u0117 ugniaviet\u0117<\/div>\n<\/td>\n<\/tr>\n<tr>\n<td colspan=\"1\" rowspan=\"1\">\n<div class=\"magic-40\"><b>Med\u017eiaga\u00a0<\/b><\/div>\n<\/td>\n<td colspan=\"1\" rowspan=\"1\">\n<div class=\"magic-41\">korteninis plienas, ner\u016bdijantis plienas, aliuminis ir plienas<\/div>\n<\/td>\n<\/tr>\n<tr>\n<td colspan=\"1\" rowspan=\"1\">\n<div class=\"magic-40\"><b>Dydis<\/b><\/div>\n<\/td>\n<td colspan=\"1\" rowspan=\"1\">\n<div class=\"magic-41\">60 cm, 70 cm, 80 cm, 90 cm, 100 cm, 120 cm, 150 cm skersmens, mes teikiame pasirinktin\u012f dyd\u012f pagal j\u016bs\u0173 reikalavimus<\/div>\n<\/td>\n<\/tr>\n<tr>\n<td colspan=\"1\" rowspan=\"1\">\n<div class=\"magic-40\"><b>Storis\u00a0<\/b><\/div>\n<\/td>\n<td colspan=\"1\" rowspan=\"1\">\n<div class=\"magic-41\">2 mm, 3 mm, 4 mm<\/div>\n<\/td>\n<\/tr>\n<tr>\n<td colspan=\"1\" rowspan=\"1\">\n<div class=\"magic-40\"><b>Apdaila\u00a0<\/b><\/div>\n<\/td>\n<td colspan=\"1\" rowspan=\"1\">\n<div class=\"magic-41\">\u00a0Nat\u016bralios r\u016bdys \/ juoda auk\u0161tos temperat\u016bros miltelin\u0117 danga<\/div>\n<\/td>\n<\/tr>\n<tr>\n<td colspan=\"1\" rowspan=\"1\">\n<div class=\"magic-40\"><b>Pakavimas<\/b><\/div>\n<\/td>\n<td colspan=\"1\" rowspan=\"1\">\n<div class=\"magic-41\">3K+ kietoji rudos spalvos d\u0117\u017eut\u0117 su spalvota etikete<\/div>\n<\/td>\n<\/tr>\n<tr>\n<td colspan=\"1\" rowspan=\"1\">\n<div class=\"magic-40\"><b>Naudojimas<\/b><\/div>\n<\/td>\n<td colspan=\"1\" rowspan=\"1\">\n<div class=\"magic-41\">Nam\u0173 ir sodo apdaila<\/div>\n<\/td>\n<\/tr>\n<\/tbody>\n<\/table>\n<\/div>\n<\/div>\n<\/div>\n<\/div>\n<\/div>","protected":false},"excerpt":{"rendered":"<p class=\"magic-47\"><span class=\"magic-43\" style=\"color: #0f0202; font-family: Georgia;\">M\u016bs\u0173 privalumas:<\/span><\/p>\n<p class=\"magic-47\"><span class=\"magic-43\" style=\"color: #0f0202; font-family: Georgia;\">A. Klasikinis dizainas ir geriausia kokyb\u0117 konkurencingomis kainomis<\/span><\/p>\n<p class=\"magic-47\"><span class=\"magic-43\" style=\"color: #0f0202; font-family: Georgia;\">B. \u0160imtai skirting\u0173 stili\u0173, kad b\u016bt\u0173 i\u0161 ko rinktis<\/p>\n<p>C. tradicin\u0117s arba antikvarin\u0117s imitacijos spalvos pagal pageidavim\u0105<\/p>\n<p>D. Patikimas aptarnavimas, greitas ir glaudus bendradarbiavimas.<\/span><\/p>","protected":false},"featured_media":1309,"comment_status":"open","ping_status":"closed","template":"","meta":{"_eb_attr":"","_monsterinsights_skip_tracking":false,"_monsterinsights_sitenote_active":false,"_monsterinsights_sitenote_note":"","_monsterinsights_sitenote_category":0,"_uf_show_specific_survey":0,"_uf_disable_surveys":false},"product_brand":[],"product_cat":[54],"product_tag":[],"class_list":{"0":"post-1308","1":"product","2":"type-product","3":"status-publish","4":"has-post-thumbnail","6":"product_cat-wood-fire-pit","8":"first","9":"instock","10":"shipping-taxable","11":"product-type-simple"},"_links":{"self":[{"href":"https:\/\/keweicorten.com\/lt\/wp-json\/wp\/v2\/product\/1308"}],"collection":[{"href":"https:\/\/keweicorten.com\/lt\/wp-json\/wp\/v2\/product"}],"about":[{"href":"https:\/\/keweicorten.com\/lt\/wp-json\/wp\/v2\/types\/product"}],"replies":[{"embeddable":true,"href":"https:\/\/keweicorten.com\/lt\/wp-json\/wp\/v2\/comments?post=1308"}],"version-history":[{"count":1,"href":"https:\/\/keweicorten.com\/lt\/wp-json\/wp\/v2\/product\/1308\/revisions"}],"predecessor-version":[{"id":1310,"href":"https:\/\/keweicorten.com\/lt\/wp-json\/wp\/v2\/product\/1308\/revisions\/1310"}],"wp:featuredmedia":[{"embeddable":true,"href":"https:\/\/keweicorten.com\/lt\/wp-json\/wp\/v2\/media\/1309"}],"wp:attachment":[{"href":"https:\/\/keweicorten.com\/lt\/wp-json\/wp\/v2\/media?parent=1308"}],"wp:term":[{"taxonomy":"product_brand","embeddable":true,"href":"https:\/\/keweicorten.com\/lt\/wp-json\/wp\/v2\/product_brand?post=1308"},{"taxonomy":"product_cat","embeddable":true,"href":"https:\/\/keweicorten.com\/lt\/wp-json\/wp\/v2\/product_cat?post=1308"},{"taxonomy":"product_tag","embeddable":true,"href":"https:\/\/keweicorten.com\/lt\/wp-json\/wp\/v2\/product_tag?post=1308"}],"curies":[{"name":"wp","href":"https:\/\/api.w.org\/{rel}","templated":true}]}}