{"id":1311,"date":"2024-09-23T03:00:44","date_gmt":"2024-09-23T03:00:44","guid":{"rendered":"https:\/\/keweicorten.com\/?post_type=product&#038;p=1311"},"modified":"2025-01-15T06:24:07","modified_gmt":"2025-01-15T06:24:07","slug":"metalinis-vandens-elemento-dubuo","status":"publish","type":"product","link":"https:\/\/keweicorten.com\/lt\/metalinis-vandens-elemento-dubuo\/","title":{"rendered":"metalinis vandens elemento dubuo"},"content":{"rendered":"<h2>Metalinio vandens elemento funkcijos:<\/h2>\n<p>Atsparumas korozijai: Plienas yra atsparus korozijai ir gali i\u0161laikyti ger\u0105 b\u016bkl\u0119 net ir ilgai veikiamas v\u0117jo ir lietaus u\u017e namo rib\u0173.<br \/>\nNat\u016bralus gro\u017eis: Laikui b\u0117gant pavir\u0161ius palaipsniui \u012fgaus unikali\u0105 r\u016bd\u017ei\u0173 tekst\u016br\u0105, suformuos nat\u016brali\u0105 oran\u017ein\u0117s rudos spalvos i\u0161vaizd\u0105, labai deran\u010di\u0105 su modernaus ir nat\u016bralaus dizaino stiliaus deriniu.<br \/>\nAplinkos apsauga: Koroduojantis plienas nereikalauja papildomos prie\u017ei\u016bros ir nedaro poveikio aplinkai.<br \/>\nUniversalumas: Atsparus atmosferos poveikiui plieninis dubuo gali b\u016bti naudojamas kaip vandens elementas kieme, pauk\u0161\u010di\u0173 vonia, tvenkinys, kra\u0161tovaizd\u017eio puo\u0161mena ar fontano dalis.<br \/>\nDyd\u017eio parinktys: Priklausomai nuo vietos poreiki\u0173, oro s\u0105lygoms atspar\u016bs plieniniai dubenys gali b\u016bti \u012fvairi\u0173 dyd\u017ei\u0173: nuo ma\u017e\u0173 dekoratyvini\u0173 vandens duben\u0173 iki dideli\u0173 kra\u0161tovaizd\u017eio basein\u0173.<br \/>\nNaudojimo scenarijus:<br \/>\n1. Kra\u0161tovaizd\u017eio vanduo<br \/>\n2. Fontano dizainas<br \/>\n3. Kiemo centro puo\u0161yba<\/p>\n<p>Korteninio plieno metaliniai vandens puodai turi daugyb\u0119 privalum\u0173, tiek estetini\u0173, tiek praktini\u0173.Jie turi pramonin\u012f \u012fsp\u016bd\u012f, ta\u010diau n\u0117ra \u0161iurk\u0161t\u016bs ar \u0161alti, o j\u0173 gra\u017e\u016bs vario spalvos tonai suteikia schemai gilumo ir kontrasto. Corteno plieno ugniakuras yra puikus ma\u017eai prie\u017ei\u016bros reikalaujantis sodo elementas. Korteninio plieno ugniaviet\u0117s. Atraskite korteno plieno ugniakur\u0173 ilgaam\u017ei\u0161kum\u0105 ir kaimi\u0161k\u0105 gro\u017e\u012f. Kiekviena kortino plieno ugniaviet\u0117, gaminama tiek deginant medien\u0105, tiek dujas, \u012fgauna unikali\u0105 patin\u0105 ir yra ne tik ugnies elementas, bet ir meno k\u016brinys.<\/p>\n<figure style=\"width: 627px\" class=\"wp-caption alignnone\"><a href=\"https:\/\/keweicorten.com\/lt\"><img fetchpriority=\"high\" decoding=\"async\" title=\"sodo vandens dubuo\" src=\"https:\/\/sc04.alicdn.com\/kf\/H75f6bcdaad934358a327cd4efdbeb9ae2\/238887437\/H75f6bcdaad934358a327cd4efdbeb9ae2.jpg\" alt=\"\" width=\"627\" height=\"627\" \/><\/a><figcaption class=\"wp-caption-text\">sodo vandens dubuo<\/figcaption><\/figure>\n<p><b><span class=\"magic-15\" data-spm-anchor-id=\"a2700.details.0.i42.7d417f93rLNuig\">Ugniakuras naudojamas \u012fvairiose patalpose ar lauke, pavyzd\u017eiui, sode, vakar\u0117liuose, BBQ. <\/span><\/b><\/p>","protected":false},"excerpt":{"rendered":"<p>Korteninio plieno ugniakuras. Atraskite korteno plieno ugniakur\u0173 ilgaam\u017ei\u0161kum\u0105 ir kaimi\u0161k\u0105 gro\u017e\u012f. Kiekviena kortino plieno ugniaviet\u0117, gaminama tiek deginant medien\u0105, tiek dujas, \u012fgauna unikali\u0105 patin\u0105 ir yra ne tik ugnies elementas, bet ir meno k\u016brinys.<\/p>","protected":false},"featured_media":1312,"comment_status":"open","ping_status":"closed","template":"","meta":{"_eb_attr":"","_monsterinsights_skip_tracking":false,"_monsterinsights_sitenote_active":false,"_monsterinsights_sitenote_note":"","_monsterinsights_sitenote_category":0,"_uf_show_specific_survey":0,"_uf_disable_surveys":false},"product_brand":[],"product_cat":[54],"product_tag":[],"class_list":{"0":"post-1311","1":"product","2":"type-product","3":"status-publish","4":"has-post-thumbnail","6":"product_cat-wood-fire-pit","8":"first","9":"instock","10":"shipping-taxable","11":"product-type-simple"},"_links":{"self":[{"href":"https:\/\/keweicorten.com\/lt\/wp-json\/wp\/v2\/product\/1311"}],"collection":[{"href":"https:\/\/keweicorten.com\/lt\/wp-json\/wp\/v2\/product"}],"about":[{"href":"https:\/\/keweicorten.com\/lt\/wp-json\/wp\/v2\/types\/product"}],"replies":[{"embeddable":true,"href":"https:\/\/keweicorten.com\/lt\/wp-json\/wp\/v2\/comments?post=1311"}],"version-history":[{"count":1,"href":"https:\/\/keweicorten.com\/lt\/wp-json\/wp\/v2\/product\/1311\/revisions"}],"predecessor-version":[{"id":1313,"href":"https:\/\/keweicorten.com\/lt\/wp-json\/wp\/v2\/product\/1311\/revisions\/1313"}],"wp:featuredmedia":[{"embeddable":true,"href":"https:\/\/keweicorten.com\/lt\/wp-json\/wp\/v2\/media\/1312"}],"wp:attachment":[{"href":"https:\/\/keweicorten.com\/lt\/wp-json\/wp\/v2\/media?parent=1311"}],"wp:term":[{"taxonomy":"product_brand","embeddable":true,"href":"https:\/\/keweicorten.com\/lt\/wp-json\/wp\/v2\/product_brand?post=1311"},{"taxonomy":"product_cat","embeddable":true,"href":"https:\/\/keweicorten.com\/lt\/wp-json\/wp\/v2\/product_cat?post=1311"},{"taxonomy":"product_tag","embeddable":true,"href":"https:\/\/keweicorten.com\/lt\/wp-json\/wp\/v2\/product_tag?post=1311"}],"curies":[{"name":"wp","href":"https:\/\/api.w.org\/{rel}","templated":true}]}}