{"id":1317,"date":"2024-09-23T06:34:32","date_gmt":"2024-09-23T06:34:32","guid":{"rendered":"https:\/\/keweicorten.com\/?post_type=product&#038;p=1317"},"modified":"2025-01-15T06:23:43","modified_gmt":"2025-01-15T06:23:43","slug":"lauko-korteninio-plieno-rudziu-bbq","status":"publish","type":"product","link":"https:\/\/keweicorten.com\/lt\/lauko-korteninio-plieno-rudziu-bbq\/","title":{"rendered":"Lauko Corteno plieno r\u016bd\u017ei\u0173 kepsnin\u0117"},"content":{"rendered":"<h2>Korteno plieno med\u017eio angli\u0173 kepsnin\u0117s funkcijos<\/h2>\n<p>Lauko \"Corten\" plieno r\u016bd\u017ei\u0173 kepsnin\u0117je suderintas funkcionalumas ir estetinis patrauklumas. Corteno plieno med\u017eiaga yra \u017einoma d\u0117l savo atsparumo atmosferos poveikiui, d\u0117l kurio laikui b\u0117gant susidaro apsauginis r\u016bd\u017ei\u0173 pavir\u0161ius, tod\u0117l ji yra ilgaam\u017e\u0117 ir vizualiai \u012fsp\u016bdinga. \u0160ios lauko Corten plieno r\u016bd\u017ei\u0173 kepsnin\u0117s da\u017enai skland\u017eiai \u012fsilieja \u012f lauko aplink\u0105, suteikdamos sodui ar kiemeliui kaimi\u0161ko, pramoninio stiliaus \u012fsp\u016bd\u012f.<\/p>\n<table class=\"all magic-22\">\n<tbody>\n<tr>\n<td colspan=\"2\" rowspan=\"1\">\n<div class=\"magic-23\" data-spm-anchor-id=\"a2700.details.0.i39.767b11fcnAZI6v\">Produkto pavadinimas<\/div>\n<\/td>\n<td colspan=\"3\" rowspan=\"1\">\n<div class=\"magic-26\">Didel\u0117s medienos deginimo Corteno plieno metalin\u0117s ne\u0161iojamos BBQ kepsnin\u0117s<\/div>\n<\/td>\n<\/tr>\n<tr>\n<td colspan=\"2\" rowspan=\"1\">\n<div class=\"magic-23\">\u017daliavos<\/div>\n<\/td>\n<td colspan=\"3\" rowspan=\"1\">\n<div class=\"magic-26\">Corteno metalo lak\u0161tai, anglinis plienas<\/div>\n<\/td>\n<\/tr>\n<tr>\n<td colspan=\"2\" rowspan=\"1\">\n<div class=\"magic-28\">Pasirenkamas dydis<\/div>\n<\/td>\n<td colspan=\"3\" rowspan=\"1\">\n<div class=\"magic-30\">1000 mm ir apvalaus tipo, taip pat priimami OEM pritaikyti<\/div>\n<\/td>\n<\/tr>\n<tr>\n<td colspan=\"2\" rowspan=\"1\">\n<div class=\"magic-23\">Kuro tipas<\/div>\n<\/td>\n<td colspan=\"3\" rowspan=\"1\">\n<div class=\"magic-26\">Da\u017eniausiai b\u016bna med\u017eio anglis, taip pat galima keisti duj\u0173 \/ propano tip\u0105<\/div>\n<\/td>\n<\/tr>\n<tr>\n<td colspan=\"2\" rowspan=\"1\">\n<div class=\"magic-28\">Paketas<\/div>\n<\/td>\n<td colspan=\"3\" rowspan=\"1\">\n<div class=\"magic-30\">Kartonin\u0117 pakuot\u0117 su pad\u0117klais<\/div>\n<\/td>\n<\/tr>\n<tr>\n<td colspan=\"2\" rowspan=\"1\">\n<div class=\"magic-28\">MOQ<\/div>\n<\/td>\n<td colspan=\"3\" rowspan=\"1\">\n<div class=\"magic-30\">1 vnt. ir 80 vnt. 20GP konteineriui<\/div>\n<\/td>\n<\/tr>\n<tr>\n<td colspan=\"2\" rowspan=\"1\">\n<div class=\"magic-28\">Pagrindin\u0117 rinka<\/div>\n<\/td>\n<td colspan=\"3\" rowspan=\"1\">\n<div class=\"magic-30\">Europa \/ JAV \/ Australija<\/div>\n<\/td>\n<\/tr>\n<\/tbody>\n<\/table>\n<div class=\"J_module\">\n<div class=\"detail-decorate-json-renderer-container\">\n<div class=\"magic-4\">\n<div class=\"magic-7\" data-spm-anchor-id=\"a2700.details.0.i41.767b11fcnAZI6v\">\n<div class=\"magic-8\">\n<div class=\"magic-9\">\n<p><span class=\"magic-10\">Skirtingai nuo tradicini\u0173 lauko \u0161ildytuv\u0173, lauko Corteno plieno r\u016bd\u017ei\u0173 kepsnin\u0117 suteikia 360 laipsni\u0173 atvir\u0105 liepsn\u0105 ir \u012f j\u016bs\u0173 lauko gyvenam\u0105j\u0105 erdv\u0119 \u012fne\u0161 pramogin\u012f, viliojant\u012f ir \u017eav\u0173 element\u0105.<\/span><span class=\"magic-10\">Nesvarbu, ar j\u016bs\u0173 lauko interjeras tradicinis, minimalistinis, kaimi\u0161kas, ar \u0161iuolaiki\u0161kas, visada rasite ugniakur\u0105, atitinkant\u012f j\u016bs\u0173 asmenin\u012f skon\u012f.<\/span><span class=\"magic-10\">Galima \u012fsigyti papildom\u0173 pried\u0173.<\/span><\/p>\n<div>\n<div class=\"flex-layout-v magic-20\">\n<div class=\"magic-21\">\n<figure style=\"width: 616px\" class=\"wp-caption alignnone\"><a href=\"https:\/\/keweicorten.com\/lt\"><img fetchpriority=\"high\" decoding=\"async\" class=\"magic-22\" title=\"med\u017eio angli\u0173 kepsnin\u0117\" src=\"https:\/\/sc04.alicdn.com\/kf\/Hc2409745ccc84643881e8baac0e202c8d\/223026859\/Hc2409745ccc84643881e8baac0e202c8d.jpg\" alt=\"\" width=\"616\" height=\"616\" data-src=\"\/\/sc04.alicdn.com\/kf\/Hc2409745ccc84643881e8baac0e202c8d\/223026859\/Hc2409745ccc84643881e8baac0e202c8d.jpg\" data-spm-anchor-id=\"a2700.details.0.i44.20af498aXXDt0K\" \/><\/a><figcaption class=\"wp-caption-text\">med\u017eio angli\u0173 kepsnin\u0117<\/figcaption><\/figure>\n<\/div>\n<\/div>\n<div class=\"text-wrapper magic-23\">\n<div class=\"text-wrapper-right text-theme-light text-align-left\" data-spm-anchor-id=\"a2700.details.0.i43.20af498aXXDt0K\">\n<div class=\"text-title\" data-spm-anchor-id=\"a2700.details.0.i41.20af498aXXDt0K\">Grilio kepsnin\u0117s vir\u0161aus kepimo \u017eiedo plok\u0161t\u0117<\/div>\n<div class=\"text-content\"><span data-spm-anchor-id=\"a2700.details.0.i42.20af498aXXDt0K\">\u0160i vir\u0161utin\u0117 plok\u0161t\u0117 pagaminta i\u0161 pakankamai storo gr\u016bdinto anglinio plieno.Tokia med\u017eiaga neleid\u017eia pasikeisti formai veikiant auk\u0161tai temperat\u016brai.<\/span><\/div>\n<\/div>\n<\/div>\n<\/div>\n<\/div>\n<\/div>\n<\/div>\n<\/div>\n<\/div>\n<\/div>\n<div class=\"J_module\">\n<div class=\"icbu-pc-detailManyImage magic-11\">\n<div class=\"J_module\">\n<div class=\"icbu-pc-images magic-0\">\n<div class=\"flex-layout-h\">\n<div class=\"text-wrapper magic-24\">\n<div class=\"text-wrapper-left text-theme-light text-align-left\">\n<div data-spm-anchor-id=\"a2700.details.0.i47.20af498aXXDt0K\"><\/div>\n<div class=\"text-title\" data-spm-anchor-id=\"a2700.details.0.i47.20af498aXXDt0K\">Grilio kepsnin\u0117s ugnies dubuo<\/div>\n<div class=\"text-title\" data-spm-anchor-id=\"a2700.details.0.i47.20af498aXXDt0K\">Gali b\u016bti naudojamas kaip ugniakuras su virykl\u0117s \u017eiedo plok\u0161te arba be jos.Ugniakuras pagamintas i\u0161 vieno korteninio plieno gabalo be si\u016bli\u0173 ir suvirinimo si\u016bli\u0173.Ugniakuro storis - 2 mm.<\/div>\n<\/div>\n<\/div>\n<div class=\"flex-layout-v magic-20\">\n<div class=\"magic-25\">\n<figure style=\"width: 618px\" class=\"wp-caption alignnone\"><a href=\"https:\/\/keweicorten.com\/lt\/susisiekite-su-mumis\/\"><img decoding=\"async\" class=\"magic-26\" title=\"lauko kepsnin\u0117\" src=\"https:\/\/sc04.alicdn.com\/kf\/H753c3cf1341a40ed9a0ee9f74fe4b065O\/223026859\/H753c3cf1341a40ed9a0ee9f74fe4b065O.jpg\" alt=\"\" width=\"618\" height=\"618\" data-src=\"\/\/sc04.alicdn.com\/kf\/H753c3cf1341a40ed9a0ee9f74fe4b065O\/223026859\/H753c3cf1341a40ed9a0ee9f74fe4b065O.jpg\" \/><\/a><figcaption class=\"wp-caption-text\">lauko kepsnin\u0117<\/figcaption><\/figure>\n<\/div>\n<\/div>\n<\/div>\n<\/div>\n<\/div>\n<div class=\"J_module\">\n<div class=\"icbu-pc-images magic-0\">\n<div>\n<div class=\"flex-layout-h\">\n<div class=\"flex-layout-v magic-20\">\n<div class=\"magic-27\">\n<figure style=\"width: 616px\" class=\"wp-caption alignnone\"><a href=\"https:\/\/keweicorten.com\/lt\"><img decoding=\"async\" class=\"magic-28\" title=\"ne\u0161iojamas grilis\" src=\"https:\/\/sc04.alicdn.com\/kf\/H73bfd555311d40dcaf54d4700570657dA\/223026859\/H73bfd555311d40dcaf54d4700570657dA.jpg\" alt=\"\" width=\"616\" height=\"616\" data-src=\"\/\/sc04.alicdn.com\/kf\/H73bfd555311d40dcaf54d4700570657dA\/223026859\/H73bfd555311d40dcaf54d4700570657dA.jpg\" \/><\/a><figcaption class=\"wp-caption-text\">ne\u0161iojamas grilis<\/figcaption><\/figure>\n<\/div>\n<\/div>\n<div class=\"text-wrapper magic-23\" data-spm-anchor-id=\"a2700.details.0.i48.20af498aXXDt0K\">\n<div class=\"text-wrapper-right text-theme-light text-align-left\">\n<div class=\"text-title\">Grilio kepsnin\u0117s talpykla<\/div>\n<div class=\"text-content\">\n<p>Pagrindin\u0117 talpykla pagaminta i\u0161 specialios r\u016b\u0161ies plieno, kurio sud\u0117tyje yra vario (Corten). Corteno plienas kartais vadinamas atmosferos poveikiui atspariu plienu.Gali b\u016bti paliekamas lauke i\u0161tisus metus; laikui b\u0117gant pagrindas \u012fgauna gra\u017ei\u0105, prie\u017ei\u016bros nereikalaujan\u010di\u0105 patin\u0105.<\/p>\n<\/div>\n<\/div>\n<\/div>\n<\/div>\n<\/div>\n<\/div>\n<\/div>\n<\/div>\n<\/div>","protected":false},"excerpt":{"rendered":"<p>Paruo\u0161kite sveik\u0105 maist\u0105 lauke naudodami \u0161i\u0105 ugniakur\u0105 su kepsnine, o stor\u0105 plok\u0161\u010di\u0105 kepimo plok\u0161t\u0119 naudokite kaip teppanyaki.Paprast\u0173, klasikini\u0173 linij\u0173 m\u016bs\u0173 kepsnin\u0117 yra prakti\u0161kesn\u0117 ir stilingesn\u0117 nei tradicin\u0117 kepsnin\u0117 ir puikiai tinka bet kurioje vietoje - nuo sodo iki pra\u0161matnios restorano terasos.Kai ateina laikas jaukiam susib\u016brimui lauke, \u0161is eleganti\u0161kas meno k\u016brinys virsta \u0161ilta, jaukia vieta gaminti maist\u0105 ir linksminti sve\u010dius.<\/p>","protected":false},"featured_media":1318,"comment_status":"open","ping_status":"closed","template":"","meta":{"_eb_attr":"","_monsterinsights_skip_tracking":false,"_monsterinsights_sitenote_active":false,"_monsterinsights_sitenote_note":"","_monsterinsights_sitenote_category":0,"_uf_show_specific_survey":0,"_uf_disable_surveys":false},"product_brand":[],"product_cat":[63],"product_tag":[],"class_list":{"0":"post-1317","1":"product","2":"type-product","3":"status-publish","4":"has-post-thumbnail","6":"product_cat-steel-bbq-grill","8":"first","9":"instock","10":"shipping-taxable","11":"product-type-simple"},"_links":{"self":[{"href":"https:\/\/keweicorten.com\/lt\/wp-json\/wp\/v2\/product\/1317"}],"collection":[{"href":"https:\/\/keweicorten.com\/lt\/wp-json\/wp\/v2\/product"}],"about":[{"href":"https:\/\/keweicorten.com\/lt\/wp-json\/wp\/v2\/types\/product"}],"replies":[{"embeddable":true,"href":"https:\/\/keweicorten.com\/lt\/wp-json\/wp\/v2\/comments?post=1317"}],"version-history":[{"count":3,"href":"https:\/\/keweicorten.com\/lt\/wp-json\/wp\/v2\/product\/1317\/revisions"}],"predecessor-version":[{"id":1321,"href":"https:\/\/keweicorten.com\/lt\/wp-json\/wp\/v2\/product\/1317\/revisions\/1321"}],"wp:featuredmedia":[{"embeddable":true,"href":"https:\/\/keweicorten.com\/lt\/wp-json\/wp\/v2\/media\/1318"}],"wp:attachment":[{"href":"https:\/\/keweicorten.com\/lt\/wp-json\/wp\/v2\/media?parent=1317"}],"wp:term":[{"taxonomy":"product_brand","embeddable":true,"href":"https:\/\/keweicorten.com\/lt\/wp-json\/wp\/v2\/product_brand?post=1317"},{"taxonomy":"product_cat","embeddable":true,"href":"https:\/\/keweicorten.com\/lt\/wp-json\/wp\/v2\/product_cat?post=1317"},{"taxonomy":"product_tag","embeddable":true,"href":"https:\/\/keweicorten.com\/lt\/wp-json\/wp\/v2\/product_tag?post=1317"}],"curies":[{"name":"wp","href":"https:\/\/api.w.org\/{rel}","templated":true}]}}