{"id":1322,"date":"2024-09-23T07:02:46","date_gmt":"2024-09-23T07:02:46","guid":{"rendered":"https:\/\/keweicorten.com\/?post_type=product&#038;p=1322"},"modified":"2024-09-23T07:02:46","modified_gmt":"2024-09-23T07:02:46","slug":"q450nqr1-kortino-plieno-plokste","status":"publish","type":"product","link":"https:\/\/keweicorten.com\/lt\/q450nqr1-kortino-plieno-plokste\/","title":{"rendered":"Q450NQR1 Corteno plieno plok\u0161t\u0117"},"content":{"rendered":"<p>Q450NQR1 Corteno plieno plok\u0161t\u0117 yra didelio stiprio ma\u017eai legiruoto (HSLA) konstrukcinio plieno r\u016b\u0161is, pirmiausia naudojama d\u0117l padidinto atsparumo atmosferos korozijai, tod\u0117l idealiai tinka naudoti lauke. Ji priklauso Corten plieno \u0161eimai, da\u017enai naudojamai architekt\u016bros, lauko konstrukcij\u0173 ir pramon\u0117s srityse, kur pageidaujama ilgaam\u017ei\u0161kumo ir kaimi\u0161kos i\u0161vaizdos.<\/p>\n<h2>\u00a0Pagrindin\u0117s Q450NQR1 Corteno plieno plok\u0161t\u0117s savyb\u0117s:<\/h2>\n<p>1. Atsparumas korozijai: Veikiamas oro s\u0105lyg\u0173, jis \u012fgauna stabili\u0105 r\u016bd\u017ei\u0173 i\u0161vaizd\u0105, kuri apsaugo j\u012f nuo tolesn\u0117s korozijos.<br \/>\n2. Didelis stiprumas: \"Q\" pavadinime rei\u0161kia, kad jo takumo riba yra 450 MPa, tod\u0117l jis tinka konstrukciniams tikslams.<br \/>\n3. Ilgaam\u017ei\u0161kumas: pasi\u017eymi puikiomis mechanin\u0117mis savyb\u0117mis ilgalaikiam naudojimui at\u0161iaurioje aplinkoje.<br \/>\n4. Minimali prie\u017ei\u016bra: D\u0117l nat\u016bralaus r\u016bd\u017ei\u0173 sluoksnio, palyginti su da\u017eytais ar dengtais pavir\u0161iais, jam reikia ma\u017eiau prie\u017ei\u016bros.<\/p>\n<p>Tipin\u0117s programos:<br \/>\n- Tiltai<br \/>\n- Sodo statiniai ir lauko baldai<br \/>\n- Skulpt\u016bros ir meno instaliacijos<br \/>\n- Laivybos konteineriai<br \/>\n- Pramoniniai kaminai arba silosin\u0117s<\/p>\n<figure id=\"attachment_1324\" aria-describedby=\"caption-attachment-1324\" style=\"width: 359px\" class=\"wp-caption alignnone\"><img fetchpriority=\"high\" decoding=\"async\" class=\"wp-image-1324\" src=\"https:\/\/keweicorten.com\/wp-content\/uploads\/2024\/09\/\u8010\u5019\u677f-300x300.jpg\" alt=\"\" width=\"359\" height=\"359\" srcset=\"https:\/\/keweicorten.com\/wp-content\/uploads\/2024\/09\/\u8010\u5019\u677f-300x300.jpg 300w, https:\/\/keweicorten.com\/wp-content\/uploads\/2024\/09\/\u8010\u5019\u677f-150x150.jpg 150w, https:\/\/keweicorten.com\/wp-content\/uploads\/2024\/09\/\u8010\u5019\u677f-12x12.jpg 12w, https:\/\/keweicorten.com\/wp-content\/uploads\/2024\/09\/\u8010\u5019\u677f-600x600.jpg 600w, https:\/\/keweicorten.com\/wp-content\/uploads\/2024\/09\/\u8010\u5019\u677f-100x100.jpg 100w, https:\/\/keweicorten.com\/wp-content\/uploads\/2024\/09\/\u8010\u5019\u677f.jpg 700w\" sizes=\"(max-width: 359px) 100vw, 359px\" \/><figcaption id=\"caption-attachment-1324\" class=\"wp-caption-text\">korteninis plienas<\/figcaption><\/figure>","protected":false},"excerpt":{"rendered":"<p>Atsparus koroziniam lietaus, sniego, ledo, r\u016bko ir kit\u0173 oro s\u0105lyg\u0173 poveikiui, nes sudaro<\/p>\n<p>tamsiai rudos spalvos oksiduota metalo danga, kuri neleid\u017eia giliau \u012fsiskverbti \u012f metal\u0105 ir d\u0117l to nereikia ilgus metus da\u017eyti ir brangiai kainuoti r\u016bd\u017ei\u0173.<\/p>\n<p>prie\u017ei\u016bra.<\/p>","protected":false},"featured_media":1323,"comment_status":"open","ping_status":"closed","template":"","meta":{"_eb_attr":"","_monsterinsights_skip_tracking":false,"_monsterinsights_sitenote_active":false,"_monsterinsights_sitenote_note":"","_monsterinsights_sitenote_category":0,"_uf_show_specific_survey":0,"_uf_disable_surveys":false},"product_brand":[],"product_cat":[21],"product_tag":[],"class_list":{"0":"post-1322","1":"product","2":"type-product","3":"status-publish","4":"has-post-thumbnail","6":"product_cat-weather-resistant-steel-plate","8":"first","9":"instock","10":"shipping-taxable","11":"product-type-simple"},"_links":{"self":[{"href":"https:\/\/keweicorten.com\/lt\/wp-json\/wp\/v2\/product\/1322"}],"collection":[{"href":"https:\/\/keweicorten.com\/lt\/wp-json\/wp\/v2\/product"}],"about":[{"href":"https:\/\/keweicorten.com\/lt\/wp-json\/wp\/v2\/types\/product"}],"replies":[{"embeddable":true,"href":"https:\/\/keweicorten.com\/lt\/wp-json\/wp\/v2\/comments?post=1322"}],"version-history":[{"count":1,"href":"https:\/\/keweicorten.com\/lt\/wp-json\/wp\/v2\/product\/1322\/revisions"}],"predecessor-version":[{"id":1325,"href":"https:\/\/keweicorten.com\/lt\/wp-json\/wp\/v2\/product\/1322\/revisions\/1325"}],"wp:featuredmedia":[{"embeddable":true,"href":"https:\/\/keweicorten.com\/lt\/wp-json\/wp\/v2\/media\/1323"}],"wp:attachment":[{"href":"https:\/\/keweicorten.com\/lt\/wp-json\/wp\/v2\/media?parent=1322"}],"wp:term":[{"taxonomy":"product_brand","embeddable":true,"href":"https:\/\/keweicorten.com\/lt\/wp-json\/wp\/v2\/product_brand?post=1322"},{"taxonomy":"product_cat","embeddable":true,"href":"https:\/\/keweicorten.com\/lt\/wp-json\/wp\/v2\/product_cat?post=1322"},{"taxonomy":"product_tag","embeddable":true,"href":"https:\/\/keweicorten.com\/lt\/wp-json\/wp\/v2\/product_tag?post=1322"}],"curies":[{"name":"wp","href":"https:\/\/api.w.org\/{rel}","templated":true}]}}