{"id":1338,"date":"2024-09-24T03:00:13","date_gmt":"2024-09-24T03:00:13","guid":{"rendered":"https:\/\/keweicorten.com\/?post_type=product&#038;p=1338"},"modified":"2025-01-15T06:23:24","modified_gmt":"2025-01-15T06:23:24","slug":"dekoratyvinis-korteninio-plieno-ekranas","status":"publish","type":"product","link":"https:\/\/keweicorten.com\/lt\/dekoratyvinis-korteninio-plieno-ekranas\/","title":{"rendered":"Dekoratyvinis korteninio plieno ekranas"},"content":{"rendered":"<p>Dekoratyviniai korteninio plieno ekranai pla\u010diai naudojami architekt\u016broje ir kra\u0161tovaizdyje d\u0117l nat\u016bralios r\u016bd\u017ei\u0173 i\u0161vaizdos, ilgaam\u017ei\u0161kumo ir geb\u0117jimo der\u0117ti su lauko elementais. \u0160ie dekoratyviniai korteninio plieno ekranai da\u017enai pjaustomi lazeriu su sud\u0117tingais ra\u0161tais, tod\u0117l yra ir funkcional\u016bs, ir vizualiai patraukl\u016bs. Laikui b\u0117gant korteninis plienas \u012fgauna apsaugin\u0119, apvytusi\u0105 patin\u0105, suteikian\u010di\u0105 jam \u017eemi\u0161k\u0105, organi\u0161k\u0105 \u012fsp\u016bd\u012f, kuris i\u0161ry\u0161kina supan\u010di\u0105 erdv\u0119.<\/p>\n<h2>Dekoratyvini\u0173 Corteno plieno ekran\u0173 savyb\u0117s:<\/h2>\n<p>1. Atsparumas oro s\u0105lygoms: Korteno plienas yra sukurtas taip, kad puikiai atlaiko oro s\u0105lygas ir sensta, suformuodamas apsaugin\u012f r\u016bd\u017ei\u0173 sluoksn\u012f, kuris apsaugo nuo gilesn\u0117s korozijos.<br \/>\n2. Pritaikymas: Lazerinio pjaustymo technologija leid\u017eia sukurti labai detalius ir sud\u0117tingus ra\u0161tus. Populiariausi dizainai:<br \/>\nGeometrin\u0117s fig\u016bros<br \/>\nBotaniniai ra\u0161tai (lapai, g\u0117l\u0117s)<br \/>\nAbstraktusis menas<br \/>\nKult\u016briniai arba tradiciniai motyvai<br \/>\nFunkcinis ir estetinis: \u0160ie dekoratyviniai korteninio plieno ekranai gali b\u016bti ir dekoratyviniai, ir praktiniai elementai. Jie gali u\u017etikrinti privatum\u0105, b\u016bti v\u0117jo apsauga arba tarnauti kaip fonas kra\u0161tovaizd\u017eio ap\u017eeldinimui, kartu suteikdami menin\u012f akcent\u0105.<br \/>\nMa\u017eai prie\u017ei\u016bros: Korteninis plienas, \u012fgav\u0119s norim\u0105 patin\u0105, nereikalauja daug prie\u017ei\u016bros, tod\u0117l yra patvarus ir ilgaam\u017eis lauko dekoro sprendimas.<br \/>\nTvarumas: Corteno plienas yra ekologi\u0161kas, nes j\u012f galima perdirbti, tod\u0117l jis yra tvarus pasirinkimas statyboje ir projektavime.<\/p>\n<h2>\u00a0Parai\u0161kos:<\/h2>\n<p>Sodo skirtuvai: Jie puikiai tinka sodo erdv\u0117ms atskirti arba negra\u017eioms vietoms pasl\u0117pti (pvz., komunalini\u0173 paslaug\u0173 d\u0117\u017e\u0117ms), i\u0161laikant ekologi\u0161k\u0105 estetik\u0105.<br \/>\nSien\u0173 plok\u0161t\u0117s: Kaip i\u0161or\u0117s ar vidaus sien\u0173 plok\u0161t\u0117s, jos suteikia tekst\u016bros ir gilumo bet kokiam architekt\u016briniam projektui.<br \/>\nTvoros: Jie gali sukurti stilingas tvoras tiek gyvenamosioms, tiek komercin\u0117ms patalpoms.<br \/>\nAp\u0161vietimo ypatyb\u0117s: I\u0161pjovos praleid\u017eia \u0161vies\u0105, tod\u0117l jos meta \u012fdomius \u0161e\u0161\u0117lius ir puikiai tinka aplinkos ap\u0161vietimo efektams.<\/p>\n<figure style=\"width: 696px\" class=\"wp-caption alignnone\"><a href=\"https:\/\/keweicorten.com\/lt\/produktai\/\"><img fetchpriority=\"high\" decoding=\"async\" title=\"Sienin\u0117 pertvara \" src=\"https:\/\/sc04.alicdn.com\/kf\/H4df5cef3da1544f3880850cf79b606a88\/276435419\/H4df5cef3da1544f3880850cf79b606a88.jpg\" alt=\"\" width=\"696\" height=\"696\" \/><\/a><figcaption class=\"wp-caption-text\">Sienin\u0117 pertvara<\/figcaption><\/figure>\n<figure style=\"width: 698px\" class=\"wp-caption alignnone\"><a href=\"https:\/\/keweicorten.com\/lt\/produktas\/corteno-sodo-ekranai\/\"><img decoding=\"async\" title=\"Korteninio plieno metalinis ekranas\" src=\"https:\/\/sc02.alicdn.com\/kf\/HTB1vuNWXbYI8KJjy0Faq6zAiVXaA\/227652262\/HTB1vuNWXbYI8KJjy0Faq6zAiVXaA.jpg\" alt=\"\" width=\"698\" height=\"495\" \/><\/a><figcaption class=\"wp-caption-text\">Korteninio plieno metalinis ekranas<\/figcaption><\/figure>","protected":false},"excerpt":{"rendered":"<table class=\"all magic-4\" style=\"height: 148px;\" width=\"392\">\n<tbody>\n<tr>\n<td colspan=\"1\" rowspan=\"1\">\n<div class=\"magic-5\" data-spm-anchor-id=\"a2700.details.0.i38.b14314aab64Y8q\">Produkto pavadinimas<\/div>\n<\/td>\n<td colspan=\"4\" rowspan=\"1\">\n<div class=\"magic-6\">Lauko metalin\u0117s sienin\u0117s plok\u0161t\u0117s lazeriu pjaustomos Corteno plieno ekrano plok\u0161t\u0117s<\/div>\n<\/td>\n<\/tr>\n<tr>\n<td colspan=\"1\" rowspan=\"1\">\n<div class=\"magic-5\">Med\u017eiaga<\/div>\n<\/td>\n<td colspan=\"4\" rowspan=\"1\">\n<div class=\"magic-6\">Korteninis plienas, ner\u016bdijantis plienas<\/div>\n<\/td>\n<\/tr>\n<tr>\n<td colspan=\"1\" rowspan=\"1\">\n<div class=\"magic-5\">Dydis<\/div>\n<\/td>\n<td colspan=\"4\" rowspan=\"1\">\n<div class=\"magic-6\">1800 * 900 mm, 2 mm storio arba pritaikytas<\/div>\n<\/td>\n<\/tr>\n<tr>\n<td colspan=\"1\" rowspan=\"1\">\n<div class=\"magic-5\">Pavir\u0161ius<\/div>\n<\/td>\n<td colspan=\"4\" rowspan=\"1\">\n<div class=\"magic-6\">\u00a0i\u0161 anksto r\u016bdytas<\/div>\n<\/td>\n<\/tr>\n<tr>\n<td colspan=\"1\" rowspan=\"1\">\n<div class=\"magic-5\">Technologijos<\/div>\n<\/td>\n<td colspan=\"4\" rowspan=\"1\">\n<div class=\"magic-6\">\u00a0Pjaustymas lazeriu, lenkimas, perforavimas, suvirinimas, oro s\u0105lyg\u0173 keitimas<\/div>\n<\/td>\n<\/tr>\n<tr>\n<td colspan=\"1\" rowspan=\"1\">\n<div class=\"magic-5\">Parai\u0161ka<\/div>\n<\/td>\n<td colspan=\"4\" rowspan=\"1\">\n<div class=\"magic-9\">Lauko arba kiemo dekoras<\/div>\n<\/td>\n<\/tr>\n<\/tbody>\n<\/table>","protected":false},"featured_media":1339,"comment_status":"open","ping_status":"closed","template":"","meta":{"_eb_attr":"","_monsterinsights_skip_tracking":false,"_monsterinsights_sitenote_active":false,"_monsterinsights_sitenote_note":"","_monsterinsights_sitenote_category":0,"_uf_show_specific_survey":0,"_uf_disable_surveys":false},"product_brand":[],"product_cat":[57],"product_tag":[],"class_list":{"0":"post-1338","1":"product","2":"type-product","3":"status-publish","4":"has-post-thumbnail","6":"product_cat-screen-panel","8":"first","9":"instock","10":"shipping-taxable","11":"product-type-simple"},"_links":{"self":[{"href":"https:\/\/keweicorten.com\/lt\/wp-json\/wp\/v2\/product\/1338"}],"collection":[{"href":"https:\/\/keweicorten.com\/lt\/wp-json\/wp\/v2\/product"}],"about":[{"href":"https:\/\/keweicorten.com\/lt\/wp-json\/wp\/v2\/types\/product"}],"replies":[{"embeddable":true,"href":"https:\/\/keweicorten.com\/lt\/wp-json\/wp\/v2\/comments?post=1338"}],"version-history":[{"count":1,"href":"https:\/\/keweicorten.com\/lt\/wp-json\/wp\/v2\/product\/1338\/revisions"}],"predecessor-version":[{"id":1340,"href":"https:\/\/keweicorten.com\/lt\/wp-json\/wp\/v2\/product\/1338\/revisions\/1340"}],"wp:featuredmedia":[{"embeddable":true,"href":"https:\/\/keweicorten.com\/lt\/wp-json\/wp\/v2\/media\/1339"}],"wp:attachment":[{"href":"https:\/\/keweicorten.com\/lt\/wp-json\/wp\/v2\/media?parent=1338"}],"wp:term":[{"taxonomy":"product_brand","embeddable":true,"href":"https:\/\/keweicorten.com\/lt\/wp-json\/wp\/v2\/product_brand?post=1338"},{"taxonomy":"product_cat","embeddable":true,"href":"https:\/\/keweicorten.com\/lt\/wp-json\/wp\/v2\/product_cat?post=1338"},{"taxonomy":"product_tag","embeddable":true,"href":"https:\/\/keweicorten.com\/lt\/wp-json\/wp\/v2\/product_tag?post=1338"}],"curies":[{"name":"wp","href":"https:\/\/api.w.org\/{rel}","templated":true}]}}