{"id":1356,"date":"2024-09-24T07:39:02","date_gmt":"2024-09-24T07:39:02","guid":{"rendered":"https:\/\/keweicorten.com\/?post_type=product&#038;p=1356"},"modified":"2024-09-24T07:39:02","modified_gmt":"2024-09-24T07:39:02","slug":"astm-a242-kortino-plieno-lakstai","status":"publish","type":"product","link":"https:\/\/keweicorten.com\/lt\/astm-a242-kortino-plieno-lakstai\/","title":{"rendered":"ASTM A242 Corteno plieno lak\u0161tai"},"content":{"rendered":"<p>ASTM A242 Corteno plieno lak\u0161tai yra didelio stiprio, ma\u017eai legiruotas plienas, paprastai vadinamas Corteno plienu. Jis sukurtas taip, kad pasi\u017eym\u0117t\u0173 geresn\u0117mis atsparumo korozijai savyb\u0117mis, ypa\u010d atmosferos s\u0105lygomis, palyginti su standartiniu angliniu plienu. ASTM A242 Corten plieno lak\u0161tai pasiekiami d\u0117l unikalios chemin\u0117s sud\u0117ties, kuri, veikiant atmosferos s\u0105lygoms, suformuoja stabili\u0105 r\u016bd\u017ei\u0173 i\u0161vaizd\u0105, apsaugan\u010di\u0105 plien\u0105 nuo tolesn\u0117s korozijos.<\/p>\n<h2>ASTM A242 Corteno plieno lak\u0161t\u0173 savyb\u0117s:<\/h2>\n<ol>\n<li><strong>Atsparumas korozijai<\/strong>: Veikiamas aplinkos veiksni\u0173 susidaro apsauginis oksido sluoksnis (patina), kuris apsaugo nuo tolesnio r\u016bdijimo.<\/li>\n<li><strong>Didelis stiprumas<\/strong>: Jis pasi\u017eymi geru atsparumu tempimui, tod\u0117l tinka naudoti konstrukcijose.<\/li>\n<li><strong>Patvarumas<\/strong>: Atsparus at\u0161iaurioms oro s\u0105lygoms, tod\u0117l idealiai tinka naudoti lauke, pavyzd\u017eiui, architekt\u016briniuose fasaduose, skulpt\u016brose ir sodo lau\u017eaviet\u0117se.<\/li>\n<\/ol>\n<figure style=\"width: 650px\" class=\"wp-caption alignnone\"><a href=\"https:\/\/keweicorten.com\/lt\"><img fetchpriority=\"high\" decoding=\"async\" title=\"kortino lak\u0161tai\" src=\"https:\/\/image.made-in-china.com\/2f0j00LkoVQuIcOqRb\/ASTM-A242-Steel-Corten-a-Provides-ASTM-A242-Steel-Plate-and-Customized-Steel-Profiles.jpg\" alt=\"ASTM A242 plienas Corten a Teikia ASTM A242 plieno plok\u0161t\u0117 ir pritaikytas...\" width=\"650\" height=\"650\" \/><\/a><figcaption class=\"wp-caption-text\">kortino lak\u0161tai<\/figcaption><\/figure>\n<figure style=\"width: 651px\" class=\"wp-caption alignnone\"><a href=\"https:\/\/keweicorten.com\/lt\"><img decoding=\"async\" title=\"kortino plok\u0161t\u0117\" src=\"https:\/\/www.amardeepsteel.com\/images\/corten-steel-irsm-41-97-steel-plates.jpg\" alt=\"IRSM 41-97 Corteno plieno plok\u0161\u010di\u0173 ir lak\u0161t\u0173 tiek\u0117jas\" width=\"651\" height=\"367\" \/><\/a><figcaption class=\"wp-caption-text\">kortino plok\u0161t\u0117<\/figcaption><\/figure>\n<table style=\"height: 285px;\" border=\"1\" width=\"959\" cellspacing=\"1\" cellpadding=\"1\">\n<tbody>\n<tr>\n<td>Plienini\u0173 vamzd\u017ei\u0173 tipas<\/td>\n<td>Tiesios si\u016bl\u0117s suvirintas vamzdis cs plieno vamzdis statybin\u0117ms med\u017eiagoms<\/td>\n<\/tr>\n<tr>\n<td>I\u0161orinis skersmuo (mm)<\/td>\n<td>10,3-1219 mm<\/td>\n<\/tr>\n<tr>\n<td>Sienel\u0117s storis (mm)<\/td>\n<td>1,5-30 mm<\/td>\n<\/tr>\n<tr>\n<td>Ilgis<\/td>\n<td>Atsitiktinis ilgis: 5-12 m<\/td>\n<\/tr>\n<tr>\n<td>Standartinis<\/td>\n<td>API5L, ASTM A106 Gr.B, ASTM A53 Gr.B,<br \/>\nASTMA179\/A192\/A213\/A210\/370WP91,WP11,WP22 GB5310-2009,GB3087-2008,GB6479-2013,GB9948-2013,<br \/>\nGB\/T8163-2008, GB8162-2008,GB\/T17396-2009<\/td>\n<\/tr>\n<tr>\n<td>Med\u017eiaga<\/td>\n<td>20#, A53B, A106B, API 5L<br \/>\nST37.0,ST35.8,St37.2,St35.4\/8,St42,St45,St52,St52.4<br \/>\nSTP G38, STP G42, STPT42, STB42, STS42, STPT49, STS49<\/td>\n<\/tr>\n<tr>\n<td>Pavir\u0161ius<\/td>\n<td>Juoda tapyba, lako da\u017eai, antir\u016bd\u017ei\u0173 alyva, kar\u0161tai cinkuota, \u0161altai cinkuota, 3PE, ect<\/td>\n<\/tr>\n<tr>\n<td>Pakuot\u0117<\/td>\n<td>Palaidas paketas, supakuotas \u012f ry\u0161ulius (ne daugiau kaip 3 tonos), suri\u0161ti vamzd\u017eiai su dviem stropais abiejuose galuose, kad b\u016bt\u0173 lengva pakrauti ir i\u0161krauti, galas<br \/>\nsu plastikiniais dangteliais arba pagal reikalavimus<\/td>\n<\/tr>\n<tr>\n<td>Parai\u0161ka<\/td>\n<td>API5L ISO 9001:2008 TUV SGS BV ir kt.<\/td>\n<\/tr>\n<\/tbody>\n<\/table>","protected":false},"excerpt":{"rendered":"<p>10 mm storio a242 kortino plieno plok\u0161t\u0117 ASTM A242 kortino plieno lak\u0161tai<\/p>\n<p>&nbsp;<\/p>\n<div><\/div>","protected":false},"featured_media":1357,"comment_status":"open","ping_status":"closed","template":"","meta":{"_eb_attr":"","_monsterinsights_skip_tracking":false,"_monsterinsights_sitenote_active":false,"_monsterinsights_sitenote_note":"","_monsterinsights_sitenote_category":0,"_uf_show_specific_survey":0,"_uf_disable_surveys":false},"product_brand":[],"product_cat":[21],"product_tag":[],"class_list":{"0":"post-1356","1":"product","2":"type-product","3":"status-publish","4":"has-post-thumbnail","6":"product_cat-weather-resistant-steel-plate","8":"first","9":"instock","10":"shipping-taxable","11":"product-type-simple"},"_links":{"self":[{"href":"https:\/\/keweicorten.com\/lt\/wp-json\/wp\/v2\/product\/1356"}],"collection":[{"href":"https:\/\/keweicorten.com\/lt\/wp-json\/wp\/v2\/product"}],"about":[{"href":"https:\/\/keweicorten.com\/lt\/wp-json\/wp\/v2\/types\/product"}],"replies":[{"embeddable":true,"href":"https:\/\/keweicorten.com\/lt\/wp-json\/wp\/v2\/comments?post=1356"}],"version-history":[{"count":1,"href":"https:\/\/keweicorten.com\/lt\/wp-json\/wp\/v2\/product\/1356\/revisions"}],"predecessor-version":[{"id":1358,"href":"https:\/\/keweicorten.com\/lt\/wp-json\/wp\/v2\/product\/1356\/revisions\/1358"}],"wp:featuredmedia":[{"embeddable":true,"href":"https:\/\/keweicorten.com\/lt\/wp-json\/wp\/v2\/media\/1357"}],"wp:attachment":[{"href":"https:\/\/keweicorten.com\/lt\/wp-json\/wp\/v2\/media?parent=1356"}],"wp:term":[{"taxonomy":"product_brand","embeddable":true,"href":"https:\/\/keweicorten.com\/lt\/wp-json\/wp\/v2\/product_brand?post=1356"},{"taxonomy":"product_cat","embeddable":true,"href":"https:\/\/keweicorten.com\/lt\/wp-json\/wp\/v2\/product_cat?post=1356"},{"taxonomy":"product_tag","embeddable":true,"href":"https:\/\/keweicorten.com\/lt\/wp-json\/wp\/v2\/product_tag?post=1356"}],"curies":[{"name":"wp","href":"https:\/\/api.w.org\/{rel}","templated":true}]}}