{"id":1359,"date":"2024-09-24T07:49:55","date_gmt":"2024-09-24T07:49:55","guid":{"rendered":"https:\/\/keweicorten.com\/?post_type=product&#038;p=1359"},"modified":"2024-09-24T07:49:55","modified_gmt":"2024-09-24T07:49:55","slug":"a588-korteninio-plieno-plokste","status":"publish","type":"product","link":"https:\/\/keweicorten.com\/lt\/a588-korteninio-plieno-plokste\/","title":{"rendered":"A588 CORTEN atmosferos poveikiui atspari plieno plok\u0161t\u0117"},"content":{"rendered":"<h2>A588 CORTEN atmosferos poveikiu veikian\u010dios plieno plok\u0161t\u0117s savyb\u0117s <span style=\"font-size: 16px;\">:<\/span><\/h2>\n<ol>\n<li><strong>Padidintas atsparumas korozijai<\/strong>: Kaip ir A242, A588, veikiamas oro s\u0105lyg\u0173, sudaro apsaugin\u012f oksido sluoksn\u012f, kuris suma\u017eina tolesn\u0119 korozij\u0105.<\/li>\n<li><strong>Didelis stiprumas<\/strong>: pasi\u017eymi puikiu strukt\u016briniu tvirtumu ir gali atlaikyti at\u0161iaurias aplinkos s\u0105lygas.<\/li>\n<li><strong>Suvirinamumas<\/strong>: A588 plien\u0105 galima lengvai suvirinti, tod\u0117l jis tinka \u012fvairiems konstrukciniams projektams.<\/li>\n<li><strong>Patvarumas<\/strong>: Atsparus ekstremalioms temperat\u016broms, tod\u0117l idealiai tinka naudoti lauke ir \u012frengti ilgam laikui.<\/li>\n<\/ol>\n<h3>Sud\u0117tis:<\/h3>\n<p>A588 plieno sud\u0117tyje paprastai yra nedidelis kiekis vario, chromo, nikelio ir fosforo, kurie prisideda prie jo atsparumo atmosferos poveikiui savybi\u0173.<\/p>\n<p>A588 Corteno plieno plok\u0161t\u0117 turi kelet\u0105 privalum\u0173, d\u0117l kuri\u0173 j\u0105 galima naudoti pramon\u0117je visame pasaulyje. A588 atmosferos poveikiui atsparaus plieno plok\u0161t\u0117s privalumai:<\/p>\n<ul>\n<li>Ma\u017eai prie\u017ei\u016bros<\/li>\n<li>Sutaupytos i\u0161laidos<\/li>\n<li>Statybos greitis<\/li>\n<li>Saugus<\/li>\n<li>Draugi\u0161kas aplinkai<\/li>\n<li>Esteti\u0161kai patrauklus<\/li>\n<\/ul>\n<p>A588 CORTEN atmosferos poveikiui atsparaus plieno plok\u0161t\u0117s specifikacija vis\u0173 pirma skirta naudoti neda\u017eytose srityse, kai svarbu suma\u017einti svor\u012f arba padidinti patvarum\u0105, taip pat u\u017etikrinti ilgesn\u012f eksploatavimo cikl\u0105 d\u0117l atsparumo korozijai ir (arba) pasiekti esteti\u0161kai patraukli\u0105 i\u0161vaizd\u0105.<\/p>\n<figure style=\"width: 650px\" class=\"wp-caption alignnone\"><a href=\"https:\/\/keweicorten.com\/lt\/produktai\/\"><img fetchpriority=\"high\" decoding=\"async\" title=\"A588 CORTEN atmosferos poveikiui atspari plieno plok\u0161t\u0117 \" src=\"https:\/\/www.csteelindia.com\/images\/astm-a242-corten-plates.jpg\" alt=\"Korteninis plienas Korteninis plienas Plienin\u0117 plok\u0161t\u0117 Orui atsparus plienas - vrogue.co\" width=\"650\" height=\"366\" \/><\/a><figcaption class=\"wp-caption-text\">A588 CORTEN atmosferos poveikiui atspari plieno plok\u0161t\u0117<\/figcaption><\/figure>\n<figure style=\"width: 650px\" class=\"wp-caption alignnone\"><a href=\"https:\/\/keweicorten.com\/lt\/susisiekite-su-mumis\/\"><img decoding=\"async\" title=\"kortino lak\u0161tai\" src=\"https:\/\/www.cortensteels.com\/uploads\/202130314\/weathering-corten-steel-plate-a58823590722739.jpg\" alt=\"Kinija Weathering Corten plieno plok\u0161t\u0117s A588 gamintojai, tiek\u0117jai...\" width=\"650\" height=\"650\" \/><\/a><figcaption class=\"wp-caption-text\">kortino lak\u0161tai<\/figcaption><\/figure>\n<figure style=\"width: 650px\" class=\"wp-caption alignnone\"><a href=\"https:\/\/keweicorten.com\/lt\/produktai\/\"><img decoding=\"async\" title=\"kortino plieno plok\u0161t\u0117\" src=\"https:\/\/th.bing.com\/th\/id\/R.40d0e63328c61babd24d04e063856bdb?rik=NpoNYTQbDSmrgQ&amp;riu=http%3a%2f%2fwww.gescosteel.com%2fphoto%2fpt32409668-a387_gr_5_steel_plate_a387_pressure_vessel_plates_a387_hot_rolled_steel_sheet_10_mm_thickness_a387_11_alloy_steel_plate.jpg&amp;ehk=B1K4358OD3RHH2%2fZ8nb4DSuUIux5ccqh8DKyh0EV76Y%3d&amp;risl=&amp;pid=ImgRaw&amp;r=0\" alt=\"A387 Gr.5 plieno plok\u0161t\u0117 A387 sl\u0117gini\u0173 laiv\u0173 plok\u0161t\u0117s A387 kar\u0161tai valcuoto plieno...\" width=\"650\" height=\"463\" \/><\/a><figcaption class=\"wp-caption-text\">kortino plieno plok\u0161t\u0117<\/figcaption><\/figure>","protected":false},"excerpt":{"rendered":"<p>A588 Corten atmosferos poveikiui atspari plieno plok\u0161t\u0117 yra dar viena didelio stiprumo, ma\u017eai legiruoto konstrukcinio plieno r\u016b\u0161is, pasi\u017eyminti geresniu atsparumu atmosferos korozijai. Jis da\u017enai vadinamas \"atmosferos poveikiui atspariu plienu\" ir pla\u010diai naudojamas lauko s\u0105lygomis d\u0117l geb\u0117jimo sudaryti apsaugin\u012f r\u016bd\u017ei\u0173 sluoksn\u012f, pana\u0161\u0173 \u012f ASTM A242.<\/p>","protected":false},"featured_media":1360,"comment_status":"open","ping_status":"closed","template":"","meta":{"_eb_attr":"","_monsterinsights_skip_tracking":false,"_monsterinsights_sitenote_active":false,"_monsterinsights_sitenote_note":"","_monsterinsights_sitenote_category":0,"_uf_show_specific_survey":0,"_uf_disable_surveys":false},"product_brand":[],"product_cat":[21],"product_tag":[],"class_list":{"0":"post-1359","1":"product","2":"type-product","3":"status-publish","4":"has-post-thumbnail","6":"product_cat-weather-resistant-steel-plate","8":"first","9":"instock","10":"shipping-taxable","11":"product-type-simple"},"_links":{"self":[{"href":"https:\/\/keweicorten.com\/lt\/wp-json\/wp\/v2\/product\/1359"}],"collection":[{"href":"https:\/\/keweicorten.com\/lt\/wp-json\/wp\/v2\/product"}],"about":[{"href":"https:\/\/keweicorten.com\/lt\/wp-json\/wp\/v2\/types\/product"}],"replies":[{"embeddable":true,"href":"https:\/\/keweicorten.com\/lt\/wp-json\/wp\/v2\/comments?post=1359"}],"version-history":[{"count":1,"href":"https:\/\/keweicorten.com\/lt\/wp-json\/wp\/v2\/product\/1359\/revisions"}],"predecessor-version":[{"id":1361,"href":"https:\/\/keweicorten.com\/lt\/wp-json\/wp\/v2\/product\/1359\/revisions\/1361"}],"wp:featuredmedia":[{"embeddable":true,"href":"https:\/\/keweicorten.com\/lt\/wp-json\/wp\/v2\/media\/1360"}],"wp:attachment":[{"href":"https:\/\/keweicorten.com\/lt\/wp-json\/wp\/v2\/media?parent=1359"}],"wp:term":[{"taxonomy":"product_brand","embeddable":true,"href":"https:\/\/keweicorten.com\/lt\/wp-json\/wp\/v2\/product_brand?post=1359"},{"taxonomy":"product_cat","embeddable":true,"href":"https:\/\/keweicorten.com\/lt\/wp-json\/wp\/v2\/product_cat?post=1359"},{"taxonomy":"product_tag","embeddable":true,"href":"https:\/\/keweicorten.com\/lt\/wp-json\/wp\/v2\/product_tag?post=1359"}],"curies":[{"name":"wp","href":"https:\/\/api.w.org\/{rel}","templated":true}]}}