{"id":1362,"date":"2024-09-24T08:13:51","date_gmt":"2024-09-24T08:13:51","guid":{"rendered":"https:\/\/keweicorten.com\/?post_type=product&#038;p=1362"},"modified":"2024-09-24T08:13:51","modified_gmt":"2024-09-24T08:13:51","slug":"korteninio-plieno-plokste-a871","status":"publish","type":"product","link":"https:\/\/keweicorten.com\/lt\/korteninio-plieno-plokste-a871\/","title":{"rendered":"Corteno plieno plok\u0161t\u0117 A871"},"content":{"rendered":"<p>Corteno plieno plok\u0161t\u0117 A871 yra dar viena didelio stiprio, ma\u017eai legiruoto (HSLA) konstrukcinio plieno r\u016b\u0161is, specialiai sukurta siekiant u\u017etikrinti puik\u0173 atsparum\u0105 atmosferos korozijai. Jis priklauso atmosferos poveikiui atspari\u0173 plien\u0173 grupei, kaip ir ASTM A588 ir A242, ta\u010diau yra specialiai sukurtas naudoti ten, kur reikia didelio stiprumo ir ilgalaikio patvarumo aplinkoje, kur atmosferos korozija kelia susir\u016bpinim\u0105.<\/p>\n<table class=\"table\" style=\"height: 292px;\" width=\"745\" cellspacing=\"0\" cellpadding=\"0\">\n<tbody>\n<tr class=\"firstRow\">\n<td>Produkto pavadinimas<\/td>\n<td>Corteno plieno plok\u0161t\u0117 A871<\/td>\n<\/tr>\n<tr>\n<td>Med\u017eiaga<\/td>\n<td>Q195,Q235,Q345,45#,SPHC,510L,SS400<\/td>\n<\/tr>\n<tr>\n<td>Spalva<\/td>\n<td>RAL arba pagal reikalavimus<\/td>\n<\/tr>\n<tr>\n<td>Standartinis<\/td>\n<td>DIN GB ISO ISO JIS BA ANSI ASTM<\/td>\n<\/tr>\n<tr>\n<td>Rit\u0117s ID<\/td>\n<td>508\/610<\/td>\n<\/tr>\n<tr>\n<td>Pavir\u0161iaus apdorojimas<\/td>\n<td>Chromuotas ;alyvuotas arba neaulizuotas;Pra\u0117jimas per od\u0105,AFP<\/td>\n<\/tr>\n<tr>\n<td>Mok\u0117jimas<\/td>\n<td>L\/C T\/T<\/td>\n<\/tr>\n<tr>\n<td>Klas\u0117<\/td>\n<td>SGCC\/DX51D\/DX52D<\/td>\n<\/tr>\n<\/tbody>\n<\/table>\n<p>&nbsp;<\/p>\n<p>ASTM A871 - tai didelio stiprio, ma\u017eai legiruoto konstrukcinio plieno plok\u0161\u010di\u0173, pasi\u017eymin\u010di\u0173 padidintu atsparumu korozijai, specifikacija. \u0160is plienas priklauso Corteno grupei ir yra ypa\u010d tinkamas naudoti, kai konstrukciniuose projektuose reikia ilgalaikio atsparumo atmosferos korozijai ir ypatingo stiprumo. Jis sukurtas taip, kad suma\u017eint\u0173 technin\u0117s prie\u017ei\u016bros poreik\u012f, nes suformuoja stabil\u0173 r\u016bd\u017ei\u0173 pavidal\u0105.<\/p>\n<p>i\u0161vaizd\u0105, kuri apsaugo plien\u0105 nuo tolesn\u0117s korozijos.<\/p>\n<p><img fetchpriority=\"high\" decoding=\"async\" class=\"\" src=\"https:\/\/www.ridhisiddhi.net\/wp-content\/uploads\/2023\/06\/a588-steel-sheet.jpg\" alt=\"ASTM A588 plieno plok\u0161t\u0117, kortino A588 lak\u0161t\u0173 tiek\u0117jas Indijoje\" width=\"488\" height=\"469\" \/><img decoding=\"async\" class=\"\" src=\"https:\/\/www.gneesteels.com\/uploads\/201914713\/corten-steel-grade-a588-plate-corten-steel16467639692.jpg\" alt=\"Corteno plieno klas\u0117s A588 plok\u0161t\u0117s tiek\u0117jai ir gamintojai - Kinija...\" width=\"473\" height=\"473\" \/><\/p>\n<p>ASTM A871 yra dviej\u0173 klasi\u0173:<\/p>\n<ul>\n<li><strong>60 klas\u0117<\/strong> ir <strong>65 klas\u0117<\/strong>, kur skai\u010diai rodo ma\u017eiausi\u0105 plieno takumo rib\u0105 ksi (t\u016bkstan\u010diais svar\u0173 kvadratiniam colyje).<\/li>\n<\/ul>","protected":false},"excerpt":{"rendered":"<p>ASTM A871-65 yra didelio stiprumo ma\u017eai legiruoto konstrukcinio plieno plok\u0161t\u0117, pasi\u017eyminti didesniu atsparumu atmosferos korozijai.<\/p>","protected":false},"featured_media":1363,"comment_status":"open","ping_status":"closed","template":"","meta":{"_eb_attr":"","_monsterinsights_skip_tracking":false,"_monsterinsights_sitenote_active":false,"_monsterinsights_sitenote_note":"","_monsterinsights_sitenote_category":0,"_uf_show_specific_survey":0,"_uf_disable_surveys":false},"product_brand":[],"product_cat":[21],"product_tag":[],"class_list":{"0":"post-1362","1":"product","2":"type-product","3":"status-publish","4":"has-post-thumbnail","6":"product_cat-weather-resistant-steel-plate","8":"first","9":"instock","10":"shipping-taxable","11":"product-type-simple"},"_links":{"self":[{"href":"https:\/\/keweicorten.com\/lt\/wp-json\/wp\/v2\/product\/1362"}],"collection":[{"href":"https:\/\/keweicorten.com\/lt\/wp-json\/wp\/v2\/product"}],"about":[{"href":"https:\/\/keweicorten.com\/lt\/wp-json\/wp\/v2\/types\/product"}],"replies":[{"embeddable":true,"href":"https:\/\/keweicorten.com\/lt\/wp-json\/wp\/v2\/comments?post=1362"}],"version-history":[{"count":1,"href":"https:\/\/keweicorten.com\/lt\/wp-json\/wp\/v2\/product\/1362\/revisions"}],"predecessor-version":[{"id":1364,"href":"https:\/\/keweicorten.com\/lt\/wp-json\/wp\/v2\/product\/1362\/revisions\/1364"}],"wp:featuredmedia":[{"embeddable":true,"href":"https:\/\/keweicorten.com\/lt\/wp-json\/wp\/v2\/media\/1363"}],"wp:attachment":[{"href":"https:\/\/keweicorten.com\/lt\/wp-json\/wp\/v2\/media?parent=1362"}],"wp:term":[{"taxonomy":"product_brand","embeddable":true,"href":"https:\/\/keweicorten.com\/lt\/wp-json\/wp\/v2\/product_brand?post=1362"},{"taxonomy":"product_cat","embeddable":true,"href":"https:\/\/keweicorten.com\/lt\/wp-json\/wp\/v2\/product_cat?post=1362"},{"taxonomy":"product_tag","embeddable":true,"href":"https:\/\/keweicorten.com\/lt\/wp-json\/wp\/v2\/product_tag?post=1362"}],"curies":[{"name":"wp","href":"https:\/\/api.w.org\/{rel}","templated":true}]}}