{"id":1382,"date":"2024-09-25T02:12:26","date_gmt":"2024-09-25T02:12:26","guid":{"rendered":"https:\/\/keweicorten.com\/?post_type=product&#038;p=1382"},"modified":"2024-09-25T02:12:26","modified_gmt":"2024-09-25T02:12:26","slug":"q355nh-korteninio-plieno-vamzdis","status":"publish","type":"product","link":"https:\/\/keweicorten.com\/lt\/q355nh-korteninio-plieno-vamzdis\/","title":{"rendered":"Q355NH korteninio plieno vamzdis"},"content":{"rendered":"<p>Q355NH korteninio plieno vamzdis yra didelio stiprumo ma\u017eai legiruotas atmosferos poveikiui atsparus plienas, daugiausia naudojamas statybose ir in\u017einerin\u0117se konstrukcijose, ypa\u010d at\u0161iaurioje aplinkoje. Pagrindin\u0117s jo savyb\u0117s:<\/p>\n<p>Atsparumas oro s\u0105lygoms: Q355NH korteninio plieno vamzdis pasi\u017eymi geru atsparumu korozijai, o pavir\u0161iuje susidaro apsaugin\u0117 oksido pl\u0117vel\u0117, kuri gali b\u016bti atspari gamtini\u0173 veiksni\u0173, toki\u0173 kaip lietus ir v\u0117jas, erozijai.<\/p>\n<p>Didelis stiprumas: plieninis vamzdis pasi\u017eymi dideliu atsparumu tempimui ir takumo riba, tinka didel\u0117ms apkrovoms atlaikyti, pla\u010diai naudojamas tiltuose, pastatuose ir kitose konstrukcijose.<\/p>\n<p>Apdorojimo savyb\u0117s: Q355NH korteninio plieno vamzd\u017eiai gali b\u016bti suvirinami, pjaustomi ir formuojami, tinkami \u012fvairiems in\u017eineriniams poreikiams.<\/p>\n<p>Aplinkos apsauga: D\u0117l atsparumo korozijai konstrukcija i\u0161 \u0161io plieno pri\u017ei\u016brima ir kei\u010diama re\u010diau pasibaigus jos eksploatavimo laikui, tod\u0117l ma\u017eiau eikvojami i\u0161tekliai.<\/p>\n<p>Taikymas: Da\u017enai naudojamas statybose, tiltuose, v\u0117jo j\u0117gaini\u0173 gamyboje, kasybos \u012frangoje ir kitose srityse.<\/p>\n<p><strong>Q355NH chemin\u0117 sud\u0117tis (%)<\/strong><\/p>\n<table style=\"height: 182px;\" border=\"1\" width=\"739\">\n<tbody>\n<tr>\n<td rowspan=\"2\">Klas\u0117<\/td>\n<td colspan=\"5\">Q355NH chemin\u0117 sud\u0117tis (%)<\/td>\n<\/tr>\n<tr>\n<td>C Max<\/td>\n<td>\"Si Max<\/td>\n<td>Mn<\/td>\n<td>P<\/td>\n<td>S Max<\/td>\n<\/tr>\n<tr>\n<td>Kinija GB\/T 4171 Q355NH<\/td>\n<td>0.16<\/td>\n<td>0.5<\/td>\n<td>0.5-1.5<\/td>\n<td>0.030<\/td>\n<td>0.030<\/td>\n<\/tr>\n<\/tbody>\n<\/table>\n<p><strong>Q355NH mechanin\u0117s savyb\u0117s<\/strong><\/p>\n<div class=\"pro_page_table\">\n<table style=\"height: 126px;\" border=\"1\" width=\"741\">\n<tbody>\n<tr>\n<td rowspan=\"2\">Klas\u0117<\/td>\n<td colspan=\"3\">\u00a0Q355NH mechanin\u0117s savyb\u0117s<\/td>\n<td><\/td>\n<\/tr>\n<tr>\n<td>Pl\u0117tros stipris (MPa)<\/td>\n<td>Tempimo stipris (MPa)<\/td>\n<td colspan=\"2\">% Pailg\u0117jimas min.<\/td>\n<\/tr>\n<tr>\n<td>Kinija GB\/T 4171 Q355NH<\/td>\n<td>325-355<\/td>\n<td>490-630<\/td>\n<td colspan=\"2\">20<\/td>\n<\/tr>\n<\/tbody>\n<\/table>\n<figure style=\"width: 700px\" class=\"wp-caption alignnone\"><a href=\"https:\/\/keweicorten.com\/lt\/produktai\/\"><img fetchpriority=\"high\" decoding=\"async\" title=\"q355nh plienas\" src=\"https:\/\/www.cortensteels.com\/Content\/uploads\/2021703620\/2021120314394427325a6d6acd48e599d3b44088f95067.jpg\" alt=\"Kinija Q355NH korteninio plieno plok\u0161\u010di\u0173 gamintojai, tiek\u0117jai - Factory Direct Price \" width=\"700\" height=\"700\" \/><\/a><figcaption class=\"wp-caption-text\">q355nh plienas<\/figcaption><\/figure>\n<p><a href=\"https:\/\/keweicorten.com\/lt\/susisiekite-su-mumis\/\"><img decoding=\"async\" class=\"alignnone\" title=\"Q355NH kortenas\" src=\"https:\/\/www.cortensteels.com\/uploads\/202030314\/q355nh-weather-resistant-steel-plate29522879022.jpg\" alt=\"Kinija Q355NH korteninio plieno plok\u0161\u010di\u0173 gamintojai, tiek\u0117jai - gamyklos tiesiogin\u0117 kaina...\" width=\"700\" height=\"700\" \/><\/a><\/p>\n<\/div>","protected":false},"excerpt":{"rendered":"<p>Specifikacijos:<br \/>\nStoris: Storis: 3 mm-150 mm<br \/>\nPlotis: 30 mm-4000 mm<br \/>\nIlgis: 1000 mm-12000 mm<br \/>\nStandartas: ASTM EN10025 JIS GB<\/p>","protected":false},"featured_media":1383,"comment_status":"open","ping_status":"closed","template":"","meta":{"_eb_attr":"","_monsterinsights_skip_tracking":false,"_monsterinsights_sitenote_active":false,"_monsterinsights_sitenote_note":"","_monsterinsights_sitenote_category":0,"_uf_show_specific_survey":0,"_uf_disable_surveys":false},"product_brand":[],"product_cat":[21],"product_tag":[],"class_list":{"0":"post-1382","1":"product","2":"type-product","3":"status-publish","4":"has-post-thumbnail","6":"product_cat-weather-resistant-steel-plate","8":"first","9":"instock","10":"shipping-taxable","11":"product-type-simple"},"_links":{"self":[{"href":"https:\/\/keweicorten.com\/lt\/wp-json\/wp\/v2\/product\/1382"}],"collection":[{"href":"https:\/\/keweicorten.com\/lt\/wp-json\/wp\/v2\/product"}],"about":[{"href":"https:\/\/keweicorten.com\/lt\/wp-json\/wp\/v2\/types\/product"}],"replies":[{"embeddable":true,"href":"https:\/\/keweicorten.com\/lt\/wp-json\/wp\/v2\/comments?post=1382"}],"version-history":[{"count":1,"href":"https:\/\/keweicorten.com\/lt\/wp-json\/wp\/v2\/product\/1382\/revisions"}],"predecessor-version":[{"id":1384,"href":"https:\/\/keweicorten.com\/lt\/wp-json\/wp\/v2\/product\/1382\/revisions\/1384"}],"wp:featuredmedia":[{"embeddable":true,"href":"https:\/\/keweicorten.com\/lt\/wp-json\/wp\/v2\/media\/1383"}],"wp:attachment":[{"href":"https:\/\/keweicorten.com\/lt\/wp-json\/wp\/v2\/media?parent=1382"}],"wp:term":[{"taxonomy":"product_brand","embeddable":true,"href":"https:\/\/keweicorten.com\/lt\/wp-json\/wp\/v2\/product_brand?post=1382"},{"taxonomy":"product_cat","embeddable":true,"href":"https:\/\/keweicorten.com\/lt\/wp-json\/wp\/v2\/product_cat?post=1382"},{"taxonomy":"product_tag","embeddable":true,"href":"https:\/\/keweicorten.com\/lt\/wp-json\/wp\/v2\/product_tag?post=1382"}],"curies":[{"name":"wp","href":"https:\/\/api.w.org\/{rel}","templated":true}]}}