{"id":1396,"date":"2024-09-25T08:14:45","date_gmt":"2024-09-25T08:14:45","guid":{"rendered":"https:\/\/keweicorten.com\/?post_type=product&#038;p=1396"},"modified":"2024-09-25T08:51:21","modified_gmt":"2024-09-25T08:51:21","slug":"didelis-q450nqr1-plienas","status":"publish","type":"product","link":"https:\/\/keweicorten.com\/lt\/didelis-q450nqr1-plienas\/","title":{"rendered":"didelis q450nqr1 plienas"},"content":{"rendered":"<p>Auk\u0161tos kokyb\u0117s q450nqr1 plienas yra atmosferos poveikiui atsparaus plieno tipas, skirtas naudoti lauko konstrukcijose. Jis pasi\u017eymi geru atsparumu korozijai, nes veikiamas atmosferos s\u0105lyg\u0173 suformuoja apsaugin\u012f r\u016bd\u017ei\u0173 sluoksn\u012f, kuris padeda prailginti jo tarnavimo laik\u0105. \u0160is plienas da\u017enai naudojamas tokiose srityse kaip tiltai, pastatai ir lauko skulpt\u016bros.<\/p>\n<p style=\"font-weight: 400;\">TB\/T 1979 Q450NQR1 plieno plok\u0161t\u0117s technin\u0117 savyb\u0117<\/p>\n<table style=\"font-weight: 400;\">\n<tbody>\n<tr>\n<td colspan=\"4\">Q450NQR1 plieno plok\u0161t\u0117s mechanin\u0117s savyb\u0117s<\/td>\n<\/tr>\n<tr>\n<td>Storis (mm)<\/td>\n<td>Pl\u0117tros stipris (\u2265Mpa)<\/td>\n<td>Tempimo stipris (Mpa)<\/td>\n<td>Ilg\u0117jimas % \u2265<\/td>\n<\/tr>\n<tr>\n<td>T\u22646<\/td>\n<td rowspan=\"3\">450<\/td>\n<td rowspan=\"3\">550<\/td>\n<td>22<\/td>\n<\/tr>\n<tr>\n<td>6&lt;T\u226414<\/td>\n<td>20<\/td>\n<\/tr>\n<tr>\n<td>14&lt;T\u226420<\/td>\n<td>19<\/td>\n<\/tr>\n<\/tbody>\n<\/table>\n<p>taikyti<br \/>\n1) \u0160ilumin\u0117 elektrin\u0117<br \/>\n2) Anglies kiemas.<br \/>\n3) Cemento gamykla<br \/>\n4) Krovimo ma\u0161inos<br \/>\n5) Kasykl\u0173 ma\u0161inos<br \/>\n6) Statybos ma\u0161inos<br \/>\n7) Metalurgijos ma\u0161inos<\/p>\n<table>\n<tbody>\n<tr>\n<td><b>Plieno klas\u0117:<\/b><\/td>\n<td>09CuPCrNi-A, Q450NQR1, SPA-H B480GNQR, Q345NQR2, Q355GNHD, Q355NH, 09CuP, S355J2WP<br \/>\nMonelis 600\/625\/718\/725<\/td>\n<\/tr>\n<tr>\n<td><b>Standartas:<\/b><\/td>\n<td>GB, ASME, ASTM, JIS, BS<\/td>\n<\/tr>\n<tr>\n<td><b>Storis:<\/b><\/td>\n<td>1,0-300 mm<\/td>\n<\/tr>\n<tr>\n<td><b>Plotis:<\/b><\/td>\n<td>100-4500 mm arba pagal special\u0173 kliento pra\u0161ym\u0105<\/td>\n<\/tr>\n<tr>\n<td><b>Ilgis:<\/b><\/td>\n<td>1-20 metr\u0173 arba pagal special\u0173 kliento pra\u0161ym\u0105<\/td>\n<\/tr>\n<tr>\n<td><b>Pakuot\u0117:<\/b><\/td>\n<td>Standartinis eksporto paketas<\/td>\n<\/tr>\n<tr>\n<td><b>Taikymas:<\/b><\/td>\n<td>1.Ma\u0161in\u0173, sl\u0117gini\u0173 ind\u0173 pramon\u0117.<br \/>\n2.Laiv\u0173 statyba, in\u017einerin\u0117 statyba.<br \/>\n3.Automobiliai, tiltai, pastatai.<br \/>\n4.Mechanin\u0117 gamyba, \u0161aligatvio plok\u0161t\u0117 ir kt.<\/td>\n<\/tr>\n<tr>\n<td><b>Mal\u016bnas MTC:<\/b><\/td>\n<td>Pristatoma prie\u0161 i\u0161siuntim\u0105<\/td>\n<\/tr>\n<tr>\n<td><b>Patikrinimas:<\/b><\/td>\n<td>Tre\u010diosios \u0161alies patikrinimas gali b\u016bti priimtas, SGS, BV, TUV<\/td>\n<\/tr>\n<tr>\n<td><b>Mount Port:<\/b><\/td>\n<td>Bet kuris Kinijos uostas<\/td>\n<\/tr>\n<tr>\n<td><b>Prekybos terminas:<\/b><\/td>\n<td>FOB, CIF, CFR, EXW ir kt.<\/td>\n<\/tr>\n<tr>\n<td><b>Kainos terminas:<\/b><\/td>\n<td>TT arba LC i\u0161 pirmo \u017evilgsnio<\/td>\n<\/tr>\n<tr>\n<td><b>M\u016bs\u0173 paslaugos:<\/b><\/td>\n<td>Mes galime supjaustyti ir sulenkti plienin\u0119 plok\u0161t\u0119 pagal kliento pageidavim\u0105 arba br\u0117\u017ein\u012f, pakuot\u0119 pagal kliento pageidavim\u0105.<\/td>\n<\/tr>\n<\/tbody>\n<\/table>\n<p><img fetchpriority=\"high\" decoding=\"async\" class=\"\" src=\"https:\/\/th.bing.com\/th\/id\/OIP.cuuVN_PKBjrQa4SYwoQCpwHaHa?rs=1&amp;pid=ImgDetMain\" alt=\"Q450NQR1 oro s\u0105lyg\u0173 plienini\u0173 plok\u0161\u010di\u0173 gamintojas - Shandong Kuaima Steel Co., Ltd.\" width=\"522\" height=\"522\" \/><\/p>\n<p><img decoding=\"async\" src=\"https:\/\/www.researchgate.net\/publication\/378755215\/figure\/tbl1\/AS:11431281227659895@1709733620825\/Chemical-composition-of-Q450NQR1-high-strength-weathering-steel-and-HTW-55.png\" alt=\"Q450NQR1 didelio atsparumo atmosferos poveikiui plieno ir HTW-55 chemin\u0117 sud\u0117tis.\" \/><\/p>\n<div class=\"nova-legacy-o-stack nova-legacy-o-stack--gutter-s nova-legacy-o-stack--spacing-none nova-legacy-o-stack--no-gutter-outside figure-details-image\">\n<div class=\"nova-legacy-o-stack__item\">\n<p class=\"nova-legacy-e-text nova-legacy-e-text--size-m nova-legacy-e-text--family-display nova-legacy-e-text--spacing-none nova-legacy-e-text--color-inherit\">Q450NQR1 didelio atsparumo atmosferos poveikiui plieno ir HTW-55 chemin\u0117 sud\u0117tis.<\/p>\n<p><img decoding=\"async\" class=\"\" src=\"https:\/\/sc02.alicdn.com\/kf\/Hb877ac80a07643c090166781b8ac95cbB\/228156491\/Hb877ac80a07643c090166781b8ac95cbB.jpg\" width=\"522\" height=\"522\" \/><\/p>\n<\/div>\n<\/div>","protected":false},"excerpt":{"rendered":"<p>D\u0117v\u0117jimuisi atspari plieno plok\u0161t\u0117 susideda i\u0161 dviej\u0173 dali\u0173: ma\u017eaanglio plieno plok\u0161t\u0117s ir legiruoto dilimui atsparaus sluoksnio. Dilimui atsparus legiruotas sluoksnis paprastai sudaro 1 \/ 3 ~ 1 \/ 2 viso storio. Dirbant matrica u\u017etikrina visapusi\u0161kas eksploatacines savybes, tokias kaip stiprumas, kietumas ir plasti\u0161kumas, o legiruotasis dilimui atsparus sluoksnis u\u017etikrina atsparum\u0105 dilimui, kad atitikt\u0173 nustatyt\u0173 darbo s\u0105lyg\u0173 reikalavimus.<\/p>","protected":false},"featured_media":1397,"comment_status":"open","ping_status":"closed","template":"","meta":{"_eb_attr":"","_monsterinsights_skip_tracking":false,"_monsterinsights_sitenote_active":false,"_monsterinsights_sitenote_note":"","_monsterinsights_sitenote_category":0,"_uf_show_specific_survey":0,"_uf_disable_surveys":false},"product_brand":[],"product_cat":[21],"product_tag":[],"class_list":{"0":"post-1396","1":"product","2":"type-product","3":"status-publish","4":"has-post-thumbnail","6":"product_cat-weather-resistant-steel-plate","8":"first","9":"instock","10":"shipping-taxable","11":"product-type-simple"},"_links":{"self":[{"href":"https:\/\/keweicorten.com\/lt\/wp-json\/wp\/v2\/product\/1396"}],"collection":[{"href":"https:\/\/keweicorten.com\/lt\/wp-json\/wp\/v2\/product"}],"about":[{"href":"https:\/\/keweicorten.com\/lt\/wp-json\/wp\/v2\/types\/product"}],"replies":[{"embeddable":true,"href":"https:\/\/keweicorten.com\/lt\/wp-json\/wp\/v2\/comments?post=1396"}],"version-history":[{"count":1,"href":"https:\/\/keweicorten.com\/lt\/wp-json\/wp\/v2\/product\/1396\/revisions"}],"predecessor-version":[{"id":1398,"href":"https:\/\/keweicorten.com\/lt\/wp-json\/wp\/v2\/product\/1396\/revisions\/1398"}],"wp:featuredmedia":[{"embeddable":true,"href":"https:\/\/keweicorten.com\/lt\/wp-json\/wp\/v2\/media\/1397"}],"wp:attachment":[{"href":"https:\/\/keweicorten.com\/lt\/wp-json\/wp\/v2\/media?parent=1396"}],"wp:term":[{"taxonomy":"product_brand","embeddable":true,"href":"https:\/\/keweicorten.com\/lt\/wp-json\/wp\/v2\/product_brand?post=1396"},{"taxonomy":"product_cat","embeddable":true,"href":"https:\/\/keweicorten.com\/lt\/wp-json\/wp\/v2\/product_cat?post=1396"},{"taxonomy":"product_tag","embeddable":true,"href":"https:\/\/keweicorten.com\/lt\/wp-json\/wp\/v2\/product_tag?post=1396"}],"curies":[{"name":"wp","href":"https:\/\/api.w.org\/{rel}","templated":true}]}}