{"id":1450,"date":"2024-09-26T02:48:17","date_gmt":"2024-09-26T02:48:17","guid":{"rendered":"https:\/\/keweicorten.com\/?post_type=product&#038;p=1450"},"modified":"2025-01-15T06:22:41","modified_gmt":"2025-01-15T06:22:41","slug":"corten-steel-litter-bins","status":"publish","type":"product","link":"https:\/\/keweicorten.com\/lt\/corten-steel-litter-bins\/","title":{"rendered":"Korteno plieno \u0161iuk\u0161liad\u0117\u017e\u0117s"},"content":{"rendered":"<p>Durability: Weather-resistant steel has excellent corrosion resistance and wear resistance, which can withstand various bad weather and extend the service life.<\/p>\n<p>Aesthetics: The unique rust color and texture of weathering steel can be harmoniously integrated with the natural environment to add beauty.<\/p>\n<p>Simple maintenance: Weathering steel is easier to clean than other materials, reducing maintenance costs.<\/p>\n<p>Environmental protection: Weathering steel can be recycled, in line with the requirements of sustainable development.<\/p>\n<p>Stability: The heavy nature of weathering steel makes the trash can not easily be displaced in high winds or bad weather.<\/p>\n<p>Fire resistance: Weathering steel has good fire resistance and is suitable for a variety of environments.<\/p>\n<p>The Corten steel litter bins is a high-quality, durable product that is widely used in public places and home use. It has excellent properties such as rust prevention, corrosion prevention, wind protection and sun protection, which can effectively resist the erosion of various external factors and maintain the appearance and use effect for a long time. In addition, this garbage can also has a large capacity, easy to use, simple installation.<\/p>\n<table class=\"hight-light-first-column all magic-4\">\n<tbody>\n<tr>\n<td colspan=\"1\" rowspan=\"1\">\n<div class=\"magic-5\"><span class=\"magic-6\">Produkto pavadinimas<\/span><\/div>\n<\/td>\n<td colspan=\"1\" rowspan=\"1\">\n<div class=\"magic-7\" data-spm-anchor-id=\"a2700.details.0.i40.36d855992VT0SR\"><span class=\"magic-8\">Outdoor Public Commercial Corten Steel Rubbish Large Metal Sorting Garbage Recycle Litter Dustbin<\/span><\/div>\n<\/td>\n<\/tr>\n<tr>\n<td colspan=\"1\" rowspan=\"1\">\n<div class=\"magic-5\"><span class=\"magic-6\">Med\u017eiaga<\/span><\/div>\n<\/td>\n<td colspan=\"1\" rowspan=\"1\">\n<div class=\"magic-7\"><span class=\"magic-8\">Korteninis plienas<\/span><\/div>\n<\/td>\n<\/tr>\n<tr>\n<td colspan=\"1\" rowspan=\"1\">\n<div class=\"magic-5\"><span class=\"magic-6\">Dydis<\/span><\/div>\n<\/td>\n<td colspan=\"1\" rowspan=\"1\">\n<div class=\"magic-7\"><span class=\"magic-8\">Support Customized<\/span><\/div>\n<\/td>\n<\/tr>\n<tr>\n<td colspan=\"1\" rowspan=\"1\">\n<div class=\"magic-5\"><span class=\"magic-6\">Storis<\/span><\/div>\n<\/td>\n<td colspan=\"1\" rowspan=\"1\">\n<div class=\"magic-7\"><span class=\"magic-8\">2-10mm<\/span><\/div>\n<\/td>\n<\/tr>\n<tr>\n<td colspan=\"1\" rowspan=\"1\">\n<div class=\"magic-5\"><span class=\"magic-6\">Apdaila<\/span><\/div>\n<\/td>\n<td colspan=\"1\" rowspan=\"1\">\n<div class=\"magic-7\" data-spm-anchor-id=\"a2700.details.0.i39.36d855992VT0SR\"><span class=\"magic-8\">Corrosion treatment ,curing treatment<\/span><\/div>\n<\/td>\n<\/tr>\n<tr>\n<td colspan=\"1\" rowspan=\"1\">\n<div class=\"magic-5\"><span class=\"magic-6\">Features<\/span><\/div>\n<\/td>\n<td colspan=\"1\" rowspan=\"1\">\n<div class=\"magic-7\"><span class=\"magic-8\">Anti-rust, waterproof<\/span><\/div>\n<\/td>\n<\/tr>\n<tr>\n<td colspan=\"1\" rowspan=\"1\">\n<div class=\"magic-5\"><span class=\"magic-6\">Sertifikatas<\/span><\/div>\n<\/td>\n<td colspan=\"1\" rowspan=\"1\">\n<div class=\"magic-7\"><span class=\"magic-8\">SGS\/TUV Rheinland\/ISO9001\/ISO14001\/OHSAS18001<\/span><\/div>\n<\/td>\n<\/tr>\n<tr>\n<td colspan=\"1\" rowspan=\"1\">\n<div class=\"magic-5\"><span class=\"magic-6\">Naudojimas<\/span><\/div>\n<\/td>\n<td colspan=\"1\" rowspan=\"1\">\n<div class=\"magic-7\"><span class=\"magic-8\">Street\/park\/garden\/outdoors\/Commercial\/Public area<\/span><\/div>\n<\/td>\n<\/tr>\n<tr>\n<td colspan=\"1\" rowspan=\"1\">\n<div class=\"magic-5\"><span class=\"magic-6\">Mok\u0117jimo terminas<\/span><\/div>\n<\/td>\n<td colspan=\"1\" rowspan=\"1\">\n<div class=\"magic-7\"><span class=\"magic-8\">T\/T, L\/C, Western Union, Money gram<\/span><\/div>\n<\/td>\n<\/tr>\n<\/tbody>\n<\/table>\n<div><\/div>\n<div>Public facilities: Used in public places such as parks, squares and pedestrian streets, providing convenient garbage collection.<br \/>\nCommercial space: Outdoor areas of restaurants, cafes and other places that are both practical and enhance the atmosphere.<br \/>\nResidential area: A common area or garden in a residential area that is both beautiful and convenient for residents to use.<\/div>\n<figure style=\"width: 700px\" class=\"wp-caption alignnone\"><a href=\"https:\/\/keweicorten.com\/lt\"><img fetchpriority=\"high\" decoding=\"async\" title=\"Corten Steel Metal Litter Bins\" src=\"https:\/\/sc04.alicdn.com\/kf\/H1e127c663dd74393b4f53f9ea41248ebz\/230822811\/H1e127c663dd74393b4f53f9ea41248ebz.jpg\" alt=\" Corten Steel Metal Litter Bins-manufacturers, suppliers, customized, wholesale, cheap, for sale, in stock.shkw\" width=\"700\" height=\"700\" \/><\/a><figcaption class=\"wp-caption-text\">Corten Steel Metal Litter Bins<\/figcaption><\/figure>\n<figure style=\"width: 698px\" class=\"wp-caption alignnone\"><a href=\"https:\/\/keweicorten.com\/lt\/produktai\/\"><img decoding=\"async\" title=\" Corteno plieno \u0161iuk\u0161l\u0117s\" src=\"https:\/\/sc04.alicdn.com\/kf\/Hea8fb4330e9346b19fb3e3f3067b143ee\/230822811\/Hea8fb4330e9346b19fb3e3f3067b143ee.jpg\" alt=\" Corten Steel Rubbish manufacturers, suppliers, customized, wholesale, cheap, for sale, in stock.-shkw\" width=\"698\" height=\"698\" \/><\/a><figcaption class=\"wp-caption-text\">Corteno plieno \u0161iuk\u0161l\u0117s<\/figcaption><\/figure>\n<p>The Corten Litter Bin stands out in terms of design with a distinctive rectangular design. Featuring a 6mm COR-TEN outer-frame for a unique aesthetic and galvanized steel inner bin that holds up to 110L of waste.<\/p>","protected":false},"excerpt":{"rendered":"<p>The high-quality litter bin with integrated ashtray is characterized by its high functionality and easy handling. Emptying the ashtray is quick and easy: by simply opening the flap underneath the ashtray, the ashes fall directly into the waste receptacle.<\/p>","protected":false},"featured_media":1452,"comment_status":"open","ping_status":"closed","template":"","meta":{"_eb_attr":"","_monsterinsights_skip_tracking":false,"_monsterinsights_sitenote_active":false,"_monsterinsights_sitenote_note":"","_monsterinsights_sitenote_category":0,"_uf_show_specific_survey":0,"_uf_disable_surveys":false},"product_brand":[],"product_cat":[23],"product_tag":[],"class_list":{"0":"post-1450","1":"product","2":"type-product","3":"status-publish","4":"has-post-thumbnail","6":"product_cat-patio-furniture","8":"first","9":"instock","10":"shipping-taxable","11":"product-type-simple"},"_links":{"self":[{"href":"https:\/\/keweicorten.com\/lt\/wp-json\/wp\/v2\/product\/1450"}],"collection":[{"href":"https:\/\/keweicorten.com\/lt\/wp-json\/wp\/v2\/product"}],"about":[{"href":"https:\/\/keweicorten.com\/lt\/wp-json\/wp\/v2\/types\/product"}],"replies":[{"embeddable":true,"href":"https:\/\/keweicorten.com\/lt\/wp-json\/wp\/v2\/comments?post=1450"}],"version-history":[{"count":1,"href":"https:\/\/keweicorten.com\/lt\/wp-json\/wp\/v2\/product\/1450\/revisions"}],"predecessor-version":[{"id":1453,"href":"https:\/\/keweicorten.com\/lt\/wp-json\/wp\/v2\/product\/1450\/revisions\/1453"}],"wp:featuredmedia":[{"embeddable":true,"href":"https:\/\/keweicorten.com\/lt\/wp-json\/wp\/v2\/media\/1452"}],"wp:attachment":[{"href":"https:\/\/keweicorten.com\/lt\/wp-json\/wp\/v2\/media?parent=1450"}],"wp:term":[{"taxonomy":"product_brand","embeddable":true,"href":"https:\/\/keweicorten.com\/lt\/wp-json\/wp\/v2\/product_brand?post=1450"},{"taxonomy":"product_cat","embeddable":true,"href":"https:\/\/keweicorten.com\/lt\/wp-json\/wp\/v2\/product_cat?post=1450"},{"taxonomy":"product_tag","embeddable":true,"href":"https:\/\/keweicorten.com\/lt\/wp-json\/wp\/v2\/product_tag?post=1450"}],"curies":[{"name":"wp","href":"https:\/\/api.w.org\/{rel}","templated":true}]}}