{"id":1543,"date":"2024-09-26T09:05:52","date_gmt":"2024-09-26T09:05:52","guid":{"rendered":"https:\/\/keweicorten.com\/?post_type=product&#038;p=1543"},"modified":"2025-01-15T06:22:01","modified_gmt":"2025-01-15T06:22:01","slug":"kortenas-lengvas-2","status":"publish","type":"product","link":"https:\/\/keweicorten.com\/lt\/kortenas-lengvas-2\/","title":{"rendered":"kortino \u0161viesa"},"content":{"rendered":"<p>Corteno plieno \u0161viestuvai (arba Corteno \u0161viestuvai) sujungia Corteno plieno ilgaam\u017ei\u0161kum\u0105 ir atsparum\u0105 atmosferos poveikiui su lauko ir dekoratyvinio ap\u0161vietimo funkcionalumu. Corteno plienas, gars\u0117jantis geb\u0117jimu suformuoti apsaugin\u012f r\u016bd\u017ei\u0173 sluoksn\u012f, ap\u0161vietimo dizainui suteikia unikali\u0105 estetik\u0105, tod\u0117l jis populiarus kra\u0161tovaizd\u017eio architekt\u016broje, miest\u0173 dizaine ir moderniame nam\u0173 interjere.<\/p>\n<h3><strong>Pagrindin\u0117s Corteno plieno \u017eibint\u0173 savyb\u0117s:<\/strong><\/h3>\n<ol>\n<li><strong>Atsparumas oro s\u0105lygoms<\/strong>:\n<ul>\n<li>Nat\u016braliai susiformav\u0119s r\u016bd\u017ei\u0173 sluoksnis ant \"Corten\" plieno \u0161viestuv\u0173 apsaugo med\u017eiag\u0105 nuo tolesn\u0117s korozijos, tod\u0117l jie labai patvar\u016bs naudoti lauke \u012fvairiomis oro s\u0105lygomis.<\/li>\n<\/ul>\n<\/li>\n<li><strong>Unikali estetika<\/strong>:\n<ul>\n<li>Sodri, \u0161ilta \"Corten\" plieno patina sukuria kaimi\u0161k\u0105, pramonin\u0119 i\u0161vaizd\u0105, tod\u0117l idealiai tinka tiek \u0161iuolaikinio, tiek tradicinio dizaino projektams. R\u016bd\u017ei\u0173 ir \u017eem\u0117s atspalviai harmoningai dera su nat\u016braliais elementais, tokiais kaip akmuo, medis ir \u017ealuma.<\/li>\n<\/ul>\n<\/li>\n<li><strong>Ma\u017eai prie\u017ei\u016bros<\/strong>:\n<ul>\n<li>Skirtingai nuo kit\u0173 med\u017eiag\u0173, kurias gali reik\u0117ti da\u017eyti ar apdoroti, \"Corten\" plieno \u0161viestuvai yra savaime apsaugantys. Kai susiformuoja patina, \u0161viestuv\u0105 reikia pri\u017ei\u016br\u0117ti minimaliai.<\/li>\n<\/ul>\n<\/li>\n<li><strong>Pritaikymas<\/strong>:\n<ul>\n<li>Korteninio plieno \u0161viestuvai yra \u012fvairi\u0173 konstrukcij\u0173, \u012fskaitant stulpelius, tak\u0173 \u0161viestuvus, sieninius \u0161viestuvus ir pakabinamus \u0161viestuvus. Jie gali b\u016bti pjaustomi lazeriu su sud\u0117tingais ra\u0161tais, sukuriant \u012fdomius \u0161viesos ir \u0161e\u0161\u0117li\u0173 efektus.<\/li>\n<\/ul>\n<\/li>\n<\/ol>\n<table style=\"height: 194px;\" border=\"1\" width=\"627\">\n<tbody>\n<tr>\n<td><span data-spm-anchor-id=\"a2700.details.0.i39.11b8133fdmfbId\">Produkto pavadinimas\u00a0\u00a0<\/span><\/td>\n<td>\u00a0Vie\u0161bu\u010diai Corten plieno pasirinktiniai lauko sodo \u017eibintai<\/td>\n<\/tr>\n<tr>\n<td>Paketas<\/td>\n<td>\u00a0Fanera<\/td>\n<\/tr>\n<tr>\n<td>Modelio numeris<\/td>\n<td>SHKW-CL-01<\/td>\n<\/tr>\n<tr>\n<td>Med\u017eiaga<\/td>\n<td>\u00a0Korteninis plienas<\/td>\n<\/tr>\n<tr>\n<td>Dydis<\/td>\n<td>\u00a0120*120*450mm\/120*120*120*600mm\/120*120*750mm<\/td>\n<\/tr>\n<\/tbody>\n<\/table>\n<p><a href=\"https:\/\/keweicorten.com\/lt\"><img fetchpriority=\"high\" decoding=\"async\" class=\"alignnone\" title=\"\u0161viesa\" src=\"https:\/\/sc04.alicdn.com\/kf\/Hbfd36546659b40b8b1012ec41b13121bi\/235950374\/Hbfd36546659b40b8b1012ec41b13121bi.jpg\" alt=\" kortino spalvos stulpeli\u0173 \u0161viesos kortino sodo \u017eibintai kortino lauko sieniniai \u017eibintai\" width=\"696\" height=\"348\" \/><\/a><\/p>\n<p><a href=\"https:\/\/keweicorten.com\/lt\/produktai\/\"><img decoding=\"async\" class=\"alignnone\" title=\"\u0161viesa\" src=\"https:\/\/sc04.alicdn.com\/kf\/Ha485a993273c4a1abf4c34b1993865875\/235950374\/Ha485a993273c4a1abf4c34b1993865875.jpg\" alt=\"Aplinkosaugos po\u017ei\u016briu draugi\u0161kas kortino spalvos stulpeli\u0173 ap\u0161vietimas kortino sodo \u017eibintai kortino lauko sieniniai \u017eibintai\" width=\"700\" height=\"350\" \/><\/a><\/p>","protected":false},"excerpt":{"rendered":"<p>Corteno \u0161viesa yra ne\u012ftik\u0117tinai gra\u017eus ir universalus ap\u0161vietimo tipas, vis labiau populiar\u0117jantis \u0161iuolaikiniame dizaine. Korteno plienas, dar vadinamas atmosferos poveikiui atspariu plienu, pasi\u017eymi unikalia ir kaimi\u0161ka i\u0161vaizda, kuriai neprilygsta jokia kita med\u017eiaga.<\/p>","protected":false},"featured_media":1544,"comment_status":"open","ping_status":"closed","template":"","meta":{"_eb_attr":"","_monsterinsights_skip_tracking":false,"_monsterinsights_sitenote_active":false,"_monsterinsights_sitenote_note":"","_monsterinsights_sitenote_category":0,"_uf_show_specific_survey":0,"_uf_disable_surveys":false},"product_brand":[],"product_cat":[61],"product_tag":[],"class_list":{"0":"post-1543","1":"product","2":"type-product","3":"status-publish","4":"has-post-thumbnail","6":"product_cat-light-post","8":"first","9":"instock","10":"shipping-taxable","11":"product-type-simple"},"_links":{"self":[{"href":"https:\/\/keweicorten.com\/lt\/wp-json\/wp\/v2\/product\/1543"}],"collection":[{"href":"https:\/\/keweicorten.com\/lt\/wp-json\/wp\/v2\/product"}],"about":[{"href":"https:\/\/keweicorten.com\/lt\/wp-json\/wp\/v2\/types\/product"}],"replies":[{"embeddable":true,"href":"https:\/\/keweicorten.com\/lt\/wp-json\/wp\/v2\/comments?post=1543"}],"version-history":[{"count":1,"href":"https:\/\/keweicorten.com\/lt\/wp-json\/wp\/v2\/product\/1543\/revisions"}],"predecessor-version":[{"id":1548,"href":"https:\/\/keweicorten.com\/lt\/wp-json\/wp\/v2\/product\/1543\/revisions\/1548"}],"wp:featuredmedia":[{"embeddable":true,"href":"https:\/\/keweicorten.com\/lt\/wp-json\/wp\/v2\/media\/1544"}],"wp:attachment":[{"href":"https:\/\/keweicorten.com\/lt\/wp-json\/wp\/v2\/media?parent=1543"}],"wp:term":[{"taxonomy":"product_brand","embeddable":true,"href":"https:\/\/keweicorten.com\/lt\/wp-json\/wp\/v2\/product_brand?post=1543"},{"taxonomy":"product_cat","embeddable":true,"href":"https:\/\/keweicorten.com\/lt\/wp-json\/wp\/v2\/product_cat?post=1543"},{"taxonomy":"product_tag","embeddable":true,"href":"https:\/\/keweicorten.com\/lt\/wp-json\/wp\/v2\/product_tag?post=1543"}],"curies":[{"name":"wp","href":"https:\/\/api.w.org\/{rel}","templated":true}]}}