{"id":1549,"date":"2024-09-26T09:12:10","date_gmt":"2024-09-26T09:12:10","guid":{"rendered":"https:\/\/keweicorten.com\/?post_type=product&#038;p=1549"},"modified":"2025-01-15T06:21:51","modified_gmt":"2025-01-15T06:21:51","slug":"led-apsvietimas-lauko-duru-zibintai","status":"publish","type":"product","link":"https:\/\/keweicorten.com\/lt\/led-apsvietimas-lauko-duru-zibintai\/","title":{"rendered":"LED ap\u0161vietimas lauko dur\u0173 \u017eibintai"},"content":{"rendered":"<h3><strong>Parai\u0161kos vadovaujama bollard lights lauko:<\/strong><\/h3>\n<ol>\n<li><strong>Sodo ir kra\u0161tovaizd\u017eio ap\u0161vietimas<\/strong>:\n<ul>\n<li>Corteno \u0161viestuvai paprastai naudojami soduose ir kra\u0161tovaizd\u017eiuose takams ap\u0161viesti, med\u017eiams ar augalams i\u0161ry\u0161kinti ir lauko poilsio zonoms pagerinti. J\u0173 kaimi\u0161ka i\u0161vaizda puikiai dera su nat\u016bralia aplinka.<\/li>\n<\/ul>\n<\/li>\n<li><strong>Miest\u0173 ir vie\u0161osios erdv\u0117s<\/strong>:\n<ul>\n<li>Vie\u0161uosiuose parkuose, aik\u0161t\u0117se ir miesto al\u0117jose \"Corten\" plieno \u0161viestuvai da\u017enai naudojami kaip stulpeliai arba gatv\u0117s \u017eibintai. D\u0117l atsparumo atmosferos poveikiui jie idealiai tinka ilgalaikiams lauko \u012frenginiams.<\/li>\n<\/ul>\n<\/li>\n<li><strong>Architekt\u016brinis ap\u0161vietimas<\/strong>:\n<ul>\n<li>Corteno \u0161viestuvai vis labiau populiar\u0117ja architekt\u016briniuose projektuose, montuojami ant i\u0161orini\u0173 sien\u0173, fasad\u0173 arba integruojami \u012f lauko poilsio zonas, suteikdami ir funkcionalumo, ir stiliaus.<\/li>\n<\/ul>\n<\/li>\n<li><strong>Dekoratyvinis naudojimas patalpose<\/strong>:\n<ul>\n<li>Vidaus patalpose \"Corten\" \u0161viestuvai gali suteikti moderni\u0173 nam\u0173, kavini\u0173 ar komercini\u0173 patalp\u0173 industrin\u0119 elegancij\u0105. I\u0161 \"Corten\" plieno pagaminti pakabinami \u0161viestuvai ir sieniniai \u0161viestuvai d\u0117l med\u017eiagos spalvos ir tekst\u016bros suteikia \u0161ilt\u0105, \u0161veln\u0173 ap\u0161vietimo efekt\u0105.<\/li>\n<\/ul>\n<\/li>\n<\/ol>\n<h3><strong>LED ap\u0161vietimo lempu\u010di\u0173 privalumai lauke:<\/strong><\/h3>\n<ul>\n<li><strong>Patvarumas<\/strong>: Atsparus at\u0161iaurioms oro s\u0105lygoms ir nesugenda.<\/li>\n<li><strong>Ekologi\u0161kas<\/strong>: Nereikia naudoti da\u017e\u0173 ar dang\u0173; kortenas nat\u016braliai atsparus korozijai.<\/li>\n<li><strong>Estetinis patrauklumas<\/strong>: Laikui b\u0117gant susidaro unikali patina, kuri suteikia dinami\u0161k\u0105, besikei\u010dian\u010di\u0105 i\u0161vaizd\u0105.<\/li>\n<li><strong>Universalus dizainas<\/strong>: Corteno \u0161viestuvai b\u016bna \u012fvairi\u0173 form\u0173 ir stili\u0173, tod\u0117l galima kurti k\u016brybi\u0161kus ir pritaikytus dizainus.<\/li>\n<\/ul>\n<table border=\"1\">\n<tbody>\n<tr>\n<td>Produkto pavadinimas<\/td>\n<td>Lauko vandeniui atspari \u0161iuolaikin\u0117 vejos \u0161viesa Corteno plieno kra\u0161tovaizd\u017eio stulpeli\u0173 \u0161viesa<\/td>\n<\/tr>\n<tr>\n<td>Pagrindinis korpusas \u017daliavos<\/td>\n<td>Korteninis plienas<\/td>\n<\/tr>\n<tr>\n<td>LED galia<\/td>\n<td>10W, 12W<\/td>\n<\/tr>\n<tr>\n<td>IP adresai<\/td>\n<td>IP65, IP66<\/td>\n<\/tr>\n<tr>\n<td>Pavir\u0161iaus spalva<\/td>\n<td>Sur\u016bdij\u0119s arba pritaikytas<\/td>\n<\/tr>\n<tr>\n<td>Tipas<\/td>\n<td>Priimti pritaikyt\u0105<\/td>\n<\/tr>\n<\/tbody>\n<\/table>\n<p><a href=\"https:\/\/keweicorten.com\/lt\"><img fetchpriority=\"high\" decoding=\"async\" class=\"alignnone\" title=\"lauko vadovaujama lempos stulpai\" src=\"https:\/\/sc04.alicdn.com\/kf\/Hdad8686d076d4158871c35c4c66c1fb7s\/252624420\/Hdad8686d076d4158871c35c4c66c1fb7s.jpg\" alt=\"lauko LED lempos stulpai Corteno plieno kra\u0161tovaizd\u017eio Bollard Light\" width=\"751\" height=\"501\" \/><\/a><\/p>\n<p><a href=\"https:\/\/keweicorten.com\/lt\/produktai\/\"><img decoding=\"async\" class=\"alignnone\" title=\"\u017eibinto \u0161viesos stulpas\" src=\"https:\/\/sc04.alicdn.com\/kf\/Hc3e5b19145ce4d02869cc0b16e531dbat\/232904194\/Hc3e5b19145ce4d02869cc0b16e531dbat.png\" alt=\"\u017eibinto \u0161viesos stulpas\" width=\"750\" height=\"449\" \/><\/a><\/p>","protected":false},"excerpt":{"rendered":"<p>Corteno plieno \u0161viestuvai yra puikus pasirinkimas visiems, norintiems lauko ar vidaus patalpas papildyti ilgalaikiu, ma\u017eai prie\u017ei\u016bros reikalaujan\u010diu ir vizualiai patraukliu ap\u0161vietimu. Jie suteikia ir funkcin\u012f ap\u0161vietim\u0105, ir estetin\u0119 vert\u0119, puikiai dera prie nat\u016bralaus kra\u0161tovaizd\u017eio ar modernaus architekt\u016brinio dizaino.<\/p>","protected":false},"featured_media":1550,"comment_status":"open","ping_status":"closed","template":"","meta":{"_eb_attr":"","_monsterinsights_skip_tracking":false,"_monsterinsights_sitenote_active":false,"_monsterinsights_sitenote_note":"","_monsterinsights_sitenote_category":0,"_uf_show_specific_survey":0,"_uf_disable_surveys":false},"product_brand":[],"product_cat":[61],"product_tag":[],"class_list":{"0":"post-1549","1":"product","2":"type-product","3":"status-publish","4":"has-post-thumbnail","6":"product_cat-light-post","8":"first","9":"instock","10":"shipping-taxable","11":"product-type-simple"},"_links":{"self":[{"href":"https:\/\/keweicorten.com\/lt\/wp-json\/wp\/v2\/product\/1549"}],"collection":[{"href":"https:\/\/keweicorten.com\/lt\/wp-json\/wp\/v2\/product"}],"about":[{"href":"https:\/\/keweicorten.com\/lt\/wp-json\/wp\/v2\/types\/product"}],"replies":[{"embeddable":true,"href":"https:\/\/keweicorten.com\/lt\/wp-json\/wp\/v2\/comments?post=1549"}],"version-history":[{"count":1,"href":"https:\/\/keweicorten.com\/lt\/wp-json\/wp\/v2\/product\/1549\/revisions"}],"predecessor-version":[{"id":1551,"href":"https:\/\/keweicorten.com\/lt\/wp-json\/wp\/v2\/product\/1549\/revisions\/1551"}],"wp:featuredmedia":[{"embeddable":true,"href":"https:\/\/keweicorten.com\/lt\/wp-json\/wp\/v2\/media\/1550"}],"wp:attachment":[{"href":"https:\/\/keweicorten.com\/lt\/wp-json\/wp\/v2\/media?parent=1549"}],"wp:term":[{"taxonomy":"product_brand","embeddable":true,"href":"https:\/\/keweicorten.com\/lt\/wp-json\/wp\/v2\/product_brand?post=1549"},{"taxonomy":"product_cat","embeddable":true,"href":"https:\/\/keweicorten.com\/lt\/wp-json\/wp\/v2\/product_cat?post=1549"},{"taxonomy":"product_tag","embeddable":true,"href":"https:\/\/keweicorten.com\/lt\/wp-json\/wp\/v2\/product_tag?post=1549"}],"curies":[{"name":"wp","href":"https:\/\/api.w.org\/{rel}","templated":true}]}}