{"id":1553,"date":"2024-09-27T02:16:32","date_gmt":"2024-09-27T02:16:32","guid":{"rendered":"https:\/\/keweicorten.com\/?post_type=product&#038;p=1553"},"modified":"2024-09-27T02:16:32","modified_gmt":"2024-09-27T02:16:32","slug":"q235nh-plokste","status":"publish","type":"product","link":"https:\/\/keweicorten.com\/lt\/q235nh-plokste\/","title":{"rendered":"Q235NH plok\u0161t\u0117"},"content":{"rendered":"<p>Q235NH plok\u0161t\u0117 yra atmosferos korozijai atsparus kar\u0161to nuolatinio valcavimo plienas, taip pat \u017einomas kaip Cowden plienas, korozijai atsparus plienas<\/p>\n<p>Q235NH plieno plok\u0161t\u0117s pristatymo b\u016bsena: kar\u0161tas valcavimas, kontroliuojamas valcavimas arba normalizavimo b\u016bsena<\/p>\n<p>Specifikacijos:<br \/>\nStoris: Storis: 3 mm-150 mm<br \/>\nPlotis: 30 mm-4000 mm<br \/>\nIlgis: 1000 mm-12000 mm<br \/>\nStandartas: ASTM EN10025 JIS GB<\/p>\n<h2>Q235NH plok\u0161t\u0117s chemin\u0117 sud\u0117tis:<\/h2>\n<table data-draft-node=\"block\" data-draft-type=\"table\" data-size=\"normal\" data-row-style=\"normal\">\n<tbody>\n<tr>\n<td>Prek\u0117s \u017eenklas<\/td>\n<td>C<\/td>\n<td>Si<\/td>\n<td>Mn<\/td>\n<td>P<\/td>\n<td>S<\/td>\n<td>Cu<\/td>\n<td>Cr<\/td>\n<td>Ni<\/td>\n<\/tr>\n<tr>\n<td>Q235NH<\/td>\n<td>\u22640.13<\/td>\n<td>0.10-0.40<\/td>\n<td>0.20-0.60<\/td>\n<td>\u22640.030<\/td>\n<td>\u22640.030<\/td>\n<td>0.25-0.55<\/td>\n<td>0.40-0.80<\/td>\n<td>\u22640.65<\/td>\n<\/tr>\n<\/tbody>\n<\/table>\n<p>Q235NH plok\u0161t\u0117s mechanin\u0117s savyb\u0117s:<\/p>\n<table style=\"height: 64px;\" width=\"592\" data-draft-node=\"block\" data-draft-type=\"table\" data-size=\"normal\" data-row-style=\"normal\">\n<tbody>\n<tr>\n<td>Prek\u0117s \u017eenklas<\/td>\n<td>Pl\u0117tros stipris<\/td>\n<td>Tempimo stipris Rm<\/td>\n<td>Pailg\u0117jimas po l\u016b\u017eio A50mm%<\/td>\n<\/tr>\n<tr>\n<td>Q235NH<\/td>\n<td>\u2265235MPa<\/td>\n<td>360-510<\/td>\n<td>\u226525<\/td>\n<\/tr>\n<\/tbody>\n<\/table>\n<p>&nbsp;<\/p>\n<p><a href=\"https:\/\/keweicorten.com\/lt\"><img fetchpriority=\"high\" decoding=\"async\" class=\"alignnone\" title=\"Q235nh atsparumas oro s\u0105lygoms\" src=\"https:\/\/th.bing.com\/th\/id\/OIP.e_2IU6yvCMdIJAM39GeUXwHaHa?rs=1&amp;pid=ImgDetMain\" alt=\"Q235nh atsparumas oro s\u0105lygoms su grioveliais pluo\u0161to cemento plok\u0161t\u0117\" width=\"550\" height=\"550\" \/><\/a><\/p>\n<p><a href=\"https:\/\/keweicorten.com\/lt\/susisiekite-su-mumis\/\"><img decoding=\"async\" class=\"alignnone\" title=\"kortino plieno plok\u0161t\u0117\" src=\"https:\/\/th.bing.com\/th\/id\/OIP.F6D_oA8vdxqhLeEMwnmSIQHaHa?rs=1&amp;pid=ImgDetMain\" alt=\"Q235nh Atsparumas oro s\u0105lygoms Groove Fiber Cement Board Weathering\" width=\"549\" height=\"549\" \/><\/a><\/p>","protected":false},"excerpt":{"rendered":"<p>Q235NH atmosferos poveikiu pasi\u017eymintis plienas teikia kokybi\u0161kus sprendimus statybos pramonei, pasi\u017eymin\u010dius puikiu atsparumu korozijai ir stiprumu. Su\u017einokite daugiau, kad j\u016bs\u0173 projektas b\u016bt\u0173 s\u0117kmingas.<\/p>","protected":false},"featured_media":1554,"comment_status":"open","ping_status":"closed","template":"","meta":{"_eb_attr":"","_monsterinsights_skip_tracking":false,"_monsterinsights_sitenote_active":false,"_monsterinsights_sitenote_note":"","_monsterinsights_sitenote_category":0,"_uf_show_specific_survey":0,"_uf_disable_surveys":false},"product_brand":[],"product_cat":[21],"product_tag":[],"class_list":{"0":"post-1553","1":"product","2":"type-product","3":"status-publish","4":"has-post-thumbnail","6":"product_cat-weather-resistant-steel-plate","8":"first","9":"instock","10":"shipping-taxable","11":"product-type-simple"},"_links":{"self":[{"href":"https:\/\/keweicorten.com\/lt\/wp-json\/wp\/v2\/product\/1553"}],"collection":[{"href":"https:\/\/keweicorten.com\/lt\/wp-json\/wp\/v2\/product"}],"about":[{"href":"https:\/\/keweicorten.com\/lt\/wp-json\/wp\/v2\/types\/product"}],"replies":[{"embeddable":true,"href":"https:\/\/keweicorten.com\/lt\/wp-json\/wp\/v2\/comments?post=1553"}],"version-history":[{"count":1,"href":"https:\/\/keweicorten.com\/lt\/wp-json\/wp\/v2\/product\/1553\/revisions"}],"predecessor-version":[{"id":1555,"href":"https:\/\/keweicorten.com\/lt\/wp-json\/wp\/v2\/product\/1553\/revisions\/1555"}],"wp:featuredmedia":[{"embeddable":true,"href":"https:\/\/keweicorten.com\/lt\/wp-json\/wp\/v2\/media\/1554"}],"wp:attachment":[{"href":"https:\/\/keweicorten.com\/lt\/wp-json\/wp\/v2\/media?parent=1553"}],"wp:term":[{"taxonomy":"product_brand","embeddable":true,"href":"https:\/\/keweicorten.com\/lt\/wp-json\/wp\/v2\/product_brand?post=1553"},{"taxonomy":"product_cat","embeddable":true,"href":"https:\/\/keweicorten.com\/lt\/wp-json\/wp\/v2\/product_cat?post=1553"},{"taxonomy":"product_tag","embeddable":true,"href":"https:\/\/keweicorten.com\/lt\/wp-json\/wp\/v2\/product_tag?post=1553"}],"curies":[{"name":"wp","href":"https:\/\/api.w.org\/{rel}","templated":true}]}}