{"id":1556,"date":"2024-09-27T02:43:16","date_gmt":"2024-09-27T02:43:16","guid":{"rendered":"https:\/\/keweicorten.com\/?post_type=product&#038;p=1556"},"modified":"2024-09-27T02:45:40","modified_gmt":"2024-09-27T02:45:40","slug":"a588-atmosferos-poveikiui-atsparus-plienas","status":"publish","type":"product","link":"https:\/\/keweicorten.com\/lt\/a588-atmosferos-poveikiui-atsparus-plienas\/","title":{"rendered":"a588 atmosferos poveikiui atsparus plienas"},"content":{"rendered":"<div class=\"layui-field-box\">\n<p>A588 atmosferos poveikiui atsparus plienas yra labai populiarus ir pla\u010diai naudojamas \u012fvairiose pramon\u0117s \u0161akose d\u0117l didelio stiprumo, ilgaam\u017ei\u0161kumo ir atsparumo korozijai. Tai ma\u017eai legiruotas plienas, kurio sud\u0117tyje yra vario, chromo, nikelio ir kit\u0173 element\u0173, u\u017etikrinan\u010di\u0173 puik\u0173 atsparum\u0105 atmosferos poveikiui. \u0160is plienas da\u017enai naudojamas lauko statybose, pavyzd\u017eiui, tiltams, pastatams ir kitoms konstrukcijoms.<\/p>\n<table class=\"all magic-1\" style=\"height: 234px;\" width=\"989\">\n<tbody>\n<tr>\n<td colspan=\"1\" rowspan=\"1\">\n<div class=\"magic-2\" data-spm-anchor-id=\"a2700.details.0.i41.6deeb7e3IgOhEQ\"><span style=\"font-family: Times New Roman, Times; font-size: large;\">Prek\u0117<\/span><\/div>\n<\/td>\n<td colspan=\"3\" rowspan=\"1\">\n<div class=\"magic-3\"><span style=\"font-family: Times New Roman, Times; font-size: large;\">A588 garde atmosferos poveikiui atspari plieno plok\u0161t\u0117<\/span><\/div>\n<\/td>\n<\/tr>\n<tr>\n<td colspan=\"1\" rowspan=\"1\">\n<div class=\"magic-2\"><span style=\"font-family: Times New Roman, Times; font-size: large;\">Klas\u0117<\/span><\/div>\n<\/td>\n<td colspan=\"3\" rowspan=\"1\">\n<div class=\"magic-3\"><span style=\"font-family: Times New Roman, Times; font-size: large;\">09CuPCrNi-A,09CuP, 09CuPCrNiA, 09CrCuSb Q355NH,Q460NH,Q345GNHL,Q355GNH,Q345GNH,Q295NH,Q310GNH,Q345NH,Q235NH,Q500NH,Q235GNH,Q550NH<br \/>\n<\/span><\/div>\n<div class=\"magic-3\"><span style=\"font-family: Times New Roman, Times; font-size: large;\">,Q265GNH,Q295GNH,Q450NQR1A,S355J0W,S355J2WP,S355J2W,S235J0W,SPA-H<br \/>\nB480GNQR<\/span><\/p>\n<div><span style=\"font-family: Times New Roman, Times; font-size: large;\">CortenA, CortenB<\/span><\/div>\n<\/div>\n<\/td>\n<\/tr>\n<tr>\n<td colspan=\"1\" rowspan=\"1\">\n<div class=\"magic-2\"><span style=\"font-family: Times New Roman, Times; font-size: large;\">Parai\u0161ka<\/span><\/div>\n<\/td>\n<td colspan=\"3\" rowspan=\"1\">\n<div class=\"magic-3\"><span style=\"font-family: Times New Roman, Times; font-size: large;\">Jis gali b\u016bti naudojamas grind\u0173 lentoje, konteineriuose, elektrini\u0173 kaminuose, gele\u017einkelio in\u017einerijoje ir kitame lauko pliene, pvz., didel\u0117se lauko skulpt\u016br\u0173 plieno konstrukcijose.<\/span><\/div>\n<\/td>\n<\/tr>\n<tr>\n<td colspan=\"1\" rowspan=\"1\">\n<div class=\"magic-2\"><span style=\"font-family: Times New Roman, Times; font-size: large;\">Pavyzdys<\/span><\/div>\n<\/td>\n<td colspan=\"3\" rowspan=\"1\">\n<div class=\"magic-5\"><span style=\"font-family: Times New Roman, Times; font-size: large;\">Pavyzdys yra<\/span><\/div>\n<\/td>\n<\/tr>\n<\/tbody>\n<\/table>\n<h2>A588 atmosferos poveikiui atsparaus plieno plok\u0161t\u0117s privalumai<\/h2>\n<p>A588 Corteno plieno plok\u0161t\u0117 turi kelet\u0105 privalum\u0173, d\u0117l kuri\u0173 j\u0105 galima naudoti pramon\u0117je visame pasaulyje. A588 atmosferos poveikiui atsparaus plieno plok\u0161t\u0117s privalumai:<\/p>\n<ul>\n<li>Ma\u017eai prie\u017ei\u016bros<\/li>\n<li>Sutaupytos i\u0161laidos<\/li>\n<li>Statybos greitis<\/li>\n<li>Saugus<\/li>\n<li>Draugi\u0161kas aplinkai<\/li>\n<li>Esteti\u0161kai patrauklus<\/li>\n<\/ul>\n<table style=\"font-weight: 400;\">\n<tbody>\n<tr>\n<td style=\"font-weight: 400;\" colspan=\"1\" rowspan=\"1\">\n<p data-spm-anchor-id=\"a2700.pc-decorate.0.i44.8e343333yaYbbo\">Produkto pavadinimas<\/p>\n<\/td>\n<td style=\"font-weight: 400;\" colspan=\"1\" rowspan=\"1\">Oro s\u0105lygoms atspari plieno plok\u0161t\u0117<\/td>\n<\/tr>\n<tr>\n<td style=\"font-weight: 400;\" colspan=\"1\" rowspan=\"3\">\n<p data-spm-anchor-id=\"a2700.pc-decorate.0.i26.8e343333yaYbbo\">Specifikacija<\/p>\n<\/td>\n<td style=\"font-weight: 400;\" colspan=\"1\" rowspan=\"1\">\n<p data-spm-anchor-id=\"0.0.0.i10.3e8c4f05UxthN7\">Storis: 1 mm-100 mm<\/p>\n<\/td>\n<\/tr>\n<tr>\n<td style=\"font-weight: 400;\" colspan=\"1\" rowspan=\"1\">Plotis: \u22643000 mm<\/td>\n<\/tr>\n<tr>\n<td style=\"font-weight: 400;\" colspan=\"1\" rowspan=\"1\">Ilgis: \u226412000 mm<\/td>\n<\/tr>\n<tr>\n<td style=\"font-weight: 400;\" colspan=\"1\" rowspan=\"1\">\n<p data-spm-anchor-id=\"0.0.0.i16.3e8c4f05UxthN7\">Technika<\/p>\n<\/td>\n<td style=\"font-weight: 400;\" colspan=\"1\" rowspan=\"1\">Kar\u0161tai valcuotas<\/td>\n<\/tr>\n<tr>\n<td style=\"font-weight: 400;\" colspan=\"1\" rowspan=\"1\">Pavir\u0161ius<\/td>\n<td style=\"font-weight: 400;\" colspan=\"1\" rowspan=\"1\">Apdorojimas r\u016bdimis, valymas, sm\u0117liavimas arba pagal kliento pageidavim\u0105<\/td>\n<\/tr>\n<\/tbody>\n<\/table>\n<p><a href=\"https:\/\/keweicorten.com\/lt\/produktai\/\"><img fetchpriority=\"high\" decoding=\"async\" class=\"alignnone\" title=\"Pritaikytas ASTM A588 \" src=\"https:\/\/www.shipbuilding-plate.com\/uploads\/202230316\/astm-a588-steel-plate33020225533.jpg\" alt=\"Pritaikyti ASTM A588 plieno plok\u0161\u010di\u0173 tiek\u0117jai - didmenin\u0117 kaina -keweicorten\" width=\"650\" height=\"650\" \/><\/a><\/p>\n<p><img decoding=\"async\" class=\"alignnone\" title=\"A588 garde atmosferos poveikiui atspari plieno plok\u0161t\u0117\" src=\"https:\/\/sc04.alicdn.com\/kf\/H9a942ed341824d248078e5b222d679c6J\/267682295\/H9a942ed341824d248078e5b222d679c6J.jpg\" alt=\"A588 garde or\u0173 poveikiui atspari plieno plok\u0161t\u0117 kaina, gamintojai, tiek\u0117jai, pritaikyti-keweicorten\" width=\"650\" height=\"390\" \/><\/p>\n<\/div>","protected":false},"excerpt":{"rendered":"<p>A588 plienas yra patikima ir ilgaam\u017e\u0117 med\u017eiaga, pasi\u017eyminti dideliu stiprumu ir atsparumu aplinkos veiksniams. Tai universali med\u017eiaga, kuri\u0105 galima naudoti \u012fvairiose srityse, o j\u0105 naudojantiems asmenims ji teikia ilgalaik\u0119 naud\u0105. Tod\u0117l jis yra puikus pasirinkimas visiems, ie\u0161kantiems patikimos ir ekonomi\u0161kos med\u017eiagos savo statybos projektams.<\/p>","protected":false},"featured_media":1557,"comment_status":"open","ping_status":"closed","template":"","meta":{"_eb_attr":"","_monsterinsights_skip_tracking":false,"_monsterinsights_sitenote_active":false,"_monsterinsights_sitenote_note":"","_monsterinsights_sitenote_category":0,"_uf_show_specific_survey":0,"_uf_disable_surveys":false},"product_brand":[],"product_cat":[21],"product_tag":[],"class_list":{"0":"post-1556","1":"product","2":"type-product","3":"status-publish","4":"has-post-thumbnail","6":"product_cat-weather-resistant-steel-plate","8":"first","9":"instock","10":"shipping-taxable","11":"product-type-simple"},"_links":{"self":[{"href":"https:\/\/keweicorten.com\/lt\/wp-json\/wp\/v2\/product\/1556"}],"collection":[{"href":"https:\/\/keweicorten.com\/lt\/wp-json\/wp\/v2\/product"}],"about":[{"href":"https:\/\/keweicorten.com\/lt\/wp-json\/wp\/v2\/types\/product"}],"replies":[{"embeddable":true,"href":"https:\/\/keweicorten.com\/lt\/wp-json\/wp\/v2\/comments?post=1556"}],"version-history":[{"count":2,"href":"https:\/\/keweicorten.com\/lt\/wp-json\/wp\/v2\/product\/1556\/revisions"}],"predecessor-version":[{"id":1559,"href":"https:\/\/keweicorten.com\/lt\/wp-json\/wp\/v2\/product\/1556\/revisions\/1559"}],"wp:featuredmedia":[{"embeddable":true,"href":"https:\/\/keweicorten.com\/lt\/wp-json\/wp\/v2\/media\/1557"}],"wp:attachment":[{"href":"https:\/\/keweicorten.com\/lt\/wp-json\/wp\/v2\/media?parent=1556"}],"wp:term":[{"taxonomy":"product_brand","embeddable":true,"href":"https:\/\/keweicorten.com\/lt\/wp-json\/wp\/v2\/product_brand?post=1556"},{"taxonomy":"product_cat","embeddable":true,"href":"https:\/\/keweicorten.com\/lt\/wp-json\/wp\/v2\/product_cat?post=1556"},{"taxonomy":"product_tag","embeddable":true,"href":"https:\/\/keweicorten.com\/lt\/wp-json\/wp\/v2\/product_tag?post=1556"}],"curies":[{"name":"wp","href":"https:\/\/api.w.org\/{rel}","templated":true}]}}