{"id":1575,"date":"2024-09-27T07:50:11","date_gmt":"2024-09-27T07:50:11","guid":{"rendered":"https:\/\/keweicorten.com\/?post_type=product&#038;p=1575"},"modified":"2024-09-27T07:50:11","modified_gmt":"2024-09-27T07:50:11","slug":"astm-a588-plokste","status":"publish","type":"product","link":"https:\/\/keweicorten.com\/lt\/astm-a588-plokste\/","title":{"rendered":"astm A588 plok\u0161t\u0117"},"content":{"rendered":"<p>ASTM A588 plieno plok\u0161t\u0117s savyb\u0117s:<\/p>\n<p>Atsparumas oro s\u0105lygoms: A588 plienas pasi\u017eymi puikiu atsparumu korozijai ir lauko aplinkoje gali sudaryti apsaugin\u012f r\u016bd\u017ei\u0173 sluoksn\u012f, taip sul\u0117tindamas tolesn\u0119 korozij\u0105.<\/p>\n<p>Didelis stiprumas: Med\u017eiaga pasi\u017eymi dideliu atsparumu tempimui ir takumo riba, tod\u0117l gali atlaikyti dideles apkrovas.<\/p>\n<p>Suvirinamumas: A588 plieno plok\u0161t\u0117 yra gerai suvirinama ir gali b\u016bti naudojama \u012fvairiais suvirinimo b\u016bdais.<\/p>\n<p>Galimyb\u0117 apdirbti: Med\u017eiag\u0105 lengva pjaustyti, formuoti ir apdoroti, ji tinka \u012fvairiems gamybos procesams.<\/p>\n<p>Atsparumas kar\u0161\u010diui: Jis gali i\u0161laikyti geras mechanines savybes auk\u0161toje temperat\u016broje.<\/p>\n<p>Estetika: Nat\u016braliai sur\u016bdijusi i\u0161vaizda suteikia unikal\u0173 estetin\u012f efekt\u0105 architekt\u016brai ir kra\u0161tovaizd\u017eio dizainui.<\/p>\n<p>&nbsp;<\/p>\n<p>ASTM standartai:<\/p>\n<p>A6\/A6M Valcuot\u0173 konstrukcinio plieno stryp\u0173, plok\u0161\u010di\u0173, form\u0173 ir lak\u0161tini\u0173 poli\u0173 bendr\u0173j\u0173 reikalavim\u0173 specifikacija<\/p>\n<p>G101 Ma\u017eai legiruot\u0173 plien\u0173 atsparumo atmosferos korozijai \u012fvertinimo vadovas<\/p>\n<p><a href=\"https:\/\/keweicorten.com\/lt\/susisiekite-su-mumis\/\"><img fetchpriority=\"high\" decoding=\"async\" class=\"alignnone\" title=\"ASTM A588 Corteno plieno plok\u0161t\u0117 \" src=\"https:\/\/www.gescosteel.com\/photo\/ps32365646-astm_a588_corten_steel_plate.jpg\" alt=\"ASTM A588 Corteno plieno plok\u0161t\u0117s gamykla, Kinija, kaina, gamintojai-keweicorten\" width=\"700\" height=\"499\" \/><\/a><\/p>\n<p><a href=\"https:\/\/keweicorten.com\/lt\/susisiekite-su-mumis\/\"><img decoding=\"async\" class=\"alignnone\" title=\"ASTM A588 plok\u0161t\u0117s\" src=\"https:\/\/www.cortensteels.com\/uploads\/202130314\/weather-resistance-astm-a588-plates33271787318.jpg\" alt=\"Kinija Atsparumas orui ASTM A588 plok\u0161\u010di\u0173 gamintojai, tiek\u0117jai -keweicorten\" width=\"700\" height=\"700\" \/><\/a><\/p>","protected":false},"excerpt":{"rendered":"<p>ASTM A588 yra didelio stiprio, ma\u017eai legiruoto konstrukcinio plieno plok\u0161t\u0117, kuri paprastai naudojama lauko darbams, pavyzd\u017eiui, tiltams ir pastatams. \u0160i plok\u0161t\u0117 labai atspari korozijai ir pasi\u017eymi puikiu stiprumo ir svorio santykiu, tod\u0117l idealiai tinka naudoti at\u0161iaurioje aplinkoje ir ekstremaliomis oro s\u0105lygomis.<\/p>","protected":false},"featured_media":1576,"comment_status":"open","ping_status":"closed","template":"","meta":{"_eb_attr":"","_monsterinsights_skip_tracking":false,"_monsterinsights_sitenote_active":false,"_monsterinsights_sitenote_note":"","_monsterinsights_sitenote_category":0,"_uf_show_specific_survey":0,"_uf_disable_surveys":false},"product_brand":[],"product_cat":[21],"product_tag":[],"class_list":{"0":"post-1575","1":"product","2":"type-product","3":"status-publish","4":"has-post-thumbnail","6":"product_cat-weather-resistant-steel-plate","8":"first","9":"instock","10":"shipping-taxable","11":"product-type-simple"},"_links":{"self":[{"href":"https:\/\/keweicorten.com\/lt\/wp-json\/wp\/v2\/product\/1575"}],"collection":[{"href":"https:\/\/keweicorten.com\/lt\/wp-json\/wp\/v2\/product"}],"about":[{"href":"https:\/\/keweicorten.com\/lt\/wp-json\/wp\/v2\/types\/product"}],"replies":[{"embeddable":true,"href":"https:\/\/keweicorten.com\/lt\/wp-json\/wp\/v2\/comments?post=1575"}],"version-history":[{"count":1,"href":"https:\/\/keweicorten.com\/lt\/wp-json\/wp\/v2\/product\/1575\/revisions"}],"predecessor-version":[{"id":1577,"href":"https:\/\/keweicorten.com\/lt\/wp-json\/wp\/v2\/product\/1575\/revisions\/1577"}],"wp:featuredmedia":[{"embeddable":true,"href":"https:\/\/keweicorten.com\/lt\/wp-json\/wp\/v2\/media\/1576"}],"wp:attachment":[{"href":"https:\/\/keweicorten.com\/lt\/wp-json\/wp\/v2\/media?parent=1575"}],"wp:term":[{"taxonomy":"product_brand","embeddable":true,"href":"https:\/\/keweicorten.com\/lt\/wp-json\/wp\/v2\/product_brand?post=1575"},{"taxonomy":"product_cat","embeddable":true,"href":"https:\/\/keweicorten.com\/lt\/wp-json\/wp\/v2\/product_cat?post=1575"},{"taxonomy":"product_tag","embeddable":true,"href":"https:\/\/keweicorten.com\/lt\/wp-json\/wp\/v2\/product_tag?post=1575"}],"curies":[{"name":"wp","href":"https:\/\/api.w.org\/{rel}","templated":true}]}}