{"id":1578,"date":"2024-09-27T08:16:43","date_gmt":"2024-09-27T08:16:43","guid":{"rendered":"https:\/\/keweicorten.com\/?post_type=product&#038;p=1578"},"modified":"2024-09-27T08:16:43","modified_gmt":"2024-09-27T08:16:43","slug":"astm-a242-plienas","status":"publish","type":"product","link":"https:\/\/keweicorten.com\/lt\/astm-a242-plienas\/","title":{"rendered":"ASTM A242 plienas"},"content":{"rendered":"<div class=\"rich-text-table\">\n<div>\n<p>ASTM A242 plienas yra didelio stiprumo, ma\u017eai legiruotas atmosferos poveikiui atsparus plienas, da\u017eniausiai naudojamas plieno plok\u0161t\u0117ms, plieno vamzd\u017eiams ir kitiems gaminiams gaminti. Jis pasi\u017eymi gera apsauga nuo oksidacijos ir gali b\u016bti ilgai naudojamas at\u0161iaurioje gamtin\u0117je aplinkoje be korozijos poveikio.<\/p>\n<p>Puikias kortino plok\u0161t\u0117s savybes taip pat atspindi jos geras apdirbamumas ir tvirtumo stabilumas. Ji da\u017enai naudojama gaminant plienines konstrukcijas, tiltus, surenkamuosius pastatus, laivus ir konteinerius.<\/p>\n<p>Plieno standart\u0105 suk\u016br\u0117 Amerikos med\u017eiag\u0173 ir bandym\u0173 draugija, siekdama sukurti med\u017eiag\u0105, kuri\u0105 b\u016bt\u0173 galima ilgai naudoti lauko aplinkoje be korozijos.<\/p>\n<\/div>\n<div class=\"rich-text-table\"><strong>Korteninio plieno ASTM A242 1 tipo plok\u0161\u010di\u0173 ir lak\u0161t\u0173 mechanin\u0117s savyb\u0117s<\/strong><\/p>\n<div class=\"pro_page_table\">\n<table>\n<tbody>\n<tr>\n<td><\/td>\n<td>Tempimo j\u0117ga<\/td>\n<td>Min. Derlingumo ta\u0161kas<\/td>\n<td>Pailg\u0117jimas<\/td>\n<\/tr>\n<tr>\n<td>CORTEN A<\/td>\n<td>[470-630 MPa]<\/td>\n<td>[355 MPa]<\/td>\n<td>20 % min.<\/td>\n<\/tr>\n<tr>\n<td>ASTM 588 GR. A<\/td>\n<td>[485 MPa]<\/td>\n<td>[345 MPa]<\/td>\n<td>21% min.<\/td>\n<\/tr>\n<tr>\n<td>ASTM 242 TIPAS -1<\/td>\n<td>[480 MPa]<\/td>\n<td>[345 MPa]<\/td>\n<td>16% min.<\/td>\n<\/tr>\n<tr>\n<td>IRSM 41- 97<\/td>\n<td>[480 MPa]<\/td>\n<td>[340 MPa]<\/td>\n<td>21% min.<\/td>\n<\/tr>\n<\/tbody>\n<\/table>\n<p><strong>Corteno plieno pritaikymas<\/strong><\/p>\n<p>Pastato strukt\u016bra<br \/>\nLauko \u012frenginiai<br \/>\nEismo priemon\u0117s<br \/>\nMeno instaliacija<\/p>\n<p><strong>ASTM A242 plieno mechanin\u0117s savyb\u0117s\uff1a<\/strong><\/p>\n<p>Pl\u0117tros stipris: apie 345 MPa<br \/>\nTempimo stipris: apie 480 MPa<br \/>\nPailg\u0117jimas: apie 20%<\/p>\n<p><a href=\"https:\/\/keweicorten.com\/lt\/produktai\/\"><img fetchpriority=\"high\" decoding=\"async\" class=\"alignnone\" title=\"ASTM A242 plienas\" src=\"https:\/\/www.cortensteels.com\/uploads\/202130314\/astm-a242-steel-corrosion-plate12339760574.jpg\" alt=\"Kinija ASTM A242 plieno korozijos plok\u0161t\u0117s gamintojai, tiek\u0117jai -keweicorten\" width=\"650\" height=\"650\" \/><\/a><\/p>\n<p><a href=\"https:\/\/keweicorten.com\/lt\"><img decoding=\"async\" class=\"alignnone\" title=\"Kinija ASTM A242 plieno korozijos plok\u0161t\u0117s gamintojai, tiek\u0117jai -keweicorten\" src=\"https:\/\/www.cortensteels.com\/uploads\/202130314\/small\/astm-steel-a24243487747222.png\" alt=\"Kinija ASTM STEEL A242 gamintojai, tiek\u0117jai - tiesiogin\u0117 kaina -keweicorten\" width=\"647\" height=\"647\" \/><\/a><\/p>\n<p><a href=\"https:\/\/keweicorten.com\/lt\"><img decoding=\"async\" class=\"alignnone\" title=\"ASTM A242 plienas\" src=\"https:\/\/www.cortensteels.com\/uploads\/202130314\/astm-a242-steel-corrosion-plate12218865305.jpg\" alt=\"Kinija ASTM A242 plieno korozijos plok\u0161t\u0117s gamintojai, tiek\u0117jai\" width=\"649\" height=\"649\" \/><\/a><\/p>\n<\/div>\n<\/div>\n<\/div>","protected":false},"excerpt":{"rendered":"<p>ASTM A242 plienas yra svarbus konstrukcinis plienas, pasi\u017eymintis puikia apsauga nuo oksidacijos ir atsparumu korozijai, gali b\u016bti pla\u010diai naudojamas gaminant \u012fvairias sunkias konstrukcines dalis ir surenkamuosius pastatus, jo stabilus veikimas, \u012fvairiose at\u0161iauriose aplinkose gali b\u016bti naudojamas ilg\u0105 laik\u0105.<\/p>","protected":false},"featured_media":1579,"comment_status":"open","ping_status":"closed","template":"","meta":{"_eb_attr":"","_monsterinsights_skip_tracking":false,"_monsterinsights_sitenote_active":false,"_monsterinsights_sitenote_note":"","_monsterinsights_sitenote_category":0,"_uf_show_specific_survey":0,"_uf_disable_surveys":false},"product_brand":[],"product_cat":[21],"product_tag":[],"class_list":{"0":"post-1578","1":"product","2":"type-product","3":"status-publish","4":"has-post-thumbnail","6":"product_cat-weather-resistant-steel-plate","8":"first","9":"instock","10":"shipping-taxable","11":"product-type-simple"},"_links":{"self":[{"href":"https:\/\/keweicorten.com\/lt\/wp-json\/wp\/v2\/product\/1578"}],"collection":[{"href":"https:\/\/keweicorten.com\/lt\/wp-json\/wp\/v2\/product"}],"about":[{"href":"https:\/\/keweicorten.com\/lt\/wp-json\/wp\/v2\/types\/product"}],"replies":[{"embeddable":true,"href":"https:\/\/keweicorten.com\/lt\/wp-json\/wp\/v2\/comments?post=1578"}],"version-history":[{"count":1,"href":"https:\/\/keweicorten.com\/lt\/wp-json\/wp\/v2\/product\/1578\/revisions"}],"predecessor-version":[{"id":1580,"href":"https:\/\/keweicorten.com\/lt\/wp-json\/wp\/v2\/product\/1578\/revisions\/1580"}],"wp:featuredmedia":[{"embeddable":true,"href":"https:\/\/keweicorten.com\/lt\/wp-json\/wp\/v2\/media\/1579"}],"wp:attachment":[{"href":"https:\/\/keweicorten.com\/lt\/wp-json\/wp\/v2\/media?parent=1578"}],"wp:term":[{"taxonomy":"product_brand","embeddable":true,"href":"https:\/\/keweicorten.com\/lt\/wp-json\/wp\/v2\/product_brand?post=1578"},{"taxonomy":"product_cat","embeddable":true,"href":"https:\/\/keweicorten.com\/lt\/wp-json\/wp\/v2\/product_cat?post=1578"},{"taxonomy":"product_tag","embeddable":true,"href":"https:\/\/keweicorten.com\/lt\/wp-json\/wp\/v2\/product_tag?post=1578"}],"curies":[{"name":"wp","href":"https:\/\/api.w.org\/{rel}","templated":true}]}}