{"id":1581,"date":"2024-09-27T08:37:55","date_gmt":"2024-09-27T08:37:55","guid":{"rendered":"https:\/\/keweicorten.com\/?post_type=product&#038;p=1581"},"modified":"2025-01-15T06:21:36","modified_gmt":"2025-01-15T06:21:36","slug":"kortino-lempa","status":"publish","type":"product","link":"https:\/\/keweicorten.com\/lt\/kortino-lempa\/","title":{"rendered":"Corteno lempos"},"content":{"rendered":"<p>Korteno plieno \u0161viestuvai yra puikus pasirinkimas lauko ir vidaus dekorui, nes jie pasi\u017eymi ilgaam\u017ei\u0161kumu ir unikalia r\u016bd\u017ei\u0173 estetika. Jie gali b\u016bti \u012fvairi\u0173 form\u0173, pvz:<\/p>\n<ol>\n<li><strong>Sieniniai \u0161viestuvai<\/strong>: Puikiai tinka lauko sienoms ar kiemeliams.<\/li>\n<li><strong>Stalo \u0161viestuvai<\/strong>: Tinka lauko valgomojo ar poilsio zonoms.<\/li>\n<li><strong>Grind\u0173 \u0161viestuvai<\/strong>: Puikiai tinka sodams ar takams pa\u012fvairinti ir padidinti j\u0173 auk\u0161t\u012f.<\/li>\n<li><strong>Pa\u0161to \u017eibintai<\/strong>: Puikiai tinka ap\u0161viesti va\u017eiuojam\u0105sias dalis ar \u0161aligatvius.<\/li>\n<li><strong>Pakabinami \u017eibintai<\/strong>: Puikiai tinka dengtiems kiemeliams ar pav\u0117sin\u0117ms.<\/li>\n<\/ol>\n<p>Corteno plieno lemp\u0173 galia gali skirtis priklausomai nuo naudojamo \u0161viesos \u0161altinio tipo. \u0160tai keletas \u012fprast\u0173 skirting\u0173 tip\u0173 lemp\u0173 galingum\u0173:<\/p>\n<ol>\n<li><strong>LED lempos<\/strong>: Paprastai j\u0173 galia svyruoja nuo 5 W iki 20 W, tod\u0117l jos pasi\u017eymi energijos vartojimo efektyvumu ir ilgaam\u017ei\u0161kumu.<\/li>\n<li><strong>Kaitrin\u0117s lempos<\/strong>: Paprastai j\u0173 galia svyruoja nuo 40 W iki 100 W, ta\u010diau jie ma\u017eiau efektyviai naudoja energij\u0105.<\/li>\n<li><strong>Halogenin\u0117s lempos<\/strong>: Paprastai j\u0173 galia svyruoja nuo 20 W iki 70 W ir u\u017etikrina ry\u0161ki\u0105 \u0161vies\u0105, ta\u010diau, palyginti su \u0161viesos diodais, jos veikia trumpiau.<\/li>\n<\/ol>\n<table border=\"1\">\n<tbody>\n<tr>\n<td><span data-spm-anchor-id=\"a2700.details.0.i39.446e5956BnWvBb\">Produkto pavadinimas<\/span><\/td>\n<td>Lauko vandeniui atspari \u0161iuolaikin\u0117 vejos \u0161viesa Corteno plieno kra\u0161tovaizd\u017eio stulpeli\u0173 \u0161viesa<\/td>\n<\/tr>\n<tr>\n<td>Pagrindinis korpusas \u017daliavos<\/td>\n<td data-spm-anchor-id=\"a2700.details.0.i43.446e5956BnWvBb\">Korteninis plienas<\/td>\n<\/tr>\n<tr>\n<td>LED galia<\/td>\n<td>10W, 12W<\/td>\n<\/tr>\n<tr>\n<td>IP adresai<\/td>\n<td>IP65, IP66<\/td>\n<\/tr>\n<tr>\n<td>Pavir\u0161iaus spalva<\/td>\n<td>Sur\u016bdij\u0119s arba pritaikytas<\/td>\n<\/tr>\n<tr>\n<td>Tipas<\/td>\n<td>Priimti pritaikyt\u0105<\/td>\n<\/tr>\n<\/tbody>\n<\/table>\n<p>&nbsp;<\/p>\n<p><img fetchpriority=\"high\" decoding=\"async\" class=\"\" src=\"https:\/\/sc04.alicdn.com\/kf\/H46bf762d9ea04031942f9e37b56d1eebI\/255157415\/H46bf762d9ea04031942f9e37b56d1eebI.jpg\" width=\"599\" height=\"599\" \/><\/p>\n<p><img decoding=\"async\" class=\"\" src=\"https:\/\/sc04.alicdn.com\/kf\/Hdad8686d076d4158871c35c4c66c1fb7s\/252624420\/Hdad8686d076d4158871c35c4c66c1fb7s.jpg\" alt=\"Lauko vandeniui atspari \u0161iuolaikin\u0117 vejos \u0161viesa Corteno plieno kra\u0161tovaizd\u017eio stulpeli\u0173 \u0161viesa\" width=\"599\" height=\"400\" \/><\/p>\n<p>&nbsp;<\/p>","protected":false},"excerpt":{"rendered":"<p>Korteno plieno \u0161viestuvai gra\u017eiai papildo bet koki\u0105 erdv\u0119, suteikdami modernios elegancijos ir pramoninio stiliaus. \u0160ie \u0161viestuvai pagaminti i\u0161 atmosferos poveikiui atsparaus plieno, tod\u0117l pasi\u017eymi unikalia kaimi\u0161ka i\u0161vaizda, kuri papildys \u012fvairius dekoro stilius.<\/p>","protected":false},"featured_media":1582,"comment_status":"open","ping_status":"closed","template":"","meta":{"_eb_attr":"","_monsterinsights_skip_tracking":false,"_monsterinsights_sitenote_active":false,"_monsterinsights_sitenote_note":"","_monsterinsights_sitenote_category":0,"_uf_show_specific_survey":0,"_uf_disable_surveys":false},"product_brand":[],"product_cat":[61],"product_tag":[],"class_list":{"0":"post-1581","1":"product","2":"type-product","3":"status-publish","4":"has-post-thumbnail","6":"product_cat-light-post","8":"first","9":"instock","10":"shipping-taxable","11":"product-type-simple"},"_links":{"self":[{"href":"https:\/\/keweicorten.com\/lt\/wp-json\/wp\/v2\/product\/1581"}],"collection":[{"href":"https:\/\/keweicorten.com\/lt\/wp-json\/wp\/v2\/product"}],"about":[{"href":"https:\/\/keweicorten.com\/lt\/wp-json\/wp\/v2\/types\/product"}],"replies":[{"embeddable":true,"href":"https:\/\/keweicorten.com\/lt\/wp-json\/wp\/v2\/comments?post=1581"}],"version-history":[{"count":1,"href":"https:\/\/keweicorten.com\/lt\/wp-json\/wp\/v2\/product\/1581\/revisions"}],"predecessor-version":[{"id":1583,"href":"https:\/\/keweicorten.com\/lt\/wp-json\/wp\/v2\/product\/1581\/revisions\/1583"}],"wp:featuredmedia":[{"embeddable":true,"href":"https:\/\/keweicorten.com\/lt\/wp-json\/wp\/v2\/media\/1582"}],"wp:attachment":[{"href":"https:\/\/keweicorten.com\/lt\/wp-json\/wp\/v2\/media?parent=1581"}],"wp:term":[{"taxonomy":"product_brand","embeddable":true,"href":"https:\/\/keweicorten.com\/lt\/wp-json\/wp\/v2\/product_brand?post=1581"},{"taxonomy":"product_cat","embeddable":true,"href":"https:\/\/keweicorten.com\/lt\/wp-json\/wp\/v2\/product_cat?post=1581"},{"taxonomy":"product_tag","embeddable":true,"href":"https:\/\/keweicorten.com\/lt\/wp-json\/wp\/v2\/product_tag?post=1581"}],"curies":[{"name":"wp","href":"https:\/\/api.w.org\/{rel}","templated":true}]}}