{"id":1584,"date":"2024-09-27T08:50:21","date_gmt":"2024-09-27T08:50:21","guid":{"rendered":"https:\/\/keweicorten.com\/?post_type=product&#038;p=1584"},"modified":"2025-01-15T06:21:20","modified_gmt":"2025-01-15T06:21:20","slug":"korteniniai-stulpeliai","status":"publish","type":"product","link":"https:\/\/keweicorten.com\/lt\/korteniniai-stulpeliai\/","title":{"rendered":"Korteniniai stulpeliai"},"content":{"rendered":"<h2>Kas yra \"Corten Bollard Light\"?<\/h2>\n<p>\"Corten Bollard Light\" - tai lauko ap\u0161vietimui skirtas stulpo \u0161viestuvas, kurio pagrindin\u0117 med\u017eiaga yra \"Corten\" plienas, sujungtas su LED arba kitais energij\u0105 taupan\u010diais \u0161viesos \u0161altiniais. D\u0117l nat\u016braliai susiformavusio antikorozinio sluoksnio ant pavir\u0161iaus Corteno plienas pasi\u017eymi dideliu atsparumu korozijai ir ilgaam\u017ei\u0161kumu, kartu pasi\u017eymi unikalia r\u016bd\u017ei\u0173 raudonumo tekst\u016bra, integruota \u012f nat\u016brali\u0105 aplink\u0105 ir \u0161iuolaikin\u0119 architekt\u016br\u0105.<\/p>\n<p>Stulpeli\u0173 \u017eibintai da\u017enai naudojami tak\u0173 ap\u0161vietimui, kra\u0161tovaizd\u017eio puo\u0161ybai ar teritorijos \u017eenklinimui, kad nakt\u012f b\u016bt\u0173 u\u017etikrintas saugumas ir estetika.<\/p>\n<h2>Oro s\u0105lyg\u0173 veikiam\u0173 plienini\u0173 lemp\u0173 charakteristikos:<\/h2>\n<ul>\n<li>Unikali i\u0161vaizda<\/li>\n<li>Itin patvarus<\/li>\n<li>Energijos taupymas ir aplinkos apsauga<\/li>\n<li>Universalumas<\/li>\n<li>Ma\u017eai prie\u017ei\u016bros<\/li>\n<\/ul>\n<h2>Pagrindiniai \u0161iuolaikinio kra\u0161tovaizd\u017eio ap\u0161vietimo taikymo scenarijai:<\/h2>\n<ul>\n<li>Sodai ir kiemai<\/li>\n<li>Naudojamas tak\u0173 ap\u0161vietimui arba augal\u0173 sien\u0173 dekoravimui, puikiai dera su \u017ealiaisiais augalais ir akmenimis, kad sukurt\u0173 jauki\u0105 ir nat\u016brali\u0105 nakties atmosfer\u0105.<\/li>\n<li>Komercin\u0117 zona<\/li>\n<li>Parkai ir aik\u0161t\u0117s<\/li>\n<li>Pakrant\u0117s arba pelk\u0117s aplinka<\/li>\n<li>Gyvenamosios patalpos<\/li>\n<\/ul>\n<p><a href=\"https:\/\/keweicorten.com\/lt\/susisiekite-su-mumis\/\"><img fetchpriority=\"high\" decoding=\"async\" class=\"alignnone\" title=\"Sodo corten sodo \u0161viesa\" src=\"https:\/\/sc04.alicdn.com\/kf\/Ha485a993273c4a1abf4c34b1993865875\/235950374\/Ha485a993273c4a1abf4c34b1993865875.jpg\" alt=\"Sodo corten sodo \u017eibintai Kinijos gamyklos kaina -keweicorten\" width=\"640\" height=\"320\" \/><\/a><\/p>\n<h2>Kaip pasirinkti tinkam\u0105 \"Corten Landscape\" \u0161viestuv\u0105?<\/h2>\n<ul>\n<li>Pasirinkite auk\u0161t\u012f ir \u0161viesos \u0161altin\u012f pagal ap\u0161vietimo poreikius<\/li>\n<li>Nedidelis sodas arba kiemas: Pasirinkite 50-70 cm auk\u0161\u010dio \u0161viestuv\u0105, kurio \u0161viesa yra \u0161velni.<\/li>\n<li>Komercin\u0117s ir vie\u0161osios erdv\u0117s: Pasirinkite 80-100 cm ilgio lempas, kad u\u017etikrintum\u0117te pla\u010di\u0105 ap\u0161vietimo apr\u0117pt\u012f.<\/li>\n<li>Dizaino stilius atitinka aplink\u0105<\/li>\n<li>\u0160iuolaikin\u0117 architekt\u016bra: Rinkit\u0117s geometrinius, \u0161vari\u0173 linij\u0173 \u0161viestuvus, kad jie atitikt\u0173 architekt\u016bros stili\u0173.<\/li>\n<li>\u0160viesos \u0161altinio veikimas ir energijos taupymo reikalavimai<\/li>\n<li>LED \u0161viesos \u0161altinis veikia ilgai ir sunaudoja ma\u017eai energijos.<\/li>\n<\/ul>\n<h2>Kod\u0117l verta rinktis \"Corten Bollard Light\"?<\/h2>\n<ol>\n<li>Lankstus dizainas, pritaikytas \u012fvairiems scenarijams<br \/>\nNesvarbu, ar tai b\u016bt\u0173 privatus sodas, komercin\u0117 ar vie\u0161oji erdv\u0117, \"Corten Bollard Light\" suteikia aplinkai akcento.<\/li>\n<li>Aplinkos apsauga ir tvarumas<br \/>\nOro s\u0105lygoms atsparaus plieno ir oro s\u0105lygoms atsparaus plieno \u017eibint\u0173 \u0161altini\u0173 derinys yra puikus tvaraus dizaino pasirinkimas.<\/li>\n<li>Patvarus ir ilgaam\u017eis<br \/>\nDidelis atsparumas atmosferos poveikiui atsparaus plieno korozijai u\u017etikrina, kad lempos gerai veiks at\u0161iaurioje aplinkoje ir nereik\u0117s j\u0173 da\u017enai keisti.<\/li>\n<\/ol>\n<table border=\"1\">\n<tbody>\n<tr>\n<td><span data-spm-anchor-id=\"a2700.details.0.i39.446e5956BnWvBb\">Produkto pavadinimas<\/span><\/td>\n<td>Lauko vandeniui atspari \u0161iuolaikin\u0117 vejos \u0161viesa Corteno plieno kra\u0161tovaizd\u017eio stulpeli\u0173 \u0161viesa<\/td>\n<\/tr>\n<tr>\n<td>Pagrindinis korpusas \u017daliavos<\/td>\n<td data-spm-anchor-id=\"a2700.details.0.i43.446e5956BnWvBb\">Korteninis plienas<\/td>\n<\/tr>\n<tr>\n<td>LED galia<\/td>\n<td>10W, 12W<\/td>\n<\/tr>\n<tr>\n<td>IP klas\u0117<\/td>\n<td>IP65, IP66<\/td>\n<\/tr>\n<tr>\n<td>Pavir\u0161iaus spalva<\/td>\n<td>Sur\u016bdij\u0119s arba pritaikytas<\/td>\n<\/tr>\n<tr>\n<td>Tipas<\/td>\n<td>Priimti pritaikyt\u0105<\/td>\n<\/tr>\n<\/tbody>\n<\/table>\n<div style=\"width: 800px;\" class=\"wp-video\"><!--[if lt IE 9]><script>document.createElement('video');<\/script><![endif]-->\n<video class=\"wp-video-shortcode\" id=\"video-1584-1\" width=\"800\" height=\"450\" loop=\"1\" autoplay=\"1\" preload=\"metadata\" controls=\"controls\"><source type=\"video\/mp4\" src=\"https:\/\/keweicorten.com\/wp-content\/uploads\/2024\/09\/Weathering-steel-lamps.mp4?_=1\" \/><a href=\"https:\/\/keweicorten.com\/wp-content\/uploads\/2024\/09\/Weathering-steel-lamps.mp4\">https:\/\/keweicorten.com\/wp-content\/uploads\/2024\/09\/Weathering-steel-lamps.mp4<\/a><\/video><\/div>\n<p><a href=\"https:\/\/keweicorten.com\/lt\/susisiekite-su-mumis\/\"><img decoding=\"async\" class=\"alignnone\" title=\"sodo \u017eibintai\" src=\"https:\/\/sc04.alicdn.com\/kf\/Hbfd36546659b40b8b1012ec41b13121bi\/235950374\/Hbfd36546659b40b8b1012ec41b13121bi.jpg\" alt=\"Sodo corten sodo \u017eibintai Kinijos gamyklos kaina -keweicorten\" width=\"640\" height=\"320\" \/><\/a><\/p>\n<p>DUK<\/p>\n<p class=\"magic-11\"><span class=\"magic-6\" style=\"font-family: Arial;\" data-spm-anchor-id=\"a2700.details.0.i40.2c656ceeu1J4FQ\">K: Ar gaminate pritaikytus gaminius pagal m\u016bs\u0173 dizaino br\u0117\u017einius ar id\u0117jas?<\/span><\/p>\n<p class=\"magic-11\">A: Taip, esame profesionali metalo gamybos gamykla, turinti patyrusi\u0105 in\u017einieri\u0173 komand\u0105, kuri gamina nestandartinius gaminius pagal klient\u0173 br\u0117\u017einius ir id\u0117jas.<\/p>\n<p class=\"magic-11\"><span class=\"magic-43\" style=\"font-family: Arial;\">\u00a0<\/span><\/p>\n<p class=\"magic-11\">K: Koks yra MOQ?<\/p>\n<p class=\"magic-11\">A: Paprastai mes nenustatome MOQ, bet kuo daugiau, tuo pigiau. Be to, mielai gaminame prototipus ar pavyzd\u017eius klientams, kad u\u017etikrintume kokyb\u0117s standartus.<\/p>\n<p>&nbsp;<\/p>\n<p class=\"magic-11\">K: Ar esate prekybos \u012fmon\u0117, ar gamintojas?<\/p>\n<p class=\"magic-11\">A: Mes esame gamykla.<\/p>\n<div>\n<p>&nbsp;<\/p>\n<p>K: Kiek laiko trunka j\u016bs\u0173 pristatymo laikas?<br \/>\nA: Paprastai tai yra 5-10 dien\u0173, tai priklauso nuo kiekio.<\/p>\n<p>&nbsp;<\/p>\n<p>Klausimas: Ar pateikiate pavyzd\u017ei\u0173? ar tai nemokama, ar papildomai?<\/p>\n<p>A: Taip, mes galime pasi\u016blyti pavyzd\u012f.<\/p>\n<\/div>","protected":false},"excerpt":{"rendered":"<p>\"Corten\" stulp\u0173 \u0161viestuvai - tai modern\u016bs ap\u0161vietimo sprendimai, kurie gali padidinti estetin\u012f bet kurios erdv\u0117s patrauklum\u0105. Jie pagaminti i\u0161 auk\u0161tos kokyb\u0117s, oro s\u0105lygoms atsparaus korteninio plieno, kuris u\u017etikrina \u0161i\u0173 \u0161viestuv\u0173 patvarum\u0105 ir ilgaam\u017ei\u0161kum\u0105.<\/p>","protected":false},"featured_media":1585,"comment_status":"open","ping_status":"closed","template":"","meta":{"_eb_attr":"","_monsterinsights_skip_tracking":false,"_monsterinsights_sitenote_active":false,"_monsterinsights_sitenote_note":"","_monsterinsights_sitenote_category":0,"_uf_show_specific_survey":0,"_uf_disable_surveys":false},"product_brand":[],"product_cat":[61],"product_tag":[],"class_list":{"0":"post-1584","1":"product","2":"type-product","3":"status-publish","4":"has-post-thumbnail","6":"product_cat-light-post","8":"first","9":"instock","10":"shipping-taxable","11":"product-type-simple"},"_links":{"self":[{"href":"https:\/\/keweicorten.com\/lt\/wp-json\/wp\/v2\/product\/1584"}],"collection":[{"href":"https:\/\/keweicorten.com\/lt\/wp-json\/wp\/v2\/product"}],"about":[{"href":"https:\/\/keweicorten.com\/lt\/wp-json\/wp\/v2\/types\/product"}],"replies":[{"embeddable":true,"href":"https:\/\/keweicorten.com\/lt\/wp-json\/wp\/v2\/comments?post=1584"}],"version-history":[{"count":3,"href":"https:\/\/keweicorten.com\/lt\/wp-json\/wp\/v2\/product\/1584\/revisions"}],"predecessor-version":[{"id":2446,"href":"https:\/\/keweicorten.com\/lt\/wp-json\/wp\/v2\/product\/1584\/revisions\/2446"}],"wp:featuredmedia":[{"embeddable":true,"href":"https:\/\/keweicorten.com\/lt\/wp-json\/wp\/v2\/media\/1585"}],"wp:attachment":[{"href":"https:\/\/keweicorten.com\/lt\/wp-json\/wp\/v2\/media?parent=1584"}],"wp:term":[{"taxonomy":"product_brand","embeddable":true,"href":"https:\/\/keweicorten.com\/lt\/wp-json\/wp\/v2\/product_brand?post=1584"},{"taxonomy":"product_cat","embeddable":true,"href":"https:\/\/keweicorten.com\/lt\/wp-json\/wp\/v2\/product_cat?post=1584"},{"taxonomy":"product_tag","embeddable":true,"href":"https:\/\/keweicorten.com\/lt\/wp-json\/wp\/v2\/product_tag?post=1584"}],"curies":[{"name":"wp","href":"https:\/\/api.w.org\/{rel}","templated":true}]}}