{"id":1613,"date":"2024-09-29T01:53:19","date_gmt":"2024-09-29T01:53:19","guid":{"rendered":"https:\/\/keweicorten.com\/?post_type=product&#038;p=1613"},"modified":"2024-09-29T01:53:19","modified_gmt":"2024-09-29T01:53:19","slug":"b-klases-kortino-plieno-plokste","status":"publish","type":"product","link":"https:\/\/keweicorten.com\/lt\/b-klases-kortino-plieno-plokste\/","title":{"rendered":"B klas\u0117s Corteno plieno plok\u0161t\u0117"},"content":{"rendered":"<div>\n<p>B klas\u0117s Corteno plieno plok\u0161t\u0117 yra didelio stiprumo, ma\u017eai legiruotas konstrukcinis plienas, pasi\u017eymintis atsparumu atmosferos poveikiui, tod\u0117l idealiai tinka naudoti lauke. \u0160tai keletas pagrindini\u0173 savybi\u0173:<\/p>\n<ol>\n<li><strong>Atsparumas oro s\u0105lygoms<\/strong>: Korteninis plienas sukuria apsaugin\u012f r\u016bd\u017ei\u0173 sluoksn\u012f, kuris apsaugo nuo tolesn\u0117s korozijos, tod\u0117l jis da\u017enai naudojamas architekt\u016bros ir lauko konstrukcijose.<\/li>\n<li><strong>Mechanin\u0117s savyb\u0117s<\/strong>: Paprastai jo takumo riba yra apie 50 ksi (345 MPa), o tempimo riba - 70 ksi (483 MPa).<\/li>\n<li><strong>Parai\u0161kos<\/strong>: Da\u017enai naudojamas tiltams, pastatams ir skulpt\u016broms, taip pat lauko baldams ir meno instaliacijoms.<\/li>\n<li><strong>Suvirinimas ir gamyba<\/strong>: J\u012f galima suvirinti naudojant standartinius suvirinimo b\u016bdus, ta\u010diau tam tikrais atvejais gali prireikti i\u0161ankstinio kaitinimo, kad b\u016bt\u0173 i\u0161vengta \u012ftr\u016bkim\u0173.<\/li>\n<li><strong>Apdaila<\/strong>: Nat\u016brali r\u016bd\u017ei\u0173 spalva suteikia estetin\u012f patrauklum\u0105, da\u017enai pageidaujam\u0105 \u0161iuolaikin\u0117je architekt\u016broje.<\/li>\n<\/ol>\n<h3 data-fontsize=\"19\" data-lineheight=\"26.79px\">Corteno plieno ASTM A588 B klas\u0117s plok\u0161\u010di\u0173 ir lak\u0161t\u0173 specifikacija<\/h3>\n<\/div>\n<div>\n<table style=\"height: 494px;\" border=\"1\" width=\"716\" cellspacing=\"0\" cellpadding=\"0\">\n<tbody>\n<tr>\n<td>\n<h4 data-fontsize=\"14\" data-lineheight=\"20.02px\">Prek\u0117<\/h4>\n<\/td>\n<td>\n<h4 data-fontsize=\"14\" data-lineheight=\"20.02px\">Korteninis plienas<\/h4>\n<\/td>\n<\/tr>\n<tr>\n<td>\n<h4 data-fontsize=\"14\" data-lineheight=\"20.02px\">Standartinis<\/h4>\n<\/td>\n<td>\n<h4 data-fontsize=\"14\" data-lineheight=\"20.02px\">ASTM A588, A242, EN 10027-1, CR 10260 IR IRSM<\/h4>\n<\/td>\n<\/tr>\n<tr>\n<td>\n<h4 data-fontsize=\"14\" data-lineheight=\"20.02px\">Med\u017eiaga<\/h4>\n<\/td>\n<td>\n<h4 data-fontsize=\"14\" data-lineheight=\"20.02px\">Kortenas A , Kortenas B , S235J0W , S235J2W , S355J0WP , S355J0W , S355J2W , S355K2W , A588 A klas\u0117 , A588 B klas\u0117 , A588 C klas\u0117 , A242 1 tipas , A 588 Gr. K , A 242 2 tipas , IRSM-41<\/h4>\n<\/td>\n<\/tr>\n<tr>\n<td>\n<h4 data-fontsize=\"14\" data-lineheight=\"20.02px\">Storis<\/h4>\n<\/td>\n<td>\n<h4 data-fontsize=\"14\" data-lineheight=\"20.02px\">0,3-500 mm<\/h4>\n<\/td>\n<\/tr>\n<tr>\n<td>\n<h4 data-fontsize=\"14\" data-lineheight=\"20.02px\">Plotis<\/h4>\n<\/td>\n<td>\n<h4 data-fontsize=\"14\" data-lineheight=\"20.02px\">1000-3500 mm<\/h4>\n<\/td>\n<\/tr>\n<tr>\n<td>\n<h4 data-fontsize=\"14\" data-lineheight=\"20.02px\">Ilgis<\/h4>\n<\/td>\n<td>\n<h4 data-fontsize=\"14\" data-lineheight=\"20.02px\">1000 - 12000 mm<\/h4>\n<\/td>\n<\/tr>\n<\/tbody>\n<\/table>\n<div class=\"uvc-main-heading ult-responsive\" data-ultimate-target=\".uvc-heading.ultimate-heading-772166f8b0eb826fe h2\" data-responsive-json-new=\"{&quot;font-size&quot;:&quot;&quot;,&quot;line-height&quot;:&quot;&quot;}\">\n<p><strong>Corteno B plok\u0161t\u0117s klas\u0117s atitikmuo<\/strong><\/p>\n<\/div>\n<div class=\"uvc-sub-heading ult-responsive\" data-ultimate-target=\".uvc-heading.ultimate-heading-772166f8b0eb826fe .uvc-sub-heading \" data-responsive-json-new=\"{&quot;font-size&quot;:&quot;&quot;,&quot;line-height&quot;:&quot;&quot;}\">\n<table style=\"height: 46px;\" width=\"715\">\n<tbody>\n<tr>\n<td width=\"308\"><strong>Plieno klas\u0117<\/strong><\/td>\n<td width=\"308\"><strong>EN 10025-5:2004<\/strong><\/td>\n<\/tr>\n<tr>\n<td width=\"308\">COR-TEN B<\/td>\n<td width=\"308\">S355J0W ir S355J2W<\/td>\n<\/tr>\n<\/tbody>\n<\/table>\n<div class=\"three\">ASTM A588 gr.B plok\u0161t\u0117s dyd\u017ei\u0173 diapazonas<\/div>\n<div class=\"table-responsive\">\n<table class=\"table table-bordered table-striped table-hover\" style=\"height: 190px;\" width=\"712\">\n<thead>\n<tr>\n<th colspan=\"1\">GRADE<\/th>\n<th colspan=\"1\">PRODUKTO TIPAS<\/th>\n<th colspan=\"1\">PLATUMAS<br \/>\n(in)<\/th>\n<th colspan=\"1\">TIESA<br \/>\n(in)<\/th>\n<th colspan=\"1\">ILGIS<br \/>\n(in)<\/th>\n<\/tr>\n<\/thead>\n<tbody>\n<tr data-index=\"1\" data-offset=\"0\">\n<td rowspan=\"1\">B klas\u0117<\/td>\n<td rowspan=\"1\">Plok\u0161t\u0117<\/td>\n<td rowspan=\"1\">72 - 120<\/td>\n<td rowspan=\"1\">0.250 - 2.000<\/td>\n<td rowspan=\"1\">240 - 1020<\/td>\n<\/tr>\n<tr data-index=\"0\" data-offset=\"0\">\n<td rowspan=\"1\">B klas\u0117<\/td>\n<td rowspan=\"1\">Plok\u0161t\u0117<\/td>\n<td rowspan=\"1\">72 - 96<\/td>\n<td rowspan=\"1\">0.188 - 0.500<\/td>\n<td rowspan=\"1\">240 - 720<\/td>\n<\/tr>\n<tr data-index=\"2\" data-offset=\"0\">\n<td rowspan=\"1\">B klas\u0117<\/td>\n<td rowspan=\"1\">Plok\u0161t\u0117<\/td>\n<td rowspan=\"1\">72 - 131.9<\/td>\n<td rowspan=\"1\">2.01 - 4.90<\/td>\n<td rowspan=\"1\">240 - 1020<\/td>\n<\/tr>\n<\/tbody>\n<\/table>\n<p><a href=\"https:\/\/keweicorten.com\/lt\/produktai\/\"><img fetchpriority=\"high\" decoding=\"async\" class=\"alignnone\" title=\" ASTM A588 B klas\u0117 \" src=\"https:\/\/th.bing.com\/th\/id\/OIP.ejT7J32EJYNbQj05jy0v0AAAAA?rs=1&amp;pid=ImgDetMain\" alt=\"ASTM A588 B klas\u0117s kortino plieno plok\u0161\u010di\u0173 taikymas kra\u0161tovaizd\u017eio dizaine\" width=\"573\" height=\"370\" \/><\/a><\/p>\n<p><a href=\"https:\/\/keweicorten.com\/lt\/susisiekite-su-mumis\/\"><img decoding=\"async\" class=\"alignnone\" title=\" ASTM A588 B klas\u0117 \" src=\"https:\/\/www.gescosteel.com\/photo\/ps32365492-grade_b_corten_steel_plate.jpg\" alt=\"B klas\u0117s Corteno plieno plok\u0161t\u0117\" width=\"700\" height=\"499\" \/><\/a><\/p>\n<\/div>\n<\/div>\n<\/div>","protected":false},"excerpt":{"rendered":"<p>ASTM A588 B klas\u0117s korteninio plieno plok\u0161t\u0117 yra didelio stiprio, ma\u017eai legiruotas konstrukcinis plienas, skirtas naudoti ten, kur labai svarbus atsparumas atmosferos korozijai.<\/p>","protected":false},"featured_media":1614,"comment_status":"open","ping_status":"closed","template":"","meta":{"_eb_attr":"","_monsterinsights_skip_tracking":false,"_monsterinsights_sitenote_active":false,"_monsterinsights_sitenote_note":"","_monsterinsights_sitenote_category":0,"_uf_show_specific_survey":0,"_uf_disable_surveys":false},"product_brand":[],"product_cat":[21],"product_tag":[],"class_list":{"0":"post-1613","1":"product","2":"type-product","3":"status-publish","4":"has-post-thumbnail","6":"product_cat-weather-resistant-steel-plate","8":"first","9":"instock","10":"shipping-taxable","11":"product-type-simple"},"_links":{"self":[{"href":"https:\/\/keweicorten.com\/lt\/wp-json\/wp\/v2\/product\/1613"}],"collection":[{"href":"https:\/\/keweicorten.com\/lt\/wp-json\/wp\/v2\/product"}],"about":[{"href":"https:\/\/keweicorten.com\/lt\/wp-json\/wp\/v2\/types\/product"}],"replies":[{"embeddable":true,"href":"https:\/\/keweicorten.com\/lt\/wp-json\/wp\/v2\/comments?post=1613"}],"version-history":[{"count":1,"href":"https:\/\/keweicorten.com\/lt\/wp-json\/wp\/v2\/product\/1613\/revisions"}],"predecessor-version":[{"id":1615,"href":"https:\/\/keweicorten.com\/lt\/wp-json\/wp\/v2\/product\/1613\/revisions\/1615"}],"wp:featuredmedia":[{"embeddable":true,"href":"https:\/\/keweicorten.com\/lt\/wp-json\/wp\/v2\/media\/1614"}],"wp:attachment":[{"href":"https:\/\/keweicorten.com\/lt\/wp-json\/wp\/v2\/media?parent=1613"}],"wp:term":[{"taxonomy":"product_brand","embeddable":true,"href":"https:\/\/keweicorten.com\/lt\/wp-json\/wp\/v2\/product_brand?post=1613"},{"taxonomy":"product_cat","embeddable":true,"href":"https:\/\/keweicorten.com\/lt\/wp-json\/wp\/v2\/product_cat?post=1613"},{"taxonomy":"product_tag","embeddable":true,"href":"https:\/\/keweicorten.com\/lt\/wp-json\/wp\/v2\/product_tag?post=1613"}],"curies":[{"name":"wp","href":"https:\/\/api.w.org\/{rel}","templated":true}]}}