{"id":1616,"date":"2024-09-29T02:11:45","date_gmt":"2024-09-29T02:11:45","guid":{"rendered":"https:\/\/keweicorten.com\/?post_type=product&#038;p=1616"},"modified":"2024-09-29T02:11:45","modified_gmt":"2024-09-29T02:11:45","slug":"karstai-valcuotas-korteninio-plieno-lakstas","status":"publish","type":"product","link":"https:\/\/keweicorten.com\/lt\/karstai-valcuotas-korteninio-plieno-lakstas\/","title":{"rendered":"Kar\u0161to valcavimo Corteno plieno lak\u0161tas"},"content":{"rendered":"<p><strong>Kar\u0161tai valcuoto korteninio plieno lak\u0161to (korteninio plieno plok\u0161t\u0117s) specifikacijos paprastai apima \u0161iuos aspektus:<\/strong><\/p>\n<p>Storis: Storis: \u012eprastas storis - nuo 3 mm iki 25 mm.<br \/>\nDydis: Da\u017eniausiai pasitaikantys dyd\u017eiai: 1000 mm x 2000 mm, 1250 mm x 2500 mm ir kt.<br \/>\nChemin\u0117 sud\u0117tis: Paprastai sud\u0117tyje yra gele\u017eies, vario, nikelio, chromo ir kit\u0173 element\u0173, didinan\u010di\u0173 atsparum\u0105 korozijai.<br \/>\nStandartas: A588, A242 ir kitus standartus.<\/p>\n<table border=\"1\" cellspacing=\"0\">\n<tbody>\n<tr>\n<td>Produktas<\/td>\n<td>Kar\u0161to valcavimo Corteno plieno lak\u0161tas<\/td>\n<\/tr>\n<tr>\n<td>Storis<\/td>\n<td>2-100 mm arba pagal kliento pageidavim\u0105<\/td>\n<\/tr>\n<tr>\n<td>Dydis<\/td>\n<td>1000-3000mm 1250mm 1500mm 2000mm ir pagal kliento pageidavimus<\/td>\n<\/tr>\n<tr>\n<td>Parai\u0161ka<\/td>\n<td>transporto priemoni\u0173, konteineri\u0173, pastat\u0173, bok\u0161t\u0173 ir kit\u0173 konstrukcij\u0173, kuri\u0173 konstrukcin\u0117s dalys tvirtinamos var\u017etais, knied\u0117mis ir suvirinamos.<\/td>\n<\/tr>\n<tr>\n<td>Pavir\u0161ius<\/td>\n<td>Juoda arba sidabrin\u0117<\/td>\n<\/tr>\n<tr>\n<td>Med\u017eiaga<\/td>\n<td>SPA-H, Q235NH, Q355NH, Q355GNH, 09CuPCrNiA, Corten A, CortenB, SMA400AW\/BW\/CW, SAM490AW\/BW\/CW\/, SAM570W\/P<\/td>\n<\/tr>\n<tr>\n<td>Kilm\u0117<\/td>\n<td>POSCO, JISCO, TISCO, LISCO, BAOSTEEL ir kt.<\/td>\n<\/tr>\n<tr>\n<td>Pakavimo b\u016bdas<\/td>\n<td>PVC + vandeniui atsparus popierius + stipri medin\u0117 j\u016brin\u0117 pakuot\u0117<\/td>\n<\/tr>\n<tr>\n<td>Pagrindin\u0117 rinka<\/td>\n<td>Artimieji Rytai, Afrika, \u0160iaur\u0117s ir Piet\u0173 Amerika, Ryt\u0173 ir Vakar\u0173 Europa<\/td>\n<\/tr>\n<tr>\n<td>Pristatymo uostas<\/td>\n<td>\u010cingdao, Tiandzinas, \u0160anchajus<\/td>\n<\/tr>\n<tr>\n<td>Pristatymo terminas<\/td>\n<td>FOB\/CIF\/CFR<\/td>\n<\/tr>\n<tr>\n<td>Pristatymo laikas<\/td>\n<td>Per 10-15 dien\u0173 nuo depozito gavimo<\/td>\n<\/tr>\n<\/tbody>\n<\/table>\n<p><strong>Kar\u0161tai valcuoto korteninio plieno lak\u0161to eksploatacin\u0117s savyb\u0117s:<\/strong><\/p>\n<p>Atsparumas korozijai:<\/p>\n<p>Corteno plieno pavir\u0161iuje susidaro stabilus r\u016bd\u017ei\u0173 sluoksnis, jis gali veiksmingai atsispirti tolesnei korozijai, tinka naudoti lauke.<br \/>\nDidelis stiprumas:<\/p>\n<p>Jis pasi\u017eymi dideliu tempimo ir takumo stipriu ir gali atlaikyti dideles apkrovas.<br \/>\nPuikus suvirinamumas:<\/p>\n<p>J\u012f galima apdoroti suvirinant ir kitais apdorojimo b\u016bdais, kad atitikt\u0173 \u012fvairius naudojimo reikalavimus.<br \/>\nGeras plasti\u0161kumas:<\/p>\n<p>pasi\u017eymi geru plasti\u0161kumu, tinka liejimui.<br \/>\nGra\u017ei i\u0161vaizda:<\/p>\n<p>Laikui b\u0117gant d\u0117l pavir\u0161iaus r\u016bd\u017ei\u0173 pakinta nat\u016brali spalva, suteikianti unikal\u0173 menin\u012f \u012fsp\u016bd\u012f.<br \/>\nTerminio apdorojimo efektyvumas:<\/p>\n<p>Nereikia specialaus terminio apdorojimo, ta\u010diau geros mechanin\u0117s savyb\u0117s i\u0161lieka ir po apdorojimo.<br \/>\nAtsparumas dilimui:<\/p>\n<p>Kai kuriose srityse jis pasi\u017eymi geru atsparumu dilimui.<\/p>\n<p><a href=\"https:\/\/keweicorten.com\/lt\/produktai\/\"><img fetchpriority=\"high\" decoding=\"async\" class=\"alignnone\" title=\"Kar\u0161to valcavimo Corteno plieno lak\u0161tas\" src=\"https:\/\/th.bing.com\/th\/id\/OIP.jzXn_qdaUc_AuFmyzx-ysgHaHa?rs=1&amp;pid=ImgDetMain\" alt=\"Kar\u0161to valcavimo Corten plieno lak\u0161t\u0173 metalo danga pavir\u0161iaus kaina\" width=\"550\" height=\"550\" \/><\/a><\/p>\n<p><a href=\"https:\/\/keweicorten.com\/lt\/produktai\/\"><img decoding=\"async\" class=\"alignnone\" title=\"Kar\u0161to valcavimo Corteno plieno lak\u0161tas\" src=\"https:\/\/th.bing.com\/th\/id\/OIP.PGlPvUX5GtZLs4uk-2FJewHaHa?rs=1&amp;pid=ImgDetMain\" alt=\" Kar\u0161to valcavimo Corten plieno lak\u0161t\u0173 tiek\u0117jai ir gamintojai - Kinija...\" width=\"550\" height=\"550\" \/><\/a><\/p>","protected":false},"excerpt":{"rendered":"<p>Si\u016blome auk\u0161tos kokyb\u0117s kar\u0161to valcavimo plieno lak\u0161tus, atsparius atmosferos poveikiui, skirtus \u012fvairiems in\u017eineriniams projektams, u\u017etikrinan\u010dius puik\u0173 patvarum\u0105 ir estetik\u0105. Gaukite daugiau informacijos dabar.<\/p>","protected":false},"featured_media":1617,"comment_status":"open","ping_status":"closed","template":"","meta":{"_eb_attr":"","_monsterinsights_skip_tracking":false,"_monsterinsights_sitenote_active":false,"_monsterinsights_sitenote_note":"","_monsterinsights_sitenote_category":0,"_uf_show_specific_survey":0,"_uf_disable_surveys":false},"product_brand":[],"product_cat":[21],"product_tag":[],"class_list":{"0":"post-1616","1":"product","2":"type-product","3":"status-publish","4":"has-post-thumbnail","6":"product_cat-weather-resistant-steel-plate","8":"first","9":"instock","10":"shipping-taxable","11":"product-type-simple"},"_links":{"self":[{"href":"https:\/\/keweicorten.com\/lt\/wp-json\/wp\/v2\/product\/1616"}],"collection":[{"href":"https:\/\/keweicorten.com\/lt\/wp-json\/wp\/v2\/product"}],"about":[{"href":"https:\/\/keweicorten.com\/lt\/wp-json\/wp\/v2\/types\/product"}],"replies":[{"embeddable":true,"href":"https:\/\/keweicorten.com\/lt\/wp-json\/wp\/v2\/comments?post=1616"}],"version-history":[{"count":1,"href":"https:\/\/keweicorten.com\/lt\/wp-json\/wp\/v2\/product\/1616\/revisions"}],"predecessor-version":[{"id":1618,"href":"https:\/\/keweicorten.com\/lt\/wp-json\/wp\/v2\/product\/1616\/revisions\/1618"}],"wp:featuredmedia":[{"embeddable":true,"href":"https:\/\/keweicorten.com\/lt\/wp-json\/wp\/v2\/media\/1617"}],"wp:attachment":[{"href":"https:\/\/keweicorten.com\/lt\/wp-json\/wp\/v2\/media?parent=1616"}],"wp:term":[{"taxonomy":"product_brand","embeddable":true,"href":"https:\/\/keweicorten.com\/lt\/wp-json\/wp\/v2\/product_brand?post=1616"},{"taxonomy":"product_cat","embeddable":true,"href":"https:\/\/keweicorten.com\/lt\/wp-json\/wp\/v2\/product_cat?post=1616"},{"taxonomy":"product_tag","embeddable":true,"href":"https:\/\/keweicorten.com\/lt\/wp-json\/wp\/v2\/product_tag?post=1616"}],"curies":[{"name":"wp","href":"https:\/\/api.w.org\/{rel}","templated":true}]}}