{"id":1619,"date":"2024-09-29T07:14:27","date_gmt":"2024-09-29T07:14:27","guid":{"rendered":"https:\/\/keweicorten.com\/?post_type=product&#038;p=1619"},"modified":"2024-09-29T07:14:28","modified_gmt":"2024-09-29T07:14:28","slug":"saltai-valcuota-plieno-plokste","status":"publish","type":"product","link":"https:\/\/keweicorten.com\/lt\/saltai-valcuota-plieno-plokste\/","title":{"rendered":"\u0161altai valcuota plieno plok\u0161t\u0117"},"content":{"rendered":"<p><strong>\u0160altai valcuota plieno plok\u0161t\u0117 pasi\u017eymi \u0161iomis savyb\u0117mis:<\/strong><\/p>\n<ul>\n<li>Lygus pavir\u0161ius: \u0160altai valcuota plieno plok\u0161t\u0117 turi lyg\u0173 pavir\u0161i\u0173 ir gra\u017ei\u0105 i\u0161vaizd\u0105.<\/li>\n<li>Didelis tikslumas: D\u0117l plastin\u0117s med\u017eiagos deformacijos \u0161altojo valcavimo proceso metu \u0161altai valcuotos plienin\u0117s plok\u0161t\u0117s storio ir matmen\u0173 tikslumas yra didelis.<\/li>\n<li>Didelis stiprumas: \u0160altai valcuotos plieno plok\u0161t\u0117s perdirbimo metu deformuojamos \u0161altuoju b\u016bdu ir paprastai yra tvirtesn\u0117s ir kietesn\u0117s nei kar\u0161tai valcuotos plieno plok\u0161t\u0117s.<\/li>\n<li>Geras tvirtumas: Nors plok\u0161t\u0117s stiprumas yra didelis, ji vis tiek yra tam tikro kietumo ir tinka sm\u016bgin\u0117ms apkrovoms atlaikyti.<\/li>\n<li>Lengva apdoroti: \u0161alto valcavimo plieno plok\u0161tes galima suvirinti, \u0161tampuoti, lenkti ir kitaip apdoroti, kad b\u016bt\u0173 patenkinti \u012fvair\u016bs pramon\u0117s poreikiai.<\/li>\n<li>Atsparumas korozijai: Plieno plok\u0161t\u0117s pavir\u0161ius paprastai apdorojamas antikorozine priemone, o kai kurios veisl\u0117s gali pagerinti atsparum\u0105 korozijai.<\/li>\n<li>Nuovargio stipris: \u0160altai valcuoti plieno lak\u0161tai paprastai pasi\u017eymi dideliu atsparumu nuovargiui ir tinka toms reikm\u0117ms, kurioms reikalingas ilgaam\u017ei\u0161kumas.<\/li>\n<\/ul>\n<p><strong>Bendroji \u0161altai valcuoto plieno lak\u0161t\u0173 specifikacij\u0173 lentel\u0117\uff1a<\/strong><\/p>\n<table style=\"height: 50px;\" width=\"603\">\n<thead>\n<tr>\n<th>storis\uff08mm\uff09<\/th>\n<th>plotis\uff08mm\uff09<\/th>\n<th>Ilgis\uff08mm\uff09<\/th>\n<th>Kokyb\u0117\uff08kg\/m\u00b2\uff09<\/th>\n<\/tr>\n<\/thead>\n<\/table>\n<div>\n<table style=\"height: 34px;\" width=\"602\">\n<tbody>\n<tr>\n<td>0.3<\/td>\n<td>1000<\/td>\n<td>2000<\/td>\n<td>2.3<\/td>\n<\/tr>\n<\/tbody>\n<\/table>\n<\/div>\n<div>\n<table style=\"height: 32px;\" width=\"602\">\n<tbody>\n<tr>\n<td>0.5<\/td>\n<td>1000<\/td>\n<td>2000<\/td>\n<td>3.9<\/td>\n<\/tr>\n<\/tbody>\n<\/table>\n<\/div>\n<div>\n<table style=\"height: 35px;\" width=\"602\">\n<tbody>\n<tr>\n<td>0.8<\/td>\n<td>1000<\/td>\n<td>2000<\/td>\n<td>6.2<\/td>\n<\/tr>\n<\/tbody>\n<\/table>\n<\/div>\n<div>\n<table style=\"height: 38px;\" width=\"600\">\n<tbody>\n<tr>\n<td>1.0<\/td>\n<td>1000<\/td>\n<td>2000<\/td>\n<td>7.85<\/td>\n<\/tr>\n<\/tbody>\n<\/table>\n<\/div>\n<div>\n<table style=\"height: 39px;\" width=\"600\">\n<tbody>\n<tr>\n<td>1.5<\/td>\n<td>1000<\/td>\n<td>2000<\/td>\n<td>11.8<\/td>\n<\/tr>\n<\/tbody>\n<\/table>\n<\/div>\n<div>\n<table style=\"height: 13px;\" width=\"600\">\n<tbody>\n<tr>\n<td>2.0<\/td>\n<td>1000<\/td>\n<td>2000<\/td>\n<td>15.7<\/td>\n<\/tr>\n<\/tbody>\n<\/table>\n<\/div>\n<div>\n<table style=\"height: 32px;\" width=\"600\">\n<tbody>\n<tr>\n<td>3.0<\/td>\n<td>1000<\/td>\n<td>2000<\/td>\n<td>23.4<\/td>\n<\/tr>\n<\/tbody>\n<\/table>\n<p><a href=\"https:\/\/keweicorten.com\/lt\/produktai\/\"><img fetchpriority=\"high\" decoding=\"async\" class=\"alignnone\" title=\"\u0160altai valcuotas or\u0173 poveikiui atsparus Corteno plieno lak\u0161tas\" src=\"https:\/\/th.bing.com\/th\/id\/R.7d3d96359760168a62b545d7a34dec4c?rik=UIQkD29QgLt3Ew&amp;pid=ImgRaw&amp;r=0\" alt=\"\u0160altai valcuotas or\u0173 poveikiui atsparus Corteno plieno lak\u0161tas | keweicorten\" width=\"608\" height=\"355\" \/><\/a><\/p>\n<p><a href=\"https:\/\/keweicorten.com\/lt\/produktai\/\"><img decoding=\"async\" class=\"alignnone\" title=\"\u0160altai valcuotas or\u0173 poveikiui atsparus Corteno plieno lak\u0161tas\" src=\"https:\/\/th.bing.com\/th\/id\/R.b047684d38961f37ec21afb9ea1a92ce?rik=oeK6kzxpnhIvpA&amp;pid=ImgRaw&amp;r=0\" alt=\"\u0160altai valcuota ner\u016bdijan\u010dio plieno plok\u0161t\u0117 -keweicorten \" width=\"606\" height=\"606\" \/><\/a><\/p>\n<\/div>","protected":false},"excerpt":{"rendered":"<p>\u0160altai valcuotos plieno plok\u0161t\u0117s apdorojamos \u0161altojo valcavimo b\u016bdu ir paprastai pasi\u017eymi dideliu stiprumu ir gera pavir\u0161iaus apdaila. Jis valcuojamas valcavimo stakl\u0117se \u012fprastoje temperat\u016broje ir gali veiksmingai pagerinti mechanines plieno savybes.<\/p>","protected":false},"featured_media":1620,"comment_status":"open","ping_status":"closed","template":"","meta":{"_eb_attr":"","_monsterinsights_skip_tracking":false,"_monsterinsights_sitenote_active":false,"_monsterinsights_sitenote_note":"","_monsterinsights_sitenote_category":0,"_uf_show_specific_survey":0,"_uf_disable_surveys":false},"product_brand":[],"product_cat":[21],"product_tag":[],"class_list":{"0":"post-1619","1":"product","2":"type-product","3":"status-publish","4":"has-post-thumbnail","6":"product_cat-weather-resistant-steel-plate","8":"first","9":"instock","10":"shipping-taxable","11":"product-type-simple"},"_links":{"self":[{"href":"https:\/\/keweicorten.com\/lt\/wp-json\/wp\/v2\/product\/1619"}],"collection":[{"href":"https:\/\/keweicorten.com\/lt\/wp-json\/wp\/v2\/product"}],"about":[{"href":"https:\/\/keweicorten.com\/lt\/wp-json\/wp\/v2\/types\/product"}],"replies":[{"embeddable":true,"href":"https:\/\/keweicorten.com\/lt\/wp-json\/wp\/v2\/comments?post=1619"}],"version-history":[{"count":1,"href":"https:\/\/keweicorten.com\/lt\/wp-json\/wp\/v2\/product\/1619\/revisions"}],"predecessor-version":[{"id":1621,"href":"https:\/\/keweicorten.com\/lt\/wp-json\/wp\/v2\/product\/1619\/revisions\/1621"}],"wp:featuredmedia":[{"embeddable":true,"href":"https:\/\/keweicorten.com\/lt\/wp-json\/wp\/v2\/media\/1620"}],"wp:attachment":[{"href":"https:\/\/keweicorten.com\/lt\/wp-json\/wp\/v2\/media?parent=1619"}],"wp:term":[{"taxonomy":"product_brand","embeddable":true,"href":"https:\/\/keweicorten.com\/lt\/wp-json\/wp\/v2\/product_brand?post=1619"},{"taxonomy":"product_cat","embeddable":true,"href":"https:\/\/keweicorten.com\/lt\/wp-json\/wp\/v2\/product_cat?post=1619"},{"taxonomy":"product_tag","embeddable":true,"href":"https:\/\/keweicorten.com\/lt\/wp-json\/wp\/v2\/product_tag?post=1619"}],"curies":[{"name":"wp","href":"https:\/\/api.w.org\/{rel}","templated":true}]}}