{"id":1648,"date":"2024-09-30T06:36:19","date_gmt":"2024-09-30T06:36:19","guid":{"rendered":"https:\/\/keweicorten.com\/?post_type=product&#038;p=1648"},"modified":"2024-09-30T06:36:19","modified_gmt":"2024-09-30T06:36:19","slug":"q295nh-korteninio-plieno-plokstes-atsparios-atmosferos-poveikiui","status":"publish","type":"product","link":"https:\/\/keweicorten.com\/lt\/q295nh-korteninio-plieno-plokstes-atsparios-atmosferos-poveikiui\/","title":{"rendered":"Q295NH Corteno plieno plok\u0161t\u0117s, atsparios oro s\u0105lygoms"},"content":{"rendered":"<p><strong>Q295NH korteninio plieno plok\u0161\u010di\u0173 eksploatacin\u0117s savyb\u0117s:<\/strong><\/p>\n<p>1. Atsparumas oro s\u0105lygoms:<br \/>\nSavaranki\u0161kai apsaugantis r\u016bd\u017ei\u0173 sluoksnis:<br \/>\nQ295NH, veikiamas atmosferos s\u0105lyg\u0173, suformuoja stabil\u0173 oksido sluoksn\u012f (patin\u0105), kuris apsaugo nuo tolesn\u0117s korozijos. Laikui b\u0117gant \u0161i patina susidaro, tod\u0117l med\u017eiaga tampa labai atspari atmosferos poveikiui, jos nereikia da\u017eyti ar dengti papildomomis dangomis.<br \/>\nAtsparumas korozijai:<br \/>\nPalyginti su \u012fprastu plienu, \u0161is plienas yra atsparesnis atmosferos korozijai, ypa\u010d aplinkoje, kurioje kinta dr\u0117gm\u0117 ir dr\u0117gm\u0117s bei sausumo ciklai.<\/p>\n<p>2. Mechanin\u0117s savyb\u0117s:<br \/>\nTempimo stipris: \u2265 490 MPa<br \/>\nPl\u0117tros stipris: \u2265 295 MPa<br \/>\nPailg\u0117jimas: \u2265 20%<br \/>\nD\u0117l \u0161i\u0173 mechanini\u0173 savybi\u0173 Q295NH tinka naudoti didel\u0117s apkrovos aplinkoje, i\u0161laikant lankstum\u0105 ir tvirtum\u0105.<\/p>\n<p>3. Atsparumas sm\u016bgiams:<br \/>\nSm\u016bgio energija: \u2265 27J esant -20\u00b0C<br \/>\n\u0160is didelis atsparumas sm\u016bgiams esant \u017eemai temperat\u016brai u\u017etikrina, kad plienas i\u0161likt\u0173 patvarus at\u0161iauraus klimato s\u0105lygomis.4. Didelis patvarumas:**<br \/>\nIlgas tarnavimo laikas:<br \/>\nNat\u016bralus r\u016bd\u017ei\u0173 sluoksnis u\u017etikrina ilgalaik\u0119 apsaug\u0105, tod\u0117l tinka naudoti lauke, pavyzd\u017eiui, fasadams, tiltams ir architekt\u016briniams elementams.<br \/>\nMa\u017eai prie\u017ei\u016bros:<br \/>\nD\u0117l savaime susiformuojan\u010dio apsauginio sluoksnio da\u017eymo ir prie\u017ei\u016bros poreikis yra minimalus.<\/p>\n<p>5. Suvirinamumas:<br \/>\nQ295NH gerai suvirinamas, tod\u0117l j\u012f lengva gaminti ir integruoti \u012f dideles konstrukcijas. Norint i\u0161laikyti oro s\u0105lygoms atsparias savybes, reikia taikyti tinkamus suvirinimo b\u016bdus.<\/p>\n<p>6. Atmosferos prisitaikymas:<br \/>\nPritaikomas at\u0161iauriam klimatui:<br \/>\nPlienas gerai veikia ir sausoje, ir dr\u0117gnoje aplinkoje, jis atsparus ultravioletiniams spinduliams ir tar\u0161ai.<br \/>\nPatinos raida:<br \/>\nPatina grei\u010diau susidaro kintan\u010dioje dr\u0117gnoje ir sausoje aplinkoje, tod\u0117l laikui b\u0117gant u\u017etikrinama geresn\u0117 apsauga.<\/p>\n<p>7. Estetinis patrauklumas:<br \/>\nNat\u016bralus apvyt\u0119s vaizdas:<br \/>\nSur\u016bdij\u0119s pavir\u0161ius atrodo patraukliai ir kaimi\u0161kai, tod\u0117l labai pageidautinas architekt\u016bros ir kra\u0161tovaizd\u017eio formavimo srityse.<\/p>\n<p>8. Nauda aplinkai:<br \/>\nTvarumas:<br \/>\nD\u0117l to, kad nereikia da\u017e\u0173 ar dang\u0173, Q295NH laikomas ekologi\u0161kesniu. Patina suma\u017eina plieno degradacij\u0105, prailgina jo gyvavimo cikl\u0105 ir suma\u017eina keitimo poreik\u012f.<\/p>\n<p><a href=\"https:\/\/keweicorten.com\/lt\"><img fetchpriority=\"high\" decoding=\"async\" class=\"alignnone\" title=\"Q295NH Corteno plieno plok\u0161t\u0117s, atsparios oro s\u0105lygoms \" src=\"https:\/\/th.bing.com\/th\/id\/OIP._-rX8x76XtiJCvzh5ULlWwAAAA?rs=1&amp;pid=ImgDetMain\" alt=\"Q295NH Corteno plieno plok\u0161t\u0117s, atsparios oro s\u0105lygoms, gamykla, Kinija, kaina, gamintojai, \" width=\"600\" height=\"600\" \/><\/a><\/p>\n<p><a href=\"https:\/\/keweicorten.com\/lt\/produktas\/corteno-sodo-ekranai\/\"><img decoding=\"async\" class=\"alignnone\" title=\"Q295NH Corteno plieno plok\u0161t\u0117s, atsparios oro s\u0105lygoms \" src=\"https:\/\/th.bing.com\/th\/id\/R.b85b66e6f1a03b187a7a190e3c04c310?rik=kKtgu8fkuFUPLA&amp;riu=http%3a%2f%2fwww.sdxawy.com%2fUploadFiles%2fOthers%2f201507081113359580278.jpg&amp;ehk=TFvcfO%2fBsrEHg0n7Qm9ZVT9EjVarZKMOBTpSW3Gm2LY%3d&amp;risl=&amp;pid=ImgRaw&amp;r=0\" alt=\"Q295NH Corteno plieno plok\u0161t\u0117s, atsparios oro s\u0105lygoms, gamykla, Kinija, kaina, gamintojai, \" width=\"601\" height=\"413\" \/><\/a><\/p>","protected":false},"excerpt":{"rendered":"<ul>\n<li><strong>Med\u017eiagos pavadinimas:<\/strong> Q295NH korteninis plienas<\/li>\n<li><strong>Tipas:<\/strong> Oro s\u0105lygoms atsparus plienas<\/li>\n<li><strong>Taikymas:<\/strong> Statybin\u0117s plok\u0161t\u0117s, lauko konstrukcijos, tiltai, sodo baldai ir kt.<\/li>\n<\/ul>","protected":false},"featured_media":1649,"comment_status":"open","ping_status":"closed","template":"","meta":{"_eb_attr":"","_monsterinsights_skip_tracking":false,"_monsterinsights_sitenote_active":false,"_monsterinsights_sitenote_note":"","_monsterinsights_sitenote_category":0,"_uf_show_specific_survey":0,"_uf_disable_surveys":false},"product_brand":[],"product_cat":[21],"product_tag":[],"class_list":{"0":"post-1648","1":"product","2":"type-product","3":"status-publish","4":"has-post-thumbnail","6":"product_cat-weather-resistant-steel-plate","8":"first","9":"instock","10":"shipping-taxable","11":"product-type-simple"},"_links":{"self":[{"href":"https:\/\/keweicorten.com\/lt\/wp-json\/wp\/v2\/product\/1648"}],"collection":[{"href":"https:\/\/keweicorten.com\/lt\/wp-json\/wp\/v2\/product"}],"about":[{"href":"https:\/\/keweicorten.com\/lt\/wp-json\/wp\/v2\/types\/product"}],"replies":[{"embeddable":true,"href":"https:\/\/keweicorten.com\/lt\/wp-json\/wp\/v2\/comments?post=1648"}],"version-history":[{"count":1,"href":"https:\/\/keweicorten.com\/lt\/wp-json\/wp\/v2\/product\/1648\/revisions"}],"predecessor-version":[{"id":1650,"href":"https:\/\/keweicorten.com\/lt\/wp-json\/wp\/v2\/product\/1648\/revisions\/1650"}],"wp:featuredmedia":[{"embeddable":true,"href":"https:\/\/keweicorten.com\/lt\/wp-json\/wp\/v2\/media\/1649"}],"wp:attachment":[{"href":"https:\/\/keweicorten.com\/lt\/wp-json\/wp\/v2\/media?parent=1648"}],"wp:term":[{"taxonomy":"product_brand","embeddable":true,"href":"https:\/\/keweicorten.com\/lt\/wp-json\/wp\/v2\/product_brand?post=1648"},{"taxonomy":"product_cat","embeddable":true,"href":"https:\/\/keweicorten.com\/lt\/wp-json\/wp\/v2\/product_cat?post=1648"},{"taxonomy":"product_tag","embeddable":true,"href":"https:\/\/keweicorten.com\/lt\/wp-json\/wp\/v2\/product_tag?post=1648"}],"curies":[{"name":"wp","href":"https:\/\/api.w.org\/{rel}","templated":true}]}}