{"id":1744,"date":"2024-10-18T02:15:15","date_gmt":"2024-10-18T02:15:15","guid":{"rendered":"https:\/\/keweicorten.com\/?post_type=product&#038;p=1744"},"modified":"2025-01-15T06:19:50","modified_gmt":"2025-01-15T06:19:50","slug":"atmosferos-poveikiu-paveiktas-plieninis-zibinto-stulpas","status":"publish","type":"product","link":"https:\/\/keweicorten.com\/lt\/atmosferos-poveikiu-paveiktas-plieninis-zibinto-stulpas\/","title":{"rendered":"Oro s\u0105lyg\u0173 veikiamas plieninis \u017eibinto stulpas"},"content":{"rendered":"<p>Corteno plieno \u0161viesos d\u0117\u017eut\u0117 - patvari, individualizuota, nereikalaujanti daug prie\u017ei\u016bros<\/p>\n<p>Lauko ap\u0161vietimo srityje labai svarbu pasirinkti gra\u017ei\u0105 ir patvari\u0105 \u0161viesos d\u0117\u017e\u0119. D\u0117l savo puiki\u0173 savybi\u0173 \"Corten\" plieno \u0161viesos d\u0117\u017e\u0117** i\u0161sprend\u017eia \u012fprast\u0173 tradicini\u0173 \u0161viesos d\u0117\u017ei\u0173 skaudulius ir tampa pirmuoju j\u016bs\u0173 projekto pasirinkimu.<\/p>\n<p>1. Nelengvai koroduoja, patvarus<br \/>\nDid\u017eiausias Corteno plieno privalumas yra jo i\u0161skirtinis atsparumas korozijai. Veikiamas oro ir vandens, Corteno plienas sudaro unikal\u0173 oksidacin\u012f apsaugin\u012f sluoksn\u012f, kuris veiksmingai apsaugo nuo tolesn\u0117s korozijos. Susid\u016br\u0119s su lietumi, sniegu, dr\u0117gme ar saule, jis gali i\u0161laikyti stabili\u0105 strukt\u016br\u0105 ir i\u0161vaizd\u0105. \u0160is nat\u016braliai susiformav\u0119s r\u016bd\u017ei\u0173 atspalvis ne tik i\u0161ry\u0161kina \u0161viesos d\u0117\u017e\u0117s gro\u017e\u012f, bet ir suteikia jai ilgalaik\u012f atsparum\u0105 korozijai, tod\u0117l nebereikia jos da\u017enai keisti.<\/p>\n<p>2. \u012evair\u016bs stiliai, pritaikymo palaikymas<br \/>\nMes teikiame atmosferos poveikio plieno \u017eibint\u0173 stulp\u0173 stili\u0173 \u012fvairov\u0119, palaikome asmenin\u012f pritaikym\u0105 **. Nesvarbu, ar jums reikia paprasto ir modernaus dizaino, ar sud\u0117tingo modelio, ar prek\u0117s \u017eenklo tapatyb\u0117s rai\u017einio, \"Corten\" plieno \u0161viestuvai gali atitikti j\u016bs\u0173 reikalavimus. Lankstus dizainas ir gamybos procesas leid\u017eia sukurti jums unikali\u0105 \u0161viesos d\u0117\u017eut\u0119 pagal skirtingas scenas ir poreikius, padedan\u010di\u0105 sustiprinti prek\u0117s \u017eenklo \u012fvaizd\u012f arba sukurti unikali\u0105 erdv\u0117s atmosfer\u0105.<\/p>\n<p>3. Ma\u017eos technin\u0117s prie\u017ei\u016bros i\u0161laidos<br \/>\n\u017dibint\u0173 stulp\u0173 i\u0161 atmosferos poveikiui atsparaus plieno prie\u017ei\u016bros i\u0161laidos yra itin ma\u017eos. \u0160ios med\u017eiagos nereikia papildomai da\u017eyti ar apdoroti, o pats oksido sluoksnis yra geriausias apsauginis barjeras. Tereikia atlikti paprast\u0105 kasdien\u012f valym\u0105, galima i\u0161laikyti \u0161viestuvo funkcij\u0105 ir gro\u017e\u012f, taip gerokai suma\u017einant v\u0117lesnio laikotarpio prie\u017ei\u016bros i\u0161laidas.<\/p>\n<p>4 Ilgas tarnavimo laikas<br \/>\nD\u0117l did\u017eiausio patvarumo atmosferinio plieno \u017eibint\u0173 stulp\u0173 tarnavimo laikas yra daug ilgesnis nei \u012fprast\u0173 med\u017eiag\u0173. D\u0117l savo tvirtumo ir atsparumo atmosferos poveikiui korteninis plienas ilgai i\u0161lieka stabilus lauko aplinkoje, tod\u0117l tai ilgalaik\u0117 investicija, kuri yra ne tik gra\u017ei ir prakti\u0161ka, bet ir tarnaus jums daugel\u012f met\u0173.<\/p>\n<p><a href=\"https:\/\/keweicorten.com\/lt\"><img fetchpriority=\"high\" decoding=\"async\" class=\"alignnone\" title=\"kortino \u0161viesa\" src=\"https:\/\/sc04.alicdn.com\/kf\/Hbfd36546659b40b8b1012ec41b13121bi\/235950374\/Hbfd36546659b40b8b1012ec41b13121bi.jpg\" alt=\"Aplinkosaugos po\u017ei\u016briu draugi\u0161kas kortino spalvos stulpeli\u0173 ap\u0161vietimas kortino sodo \u017eibintai kortino lauko sieniniai \u017eibintai\" width=\"650\" height=\"325\" \/><\/a><\/p>\n<p>&nbsp;<\/p>","protected":false},"excerpt":{"rendered":"<p>Jei ie\u0161kote patvarios, pritaikytos, ma\u017eai prie\u017ei\u016bros reikalaujan\u010dios ir ilgai tarnaujan\u010dios lauko \u0161viesos d\u0117\u017e\u0117s, \"Corten\" plieno \u0161viesos d\u0117\u017e\u0117 neabejotinai yra idealus pasirinkimas. Jos puikios eksploatacin\u0117s savyb\u0117s ir stilingas dizainas suteiks j\u016bs\u0173 projektui ilgalaikio gro\u017eio ir funkcionalumo.<\/p>","protected":false},"featured_media":1745,"comment_status":"open","ping_status":"closed","template":"","meta":{"_eb_attr":"","_monsterinsights_skip_tracking":false,"_monsterinsights_sitenote_active":false,"_monsterinsights_sitenote_note":"","_monsterinsights_sitenote_category":0,"_uf_show_specific_survey":0,"_uf_disable_surveys":false},"product_brand":[],"product_cat":[61],"product_tag":[],"class_list":{"0":"post-1744","1":"product","2":"type-product","3":"status-publish","4":"has-post-thumbnail","6":"product_cat-light-post","8":"first","9":"instock","10":"shipping-taxable","11":"product-type-simple"},"_links":{"self":[{"href":"https:\/\/keweicorten.com\/lt\/wp-json\/wp\/v2\/product\/1744"}],"collection":[{"href":"https:\/\/keweicorten.com\/lt\/wp-json\/wp\/v2\/product"}],"about":[{"href":"https:\/\/keweicorten.com\/lt\/wp-json\/wp\/v2\/types\/product"}],"replies":[{"embeddable":true,"href":"https:\/\/keweicorten.com\/lt\/wp-json\/wp\/v2\/comments?post=1744"}],"version-history":[{"count":1,"href":"https:\/\/keweicorten.com\/lt\/wp-json\/wp\/v2\/product\/1744\/revisions"}],"predecessor-version":[{"id":1746,"href":"https:\/\/keweicorten.com\/lt\/wp-json\/wp\/v2\/product\/1744\/revisions\/1746"}],"wp:featuredmedia":[{"embeddable":true,"href":"https:\/\/keweicorten.com\/lt\/wp-json\/wp\/v2\/media\/1745"}],"wp:attachment":[{"href":"https:\/\/keweicorten.com\/lt\/wp-json\/wp\/v2\/media?parent=1744"}],"wp:term":[{"taxonomy":"product_brand","embeddable":true,"href":"https:\/\/keweicorten.com\/lt\/wp-json\/wp\/v2\/product_brand?post=1744"},{"taxonomy":"product_cat","embeddable":true,"href":"https:\/\/keweicorten.com\/lt\/wp-json\/wp\/v2\/product_cat?post=1744"},{"taxonomy":"product_tag","embeddable":true,"href":"https:\/\/keweicorten.com\/lt\/wp-json\/wp\/v2\/product_tag?post=1744"}],"curies":[{"name":"wp","href":"https:\/\/api.w.org\/{rel}","templated":true}]}}