{"id":1747,"date":"2024-10-18T07:48:03","date_gmt":"2024-10-18T07:48:03","guid":{"rendered":"https:\/\/keweicorten.com\/?post_type=product&#038;p=1747"},"modified":"2025-01-15T06:20:00","modified_gmt":"2025-01-15T06:20:00","slug":"aukstos-kokybes-korteninio-plieno-bbq-kepsnine","status":"publish","type":"product","link":"https:\/\/keweicorten.com\/lt\/aukstos-kokybes-korteninio-plieno-bbq-kepsnine\/","title":{"rendered":"Auk\u0161tos kokyb\u0117s Corteno plieno BBQ kepsnin\u0117"},"content":{"rendered":"<div style=\"width: 800px;\" class=\"wp-video\"><!--[if lt IE 9]><script>document.createElement('video');<\/script><![endif]-->\n<video class=\"wp-video-shortcode\" id=\"video-1747-1\" width=\"800\" height=\"450\" loop=\"1\" preload=\"metadata\" controls=\"controls\"><source type=\"video\/mp4\" src=\"https:\/\/keweicorten.com\/wp-content\/uploads\/2024\/10\/corten-steel-BBQ-grill.mp4?_=1\" \/><a href=\"https:\/\/keweicorten.com\/wp-content\/uploads\/2024\/10\/corten-steel-BBQ-grill.mp4\">https:\/\/keweicorten.com\/wp-content\/uploads\/2024\/10\/corten-steel-BBQ-grill.mp4<\/a><\/video><\/div>\n<p>\u0160iandien, siekiant auk\u0161tos gyvenimo kokyb\u0117s, patvarios ir lengvai pri\u017ei\u016brimos auk\u0161tos kokyb\u0117s \"Corten\" plieno kepsnin\u0117s tapo pirmuoju daugelio \u0161eim\u0173 pasirinkimu. D\u0117l puikaus atsparumo korozijai, lengvai valomos konstrukcijos ir paprasto montavimo m\u016bs\u0173 kepsnin\u0117s i\u0161 atmosferos poveikiui atsparaus plieno suteikia neprilygstam\u0105 kepimo patirt\u012f.<\/p>\n<ol>\n<li>Produkto savyb\u0117s<br \/>\nOro s\u0105lygoms atsparus plienas, tvirtas ir ilgaam\u017eis<br \/>\nNaudojama auk\u0161tos kokyb\u0117s atmosferos poveikiui atsparaus plieno med\u017eiaga, pasi\u017eyminti puikiu atsparumu korozijai, net ir esant blogoms oro s\u0105lygoms gali i\u0161laikyti ger\u0105 i\u0161vaizd\u0105 ir funkcij\u0105. Nesvarbu, ar tai b\u016bt\u0173 lauko kepsnin\u0117, ar naudojama patalpoje, ji atlaikys laiko i\u0161bandym\u0105.<\/li>\n<li>Lengvai valomas dizainas, taupantis laik\u0105 ir pastangas<br \/>\nD\u0117l unikalios konstrukcijos valyti itin paprasta. Vos per kelias minutes i\u0161valysite kepsnin\u0119, atsisveikinsite su varginan\u010diu valymu ir tur\u0117site daugiau laiko m\u0117gautis maistu.<\/li>\n<li>Lengva \u012fdiegti, patogu ir greita<br \/>\n\u012erengti lengva kiekvienam, neturin\u010diam sud\u0117ting\u0173 \u012franki\u0173 ir patirties. Nesud\u0117tingi surinkimo veiksmai leid\u017eia prad\u0117ti kepti ant groteli\u0173 ir m\u0117gautis gard\u017eiais patiekalais per trumpiausi\u0105 \u012fmanom\u0105 laik\u0105.<\/li>\n<\/ol>\n<p>Kod\u0117l verta rinktis mus?<br \/>\nAuk\u0161tos kokyb\u0117s med\u017eiaga: oro s\u0105lygoms atsparus plienas u\u017etikrina ilg\u0105 gaminio tarnavimo laik\u0105.<br \/>\nLengvai valomas dizainas: Tai leid\u017eia m\u0117gautis maistu tuo pa\u010diu metu, suma\u017eina valymo r\u016bpes\u010dius.<br \/>\nLengvas montavimas: Greitas montavimas: greitai surenkama, kad b\u016bt\u0173 galima i\u0161 karto m\u0117gautis kepsni\u0173 kepimo malonumais.<\/p>\n<p><a href=\"https:\/\/keweicorten.com\/lt\"><img fetchpriority=\"high\" decoding=\"async\" class=\"alignnone\" title=\"Korteno plieno BBQ kepsnin\u0117\" src=\"https:\/\/sc04.alicdn.com\/kf\/H4a94e032d1814121892c0ee8ba904035Y\/230328874\/H4a94e032d1814121892c0ee8ba904035Y.jpg\" alt=\"corten plieno BBQ grilis pritaikytas, didmenin\u0117 prekyba, pigus, parduodamas keweicorten\" width=\"650\" height=\"433\" \/><\/a><\/p>\n<p><a href=\"https:\/\/keweicorten.com\/lt\/produktas\/corteno-sodo-ekranai\/\"><img decoding=\"async\" class=\"alignnone\" src=\"https:\/\/sc04.alicdn.com\/kf\/Hb286da351b8f4b9b9b3970b3a8a63625w\/230328874\/Hb286da351b8f4b9b9b3970b3a8a63625w.jpg\" alt=\"corteno plieno BBQ kepsnin\u0117 pritaikyta, didmenin\u0117 prekyba, pigi, parduodama\" width=\"650\" height=\"650\" \/><\/a><\/p>\n<p>\"Fire BBQ\" kepsnin\u0117 pagaminta i\u0161 Corteno plieno (arba atmosferos poveikiui atsparaus plieno) - tai lydinys, kuris nat\u016braliai sudaro r\u016bd\u017ei\u0173 dang\u0105 per ma\u017edaug 9 m\u0117nesius, kai jis yra veikiamas oro s\u0105lyg\u0173. \u012edomu tai, kad d\u0117l \u0161io specialaus lydinio sud\u0117ties \u0161i r\u016bd\u017ei\u0173 danga sudaro apsaugin\u012f sluoksn\u012f, kuris apsaugo nuo tolesnio r\u016bdijimo. Po juo esantis plienas i\u0161lieka nepa\u017eeistas, nes i\u0161orinis sluoksnis, veikiamas vandens ir deguonies, toliau saugo ir atsinaujina.<\/p>\n<p><a href=\"https:\/\/keweicorten.com\/lt\"><img decoding=\"async\" class=\"alignnone\" title=\"corten BBQ kepsnin\u0117\" src=\"https:\/\/sc04.alicdn.com\/kf\/Hf12500ad95134ae791d1dd097784240aV\/230328874\/Hf12500ad95134ae791d1dd097784240aV.jpg\" alt=\"corten BBQ kepsnin\u0117 Factory, Kinija, kaina, gamintojai keweicorten\" width=\"650\" height=\"487\" \/><\/a><\/p>\n<p class=\"magic-28\" data-spm-anchor-id=\"a2700.details.0.i45.9c387fd44v8MUV\"><b><span class=\"magic-29\"><br \/>\nKod\u0117l verta rinktis mus bendradarbiavimui?<\/span><\/b><b><\/b><\/p>\n<p class=\"magic-28\"><span class=\"magic-31\"><span class=\"magic-19\" style=\"color: #48916c;\">1. Kiek dizain\u0173 turite?<\/span><\/span><\/p>\n<div class=\"magic-28\">\n<p><span class=\"magic-31\"><span class=\"magic-19\">\u0160iuo metu turime daugiau nei de\u0161imt BBQ korteninio plieno groteli\u0173 stili\u0173. Jei jums reikia, yra <\/span><\/span><span class=\"magic-19\">n\u0117ra problem\u0173 pritaikyti ugniakurus pagal j\u016bs\u0173 reikalavimus.<\/span><\/p>\n<p class=\"magic-30\"><span class=\"magic-31\"><span style=\"color: #48916c;\">2. Kiek met\u0173 gaminate lau\u017eavietes? <\/span><\/span><\/p>\n<p class=\"magic-30\"><span class=\"magic-31\">Ugniakurai gaminami jau daugiau nei 4 metus.<\/span><\/p>\n<p class=\"magic-30\"><span style=\"color: #48916c;\"><span class=\"magic-31\">3. Ar galite atlikti dizain\u0105 <\/span>mums?<\/span><\/p>\n<p class=\"magic-30\"><span class=\"magic-31\">Taip, \u017einoma. turime profesionali\u0105 komand\u0105, turin\u010di\u0105 didel\u0119 projektavimo ir gamybos patirt\u012f. Tiesiog atsi\u0173skite mums <span style=\"color: #000000;\">br\u0117\u017einiai <\/span><\/span><span style=\"color: #000000;\">reikiamas ugniavietes arba nuotraukas su dyd\u017eiu.<\/span><\/p>\n<p class=\"magic-30\"><span class=\"magic-31\"><span style=\"color: #48916c;\">4. Kokia yra ugniakur\u0173 pakuot\u0117?<\/span><\/span><\/p>\n<p class=\"magic-30\"><span class=\"magic-31\">faneros d\u0117\u017e\u0117, gele\u017einis pad\u0117klas, faneros pad\u0117klas ir pagal kliento reikalavimus.<\/span><\/p>\n<\/div>","protected":false},"excerpt":{"rendered":"<p>Rinkdamiesi m\u016bs\u0173 atmosferos poveikiui atsparaus plieno groteles ne tik pasirenkate auk\u0161t\u0105 gyvenimo kokyb\u0119, bet ir puik\u0173 patogumo ir ilgaam\u017ei\u0161kumo derin\u012f. M\u0117gaukim\u0117s grilio malonumu kartu!Pirkite dabar ir prad\u0117kite savo kulinarin\u0119 kelion\u0119!<\/p>","protected":false},"featured_media":1748,"comment_status":"open","ping_status":"closed","template":"","meta":{"_eb_attr":"","_monsterinsights_skip_tracking":false,"_monsterinsights_sitenote_active":false,"_monsterinsights_sitenote_note":"","_monsterinsights_sitenote_category":0,"_uf_show_specific_survey":0,"_uf_disable_surveys":false},"product_brand":[],"product_cat":[63],"product_tag":[],"class_list":{"0":"post-1747","1":"product","2":"type-product","3":"status-publish","4":"has-post-thumbnail","6":"product_cat-steel-bbq-grill","8":"first","9":"instock","10":"shipping-taxable","11":"product-type-simple"},"_links":{"self":[{"href":"https:\/\/keweicorten.com\/lt\/wp-json\/wp\/v2\/product\/1747"}],"collection":[{"href":"https:\/\/keweicorten.com\/lt\/wp-json\/wp\/v2\/product"}],"about":[{"href":"https:\/\/keweicorten.com\/lt\/wp-json\/wp\/v2\/types\/product"}],"replies":[{"embeddable":true,"href":"https:\/\/keweicorten.com\/lt\/wp-json\/wp\/v2\/comments?post=1747"}],"version-history":[{"count":2,"href":"https:\/\/keweicorten.com\/lt\/wp-json\/wp\/v2\/product\/1747\/revisions"}],"predecessor-version":[{"id":1756,"href":"https:\/\/keweicorten.com\/lt\/wp-json\/wp\/v2\/product\/1747\/revisions\/1756"}],"wp:featuredmedia":[{"embeddable":true,"href":"https:\/\/keweicorten.com\/lt\/wp-json\/wp\/v2\/media\/1748"}],"wp:attachment":[{"href":"https:\/\/keweicorten.com\/lt\/wp-json\/wp\/v2\/media?parent=1747"}],"wp:term":[{"taxonomy":"product_brand","embeddable":true,"href":"https:\/\/keweicorten.com\/lt\/wp-json\/wp\/v2\/product_brand?post=1747"},{"taxonomy":"product_cat","embeddable":true,"href":"https:\/\/keweicorten.com\/lt\/wp-json\/wp\/v2\/product_cat?post=1747"},{"taxonomy":"product_tag","embeddable":true,"href":"https:\/\/keweicorten.com\/lt\/wp-json\/wp\/v2\/product_tag?post=1747"}],"curies":[{"name":"wp","href":"https:\/\/api.w.org\/{rel}","templated":true}]}}