{"id":1882,"date":"2024-11-01T06:47:16","date_gmt":"2024-11-01T06:47:16","guid":{"rendered":"https:\/\/keweicorten.com\/?post_type=product&#038;p=1882"},"modified":"2024-11-01T06:47:16","modified_gmt":"2024-11-01T06:47:16","slug":"q310gnh-atmosferos-poveikiui-atsparus-plienas","status":"publish","type":"product","link":"https:\/\/keweicorten.com\/lt\/q310gnh-atmosferos-poveikiui-atsparus-plienas\/","title":{"rendered":"Q310GNH atmosferos poveikiui atsparus plienas"},"content":{"rendered":"<p><strong>Q310GNH plieno plok\u0161t\u0117s specifikacija:<\/strong><\/p>\n<table style=\"height: 110px;\" width=\"747\">\n<tbody>\n<tr class=\"firstRow\">\n<td valign=\"top\" width=\"374\">Klas\u0117: Q310GNH<\/p>\n<p>Standartas: GB\/T 4171<\/p>\n<p>Storis: nuo 1 mm iki 100 mm, Atviras palaikymas<\/td>\n<td valign=\"top\" width=\"374\">Platus: nuo 1000 mm iki 4100 mm, palaikymas atviras<\/p>\n<p>Ilgis: nuo 1000 mm iki 12000 mm, Atviras palaikymas<\/td>\n<\/tr>\n<\/tbody>\n<\/table>\n<p><strong>Q310GNH atmosferos poveikiui atsparaus plieno taikymas:<\/strong><br \/>\nQ310GNH plieno plok\u0161t\u0117 pla\u010diai naudojama transporto priemon\u0117se, tiltuose, bok\u0161tuose, konteineriuose ir pan.<br \/>\nMechanin\u0117s GB\/T 4171 Q310GNH atmosferos poveikio plieno plok\u0161t\u0117s savyb\u0117s<br \/>\nTempiamasis stipris Mpa Min: 450 Pl\u0117tros stipris Mpa Min: 310<\/p>\n<p><strong>\u00a0Q310GNH atmosferos poveikiui atsparaus plieno pristatymo b\u016bsena:<\/strong><br \/>\nPlieno tipas: Q310GNH atmosferos poveikiui atsparus plienas<br \/>\nStoris: Atviras atramos rinkinys<br \/>\nPlotis: atvira atrama<br \/>\nIlgis: galima nustatyti pagal j\u016bs\u0173 faktinius poreikius<br \/>\nPrek\u0117s \u017eenklas: Gamintojas: Baosteel, Angang Steel ir kt.<\/p>\n<p><a href=\"https:\/\/keweicorten.com\/lt\"><img fetchpriority=\"high\" decoding=\"async\" class=\"alignnone\" title=\"Q310GNH orui atspari plieno plok\u0161t\u0117,\" src=\"https:\/\/5.imimg.com\/data5\/DB\/BS\/QS\/SELLER-101088024\/gb-t-4171-q310gnh-weather-resistant-steel-plate-500x500.jpg\" alt=\"Q310GNH orui atspari plieno plok\u0161t\u0117,\" width=\"500\" height=\"417\" \/><\/a><\/p>\n<p>&nbsp;<\/p>","protected":false},"excerpt":{"rendered":"<p>Oro s\u0105lygoms atspari plieno plok\u0161t\u0117 gaminio med\u017eiaga:<\/p>\n<p>Labai atsparus atmosferos poveikiui plienas: Q295GNH, Q355GNH, Q265GNH, Q310GNH<\/p>\n<p>Suvirintas atmosferos poveikiui atsparus plienas: Q235NH, Q295NH Q355NH, Q415NH, Q460NH, Q500NH, Q550NH<\/p>","protected":false},"featured_media":1883,"comment_status":"open","ping_status":"closed","template":"","meta":{"_eb_attr":"","_monsterinsights_skip_tracking":false,"_monsterinsights_sitenote_active":false,"_monsterinsights_sitenote_note":"","_monsterinsights_sitenote_category":0,"_uf_show_specific_survey":0,"_uf_disable_surveys":false},"product_brand":[],"product_cat":[21],"product_tag":[],"class_list":{"0":"post-1882","1":"product","2":"type-product","3":"status-publish","4":"has-post-thumbnail","6":"product_cat-weather-resistant-steel-plate","8":"first","9":"instock","10":"shipping-taxable","11":"product-type-simple"},"_links":{"self":[{"href":"https:\/\/keweicorten.com\/lt\/wp-json\/wp\/v2\/product\/1882"}],"collection":[{"href":"https:\/\/keweicorten.com\/lt\/wp-json\/wp\/v2\/product"}],"about":[{"href":"https:\/\/keweicorten.com\/lt\/wp-json\/wp\/v2\/types\/product"}],"replies":[{"embeddable":true,"href":"https:\/\/keweicorten.com\/lt\/wp-json\/wp\/v2\/comments?post=1882"}],"version-history":[{"count":1,"href":"https:\/\/keweicorten.com\/lt\/wp-json\/wp\/v2\/product\/1882\/revisions"}],"predecessor-version":[{"id":1884,"href":"https:\/\/keweicorten.com\/lt\/wp-json\/wp\/v2\/product\/1882\/revisions\/1884"}],"wp:featuredmedia":[{"embeddable":true,"href":"https:\/\/keweicorten.com\/lt\/wp-json\/wp\/v2\/media\/1883"}],"wp:attachment":[{"href":"https:\/\/keweicorten.com\/lt\/wp-json\/wp\/v2\/media?parent=1882"}],"wp:term":[{"taxonomy":"product_brand","embeddable":true,"href":"https:\/\/keweicorten.com\/lt\/wp-json\/wp\/v2\/product_brand?post=1882"},{"taxonomy":"product_cat","embeddable":true,"href":"https:\/\/keweicorten.com\/lt\/wp-json\/wp\/v2\/product_cat?post=1882"},{"taxonomy":"product_tag","embeddable":true,"href":"https:\/\/keweicorten.com\/lt\/wp-json\/wp\/v2\/product_tag?post=1882"}],"curies":[{"name":"wp","href":"https:\/\/api.w.org\/{rel}","templated":true}]}}