{"id":1885,"date":"2024-11-01T07:23:46","date_gmt":"2024-11-01T07:23:46","guid":{"rendered":"https:\/\/keweicorten.com\/?post_type=product&#038;p=1885"},"modified":"2025-01-15T06:20:28","modified_gmt":"2025-01-15T06:20:28","slug":"corteno-sodo-ekrano-plokstes","status":"publish","type":"product","link":"https:\/\/keweicorten.com\/lt\/corteno-sodo-ekrano-plokstes\/","title":{"rendered":"Corteno sodo ekrano plok\u0161t\u0117s"},"content":{"rendered":"<h3>Parai\u0161kos:<\/h3>\n<ol>\n<li><strong>Sodo apdaila<\/strong>: Padidinkite sod\u0173 ir lauko erdvi\u0173 estetin\u012f patrauklum\u0105.<\/li>\n<li><strong>Privatumo ekranai<\/strong>: U\u017etikrinkite privatum\u0105 lauko teritorijose, pavyzd\u017eiui, kiemuose ir terasose.<\/li>\n<li><strong>Kambari\u0173 pertvaros<\/strong>: Naudojamos patalpose didel\u0117ms patalpoms padalyti \u012f ma\u017eesnes, intymesnes erdves.<\/li>\n<li><strong>Tvoros plok\u0161t\u0117s<\/strong>: Naudojamos kaip dekoratyvin\u0117s tvoros plok\u0161t\u0117s, suteikian\u010dios stili\u0173 ribo\u017eenkliams.<\/li>\n<li><strong>Vie\u0161osios erdv\u0117s<\/strong>: Naudojami parkuose, vie\u0161bu\u010diuose ir kitose vie\u0161osiose erdv\u0117se, kad b\u016bt\u0173 ir puo\u0161n\u016bs, ir funkcional\u016bs.<\/li>\n<\/ol>\n<div style=\"width: 800px;\" class=\"wp-video\"><!--[if lt IE 9]><script>document.createElement('video');<\/script><![endif]-->\n<video class=\"wp-video-shortcode\" id=\"video-1885-1\" width=\"800\" height=\"450\" preload=\"metadata\" controls=\"controls\"><source type=\"video\/mp4\" src=\"https:\/\/keweicorten.com\/wp-content\/uploads\/2024\/11\/K0GAlx1UoclzZBzXNrz_355554522488_mp4_264_hd_unlimit_taobao.mp4?_=1\" \/><a href=\"https:\/\/keweicorten.com\/wp-content\/uploads\/2024\/11\/K0GAlx1UoclzZBzXNrz_355554522488_mp4_264_hd_unlimit_taobao.mp4\">https:\/\/keweicorten.com\/wp-content\/uploads\/2024\/11\/K0GAlx1UoclzZBzXNrz_355554522488_mp4_264_hd_unlimit_taobao.mp4<\/a><\/video><\/div>\n<ul>\n<li>\u00a0Storis: \u012fprastas storis yra 8 mm, 10 mm, 12 mm, 14 mm, 16 mm, 18 mm, 20 mm, 22 mm, 25 mm, 30 mm, 40 mm, 50 mm, 60 mm ir t. t.<\/li>\n<li>\u00a0Dydis: plotis paprastai b\u016bna ne didesnis kaip 5 metrai, o auk\u0161tis - ne didesnis kaip 4 metrai. Jei \u0161is dydis vir\u0161ijamas, paprastai objekt\u0105 reikia supjaustyti, padengti spalva ir tada sujungti.<\/li>\n<li>Suvirinimo procesas: Yra du pagrindiniai suvirinimo procesai, skirti atmosferos poveikiui atspariems plieno ekranams:<br \/>\n- Visi\u0161kas suvirinimas: visos dviej\u0173 suvirinti paruo\u0161t\u0173 ruo\u0161ini\u0173 s\u0105ly\u010dio vietos yra suvirinamos lyd\u017eiuoju b\u016bdu, tod\u0117l pavir\u0161iuje nematyti suvirinimo si\u016bli\u0173, o dvi suvirintos dalys nat\u016braliai pereina viena \u012f kit\u0105.<br \/>\n- Ta\u0161kinis suvirinimas: detal\u0117s \u0161one pridedamos lydmetalio jungtys, kad b\u016bt\u0173 sujungtos dvi dalys, o tarpas tarp dviej\u0173 dali\u0173 matomas i\u0161 priekio.<\/li>\n<li>Pavir\u0161iaus apdorojimas: Kad padid\u0117t\u0173 atsparumas atmosferos poveikiui ir gro\u017eis, da\u017eniausiai reikia apdoroti pavir\u0161i\u0173, pavyzd\u017eiui, vakuuminiu arba vandens b\u016bdu (tradicinis galvanizavimo metodas).<\/li>\n<li>Med\u017eiaga: \u012fprastas atmosferos poveikiui atsparus plienas.<\/li>\n<\/ul>\n<p><a href=\"https:\/\/keweicorten.com\/lt\"><img fetchpriority=\"high\" decoding=\"async\" class=\"alignnone wp-image-1892 size-full\" title=\"kortino ekrano skydas\" src=\"https:\/\/keweicorten.com\/wp-content\/uploads\/2024\/11\/\u5fae\u4fe1\u56fe\u7247_20231012150619.jpg\" alt=\"kortino ekrano skydas\" width=\"750\" height=\"624\" srcset=\"https:\/\/keweicorten.com\/wp-content\/uploads\/2024\/11\/\u5fae\u4fe1\u56fe\u7247_20231012150619.jpg 750w, https:\/\/keweicorten.com\/wp-content\/uploads\/2024\/11\/\u5fae\u4fe1\u56fe\u7247_20231012150619-300x250.jpg 300w, https:\/\/keweicorten.com\/wp-content\/uploads\/2024\/11\/\u5fae\u4fe1\u56fe\u7247_20231012150619-14x12.jpg 14w, https:\/\/keweicorten.com\/wp-content\/uploads\/2024\/11\/\u5fae\u4fe1\u56fe\u7247_20231012150619-600x499.jpg 600w\" sizes=\"(max-width: 750px) 100vw, 750px\" \/><\/a><\/p>","protected":false},"excerpt":{"rendered":"<p>Konkre\u010dias specifikacijas galima koreguoti ir pritaikyti pagal konkretaus projekto poreikius. Jei turite speciali\u0173 poreiki\u0173, rekomenduojama tiesiogiai kreiptis \u012f gamintoj\u0105 ir gauti i\u0161sami\u0105 konsultacij\u0105.<\/p>","protected":false},"featured_media":1886,"comment_status":"open","ping_status":"closed","template":"","meta":{"_eb_attr":"","_monsterinsights_skip_tracking":false,"_monsterinsights_sitenote_active":false,"_monsterinsights_sitenote_note":"","_monsterinsights_sitenote_category":0,"_uf_show_specific_survey":0,"_uf_disable_surveys":false},"product_brand":[],"product_cat":[57],"product_tag":[],"class_list":{"0":"post-1885","1":"product","2":"type-product","3":"status-publish","4":"has-post-thumbnail","6":"product_cat-screen-panel","8":"first","9":"instock","10":"shipping-taxable","11":"product-type-simple"},"_links":{"self":[{"href":"https:\/\/keweicorten.com\/lt\/wp-json\/wp\/v2\/product\/1885"}],"collection":[{"href":"https:\/\/keweicorten.com\/lt\/wp-json\/wp\/v2\/product"}],"about":[{"href":"https:\/\/keweicorten.com\/lt\/wp-json\/wp\/v2\/types\/product"}],"replies":[{"embeddable":true,"href":"https:\/\/keweicorten.com\/lt\/wp-json\/wp\/v2\/comments?post=1885"}],"version-history":[{"count":1,"href":"https:\/\/keweicorten.com\/lt\/wp-json\/wp\/v2\/product\/1885\/revisions"}],"predecessor-version":[{"id":1894,"href":"https:\/\/keweicorten.com\/lt\/wp-json\/wp\/v2\/product\/1885\/revisions\/1894"}],"wp:featuredmedia":[{"embeddable":true,"href":"https:\/\/keweicorten.com\/lt\/wp-json\/wp\/v2\/media\/1886"}],"wp:attachment":[{"href":"https:\/\/keweicorten.com\/lt\/wp-json\/wp\/v2\/media?parent=1885"}],"wp:term":[{"taxonomy":"product_brand","embeddable":true,"href":"https:\/\/keweicorten.com\/lt\/wp-json\/wp\/v2\/product_brand?post=1885"},{"taxonomy":"product_cat","embeddable":true,"href":"https:\/\/keweicorten.com\/lt\/wp-json\/wp\/v2\/product_cat?post=1885"},{"taxonomy":"product_tag","embeddable":true,"href":"https:\/\/keweicorten.com\/lt\/wp-json\/wp\/v2\/product_tag?post=1885"}],"curies":[{"name":"wp","href":"https:\/\/api.w.org\/{rel}","templated":true}]}}