{"id":1943,"date":"2024-11-13T07:55:20","date_gmt":"2024-11-13T07:55:20","guid":{"rendered":"https:\/\/keweicorten.com\/?post_type=product&#038;p=1943"},"modified":"2024-11-13T07:56:55","modified_gmt":"2024-11-13T07:56:55","slug":"kortenas-a-plieno-lakstas","status":"publish","type":"product","link":"https:\/\/keweicorten.com\/lt\/kortenas-a-plieno-lakstas\/","title":{"rendered":"Corteno A plieno lak\u0161tas"},"content":{"rendered":"<p class=\"!whitespace-pre-wrap\"><strong>Pagrindin\u0117s savyb\u0117s ir privalumai\uff1a<\/strong><\/p>\n<ol>\n<li>\n<p class=\"!whitespace-pre-wrap\"><strong>Didelis stiprumas ir ilgaam\u017ei\u0161kumas<\/strong>: Corteno A plieno lak\u0161tas pasi\u017eymi puikiomis mechanin\u0117mis savyb\u0117mis, \u012fskaitant didel\u012f tempiam\u0105j\u012f stipr\u012f ir takumo rib\u0105. D\u0117l to jis tinkamas naudoti, kai reikia tvirto konstrukcijos vientisumo.<\/p>\n<\/li>\n<li>\n<p class=\"!whitespace-pre-wrap\"><strong>Atsparumas oro s\u0105lygoms<\/strong>: Viena i\u0161 i\u0161skirtini\u0173 Corten A savybi\u0173 yra jo i\u0161skirtinis atsparumas atmosferos korozijai. Veikiamas dr\u0117gm\u0117s ir oro, jis suformuoja stabili\u0105 r\u016bd\u017ei\u0173 patin\u0105, kuri apsaugo pagrindin\u012f plien\u0105 nuo tolesn\u0117s oksidacijos ir pa\u017eeidim\u0173.<\/p>\n<\/li>\n<li>\n<p class=\"!whitespace-pre-wrap\"><strong>S\u0105naud\u0173 efektyvumas<\/strong>: Nepaisant pa\u017eangi\u0173 savybi\u0173, Corten A ilgainiui yra ekonomi\u0161kas. D\u0117l ma\u017eesnio prie\u017ei\u016bros, da\u017eymo ir apsaugini\u0173 dang\u0173 poreikio ilgainiui sutaupoma daug l\u0117\u0161\u0173.<\/p>\n<\/li>\n<li>\n<p class=\"!whitespace-pre-wrap\"><strong>Estetinis patrauklumas<\/strong>: Nat\u016brali, kaimi\u0161ka apd\u017ei\u016bvusio \"Corten A\" plieno i\u0161vaizda suteikia estetin\u012f patrauklum\u0105 architekt\u016briniams projektams ir kra\u0161tovaizd\u017eio formavimo projektams. Jo unikali i\u0161vaizda gali sustiprinti bet kokios konstrukcijos vizualin\u012f poveik\u012f.<\/p>\n<\/li>\n<\/ol>\n<p><strong>Fizin\u0117s savyb\u0117s\uff1a<\/strong><br \/>\nStoris: Paprastai nuo 8 mm iki 450 mm.<br \/>\nPlotis: paprastai nuo 1500 mm iki 4500 mm.<br \/>\nIlgis: nuo 3000 mm iki 18000 mm.<\/p>\n<p><strong>Taikymo sritis\uff1a<\/strong><br \/>\nStatybos ir konstrukcij\u0173 in\u017einerija: D\u0117l atsparumo atmosferos poveikiui jis da\u017enai naudojamas tilt\u0173, pastat\u0173 fasad\u0173 ir saugykl\u0173 gamyboje.<br \/>\nTransporto \u012franga: gele\u017einkelio transporto priemon\u0117s, sunkve\u017eimi\u0173 k\u0117bulai ir kt.<br \/>\nDekoratyvinis naudojimas: D\u0117l unikalios i\u0161vaizdos ir atsparumo atmosferos poveikiui jis taip pat da\u017enai naudojamas kra\u0161tovaizd\u017eio dizaine ir meno skulpt\u016brose.<\/p>\n<table>\n<tbody>\n<tr>\n<td colspan=\"1\" rowspan=\"1\">\n<div><b>Med\u017eiaga<\/b><\/div>\n<\/td>\n<td colspan=\"4\" rowspan=\"1\">\n<div>Q355NH Q460NH Q345GNH Q295NH Q295GNH Q235NH 09CuPCrNi-A 05CuPCrNi-A SPA-H B460GNQR B480GNQR Q400NQRI Q450NQRI<br \/>\nCorten A\/B, 09CuCrPNi-A, A588 Gr A\/B\/C\/D, ASTM A242, SPA-H, SPA-C, Q235NH, Q295NH, Q355NH, Q460NH, Q295GNH, Q295GNHL, Q345GNH, Q345GNHL, Q390GNH.<\/div>\n<\/td>\n<\/tr>\n<tr>\n<td colspan=\"1\" rowspan=\"1\">\n<div><b>Plotis<\/b><\/div>\n<\/td>\n<td colspan=\"4\" rowspan=\"1\">\n<div>1000 mm 1250 mm 1500 mm 2000 mm 2500 mm 3000 mm<\/div>\n<\/td>\n<\/tr>\n<tr>\n<td colspan=\"1\" rowspan=\"1\">\n<div><b>Apdorojimo paslauga<\/b><\/div>\n<\/td>\n<td colspan=\"4\" rowspan=\"1\">\n<div>Lenkimas, suvirinimas, nuvirinimas, pjaustymas, perforavimas<\/div>\n<\/td>\n<\/tr>\n<tr>\n<td colspan=\"1\" rowspan=\"1\">\n<div><b>Storis<\/b><\/div>\n<\/td>\n<td colspan=\"4\" rowspan=\"1\">\n<div>1,5 mm ~ 70 mm<\/div>\n<\/td>\n<\/tr>\n<tr>\n<td colspan=\"1\" rowspan=\"2\">\n<div><b>Pakavimo detal\u0117s<\/b><\/div>\n<\/td>\n<td colspan=\"4\" rowspan=\"1\">\n<div>Standartin\u0117 eksporto pakuot\u0117: medinis pad\u0117klas + kartonas + plieno juostel\u0117<\/div>\n<\/td>\n<\/tr>\n<tr>\n<td colspan=\"4\" rowspan=\"1\">\n<div>Priimami individual\u016bs reikalavimai<\/div>\n<\/td>\n<\/tr>\n<tr>\n<td colspan=\"1\" rowspan=\"1\">\n<div><b>Technikos procesas<\/b><\/div>\n<\/td>\n<td colspan=\"4\" rowspan=\"1\">\n<div>Pjovimas lazeriu &gt; perforavimas arba lenkimas &gt; suvirinimas ir poliravimas &gt; pavir\u0161iaus apdorojimas &gt; pakavimas<\/div>\n<\/td>\n<\/tr>\n<tr>\n<td colspan=\"1\" rowspan=\"1\">\n<div><b>Parai\u0161ka<\/b><\/div>\n<\/td>\n<td colspan=\"4\" rowspan=\"1\">\n<div>Naudojamas fasadams, ekranams, kambari\u0173 pertvaroms ir kitoms dekoracijoms<\/div>\n<\/td>\n<\/tr>\n<\/tbody>\n<\/table>\n<p><a href=\"https:\/\/keweicorten.com\/lt\"><img fetchpriority=\"high\" decoding=\"async\" class=\"alignnone\" title=\"Corteno plieno plok\u0161t\u0117s\" src=\"https:\/\/www.csteelindia.com\/images\/irsm-41-97-corten-steel-plates.jpg\" alt=\"Corteno plieno plok\u0161t\u0117s gamykla, Kinija, kaina, gamintojai, tiek\u0117jai - keweicorten\" width=\"699\" height=\"394\" \/><\/a><\/p>\n<p><a href=\"https:\/\/keweicorten.com\/lt\/produktai\/\"><img decoding=\"async\" class=\"alignnone\" title=\"Astm A588 plieno plok\u0161t\u0117 \" src=\"https:\/\/sc01.alicdn.com\/kf\/H52b92eceae0a400495623962a04b0d9bG\/234518937\/H52b92eceae0a400495623962a04b0d9bG.jpg\" alt=\"Astm A588 plieno plok\u0161\u010di\u0173 gamykla, Kinija, kaina, gamintojai, tiek\u0117jai-keweicorten\" width=\"699\" height=\"524\" \/><\/a><\/p>","protected":false},"excerpt":{"rendered":"<p>Corteno A plieno plok\u0161t\u0117s kaina pasi\u017eymi tvirtumo, ilgaam\u017ei\u0161kumo ir estetinio patrauklumo deriniu, tod\u0117l yra puikus pasirinkimas \u012fvairioms reikm\u0117ms. Nesvarbu, ar u\u017esiimate statyba, transportu, ar gamyba,<\/p>","protected":false},"featured_media":1944,"comment_status":"open","ping_status":"closed","template":"","meta":{"_eb_attr":"","_monsterinsights_skip_tracking":false,"_monsterinsights_sitenote_active":false,"_monsterinsights_sitenote_note":"","_monsterinsights_sitenote_category":0,"_uf_show_specific_survey":0,"_uf_disable_surveys":false},"product_brand":[],"product_cat":[21],"product_tag":[],"class_list":{"0":"post-1943","1":"product","2":"type-product","3":"status-publish","4":"has-post-thumbnail","6":"product_cat-weather-resistant-steel-plate","8":"first","9":"instock","10":"shipping-taxable","11":"product-type-simple"},"_links":{"self":[{"href":"https:\/\/keweicorten.com\/lt\/wp-json\/wp\/v2\/product\/1943"}],"collection":[{"href":"https:\/\/keweicorten.com\/lt\/wp-json\/wp\/v2\/product"}],"about":[{"href":"https:\/\/keweicorten.com\/lt\/wp-json\/wp\/v2\/types\/product"}],"replies":[{"embeddable":true,"href":"https:\/\/keweicorten.com\/lt\/wp-json\/wp\/v2\/comments?post=1943"}],"version-history":[{"count":2,"href":"https:\/\/keweicorten.com\/lt\/wp-json\/wp\/v2\/product\/1943\/revisions"}],"predecessor-version":[{"id":1949,"href":"https:\/\/keweicorten.com\/lt\/wp-json\/wp\/v2\/product\/1943\/revisions\/1949"}],"wp:featuredmedia":[{"embeddable":true,"href":"https:\/\/keweicorten.com\/lt\/wp-json\/wp\/v2\/media\/1944"}],"wp:attachment":[{"href":"https:\/\/keweicorten.com\/lt\/wp-json\/wp\/v2\/media?parent=1943"}],"wp:term":[{"taxonomy":"product_brand","embeddable":true,"href":"https:\/\/keweicorten.com\/lt\/wp-json\/wp\/v2\/product_brand?post=1943"},{"taxonomy":"product_cat","embeddable":true,"href":"https:\/\/keweicorten.com\/lt\/wp-json\/wp\/v2\/product_cat?post=1943"},{"taxonomy":"product_tag","embeddable":true,"href":"https:\/\/keweicorten.com\/lt\/wp-json\/wp\/v2\/product_tag?post=1943"}],"curies":[{"name":"wp","href":"https:\/\/api.w.org\/{rel}","templated":true}]}}